{"id":24,"date":"2017-10-08T19:40:35","date_gmt":"2017-10-08T17:40:35","guid":{"rendered":"http:\/\/francestat.com\/?page_id=24"},"modified":"2025-07-10T09:27:00","modified_gmt":"2025-07-10T07:27:00","slug":"societe","status":"publish","type":"page","link":"https:\/\/francestat.com\/index.php\/societe\/","title":{"rendered":"Soci\u00e9t\u00e9"},"content":{"rendered":"<p>[vc_row][vc_column width=\u00a0\u00bb2\/3&Prime;][vc_column_text]<\/p>\n<h3><strong>Soci\u00e9t\u00e9<\/strong><\/h3>\n<p>[\/vc_column_text][vc_empty_space][vc_column_text]La soci\u00e9t\u00e9 FRANCESTAT a \u00e9t\u00e9 cr\u00e9\u00e9e en juin 2015 par Christian R. CHARLES pour promouvoir l&rsquo;usage des techniques statistiques dans les entreprises et les \u00e9tablissements d&rsquo;enseignement et de recherche.<\/p>\n<p>Plus d&rsquo;informations, sur son profil LinkedIn :\u00a0<a class=\"pv-contact-info__contact-link Sans-15px-black-85%\" href=\"https:\/\/www.linkedin.com\/in\/christianrcharles\">linkedin.com\/in\/christianrcharles <\/a>[\/vc_column_text][\/vc_column][vc_column width=\u00a0\u00bb1\/3&Prime;][vc_empty_space height=\u00a0\u00bb100px\u00a0\u00bb][vc_single_image image=\u00a0\u00bb1948&Prime; img_size=\u00a0\u00bb110&#215;110&Prime; alignment=\u00a0\u00bbcenter\u00a0\u00bb][\/vc_column][\/vc_row][vc_row][vc_column][vc_empty_space height=\u00a0\u00bb10px\u00a0\u00bb][vc_column_text]Les quatre activit\u00e9s principales de la soci\u00e9t\u00e9 sont :<\/p>\n<ul>\n<li>la distribution de logiciels statistiques<\/li>\n<li>les formations aux m\u00e9thodes statistiques<\/li>\n<li>les \u00e9tudes et le conseil en statistique<\/li>\n<li>les d\u00e9veloppements sp\u00e9cifiques d&rsquo;applicatifs statistiques<\/li>\n<\/ul>\n<p>FRANCESTAT est le repr\u00e9sentant officiel de plusieurs \u00e9diteurs :<\/p>\n<ul>\n<li>Statgraphics Technologies (logiciels Statgraphics Centurion, Statgraphics pour Azure, Statgraphics pour Amazon Web Services, Statgraphics Sigma Express, Statgraphics Stratus)<\/li>\n<li>Sartorius (logiciels Modde et Simca)<\/li>\n<li>Zontec (logiciels Synergy 1000, 2000 et 3000 pour la MSP\/SPC en temps r\u00e9el)<\/li>\n<\/ul>\n<p>FRANCESTAT est \u00e9diteur des logiciels statistiques :<\/p>\n<ul>\n<li>Uniwin, add-on \u00e0 Statgraphics Centurion et \u00e0 Microsoft Excel pour les analyses de donn\u00e9es multivari\u00e9es<\/li>\n<li>Vmail pour les analyses inter-laboratoires selon la norme ISO 5725<\/li>\n<\/ul>\n<p>FRANCESTAT est centre de formation agr\u00e9\u00e9.[\/vc_column_text][vc_empty_space height=\u00a0\u00bb10px\u00a0\u00bb][\/vc_column][\/vc_row][vc_row][vc_column][vc_column_text]<\/p>\n<h3><strong>Fiche d&rsquo;identit\u00e9<\/strong><\/h3>\n<p>[\/vc_column_text][vc_empty_space][vc_column_text]<strong>SAS<\/strong> au capital de 10.000 \u20ac<\/p>\n<p><strong>SIREN <\/strong>: 812 247 856 00030 (RCS Nanterre)<\/p>\n<p><strong>N\u00b0 TVA intracommunautaire<\/strong> :\u00a0FR 81 812 247 856<\/p>\n<p><strong>Code APE<\/strong> : 46.51Z<\/p>\n<p><strong>N\u00b0 de d\u00e9claration d&rsquo;activit\u00e9 Formation<\/strong> :\u00a011 92 22522 92<\/p>\n<p><strong>N\u00b0 D-U-N-S<\/strong> : 267260566[\/vc_column_text][\/vc_column][\/vc_row]<\/p>\n","protected":false},"excerpt":{"rendered":"<p>[vc_row][vc_column width=\u00a0\u00bb2\/3&Prime;][vc_column_text] Soci\u00e9t\u00e9 [\/vc_column_text][vc_empty_space][vc_column_text]La soci\u00e9t\u00e9 FRANCESTAT a \u00e9t\u00e9 cr\u00e9\u00e9e en juin 2015 par Christian R. CHARLES pour promouvoir l&rsquo;usage des techniques statistiques dans les entreprises et les \u00e9tablissements d&rsquo;enseignement et de recherche. Plus d&rsquo;informations, sur son profil LinkedIn :\u00a0linkedin.com\/in\/christianrcharles [\/vc_column_text][\/vc_column][vc_column width=\u00a0\u00bb1\/3&Prime;][vc_empty_space height=\u00a0\u00bb100px\u00a0\u00bb][vc_single_image image=\u00a0\u00bb1948&Prime; img_size=\u00a0\u00bb110&#215;110&Prime; alignment=\u00a0\u00bbcenter\u00a0\u00bb][\/vc_column][\/vc_row][vc_row][vc_column][vc_empty_space height=\u00a0\u00bb10px\u00a0\u00bb][vc_column_text]Les quatre activit\u00e9s principales de la soci\u00e9t\u00e9 sont : la&hellip;<\/p>\n","protected":false},"author":1,"featured_media":0,"parent":0,"menu_order":0,"comment_status":"closed","ping_status":"closed","template":"","meta":{"footnotes":""},"class_list":["post-24","page","type-page","status-publish","hentry","description-off"],"yoast_head":"<!-- This site is optimized with the Yoast SEO plugin v27.4 - https:\/\/yoast.com\/product\/yoast-seo-wordpress\/ -->\n<title>Soci\u00e9t\u00e9 - FRANCESTAT<\/title>\n<meta name=\"description\" content=\"La soci\u00e9t\u00e9 FRANCESTAT a \u00e9t\u00e9 cr\u00e9\u00e9e en juin 2015 par Christian R. CHARLES pour promouvoir l&#039;usage des techniques statistiques dans les entreprises et les \u00e9tablissements d&#039;enseignement et de recherche.\" \/>\n<meta name=\"robots\" content=\"index, follow, max-snippet:-1, max-image-preview:large, max-video-preview:-1\" \/>\n<link rel=\"canonical\" href=\"https:\/\/francestat.com\/index.php\/societe\/\" \/>\n<meta property=\"og:locale\" content=\"fr_FR\" \/>\n<meta property=\"og:type\" content=\"article\" \/>\n<meta property=\"og:title\" content=\"Soci\u00e9t\u00e9 - FRANCESTAT\" \/>\n<meta property=\"og:description\" content=\"La soci\u00e9t\u00e9 FRANCESTAT a \u00e9t\u00e9 cr\u00e9\u00e9e en juin 2015 par Christian R. CHARLES pour promouvoir l&#039;usage des techniques statistiques dans les entreprises et les \u00e9tablissements d&#039;enseignement et de recherche.\" \/>\n<meta property=\"og:url\" content=\"https:\/\/francestat.com\/index.php\/societe\/\" \/>\n<meta property=\"og:site_name\" content=\"FRANCESTAT\" \/>\n<meta property=\"article:modified_time\" content=\"2025-07-10T07:27:00+00:00\" \/>\n<meta name=\"twitter:card\" content=\"summary_large_image\" \/>\n<meta name=\"twitter:label1\" content=\"Dur\u00e9e de lecture estim\u00e9e\" \/>\n\t<meta name=\"twitter:data1\" content=\"2 minutes\" \/>\n<script type=\"application\/ld+json\" class=\"yoast-schema-graph\">{\"@context\":\"https:\\\/\\\/schema.org\",\"@graph\":[{\"@type\":\"WebPage\",\"@id\":\"https:\\\/\\\/francestat.com\\\/index.php\\\/societe\\\/\",\"url\":\"https:\\\/\\\/francestat.com\\\/index.php\\\/societe\\\/\",\"name\":\"Soci\u00e9t\u00e9 - FRANCESTAT\",\"isPartOf\":{\"@id\":\"https:\\\/\\\/francestat.com\\\/#website\"},\"datePublished\":\"2017-10-08T17:40:35+00:00\",\"dateModified\":\"2025-07-10T07:27:00+00:00\",\"description\":\"La soci\u00e9t\u00e9 FRANCESTAT a \u00e9t\u00e9 cr\u00e9\u00e9e en juin 2015 par Christian R. CHARLES pour promouvoir l'usage des techniques statistiques dans les entreprises et les \u00e9tablissements d'enseignement et de recherche.\",\"breadcrumb\":{\"@id\":\"https:\\\/\\\/francestat.com\\\/index.php\\\/societe\\\/#breadcrumb\"},\"inLanguage\":\"fr-FR\",\"potentialAction\":[{\"@type\":\"ReadAction\",\"target\":[\"https:\\\/\\\/francestat.com\\\/index.php\\\/societe\\\/\"]}]},{\"@type\":\"BreadcrumbList\",\"@id\":\"https:\\\/\\\/francestat.com\\\/index.php\\\/societe\\\/#breadcrumb\",\"itemListElement\":[{\"@type\":\"ListItem\",\"position\":1,\"name\":\"Accueil\",\"item\":\"https:\\\/\\\/francestat.com\\\/\"},{\"@type\":\"ListItem\",\"position\":2,\"name\":\"Soci\u00e9t\u00e9\"}]},{\"@type\":\"WebSite\",\"@id\":\"https:\\\/\\\/francestat.com\\\/#website\",\"url\":\"https:\\\/\\\/francestat.com\\\/\",\"name\":\"FRANCESTAT\",\"description\":\"Logiciels, formations et services statistiques\",\"publisher\":{\"@id\":\"https:\\\/\\\/francestat.com\\\/#organization\"},\"potentialAction\":[{\"@type\":\"SearchAction\",\"target\":{\"@type\":\"EntryPoint\",\"urlTemplate\":\"https:\\\/\\\/francestat.com\\\/?s={search_term_string}\"},\"query-input\":{\"@type\":\"PropertyValueSpecification\",\"valueRequired\":true,\"valueName\":\"search_term_string\"}}],\"inLanguage\":\"fr-FR\"},{\"@type\":\"Organization\",\"@id\":\"https:\\\/\\\/francestat.com\\\/#organization\",\"name\":\"FRANCESTAT\",\"url\":\"https:\\\/\\\/francestat.com\\\/\",\"logo\":{\"@type\":\"ImageObject\",\"inLanguage\":\"fr-FR\",\"@id\":\"https:\\\/\\\/francestat.com\\\/#\\\/schema\\\/logo\\\/image\\\/\",\"url\":\"https:\\\/\\\/francestat.com\\\/wp-content\\\/uploads\\\/2018\\\/05\\\/logo_horizontal_small_francestat.jpg\",\"contentUrl\":\"https:\\\/\\\/francestat.com\\\/wp-content\\\/uploads\\\/2018\\\/05\\\/logo_horizontal_small_francestat.jpg\",\"width\":155,\"height\":51,\"caption\":\"FRANCESTAT\"},\"image\":{\"@id\":\"https:\\\/\\\/francestat.com\\\/#\\\/schema\\\/logo\\\/image\\\/\"}}]}<\/script>\n<!-- \/ Yoast SEO plugin. -->","yoast_head_json":{"title":"Soci\u00e9t\u00e9 - FRANCESTAT","description":"La soci\u00e9t\u00e9 FRANCESTAT a \u00e9t\u00e9 cr\u00e9\u00e9e en juin 2015 par Christian R. CHARLES pour promouvoir l'usage des techniques statistiques dans les entreprises et les \u00e9tablissements d'enseignement et de recherche.","robots":{"index":"index","follow":"follow","max-snippet":"max-snippet:-1","max-image-preview":"max-image-preview:large","max-video-preview":"max-video-preview:-1"},"canonical":"https:\/\/francestat.com\/index.php\/societe\/","og_locale":"fr_FR","og_type":"article","og_title":"Soci\u00e9t\u00e9 - FRANCESTAT","og_description":"La soci\u00e9t\u00e9 FRANCESTAT a \u00e9t\u00e9 cr\u00e9\u00e9e en juin 2015 par Christian R. CHARLES pour promouvoir l'usage des techniques statistiques dans les entreprises et les \u00e9tablissements d'enseignement et de recherche.","og_url":"https:\/\/francestat.com\/index.php\/societe\/","og_site_name":"FRANCESTAT","article_modified_time":"2025-07-10T07:27:00+00:00","twitter_card":"summary_large_image","twitter_misc":{"Dur\u00e9e de lecture estim\u00e9e":"2 minutes"},"schema":{"@context":"https:\/\/schema.org","@graph":[{"@type":"WebPage","@id":"https:\/\/francestat.com\/index.php\/societe\/","url":"https:\/\/francestat.com\/index.php\/societe\/","name":"Soci\u00e9t\u00e9 - FRANCESTAT","isPartOf":{"@id":"https:\/\/francestat.com\/#website"},"datePublished":"2017-10-08T17:40:35+00:00","dateModified":"2025-07-10T07:27:00+00:00","description":"La soci\u00e9t\u00e9 FRANCESTAT a \u00e9t\u00e9 cr\u00e9\u00e9e en juin 2015 par Christian R. CHARLES pour promouvoir l'usage des techniques statistiques dans les entreprises et les \u00e9tablissements d'enseignement et de recherche.","breadcrumb":{"@id":"https:\/\/francestat.com\/index.php\/societe\/#breadcrumb"},"inLanguage":"fr-FR","potentialAction":[{"@type":"ReadAction","target":["https:\/\/francestat.com\/index.php\/societe\/"]}]},{"@type":"BreadcrumbList","@id":"https:\/\/francestat.com\/index.php\/societe\/#breadcrumb","itemListElement":[{"@type":"ListItem","position":1,"name":"Accueil","item":"https:\/\/francestat.com\/"},{"@type":"ListItem","position":2,"name":"Soci\u00e9t\u00e9"}]},{"@type":"WebSite","@id":"https:\/\/francestat.com\/#website","url":"https:\/\/francestat.com\/","name":"FRANCESTAT","description":"Logiciels, formations et services statistiques","publisher":{"@id":"https:\/\/francestat.com\/#organization"},"potentialAction":[{"@type":"SearchAction","target":{"@type":"EntryPoint","urlTemplate":"https:\/\/francestat.com\/?s={search_term_string}"},"query-input":{"@type":"PropertyValueSpecification","valueRequired":true,"valueName":"search_term_string"}}],"inLanguage":"fr-FR"},{"@type":"Organization","@id":"https:\/\/francestat.com\/#organization","name":"FRANCESTAT","url":"https:\/\/francestat.com\/","logo":{"@type":"ImageObject","inLanguage":"fr-FR","@id":"https:\/\/francestat.com\/#\/schema\/logo\/image\/","url":"https:\/\/francestat.com\/wp-content\/uploads\/2018\/05\/logo_horizontal_small_francestat.jpg","contentUrl":"https:\/\/francestat.com\/wp-content\/uploads\/2018\/05\/logo_horizontal_small_francestat.jpg","width":155,"height":51,"caption":"FRANCESTAT"},"image":{"@id":"https:\/\/francestat.com\/#\/schema\/logo\/image\/"}}]}},"_links":{"self":[{"href":"https:\/\/francestat.com\/index.php\/wp-json\/wp\/v2\/pages\/24","targetHints":{"allow":["GET"]}}],"collection":[{"href":"https:\/\/francestat.com\/index.php\/wp-json\/wp\/v2\/pages"}],"about":[{"href":"https:\/\/francestat.com\/index.php\/wp-json\/wp\/v2\/types\/page"}],"author":[{"embeddable":true,"href":"https:\/\/francestat.com\/index.php\/wp-json\/wp\/v2\/users\/1"}],"replies":[{"embeddable":true,"href":"https:\/\/francestat.com\/index.php\/wp-json\/wp\/v2\/comments?post=24"}],"version-history":[{"count":88,"href":"https:\/\/francestat.com\/index.php\/wp-json\/wp\/v2\/pages\/24\/revisions"}],"predecessor-version":[{"id":6877,"href":"https:\/\/francestat.com\/index.php\/wp-json\/wp\/v2\/pages\/24\/revisions\/6877"}],"wp:attachment":[{"href":"https:\/\/francestat.com\/index.php\/wp-json\/wp\/v2\/media?parent=24"}],"curies":[{"name":"wp","href":"https:\/\/api.w.org\/{rel}","templated":true}]}}