{"id":2540,"date":"2019-02-27T14:18:54","date_gmt":"2019-02-27T13:18:54","guid":{"rendered":"http:\/\/francestat.com\/?page_id=2540"},"modified":"2025-06-10T11:59:18","modified_gmt":"2025-06-10T09:59:18","slug":"telechargement-uniwin","status":"publish","type":"page","link":"https:\/\/francestat.com\/index.php\/telechargement-uniwin\/","title":{"rendered":"T\u00e9l\u00e9chargement Uniwin"},"content":{"rendered":"<p>[vc_row][vc_column width=\u00a0\u00bb1\/2&Prime;]<div id=\"ultimate-heading-149169e0b7aa40a79\" class=\"uvc-heading ult-adjust-bottom-margin ultimate-heading-149169e0b7aa40a79 uvc-4224 \" data-hspacer=\"no_spacer\"  data-halign=\"left\" style=\"text-align:left\"><div class=\"uvc-heading-spacer no_spacer\" style=\"top\"><\/div><div class=\"uvc-main-heading ult-responsive\"  data-ultimate-target='.uvc-heading.ultimate-heading-149169e0b7aa40a79 h2'  data-responsive-json-new='{\"font-size\":\"desktop:26px;\",\"line-height\":\"desktop:32px;\"}' ><h2 style=\"font-weight:bold;margin-bottom:30px;\">Nous contacter<\/h2><\/div><\/div>[vc_empty_space height=\u00a0\u00bb5px\u00a0\u00bb][vc_raw_html]JTNDcCUzRSUzQ2IlM0VGUkFOQ0VTVEFUJTNDJTJGYiUzRSUzQyUyRnAlM0UlMEElM0NwJTNFTW9iaWxlJTIwJTNBJTIwJTJCMzMlMjAlMjgwJTI5NiUyMDA4JTIwMDMlMjAyNCUyMDM2JTNDJTJGcCUzRSUwQSUzQ3AlM0UxNDAlMjBib3VsZXZhcmQlMjBCaW5lYXUlM0MlMkZwJTNFJTBBJTNDcCUzRTkyMjAwJTIwTmV1aWxseSUyMHN1ciUyMFNlaW5lJTIwLSUyMEZyYW5jZSUzQyUyRnAlM0UlMEElM0NwJTNFJTI2bmJzcCUzQiUzQyUyRnAlM0U=[\/vc_raw_html]<div id=\"ultimate-heading-716169e0b7aa40a9c\" class=\"uvc-heading ult-adjust-bottom-margin ultimate-heading-716169e0b7aa40a9c uvc-5799 \" data-hspacer=\"no_spacer\"  data-halign=\"left\" style=\"text-align:left\"><div class=\"uvc-heading-spacer no_spacer\" style=\"top\"><\/div><div class=\"uvc-main-heading ult-responsive\"  data-ultimate-target='.uvc-heading.ultimate-heading-716169e0b7aa40a9c h2'  data-responsive-json-new='{\"font-size\":\"desktop:26px;\",\"line-height\":\"desktop:32px;\"}' ><h2 style=\"font-weight:bold;margin-bottom:30px;\">Formations<\/h2><\/div><\/div>[vc_empty_space height=\u00a0\u00bb5px\u00a0\u00bb][vc_raw_html]JTNDcCUzRURlcyUyMGZvcm1hdGlvbnMlMjAlQzMlQTAlMjBsJTI3ZXJnb25vbWllJTIwZGVzJTIwbG9naWNpZWxzJTIwZXQlMjBhdXglMjBtJUMzJUE5dGhvZGVzJTIwc3RhdGlzdGlxdWVzJTIwcXUlMjdpbHMlMjBjb250aWVubmVudCUyMHNvbnQlMjByJUMzJUE5Z3VsaSVDMyVBOHJlbWVudCUyMG9yZ2FuaXMlQzMlQTllcyUyMHBhciUyMG5vdHJlJTIwc29jaSVDMyVBOXQlQzMlQTkuJTIwRWxsZSUyMHBldXZlbnQlMjAlQzMlQUF0cmUlMjBkaXNwZW5zJUMzJUE5ZXMlMjBlbiUyMGludHJhLWVudHJlcHJpc2UlMjBldCUyMGVuJTIwaW50ZXItZW50cmVwcmlzZXMlMkMlMjBzdXIlMjB2b3RyZSUyMHNpdGUlMjBvdSUyMHN1ciUyMG5vdHJlJTIwc2l0ZS4lMjBOJTI3aCVDMyVBOXNpdGV6JTIwcGFzJTIwJUMzJUEwJTIwdmlzaXRlciUyMG5vdHJlJTIwcGFnZSUyMCUzQ2ElMjBocmVmJTNEJTIyaHR0cCUzQSUyRiUyRnd3dy5mcmFuY2VzdGF0LmNvbSUyRmluZGV4LnBocCUyRmZvcm1hdGlvbnMlMjIlM0VGb3JtYXRpb25zJTNDJTJGYSUzRSUyMHBvdXIlMjBwbHVzJTIwZCUyN2luZm9ybWF0aW9ucyUyMGV0JTIwJUMzJUEwJTIwbm91cyUyMGNvbnRhY3RlciUyMHBvdXIlMjBkaXNjdXRlciUyMGRlJTIwbCUyN29yZ2FuaXNhdGlvbiUyMGRlJTIwY2VzJTIwZm9ybWF0aW9ucy4lM0MlMkZwJTNFJTBBJTNDcCUzRSUyNm5ic3AlM0IlM0MlMkZwJTNF[\/vc_raw_html]<div id=\"ultimate-heading-800469e0b7aa40aae\" class=\"uvc-heading ult-adjust-bottom-margin ultimate-heading-800469e0b7aa40aae uvc-9536 \" data-hspacer=\"no_spacer\"  data-halign=\"left\" style=\"text-align:left\"><div class=\"uvc-heading-spacer no_spacer\" style=\"top\"><\/div><div class=\"uvc-main-heading ult-responsive\"  data-ultimate-target='.uvc-heading.ultimate-heading-800469e0b7aa40aae h2'  data-responsive-json-new='{\"font-size\":\"desktop:26px;\",\"line-height\":\"desktop:32px;\"}' ><h2 style=\"font-weight:bold;margin-bottom:30px;\">Services<\/h2><\/div><\/div>[vc_empty_space height=\u00a0\u00bb5px\u00a0\u00bb][vc_raw_html]JTNDcCUzRUVuJTIwcGx1cyUyMGRlJTIwbCUyN2Fzc2lzdGFuY2UlMjBwYXIlMjB0JUMzJUE5bCVDMyVBOXBob25lJTIwb3UlMjBtZXNzYWdlcmllJTJDJTIwbm90cmUlMjBzb2NpJUMzJUE5dCVDMyVBOSUyMHZvdXMlMjBwcm9wb3NlJTIwc2VzJTIwc2VydmljZXMlMjBwb3VyJTIwdm91cyUyMGFpZGVyJTIwJUMzJUEwJTIwZCVDMyVBOW1hcnJlciUyMHZvcyUyMCVDMyVBOXR1ZGVzJTIwYXZlYyUyMG5vcyUyMGxvZ2ljaWVscy4lMjBQYXJhbSVDMyVBOXRyYWdlJTIwZGVzJTIwbG9naWNpZWxzJTJDJTIwJTIwJUMzJUE5bGFib3JhdGlvbiUyMGNvbmpvaW50ZSUyMGRlJTIwdm9zJTIwcHJvamV0cyUyQyUyMGNvbnNlaWwlMjBkYW5zJTIwbGElMjBkJUMzJUE5bWFyY2hlJTIwc3RhdGlzdGlxdWUlMkMlMjBhaWRlJTIwJUMzJUEwJTIwbCUyN2ludGVycHIlQzMlQTl0YXRpb24lMjBkZXMlMjByJUMzJUE5c3VsdGF0cyUyMGV0JTIwZCVDMyVBOXZlbG9wcGVtZW50JTIwc3AlQzMlQTljaWZpcXVlJTIwc29udCUyMHByb3BvcyVDMyVBOXMlMjBwYXIlMjBub3RyZSUyMHNvY2klQzMlQTl0JUMzJUE5LiUyME4lMjdoJUMzJUE5c2l0ZXolMjBwYXMlMjAlQzMlQTAlMjB2aXNpdGVyJTIwbm90cmUlMjBwYWdlJTIwJTNDYSUyMGhyZWYlM0QlMjJodHRwJTNBJTJGJTJGd3d3LmZyYW5jZXN0YXQuY29tJTJGaW5kZXgucGhwJTJGZXR1ZGVzJTIyJTNFU2VydmljZXMlM0MlMkZhJTNFJTIwZXQlMjAlQzMlQTAlMjBub3VzJTIwY29udGFjdGVyJTIwcG91ciUyMGRpc2N1dGVyJTIwZGUlMjB2b3MlMjBiZXNvaW5zLiUzQyUyRnAlM0UlMEElM0NwJTNFJTI2bmJzcCUzQiUzQyUyRnAlM0U=[\/vc_raw_html][\/vc_column][vc_column width=\u00a0\u00bb1\/2&Prime;]<div id=\"ultimate-heading-638569e0b7aa40abf\" class=\"uvc-heading ult-adjust-bottom-margin ultimate-heading-638569e0b7aa40abf uvc-9834 \" data-hspacer=\"no_spacer\"  data-halign=\"left\" style=\"text-align:left\"><div class=\"uvc-heading-spacer no_spacer\" style=\"top\"><\/div><div class=\"uvc-main-heading ult-responsive\"  data-ultimate-target='.uvc-heading.ultimate-heading-638569e0b7aa40abf h2'  data-responsive-json-new='{\"font-size\":\"desktop:26px;\",\"line-height\":\"desktop:32px;\"}' ><h2 style=\"font-weight:bold;margin-bottom:30px;\">T\u00e9l\u00e9chargement du logiciel d'\u00e9valuation Uniwin<\/h2><\/div><\/div>[vc_empty_space height=\u00a0\u00bb5px\u00a0\u00bb][vc_raw_html]JTNDcCUzRU1lcmNpJTIwZGUlMjByZW5zZWlnbmVyJTIwbGUlMjBmb3JtdWxhaXJlJTIwY2ktZGVzc291cyUyMHBvdXIlMjByZWNldm9pciUyMGxlJTIwbGllbiUyMGRlJTIwdCVDMyVBOWwlQzMlQTljaGFyZ2VtZW50JTIwZGUlMjBsYSUyMHZlcnNpb24lMjBkJTI3JUMzJUE5dmFsdWF0aW9uJTIwZ3JhdHVpdGUlMjBkdSUyMGxvZ2ljaWVsJTIwZCVDMyVBOXNpciVDMyVBOSUyMGFpbnNpJTIwcXVlJTIwbGVzJTIwaW5zdHJ1Y3Rpb25zJTIwcG91ciUyMHNvbiUyMGluc3RhbGxhdGlvbi4lM0MlMkZwJTNFJTBBJTNDcCUzRSUyNm5ic3AlM0IlM0MlMkZwJTNF[\/vc_raw_html]\n<div class=\"wpcf7 no-js\" id=\"wpcf7-f3801-o1\" lang=\"fr-FR\" dir=\"ltr\" data-wpcf7-id=\"3801\">\n<div class=\"screen-reader-response\"><p role=\"status\" aria-live=\"polite\" aria-atomic=\"true\"><\/p> <ul><\/ul><\/div>\n<form action=\"\/index.php\/wp-json\/wp\/v2\/pages\/2540#wpcf7-f3801-o1\" method=\"post\" class=\"wpcf7-form init\" aria-label=\"Formulaire de contact\" novalidate=\"novalidate\" data-status=\"init\">\n<fieldset class=\"hidden-fields-container\"><input type=\"hidden\" name=\"_wpcf7\" value=\"3801\" \/><input type=\"hidden\" name=\"_wpcf7_version\" value=\"6.1.5\" \/><input type=\"hidden\" name=\"_wpcf7_locale\" value=\"fr_FR\" \/><input type=\"hidden\" name=\"_wpcf7_unit_tag\" value=\"wpcf7-f3801-o1\" \/><input type=\"hidden\" name=\"_wpcf7_container_post\" value=\"0\" \/><input type=\"hidden\" name=\"_wpcf7_posted_data_hash\" value=\"\" \/>\n<\/fieldset>\n<p><span class=\"wpcf7-form-control-wrap\" data-name=\"menu-947\"><select class=\"wpcf7-form-control wpcf7-select wpcf7-validates-as-required\" aria-required=\"true\" aria-invalid=\"false\" name=\"menu-947\"><option value=\"Civilit\u00e9\">Civilit\u00e9<\/option><option value=\"Mademoiselle\">Mademoiselle<\/option><option value=\"Madame\">Madame<\/option><option value=\"Monsieur\">Monsieur<\/option><\/select><\/span>\n<\/p>\n<p><label> Nom (*)<br \/>\n<span class=\"wpcf7-form-control-wrap\" data-name=\"your-name\"><input size=\"40\" maxlength=\"400\" class=\"wpcf7-form-control wpcf7-text wpcf7-validates-as-required\" aria-required=\"true\" aria-invalid=\"false\" value=\"\" type=\"text\" name=\"your-name\" \/><\/span> <\/label>\n<\/p>\n<p><label> Pr\u00e9nom (*)<br \/>\n<span class=\"wpcf7-form-control-wrap\" data-name=\"your-prenom\"><input size=\"40\" maxlength=\"400\" class=\"wpcf7-form-control wpcf7-text wpcf7-validates-as-required\" aria-required=\"true\" aria-invalid=\"false\" value=\"\" type=\"text\" name=\"your-prenom\" \/><\/span> <\/label>\n<\/p>\n<p><label> Soci\u00e9t\u00e9 \/ Etablissement (*)<br \/>\n<span class=\"wpcf7-form-control-wrap\" data-name=\"your-company\"><input size=\"40\" maxlength=\"400\" class=\"wpcf7-form-control wpcf7-text wpcf7-validates-as-required\" aria-required=\"true\" aria-invalid=\"false\" value=\"\" type=\"text\" name=\"your-company\" \/><\/span> <\/label>\n<\/p>\n<p><label> Adresse<br \/>\n<span class=\"wpcf7-form-control-wrap\" data-name=\"your-address\"><input size=\"40\" maxlength=\"400\" class=\"wpcf7-form-control wpcf7-text wpcf7-validates-as-required\" aria-required=\"true\" aria-invalid=\"false\" value=\"\" type=\"text\" name=\"your-address\" \/><\/span> <\/label>\n<\/p>\n<p><label> Code postal<br \/>\n<span class=\"wpcf7-form-control-wrap\" data-name=\"your-cp\"><input size=\"40\" maxlength=\"400\" class=\"wpcf7-form-control wpcf7-text wpcf7-validates-as-required\" aria-required=\"true\" aria-invalid=\"false\" value=\"\" type=\"text\" name=\"your-cp\" \/><\/span> <\/label>\n<\/p>\n<p><label> Ville<br \/>\n<span class=\"wpcf7-form-control-wrap\" data-name=\"your-ville\"><input size=\"40\" maxlength=\"400\" class=\"wpcf7-form-control wpcf7-text wpcf7-validates-as-required\" aria-required=\"true\" aria-invalid=\"false\" value=\"\" type=\"text\" name=\"your-ville\" \/><\/span> <\/label>\n<\/p>\n<p><label> Pays<br \/>\n<span class=\"wpcf7-form-control-wrap\" data-name=\"your-pays\"><input size=\"40\" maxlength=\"400\" class=\"wpcf7-form-control wpcf7-text wpcf7-validates-as-required\" aria-required=\"true\" aria-invalid=\"false\" value=\"\" type=\"text\" name=\"your-pays\" \/><\/span> <\/label>\n<\/p>\n<p><label> T\u00e9l\u00e9phone (*)<br \/>\n<span class=\"wpcf7-form-control-wrap\" data-name=\"your-phone\"><input size=\"40\" maxlength=\"400\" class=\"wpcf7-form-control wpcf7-text wpcf7-validates-as-required\" aria-required=\"true\" aria-invalid=\"false\" value=\"\" type=\"text\" name=\"your-phone\" \/><\/span> <\/label>\n<\/p>\n<p><label> Adresse de messagerie (*)<br \/>\n<span class=\"wpcf7-form-control-wrap\" data-name=\"your-email\"><input size=\"40\" maxlength=\"400\" class=\"wpcf7-form-control wpcf7-email wpcf7-validates-as-required wpcf7-text wpcf7-validates-as-email\" aria-required=\"true\" aria-invalid=\"false\" value=\"\" type=\"email\" name=\"your-email\" \/><\/span> <\/label>\n<\/p>\n<p><span class=\"wpcf7-form-control-wrap\" data-name=\"your-consent\"><span class=\"wpcf7-form-control wpcf7-acceptance\"><span class=\"wpcf7-list-item\"><label><input type=\"checkbox\" name=\"your-consent\" value=\"1\" aria-invalid=\"false\" \/><span class=\"wpcf7-list-item-label\">J'accepte que les informations saisies soient utilis\u00e9es pour me contacter.<\/span><\/label><\/span><\/span><\/span>\n<\/p>\n<p><span class=\"wpcf7-form-control-wrap\" data-name=\"quiz-random\"><label><span class=\"wpcf7-quiz-label\">Combien font 26 + 6 ?<\/span> <input size=\"40\" class=\"wpcf7-form-control wpcf7-quiz\" autocomplete=\"off\" aria-required=\"true\" aria-invalid=\"false\" type=\"text\" name=\"quiz-random\" \/><\/label><input type=\"hidden\" name=\"_wpcf7_quiz_answer_quiz-random\" value=\"0086233e31e3ef7882e64f4605e127d8\" \/><\/span>\n<\/p>\n<p><input class=\"wpcf7-form-control wpcf7-submit has-spinner\" type=\"submit\" value=\"Envoyer\" \/>\n<\/p><div class=\"wpcf7-response-output\" aria-hidden=\"true\"><\/div>\n<\/form>\n<\/div>\n[\/vc_column][\/vc_row]<\/p>\n","protected":false},"excerpt":{"rendered":"<p>[vc_row][vc_column width=\u00a0\u00bb1\/2&Prime;][vc_empty_space height=\u00a0\u00bb5px\u00a0\u00bb][vc_raw_html]JTNDcCUzRSUzQ2IlM0VGUkFOQ0VTVEFUJTNDJTJGYiUzRSUzQyUyRnAlM0UlMEElM0NwJTNFTW9iaWxlJTIwJTNBJTIwJTJCMzMlMjAlMjgwJTI5NiUyMDA4JTIwMDMlMjAyNCUyMDM2JTNDJTJGcCUzRSUwQSUzQ3AlM0UxNDAlMjBib3VsZXZhcmQlMjBCaW5lYXUlM0MlMkZwJTNFJTBBJTNDcCUzRTkyMjAwJTIwTmV1aWxseSUyMHN1ciUyMFNlaW5lJTIwLSUyMEZyYW5jZSUzQyUyRnAlM0UlMEElM0NwJTNFJTI2bmJzcCUzQiUzQyUyRnAlM0U=[\/vc_raw_html][vc_empty_space height=\u00a0\u00bb5px\u00a0\u00bb][vc_raw_html]JTNDcCUzRURlcyUyMGZvcm1hdGlvbnMlMjAlQzMlQTAlMjBsJTI3ZXJnb25vbWllJTIwZGVzJTIwbG9naWNpZWxzJTIwZXQlMjBhdXglMjBtJUMzJUE5dGhvZGVzJTIwc3RhdGlzdGlxdWVzJTIwcXUlMjdpbHMlMjBjb250aWVubmVudCUyMHNvbnQlMjByJUMzJUE5Z3VsaSVDMyVBOHJlbWVudCUyMG9yZ2FuaXMlQzMlQTllcyUyMHBhciUyMG5vdHJlJTIwc29jaSVDMyVBOXQlQzMlQTkuJTIwRWxsZSUyMHBldXZlbnQlMjAlQzMlQUF0cmUlMjBkaXNwZW5zJUMzJUE5ZXMlMjBlbiUyMGludHJhLWVudHJlcHJpc2UlMjBldCUyMGVuJTIwaW50ZXItZW50cmVwcmlzZXMlMkMlMjBzdXIlMjB2b3RyZSUyMHNpdGUlMjBvdSUyMHN1ciUyMG5vdHJlJTIwc2l0ZS4lMjBOJTI3aCVDMyVBOXNpdGV6JTIwcGFzJTIwJUMzJUEwJTIwdmlzaXRlciUyMG5vdHJlJTIwcGFnZSUyMCUzQ2ElMjBocmVmJTNEJTIyaHR0cCUzQSUyRiUyRnd3dy5mcmFuY2VzdGF0LmNvbSUyRmluZGV4LnBocCUyRmZvcm1hdGlvbnMlMjIlM0VGb3JtYXRpb25zJTNDJTJGYSUzRSUyMHBvdXIlMjBwbHVzJTIwZCUyN2luZm9ybWF0aW9ucyUyMGV0JTIwJUMzJUEwJTIwbm91cyUyMGNvbnRhY3RlciUyMHBvdXIlMjBkaXNjdXRlciUyMGRlJTIwbCUyN29yZ2FuaXNhdGlvbiUyMGRlJTIwY2VzJTIwZm9ybWF0aW9ucy4lM0MlMkZwJTNFJTBBJTNDcCUzRSUyNm5ic3AlM0IlM0MlMkZwJTNF[\/vc_raw_html][vc_empty_space height=\u00a0\u00bb5px\u00a0\u00bb][vc_raw_html]JTNDcCUzRUVuJTIwcGx1cyUyMGRlJTIwbCUyN2Fzc2lzdGFuY2UlMjBwYXIlMjB0JUMzJUE5bCVDMyVBOXBob25lJTIwb3UlMjBtZXNzYWdlcmllJTJDJTIwbm90cmUlMjBzb2NpJUMzJUE5dCVDMyVBOSUyMHZvdXMlMjBwcm9wb3NlJTIwc2VzJTIwc2VydmljZXMlMjBwb3VyJTIwdm91cyUyMGFpZGVyJTIwJUMzJUEwJTIwZCVDMyVBOW1hcnJlciUyMHZvcyUyMCVDMyVBOXR1ZGVzJTIwYXZlYyUyMG5vcyUyMGxvZ2ljaWVscy4lMjBQYXJhbSVDMyVBOXRyYWdlJTIwZGVzJTIwbG9naWNpZWxzJTJDJTIwJTIwJUMzJUE5bGFib3JhdGlvbiUyMGNvbmpvaW50ZSUyMGRlJTIwdm9zJTIwcHJvamV0cyUyQyUyMGNvbnNlaWwlMjBkYW5zJTIwbGElMjBkJUMzJUE5bWFyY2hlJTIwc3RhdGlzdGlxdWUlMkMlMjBhaWRlJTIwJUMzJUEwJTIwbCUyN2ludGVycHIlQzMlQTl0YXRpb24lMjBkZXMlMjByJUMzJUE5c3VsdGF0cyUyMGV0JTIwZCVDMyVBOXZlbG9wcGVtZW50JTIwc3AlQzMlQTljaWZpcXVlJTIwc29udCUyMHByb3BvcyVDMyVBOXMlMjBwYXIlMjBub3RyZSUyMHNvY2klQzMlQTl0JUMzJUE5LiUyME4lMjdoJUMzJUE5c2l0ZXolMjBwYXMlMjAlQzMlQTAlMjB2aXNpdGVyJTIwbm90cmUlMjBwYWdlJTIwJTNDYSUyMGhyZWYlM0QlMjJodHRwJTNBJTJGJTJGd3d3LmZyYW5jZXN0YXQuY29tJTJGaW5kZXgucGhwJTJGZXR1ZGVzJTIyJTNFU2VydmljZXMlM0MlMkZhJTNFJTIwZXQlMjAlQzMlQTAlMjBub3VzJTIwY29udGFjdGVyJTIwcG91ciUyMGRpc2N1dGVyJTIwZGUlMjB2b3MlMjBiZXNvaW5zLiUzQyUyRnAlM0UlMEElM0NwJTNFJTI2bmJzcCUzQiUzQyUyRnAlM0U=[\/vc_raw_html][\/vc_column][vc_column width=\u00a0\u00bb1\/2&Prime;][vc_empty_space height=\u00a0\u00bb5px\u00a0\u00bb][vc_raw_html]JTNDcCUzRU1lcmNpJTIwZGUlMjByZW5zZWlnbmVyJTIwbGUlMjBmb3JtdWxhaXJlJTIwY2ktZGVzc291cyUyMHBvdXIlMjByZWNldm9pciUyMGxlJTIwbGllbiUyMGRlJTIwdCVDMyVBOWwlQzMlQTljaGFyZ2VtZW50JTIwZGUlMjBsYSUyMHZlcnNpb24lMjBkJTI3JUMzJUE5dmFsdWF0aW9uJTIwZ3JhdHVpdGUlMjBkdSUyMGxvZ2ljaWVsJTIwZCVDMyVBOXNpciVDMyVBOSUyMGFpbnNpJTIwcXVlJTIwbGVzJTIwaW5zdHJ1Y3Rpb25zJTIwcG91ciUyMHNvbiUyMGluc3RhbGxhdGlvbi4lM0MlMkZwJTNFJTBBJTNDcCUzRSUyNm5ic3AlM0IlM0MlMkZwJTNF[\/vc_raw_html][\/vc_column][\/vc_row]<\/p>\n","protected":false},"author":1,"featured_media":0,"parent":0,"menu_order":0,"comment_status":"closed","ping_status":"closed","template":"","meta":{"footnotes":""},"class_list":["post-2540","page","type-page","status-publish","hentry","description-off"],"yoast_head":"<!-- This site is optimized with the Yoast SEO plugin v27.4 - https:\/\/yoast.com\/product\/yoast-seo-wordpress\/ -->\n<title>T\u00e9l\u00e9chargement Uniwin - FRANCESTAT<\/title>\n<meta name=\"description\" content=\"T\u00e9l\u00e9chargement du logiciel Uniwin, add-on \u00e0 Statgraphics Centurion, pour les analyses de donn\u00e9es multivari\u00e9es et l&#039;apprentissage machine.\" \/>\n<meta name=\"robots\" content=\"index, follow, max-snippet:-1, max-image-preview:large, max-video-preview:-1\" \/>\n<link rel=\"canonical\" href=\"https:\/\/francestat.com\/index.php\/telechargement-uniwin\/\" \/>\n<meta property=\"og:locale\" content=\"fr_FR\" \/>\n<meta property=\"og:type\" content=\"article\" \/>\n<meta property=\"og:title\" content=\"T\u00e9l\u00e9chargement Uniwin - FRANCESTAT\" \/>\n<meta property=\"og:description\" content=\"T\u00e9l\u00e9chargement du logiciel Uniwin, add-on \u00e0 Statgraphics Centurion, pour les analyses de donn\u00e9es multivari\u00e9es et l&#039;apprentissage machine.\" \/>\n<meta property=\"og:url\" content=\"https:\/\/francestat.com\/index.php\/telechargement-uniwin\/\" \/>\n<meta property=\"og:site_name\" content=\"FRANCESTAT\" \/>\n<meta property=\"article:modified_time\" content=\"2025-06-10T09:59:18+00:00\" \/>\n<meta name=\"twitter:card\" content=\"summary_large_image\" \/>\n<meta name=\"twitter:label1\" content=\"Dur\u00e9e de lecture estim\u00e9e\" \/>\n\t<meta name=\"twitter:data1\" content=\"1 minute\" \/>\n<script type=\"application\/ld+json\" class=\"yoast-schema-graph\">{\"@context\":\"https:\\\/\\\/schema.org\",\"@graph\":[{\"@type\":\"WebPage\",\"@id\":\"https:\\\/\\\/francestat.com\\\/index.php\\\/telechargement-uniwin\\\/\",\"url\":\"https:\\\/\\\/francestat.com\\\/index.php\\\/telechargement-uniwin\\\/\",\"name\":\"T\u00e9l\u00e9chargement Uniwin - FRANCESTAT\",\"isPartOf\":{\"@id\":\"https:\\\/\\\/francestat.com\\\/#website\"},\"datePublished\":\"2019-02-27T13:18:54+00:00\",\"dateModified\":\"2025-06-10T09:59:18+00:00\",\"description\":\"T\u00e9l\u00e9chargement du logiciel Uniwin, add-on \u00e0 Statgraphics Centurion, pour les analyses de donn\u00e9es multivari\u00e9es et l'apprentissage machine.\",\"breadcrumb\":{\"@id\":\"https:\\\/\\\/francestat.com\\\/index.php\\\/telechargement-uniwin\\\/#breadcrumb\"},\"inLanguage\":\"fr-FR\",\"potentialAction\":[{\"@type\":\"ReadAction\",\"target\":[\"https:\\\/\\\/francestat.com\\\/index.php\\\/telechargement-uniwin\\\/\"]}]},{\"@type\":\"BreadcrumbList\",\"@id\":\"https:\\\/\\\/francestat.com\\\/index.php\\\/telechargement-uniwin\\\/#breadcrumb\",\"itemListElement\":[{\"@type\":\"ListItem\",\"position\":1,\"name\":\"Accueil\",\"item\":\"https:\\\/\\\/francestat.com\\\/\"},{\"@type\":\"ListItem\",\"position\":2,\"name\":\"T\u00e9l\u00e9chargement Uniwin\"}]},{\"@type\":\"WebSite\",\"@id\":\"https:\\\/\\\/francestat.com\\\/#website\",\"url\":\"https:\\\/\\\/francestat.com\\\/\",\"name\":\"FRANCESTAT\",\"description\":\"Logiciels, formations et services statistiques\",\"publisher\":{\"@id\":\"https:\\\/\\\/francestat.com\\\/#organization\"},\"potentialAction\":[{\"@type\":\"SearchAction\",\"target\":{\"@type\":\"EntryPoint\",\"urlTemplate\":\"https:\\\/\\\/francestat.com\\\/?s={search_term_string}\"},\"query-input\":{\"@type\":\"PropertyValueSpecification\",\"valueRequired\":true,\"valueName\":\"search_term_string\"}}],\"inLanguage\":\"fr-FR\"},{\"@type\":\"Organization\",\"@id\":\"https:\\\/\\\/francestat.com\\\/#organization\",\"name\":\"FRANCESTAT\",\"url\":\"https:\\\/\\\/francestat.com\\\/\",\"logo\":{\"@type\":\"ImageObject\",\"inLanguage\":\"fr-FR\",\"@id\":\"https:\\\/\\\/francestat.com\\\/#\\\/schema\\\/logo\\\/image\\\/\",\"url\":\"https:\\\/\\\/francestat.com\\\/wp-content\\\/uploads\\\/2018\\\/05\\\/logo_horizontal_small_francestat.jpg\",\"contentUrl\":\"https:\\\/\\\/francestat.com\\\/wp-content\\\/uploads\\\/2018\\\/05\\\/logo_horizontal_small_francestat.jpg\",\"width\":155,\"height\":51,\"caption\":\"FRANCESTAT\"},\"image\":{\"@id\":\"https:\\\/\\\/francestat.com\\\/#\\\/schema\\\/logo\\\/image\\\/\"}}]}<\/script>\n<!-- \/ Yoast SEO plugin. -->","yoast_head_json":{"title":"T\u00e9l\u00e9chargement Uniwin - FRANCESTAT","description":"T\u00e9l\u00e9chargement du logiciel Uniwin, add-on \u00e0 Statgraphics Centurion, pour les analyses de donn\u00e9es multivari\u00e9es et l'apprentissage machine.","robots":{"index":"index","follow":"follow","max-snippet":"max-snippet:-1","max-image-preview":"max-image-preview:large","max-video-preview":"max-video-preview:-1"},"canonical":"https:\/\/francestat.com\/index.php\/telechargement-uniwin\/","og_locale":"fr_FR","og_type":"article","og_title":"T\u00e9l\u00e9chargement Uniwin - FRANCESTAT","og_description":"T\u00e9l\u00e9chargement du logiciel Uniwin, add-on \u00e0 Statgraphics Centurion, pour les analyses de donn\u00e9es multivari\u00e9es et l'apprentissage machine.","og_url":"https:\/\/francestat.com\/index.php\/telechargement-uniwin\/","og_site_name":"FRANCESTAT","article_modified_time":"2025-06-10T09:59:18+00:00","twitter_card":"summary_large_image","twitter_misc":{"Dur\u00e9e de lecture estim\u00e9e":"1 minute"},"schema":{"@context":"https:\/\/schema.org","@graph":[{"@type":"WebPage","@id":"https:\/\/francestat.com\/index.php\/telechargement-uniwin\/","url":"https:\/\/francestat.com\/index.php\/telechargement-uniwin\/","name":"T\u00e9l\u00e9chargement Uniwin - FRANCESTAT","isPartOf":{"@id":"https:\/\/francestat.com\/#website"},"datePublished":"2019-02-27T13:18:54+00:00","dateModified":"2025-06-10T09:59:18+00:00","description":"T\u00e9l\u00e9chargement du logiciel Uniwin, add-on \u00e0 Statgraphics Centurion, pour les analyses de donn\u00e9es multivari\u00e9es et l'apprentissage machine.","breadcrumb":{"@id":"https:\/\/francestat.com\/index.php\/telechargement-uniwin\/#breadcrumb"},"inLanguage":"fr-FR","potentialAction":[{"@type":"ReadAction","target":["https:\/\/francestat.com\/index.php\/telechargement-uniwin\/"]}]},{"@type":"BreadcrumbList","@id":"https:\/\/francestat.com\/index.php\/telechargement-uniwin\/#breadcrumb","itemListElement":[{"@type":"ListItem","position":1,"name":"Accueil","item":"https:\/\/francestat.com\/"},{"@type":"ListItem","position":2,"name":"T\u00e9l\u00e9chargement Uniwin"}]},{"@type":"WebSite","@id":"https:\/\/francestat.com\/#website","url":"https:\/\/francestat.com\/","name":"FRANCESTAT","description":"Logiciels, formations et services statistiques","publisher":{"@id":"https:\/\/francestat.com\/#organization"},"potentialAction":[{"@type":"SearchAction","target":{"@type":"EntryPoint","urlTemplate":"https:\/\/francestat.com\/?s={search_term_string}"},"query-input":{"@type":"PropertyValueSpecification","valueRequired":true,"valueName":"search_term_string"}}],"inLanguage":"fr-FR"},{"@type":"Organization","@id":"https:\/\/francestat.com\/#organization","name":"FRANCESTAT","url":"https:\/\/francestat.com\/","logo":{"@type":"ImageObject","inLanguage":"fr-FR","@id":"https:\/\/francestat.com\/#\/schema\/logo\/image\/","url":"https:\/\/francestat.com\/wp-content\/uploads\/2018\/05\/logo_horizontal_small_francestat.jpg","contentUrl":"https:\/\/francestat.com\/wp-content\/uploads\/2018\/05\/logo_horizontal_small_francestat.jpg","width":155,"height":51,"caption":"FRANCESTAT"},"image":{"@id":"https:\/\/francestat.com\/#\/schema\/logo\/image\/"}}]}},"_links":{"self":[{"href":"https:\/\/francestat.com\/index.php\/wp-json\/wp\/v2\/pages\/2540","targetHints":{"allow":["GET"]}}],"collection":[{"href":"https:\/\/francestat.com\/index.php\/wp-json\/wp\/v2\/pages"}],"about":[{"href":"https:\/\/francestat.com\/index.php\/wp-json\/wp\/v2\/types\/page"}],"author":[{"embeddable":true,"href":"https:\/\/francestat.com\/index.php\/wp-json\/wp\/v2\/users\/1"}],"replies":[{"embeddable":true,"href":"https:\/\/francestat.com\/index.php\/wp-json\/wp\/v2\/comments?post=2540"}],"version-history":[{"count":33,"href":"https:\/\/francestat.com\/index.php\/wp-json\/wp\/v2\/pages\/2540\/revisions"}],"predecessor-version":[{"id":6832,"href":"https:\/\/francestat.com\/index.php\/wp-json\/wp\/v2\/pages\/2540\/revisions\/6832"}],"wp:attachment":[{"href":"https:\/\/francestat.com\/index.php\/wp-json\/wp\/v2\/media?parent=2540"}],"curies":[{"name":"wp","href":"https:\/\/api.w.org\/{rel}","templated":true}]}}