{"id":27,"date":"2017-10-08T19:41:39","date_gmt":"2017-10-08T17:41:39","guid":{"rendered":"http:\/\/francestat.com\/?page_id=27"},"modified":"2025-06-27T11:27:44","modified_gmt":"2025-06-27T09:27:44","slug":"formations","status":"publish","type":"page","link":"https:\/\/francestat.com\/index.php\/formations\/","title":{"rendered":"Formations"},"content":{"rendered":"<p>[vc_row][vc_column width=\u00a0\u00bb1\/3&Prime;][\/vc_column][vc_column width=\u00a0\u00bb2\/3&Prime;]<div id=\"ultimate-heading-64569e047ea7d5b1\" class=\"uvc-heading ult-adjust-bottom-margin ultimate-heading-64569e047ea7d5b1 uvc-1798  uvc-heading-default-font-sizes\" data-hspacer=\"no_spacer\"  data-halign=\"center\" style=\"text-align:center\"><div class=\"uvc-heading-spacer no_spacer\" style=\"top\"><\/div><div class=\"uvc-main-heading ult-responsive\"  data-ultimate-target='.uvc-heading.ultimate-heading-64569e047ea7d5b1 h2'  data-responsive-json-new='{\"font-size\":\"\",\"line-height\":\"\"}' ><h2 style=\"--font-weight:theme;\">Formations aux logiciels et m\u00e9thodes statistiques<\/h2><\/div><\/div>[vc_empty_space][\/vc_column][\/vc_row][vc_row][vc_column width=\u00a0\u00bb1\/3&Prime;][vc_empty_space height=\u00a0\u00bb35px\u00a0\u00bb][vc_single_image image=\u00a0\u00bb2159&Prime; img_size=\u00a0\u00bblarge\u00a0\u00bb alignment=\u00a0\u00bbcenter\u00a0\u00bb][vc_empty_space height=\u00a0\u00bb5px\u00a0\u00bb][\/vc_column][vc_column width=\u00a0\u00bb2\/3&Prime;][vc_column_text css=\u00a0\u00bb.vc_custom_1749460838831{background-color: #f4f4f4 !important;}\u00a0\u00bb]Des formations \u00e0 l&rsquo;ergonomie des logiciels statistiques et aux m\u00e9thodes statistiques qu&rsquo;ils contiennent sont r\u00e9guli\u00e8rement organis\u00e9es par notre soci\u00e9t\u00e9.<\/p>\n<p>Elle peuvent \u00eatre dispens\u00e9es :<\/p>\n<ul>\n<li>en intra-entreprise pour un groupe de 2 \u00e0 8 personnes<\/li>\n<li>en inter-entreprises pour un groupe de 2 \u00e0 8 personnes<\/li>\n<li>en coaching individuel pour une formation courte et intensive sur vos probl\u00e9matiques<\/li>\n<li>sur votre site ou sur notre site<\/li>\n<\/ul>\n<p>[\/vc_column_text][\/vc_column][\/vc_row][vc_row][vc_column width=\u00a0\u00bb1\/3&Prime;][vc_column_text]<\/p>\n<p style=\"text-align: center;\">Pour nous contacter :<\/p>\n<p style=\"text-align: center;\"><a href=\"mailto:formation@francestat.com\">formation@francestat.com<\/a><\/p>\n<p>[\/vc_column_text][\/vc_column][vc_column width=\u00a0\u00bb1\/3&Prime;][vc_btn title=\u00a0\u00bbDemande d&rsquo;informations\u00a0\u00bb link=\u00a0\u00bburl:http%3A%2F%2Ffrancestat.com%2Findex.php%2Fcontact%2F|title:Demande%20d&rsquo;informations\u00a0\u00bb][\/vc_column][vc_column width=\u00a0\u00bb1\/3&Prime;][vc_btn title=\u00a0\u00bbFormulaire d&rsquo;inscription\u00a0\u00bb link=\u00a0\u00bburl:http%3A%2F%2Fwww.francestat.com%2Ftelecharg%2FFormation%2FInscription_Formation_Francestat.pdf|title:Formulaire%20d&rsquo;inscription\u00a0\u00bb][\/vc_column][\/vc_row][vc_row][vc_column][vc_empty_space][\/vc_column][\/vc_row][vc_row][vc_column width=\u00a0\u00bb1\/3&Prime;][vc_single_image image=\u00a0\u00bb3687&Prime; alignment=\u00a0\u00bbcenter\u00a0\u00bb][vc_empty_space height=\u00a0\u00bb10px\u00a0\u00bb][vc_btn title=\u00a0\u00bbDescriptif d\u00e9taill\u00e9\u00a0\u00bb align=\u00a0\u00bbcenter\u00a0\u00bb link=\u00a0\u00bburl:http%3A%2F%2Ffrancestat.com%2Findex.php%2Fformation_centurion%2F|title:Formation%20Statgraphics%20Centurion\u00a0\u00bb][vc_empty_space][\/vc_column][vc_column width=\u00a0\u00bb2\/3&Prime;][vc_column_text css=\u00a0\u00bb.vc_custom_1603881111767{background-color: #f4f4f4 !important;}\u00a0\u00bb]<strong>Formation au logiciel STATGRAPHICS Centurion versions 18 et 19<\/strong><\/p>\n<p>Exp\u00e9rimenter et ma\u00eetriser les possibilit\u00e9s du logiciel Statgraphics Centurion afin d\u2019\u00eatre autonome dans la gestion de donn\u00e9es, la mise en \u0153uvre des m\u00e9thodes et la pr\u00e9sentation des r\u00e9sultats statistiques num\u00e9riques et graphiques. Les principales m\u00e9thodes statistiques et graphiques propos\u00e9es par le logiciel seront bri\u00e8vement pr\u00e9sent\u00e9es : statistiques descriptives et exploratoires, tests d\u2019hypoth\u00e8ses, analyse de la variance, r\u00e9gression, plans d\u2019exp\u00e9riences, ma\u00eetrise statistique des processus, analyses de donn\u00e9es multidimensionnelles et s\u00e9ries chronologiques.[\/vc_column_text][vc_empty_space][\/vc_column][\/vc_row][vc_row][vc_column width=\u00a0\u00bb1\/3&Prime;][vc_single_image image=\u00a0\u00bb6305&Prime; alignment=\u00a0\u00bbcenter\u00a0\u00bb][vc_empty_space height=\u00a0\u00bb10px\u00a0\u00bb][vc_btn title=\u00a0\u00bbDescriptif d\u00e9taill\u00e9\u00a0\u00bb align=\u00a0\u00bbcenter\u00a0\u00bb link=\u00a0\u00bburl:http%3A%2F%2Ffrancestat.com%2Findex.php%2Fformation_uniwin%2F|title:Formation%20Uniwin%20Plus\u00a0\u00bb][vc_empty_space][\/vc_column][vc_column width=\u00a0\u00bb2\/3&Prime;][vc_column_text css=\u00a0\u00bb.vc_custom_1751016461982{background-color: #f4f4f4 !important;}\u00a0\u00bb]<strong>Formation au logiciel UNIWIN version 10<\/strong><\/p>\n<p><span class=\"auto-style11\" lang=\"EN\">Exp\u00e9rimenter et ma\u00eetriser les principales possibilit\u00e9s du logiciel UNIWIN, add-on \u00e0 Statgraphics Centurion et \u00e0 Microsoft Excel pour les analyses statistiques multivari\u00e9es descriptives et explicatives, <\/span><span class=\"auto-style9\" lang=\"EN\">afin d&rsquo;\u00eatre autonome dans la gestion de donn\u00e9es, la mise en \u0153uvre des m\u00e9thodes et la pr\u00e9sentation des r\u00e9sultats statistiques num\u00e9riques et graphiques.<\/span>[\/vc_column_text][vc_empty_space][\/vc_column][\/vc_row][vc_row][vc_column width=\u00a0\u00bb1\/3&Prime;][vc_single_image image=\u00a0\u00bb6316&Prime; alignment=\u00a0\u00bbcenter\u00a0\u00bb][vc_empty_space height=\u00a0\u00bb10px\u00a0\u00bb][vc_btn title=\u00a0\u00bbDescriptif d\u00e9taill\u00e9\u00a0\u00bb align=\u00a0\u00bbcenter\u00a0\u00bb link=\u00a0\u00bburl:http%3A%2F%2Ffrancestat.com%2Findex.php%2Fformation_vmail%2F|title:Formation%20Vmail\u00a0\u00bb][vc_empty_space][\/vc_column][vc_column width=\u00a0\u00bb2\/3&Prime;][vc_column_text css=\u00a0\u00bb.vc_custom_1620230598916{background-color: #f4f4f4 !important;}\u00a0\u00bb]<strong>Formation au logiciel VMAIL version 3<\/strong><\/p>\n<p><span class=\"auto-style9\" lang=\"EN\">Exp\u00e9rimenter et ma\u00eetriser les principales possibilit\u00e9s du logiciel VMAIL<\/span><span class=\"auto-style9\" lang=\"EN\"> afin d&rsquo;\u00eatre autonome dans la gestion de donn\u00e9es, la mise en \u0153uvre des m\u00e9thodes et la pr\u00e9sentation des r\u00e9sultats statistiques num\u00e9riques et graphiques. <\/span>Comprendre et appliquer les m\u00e9thodes statistiques de la norme NF ISO 5725 relative aux analyses inter-laboratoires.[\/vc_column_text][vc_empty_space][\/vc_column][\/vc_row][vc_row][vc_column width=\u00a0\u00bb1\/3&Prime;][vc_single_image image=\u00a0\u00bb3703&Prime; alignment=\u00a0\u00bbcenter\u00a0\u00bb][vc_empty_space height=\u00a0\u00bb10px\u00a0\u00bb][vc_btn title=\u00a0\u00bbDescriptif d\u00e9taill\u00e9\u00a0\u00bb align=\u00a0\u00bbcenter\u00a0\u00bb link=\u00a0\u00bburl:http%3A%2F%2Ffrancestat.com%2Findex.php%2Fformation_express%2F|title:Formation%20Statgraphics%20Sigma%20Express\u00a0\u00bb][vc_empty_space][\/vc_column][vc_column width=\u00a0\u00bb2\/3&Prime;][vc_column_text css=\u00a0\u00bb.vc_custom_1555259959805{background-color: #f4f4f4 !important;}\u00a0\u00bb]<strong>Formation au logiciel STATGRAPHICS Sigma Express<\/strong><\/p>\n<p><span class=\"auto-style9\" lang=\"EN\">Exp\u00e9rimenter et ma\u00eetriser les principales possibilit\u00e9s du logiciel Stat<\/span><span class=\"auto-style9\">g<\/span><span class=\"auto-style9\" lang=\"EN\">raphics<\/span><span class=\"auto-style9\"> Sigma Express, add-in \u00e0 Microsoft Excel,<\/span><span class=\"auto-style9\" lang=\"EN\"> afin d&rsquo;\u00eatre autonome dans la gestion de donn\u00e9es, la mise en \u0153uvre des m\u00e9thodes requises lors de la pratique du Lean Six Sigma et la pr\u00e9sentation des r\u00e9sultats statistiques num\u00e9riques et graphiques.<\/span>[\/vc_column_text][vc_empty_space][\/vc_column][\/vc_row][vc_row][vc_column width=\u00a0\u00bb1\/3&Prime;][vc_single_image image=\u00a0\u00bb3159&Prime; alignment=\u00a0\u00bbcenter\u00a0\u00bb][vc_empty_space height=\u00a0\u00bb5px\u00a0\u00bb][vc_btn title=\u00a0\u00bbDescriptif d\u00e9taill\u00e9\u00a0\u00bb align=\u00a0\u00bbcenter\u00a0\u00bb link=\u00a0\u00bburl:http%3A%2F%2Ffrancestat.com%2Findex.php%2Fformation_simca%2F|title:Formation%20SIMCA\u00a0\u00bb][vc_btn title=\u00a0\u00bbeLearning\u00a0\u00bb align=\u00a0\u00bbcenter\u00a0\u00bb link=\u00a0\u00bburl:https%3A%2F%2Ffrancestat.com%2Findex.php%2Felearning-simca%2F|title:eLearning%20SIMCA\u00a0\u00bb][vc_empty_space][\/vc_column][vc_column width=\u00a0\u00bb2\/3&Prime;][vc_column_text css=\u00a0\u00bb.vc_custom_1745656169715{background-color: #f4f4f4 !important;}\u00a0\u00bb]<strong>Formation au logiciel SIMCA et eLearning<\/strong><\/p>\n<p>Ma\u00eetriser les possibilit\u00e9s du logiciel Simca dans la gestion, la manipulation et la pratique des m\u00e9thodes statistiques multivari\u00e9es dont l&rsquo;analyse en composantes principales (ACP), les r\u00e9gressions PLS et OPLS et l&rsquo;analyse discriminante PLS. L&rsquo;objectif de cette formation est de montrer comment convertir de larges volumes de donn\u00e9es en mod\u00e8les robustes et fiables pouvant \u00eatre ais\u00e9ment interpr\u00e9t\u00e9s.<\/p>\n<p>Deux possibilit\u00e9s sont propos\u00e9es :<\/p>\n<ol>\n<li style=\"text-align: left;\">formation traditionnelle en intra ou inter-entreprises sur notre site, sur votre site ou via Internet<\/li>\n<li>eLearning individuel<\/li>\n<\/ol>\n<p>[\/vc_column_text][vc_empty_space][\/vc_column][\/vc_row][vc_row][vc_column width=\u00a0\u00bb1\/3&Prime;][vc_single_image image=\u00a0\u00bb3168&Prime; alignment=\u00a0\u00bbcenter\u00a0\u00bb][vc_empty_space height=\u00a0\u00bb5px\u00a0\u00bb][vc_btn title=\u00a0\u00bbDescriptif d\u00e9taill\u00e9\u00a0\u00bb align=\u00a0\u00bbcenter\u00a0\u00bb link=\u00a0\u00bburl:http%3A%2F%2Ffrancestat.com%2Findex.php%2Fformation_modde%2F|title:Formation%20MODDE\u00a0\u00bb][vc_btn title=\u00a0\u00bbeLearning\u00a0\u00bb align=\u00a0\u00bbcenter\u00a0\u00bb link=\u00a0\u00bburl:https%3A%2F%2Ffrancestat.com%2Findex.php%2Felearning-modde%2F|title:eLearning%20MODDE\u00a0\u00bb][vc_empty_space][\/vc_column][vc_column width=\u00a0\u00bb2\/3&Prime;][vc_column_text css=\u00a0\u00bb.vc_custom_1745594280728{background-color: #f4f4f4 !important;}\u00a0\u00bb]<strong>Formation au logiciel MODDE Pro et eLearning<\/strong><\/p>\n<p>Exp\u00e9rimenter et ma\u00eetriser les possibilit\u00e9s du logiciel Modde Pro, comprendre et mettre en oeuvre les m\u00e9thodes de construction et d\u2019analyse de plans d\u2019exp\u00e9riences, cr\u00e9er des plans d&rsquo;exp\u00e9riences efficaces pour atteindre les objectifs d\u00e9sir\u00e9s, analyser les donn\u00e9es exp\u00e9rimentales avec les outils statistiques adapt\u00e9s, utiliser les outils graphiques pour comprendre et communiquer les r\u00e9sultats, comprendre les limitations et les possibilit\u00e9s dans le cas de situations de conflits, faire de nouvelles exp\u00e9riences si n\u00e9cessaire.<\/p>\n<p>Deux possibilit\u00e9s sont propos\u00e9es :<\/p>\n<ol>\n<li style=\"text-align: left;\">formation traditionnelle en intra ou inter-entreprises sur notre site, sur votre site ou via Internet<\/li>\n<li>eLearning individuel<\/li>\n<\/ol>\n<p>[\/vc_column_text][vc_empty_space][\/vc_column][\/vc_row][vc_row][vc_column width=\u00a0\u00bb1\/3&Prime;][vc_single_image image=\u00a0\u00bb2065&Prime; alignment=\u00a0\u00bbcenter\u00a0\u00bb][vc_empty_space height=\u00a0\u00bb10px\u00a0\u00bb][vc_btn title=\u00a0\u00bbDescriptif d\u00e9taill\u00e9\u00a0\u00bb align=\u00a0\u00bbcenter\u00a0\u00bb link=\u00a0\u00bburl:http%3A%2F%2Ffrancestat.com%2Findex.php%2Fformation_synergy1000%2F\u00a0\u00bb][vc_empty_space][\/vc_column][vc_column width=\u00a0\u00bb2\/3&Prime;][vc_column_text css=\u00a0\u00bb.vc_custom_1553533989501{background-color: #f4f4f4 !important;}\u00a0\u00bb]<strong>Formation au logiciel SYNERGY 1000<\/strong><\/p>\n<p><span class=\"auto-style9\" lang=\"EN\">Exp\u00e9rimenter et ma\u00eetriser les principales fonctionnalit\u00e9s du logiciel Synergy 1000 pour la ma\u00eetrise statistique des processus (MSP\/SPC) <\/span><span class=\"auto-style9\" lang=\"EN\">afin d&rsquo;\u00eatre autonome dans la gestion de donn\u00e9es, la mise en \u0153uvre des m\u00e9thodes et la pr\u00e9sentation des r\u00e9sultats statistiques num\u00e9riques et graphiques.<\/span>[\/vc_column_text][vc_empty_space][\/vc_column][\/vc_row][vc_row][vc_column width=\u00a0\u00bb1\/3&Prime;][vc_single_image image=\u00a0\u00bb2066&Prime; alignment=\u00a0\u00bbcenter\u00a0\u00bb][vc_empty_space height=\u00a0\u00bb10px\u00a0\u00bb][vc_btn title=\u00a0\u00bbDescriptif d\u00e9taill\u00e9\u00a0\u00bb align=\u00a0\u00bbcenter\u00a0\u00bb link=\u00a0\u00bburl:http%3A%2F%2Ffrancestat.com%2Findex.php%2Fformation_synergy2000%2F|title:Formation%20Synergy%202000&Prime;][vc_empty_space][\/vc_column][vc_column width=\u00a0\u00bb2\/3&Prime;][vc_column_text css=\u00a0\u00bb.vc_custom_1553534012987{background-color: #f4f4f4 !important;}\u00a0\u00bb]<strong>Formation au logiciel SYNERGY 2000<\/strong><\/p>\n<p><span class=\"auto-style9\" lang=\"EN\">Exp\u00e9rimenter et ma\u00eetriser les principales fonctionnalit\u00e9s du logiciel Synergy 2000 pour la ma\u00eetrise statistique des processus (MSP\/SPC) <\/span><span class=\"auto-style9\" lang=\"EN\">afin d&rsquo;\u00eatre autonome dans la gestion de donn\u00e9es, la mise en \u0153uvre des m\u00e9thodes et la pr\u00e9sentation des r\u00e9sultats statistiques num\u00e9riques et graphiques.<\/span>[\/vc_column_text][vc_empty_space][\/vc_column][\/vc_row][vc_row][vc_column width=\u00a0\u00bb1\/3&Prime;][vc_column_text]<\/p>\n<p style=\"text-align: center;\">Pour nous contacter :<\/p>\n<p style=\"text-align: center;\"><a href=\"mailto:formation@francestat.com\">formation@francestat.com<\/a><\/p>\n<p>[\/vc_column_text][\/vc_column][vc_column width=\u00a0\u00bb1\/3&Prime;][vc_btn title=\u00a0\u00bbDemande d&rsquo;informations\u00a0\u00bb link=\u00a0\u00bburl:http%3A%2F%2Ffrancestat.com%2Findex.php%2Fcontact%2F|title:Demande%20d&rsquo;informations\u00a0\u00bb][\/vc_column][vc_column width=\u00a0\u00bb1\/3&Prime;][vc_btn title=\u00a0\u00bbFormulaire d&rsquo;inscription\u00a0\u00bb link=\u00a0\u00bburl:http%3A%2F%2Fwww.francestat.com%2Ftelecharg%2FFormation%2FInscription_Formation_Francestat.pdf|title:Formulaire%20d&rsquo;inscription\u00a0\u00bb][\/vc_column][\/vc_row]<\/p>\n","protected":false},"excerpt":{"rendered":"<p>[vc_row][vc_column width=\u00a0\u00bb1\/3&Prime;][\/vc_column][vc_column width=\u00a0\u00bb2\/3&Prime;][vc_empty_space][\/vc_column][\/vc_row][vc_row][vc_column width=\u00a0\u00bb1\/3&Prime;][vc_empty_space height=\u00a0\u00bb35px\u00a0\u00bb][vc_single_image image=\u00a0\u00bb2159&Prime; img_size=\u00a0\u00bblarge\u00a0\u00bb alignment=\u00a0\u00bbcenter\u00a0\u00bb][vc_empty_space height=\u00a0\u00bb5px\u00a0\u00bb][\/vc_column][vc_column width=\u00a0\u00bb2\/3&Prime;][vc_column_text css=\u00a0\u00bb.vc_custom_1749460838831{background-color: #f4f4f4 !important;}\u00a0\u00bb]Des formations \u00e0 l&rsquo;ergonomie des logiciels statistiques et aux m\u00e9thodes statistiques qu&rsquo;ils contiennent sont r\u00e9guli\u00e8rement organis\u00e9es par notre soci\u00e9t\u00e9. Elle peuvent \u00eatre dispens\u00e9es : en intra-entreprise pour un groupe de 2 \u00e0 8 personnes en inter-entreprises pour un groupe de 2 \u00e0 8&hellip;<\/p>\n","protected":false},"author":1,"featured_media":0,"parent":0,"menu_order":0,"comment_status":"closed","ping_status":"closed","template":"","meta":{"footnotes":""},"class_list":["post-27","page","type-page","status-publish","hentry","description-off"],"yoast_head":"<!-- This site is optimized with the Yoast SEO plugin v27.4 - https:\/\/yoast.com\/product\/yoast-seo-wordpress\/ -->\n<title>Formations - FRANCESTAT<\/title>\n<meta name=\"description\" content=\"Des formations \u00e0 l&#039;ergonomie des logiciels statistiques et aux m\u00e9thodes statistiques qu&#039;ils contiennent sont r\u00e9guli\u00e8rement organis\u00e9es par la soci\u00e9t\u00e9 FRANCESTAT.\" \/>\n<meta name=\"robots\" content=\"index, follow, max-snippet:-1, max-image-preview:large, max-video-preview:-1\" \/>\n<link rel=\"canonical\" href=\"https:\/\/francestat.com\/index.php\/formations\/\" \/>\n<meta property=\"og:locale\" content=\"fr_FR\" \/>\n<meta property=\"og:type\" content=\"article\" \/>\n<meta property=\"og:title\" content=\"Formations - FRANCESTAT\" \/>\n<meta property=\"og:description\" content=\"Des formations \u00e0 l&#039;ergonomie des logiciels statistiques et aux m\u00e9thodes statistiques qu&#039;ils contiennent sont r\u00e9guli\u00e8rement organis\u00e9es par la soci\u00e9t\u00e9 FRANCESTAT.\" \/>\n<meta property=\"og:url\" content=\"https:\/\/francestat.com\/index.php\/formations\/\" \/>\n<meta property=\"og:site_name\" content=\"FRANCESTAT\" \/>\n<meta property=\"article:modified_time\" content=\"2025-06-27T09:27:44+00:00\" \/>\n<meta name=\"twitter:card\" content=\"summary_large_image\" \/>\n<meta name=\"twitter:label1\" content=\"Dur\u00e9e de lecture estim\u00e9e\" \/>\n\t<meta name=\"twitter:data1\" content=\"4 minutes\" \/>\n<script type=\"application\/ld+json\" class=\"yoast-schema-graph\">{\"@context\":\"https:\\\/\\\/schema.org\",\"@graph\":[{\"@type\":\"WebPage\",\"@id\":\"https:\\\/\\\/francestat.com\\\/index.php\\\/formations\\\/\",\"url\":\"https:\\\/\\\/francestat.com\\\/index.php\\\/formations\\\/\",\"name\":\"Formations - FRANCESTAT\",\"isPartOf\":{\"@id\":\"https:\\\/\\\/francestat.com\\\/#website\"},\"datePublished\":\"2017-10-08T17:41:39+00:00\",\"dateModified\":\"2025-06-27T09:27:44+00:00\",\"description\":\"Des formations \u00e0 l'ergonomie des logiciels statistiques et aux m\u00e9thodes statistiques qu'ils contiennent sont r\u00e9guli\u00e8rement organis\u00e9es par la soci\u00e9t\u00e9 FRANCESTAT.\",\"breadcrumb\":{\"@id\":\"https:\\\/\\\/francestat.com\\\/index.php\\\/formations\\\/#breadcrumb\"},\"inLanguage\":\"fr-FR\",\"potentialAction\":[{\"@type\":\"ReadAction\",\"target\":[\"https:\\\/\\\/francestat.com\\\/index.php\\\/formations\\\/\"]}]},{\"@type\":\"BreadcrumbList\",\"@id\":\"https:\\\/\\\/francestat.com\\\/index.php\\\/formations\\\/#breadcrumb\",\"itemListElement\":[{\"@type\":\"ListItem\",\"position\":1,\"name\":\"Accueil\",\"item\":\"https:\\\/\\\/francestat.com\\\/\"},{\"@type\":\"ListItem\",\"position\":2,\"name\":\"Formations\"}]},{\"@type\":\"WebSite\",\"@id\":\"https:\\\/\\\/francestat.com\\\/#website\",\"url\":\"https:\\\/\\\/francestat.com\\\/\",\"name\":\"FRANCESTAT\",\"description\":\"Logiciels, formations et services statistiques\",\"publisher\":{\"@id\":\"https:\\\/\\\/francestat.com\\\/#organization\"},\"potentialAction\":[{\"@type\":\"SearchAction\",\"target\":{\"@type\":\"EntryPoint\",\"urlTemplate\":\"https:\\\/\\\/francestat.com\\\/?s={search_term_string}\"},\"query-input\":{\"@type\":\"PropertyValueSpecification\",\"valueRequired\":true,\"valueName\":\"search_term_string\"}}],\"inLanguage\":\"fr-FR\"},{\"@type\":\"Organization\",\"@id\":\"https:\\\/\\\/francestat.com\\\/#organization\",\"name\":\"FRANCESTAT\",\"url\":\"https:\\\/\\\/francestat.com\\\/\",\"logo\":{\"@type\":\"ImageObject\",\"inLanguage\":\"fr-FR\",\"@id\":\"https:\\\/\\\/francestat.com\\\/#\\\/schema\\\/logo\\\/image\\\/\",\"url\":\"https:\\\/\\\/francestat.com\\\/wp-content\\\/uploads\\\/2018\\\/05\\\/logo_horizontal_small_francestat.jpg\",\"contentUrl\":\"https:\\\/\\\/francestat.com\\\/wp-content\\\/uploads\\\/2018\\\/05\\\/logo_horizontal_small_francestat.jpg\",\"width\":155,\"height\":51,\"caption\":\"FRANCESTAT\"},\"image\":{\"@id\":\"https:\\\/\\\/francestat.com\\\/#\\\/schema\\\/logo\\\/image\\\/\"}}]}<\/script>\n<!-- \/ Yoast SEO plugin. -->","yoast_head_json":{"title":"Formations - FRANCESTAT","description":"Des formations \u00e0 l'ergonomie des logiciels statistiques et aux m\u00e9thodes statistiques qu'ils contiennent sont r\u00e9guli\u00e8rement organis\u00e9es par la soci\u00e9t\u00e9 FRANCESTAT.","robots":{"index":"index","follow":"follow","max-snippet":"max-snippet:-1","max-image-preview":"max-image-preview:large","max-video-preview":"max-video-preview:-1"},"canonical":"https:\/\/francestat.com\/index.php\/formations\/","og_locale":"fr_FR","og_type":"article","og_title":"Formations - FRANCESTAT","og_description":"Des formations \u00e0 l'ergonomie des logiciels statistiques et aux m\u00e9thodes statistiques qu'ils contiennent sont r\u00e9guli\u00e8rement organis\u00e9es par la soci\u00e9t\u00e9 FRANCESTAT.","og_url":"https:\/\/francestat.com\/index.php\/formations\/","og_site_name":"FRANCESTAT","article_modified_time":"2025-06-27T09:27:44+00:00","twitter_card":"summary_large_image","twitter_misc":{"Dur\u00e9e de lecture estim\u00e9e":"4 minutes"},"schema":{"@context":"https:\/\/schema.org","@graph":[{"@type":"WebPage","@id":"https:\/\/francestat.com\/index.php\/formations\/","url":"https:\/\/francestat.com\/index.php\/formations\/","name":"Formations - FRANCESTAT","isPartOf":{"@id":"https:\/\/francestat.com\/#website"},"datePublished":"2017-10-08T17:41:39+00:00","dateModified":"2025-06-27T09:27:44+00:00","description":"Des formations \u00e0 l'ergonomie des logiciels statistiques et aux m\u00e9thodes statistiques qu'ils contiennent sont r\u00e9guli\u00e8rement organis\u00e9es par la soci\u00e9t\u00e9 FRANCESTAT.","breadcrumb":{"@id":"https:\/\/francestat.com\/index.php\/formations\/#breadcrumb"},"inLanguage":"fr-FR","potentialAction":[{"@type":"ReadAction","target":["https:\/\/francestat.com\/index.php\/formations\/"]}]},{"@type":"BreadcrumbList","@id":"https:\/\/francestat.com\/index.php\/formations\/#breadcrumb","itemListElement":[{"@type":"ListItem","position":1,"name":"Accueil","item":"https:\/\/francestat.com\/"},{"@type":"ListItem","position":2,"name":"Formations"}]},{"@type":"WebSite","@id":"https:\/\/francestat.com\/#website","url":"https:\/\/francestat.com\/","name":"FRANCESTAT","description":"Logiciels, formations et services statistiques","publisher":{"@id":"https:\/\/francestat.com\/#organization"},"potentialAction":[{"@type":"SearchAction","target":{"@type":"EntryPoint","urlTemplate":"https:\/\/francestat.com\/?s={search_term_string}"},"query-input":{"@type":"PropertyValueSpecification","valueRequired":true,"valueName":"search_term_string"}}],"inLanguage":"fr-FR"},{"@type":"Organization","@id":"https:\/\/francestat.com\/#organization","name":"FRANCESTAT","url":"https:\/\/francestat.com\/","logo":{"@type":"ImageObject","inLanguage":"fr-FR","@id":"https:\/\/francestat.com\/#\/schema\/logo\/image\/","url":"https:\/\/francestat.com\/wp-content\/uploads\/2018\/05\/logo_horizontal_small_francestat.jpg","contentUrl":"https:\/\/francestat.com\/wp-content\/uploads\/2018\/05\/logo_horizontal_small_francestat.jpg","width":155,"height":51,"caption":"FRANCESTAT"},"image":{"@id":"https:\/\/francestat.com\/#\/schema\/logo\/image\/"}}]}},"_links":{"self":[{"href":"https:\/\/francestat.com\/index.php\/wp-json\/wp\/v2\/pages\/27","targetHints":{"allow":["GET"]}}],"collection":[{"href":"https:\/\/francestat.com\/index.php\/wp-json\/wp\/v2\/pages"}],"about":[{"href":"https:\/\/francestat.com\/index.php\/wp-json\/wp\/v2\/types\/page"}],"author":[{"embeddable":true,"href":"https:\/\/francestat.com\/index.php\/wp-json\/wp\/v2\/users\/1"}],"replies":[{"embeddable":true,"href":"https:\/\/francestat.com\/index.php\/wp-json\/wp\/v2\/comments?post=27"}],"version-history":[{"count":120,"href":"https:\/\/francestat.com\/index.php\/wp-json\/wp\/v2\/pages\/27\/revisions"}],"predecessor-version":[{"id":6864,"href":"https:\/\/francestat.com\/index.php\/wp-json\/wp\/v2\/pages\/27\/revisions\/6864"}],"wp:attachment":[{"href":"https:\/\/francestat.com\/index.php\/wp-json\/wp\/v2\/media?parent=27"}],"curies":[{"name":"wp","href":"https:\/\/api.w.org\/{rel}","templated":true}]}}