{"id":2817,"date":"2019-03-25T15:07:47","date_gmt":"2019-03-25T14:07:47","guid":{"rendered":"http:\/\/francestat.com\/?page_id=2817"},"modified":"2025-03-24T16:49:45","modified_gmt":"2025-03-24T15:49:45","slug":"formation_synergy1000","status":"publish","type":"page","link":"https:\/\/francestat.com\/index.php\/formation_synergy1000\/","title":{"rendered":"Formation Synergy 1000"},"content":{"rendered":"<p>[vc_row][vc_column width=\u00a0\u00bb1\/3&Prime;][vc_empty_space][\/vc_column][vc_column width=\u00a0\u00bb2\/3&Prime;]<div id=\"ultimate-heading-933769e06030e68f3\" class=\"uvc-heading ult-adjust-bottom-margin ultimate-heading-933769e06030e68f3 uvc-4016  uvc-heading-default-font-sizes\" data-hspacer=\"no_spacer\"  data-halign=\"center\" style=\"text-align:center\"><div class=\"uvc-heading-spacer no_spacer\" style=\"top\"><\/div><div class=\"uvc-main-heading ult-responsive\"  data-ultimate-target='.uvc-heading.ultimate-heading-933769e06030e68f3 h2'  data-responsive-json-new='{\"font-size\":\"\",\"line-height\":\"\"}' ><h2 style=\"--font-weight:theme;\">Formation au logiciel Synergy 1000<\/h2><\/div><\/div>[vc_empty_space][\/vc_column][\/vc_row][vc_row][vc_column width=\u00a0\u00bb1\/3&Prime;][vc_btn title=\u00a0\u00bbFormulaire d&rsquo;inscription\u00a0\u00bb align=\u00a0\u00bbcenter\u00a0\u00bb link=\u00a0\u00bburl:http%3A%2F%2Ffrancestat.com%2Ftelecharg%2FFormation%2FInscription_Formation_Francestat.pdf|title:Formulaire%20d&rsquo;inscription\u00a0\u00bb][vc_btn title=\u00a0\u00bbDemande d&rsquo;informations\u00a0\u00bb align=\u00a0\u00bbcenter\u00a0\u00bb link=\u00a0\u00bburl:http%3A%2F%2Ffrancestat.com%2Findex.php%2Fcontact%2F|title:Demande%20d&rsquo;informations\u00a0\u00bb][\/vc_column][vc_column width=\u00a0\u00bb2\/3&Prime;][vc_column_text css=\u00a0\u00bb.vc_custom_1554912994195{background-color: #f4f4f4 !important;}\u00a0\u00bb]Exp\u00e9rimenter et ma\u00eetriser les principales fonctionnalit\u00e9s du logiciel Synergy 1000 pour la ma\u00eetrise statistique des processus (MSP\/SPC) afin d&rsquo;\u00eatre autonome dans la gestion de donn\u00e9es, la mise en \u0153uvre des m\u00e9thodes et la pr\u00e9sentation des r\u00e9sultats statistiques num\u00e9riques et graphiques.[\/vc_column_text][\/vc_column][\/vc_row][vc_row][vc_column][vc_empty_space][vc_column_text css=\u00a0\u00bb.vc_custom_1742831382732{background-color: #f4f4f4 !important;}\u00a0\u00bb]<\/p>\n<ul>\n<li><strong>R\u00e9f\u00e9rence<\/strong> : FOR-S1K<\/li>\n<li><strong>Dur\u00e9e<\/strong> : 1 jour soit 7 heures en pr\u00e9sentiel<\/li>\n<li><strong>Tarif<\/strong> : 750 \u20ac ht par inscrit (repas inclus)<\/li>\n<li><strong>Lieu<\/strong> : sur notre site (inter-entreprises) ou sur votre site (intra-entreprise)<\/li>\n<li><strong>Prochaines dates<\/strong> : nous contacter<\/li>\n<li><strong>Public concern\u00e9<\/strong> : toute personne souhaitant comprendre les techniques de la MSP\/SPC et les mettre en \u0153uvre avec le logiciel Synergy 1000<\/li>\n<li><strong>Population vis\u00e9e<\/strong> : techniciens et ing\u00e9nieurs des services Qualit\u00e9 et R&amp;D<\/li>\n<li><strong>Pr\u00e9-requis<\/strong> : des notions de statistique de base (moyenne, \u00e9cart-type, variance, \u00e9tendue, &#8230;)<\/li>\n<li><strong>M\u00e9thodes et moyens<\/strong> : explications th\u00e9oriques suivies d&rsquo;applications pratiques<\/li>\n<li><strong>M\u00e9thodes d&rsquo;\u00e9valuation des acquis<\/strong> : exercices r\u00e9guliers en cours de formation<\/li>\n<li><strong>Profil formateur<\/strong> : sp\u00e9cialiste des statistiques industrielles en charge du support technique des logiciels Synergy 1000, 2000 et 3000<\/li>\n<li><strong>Support stagiaire<\/strong> : support de cours papier et fichiers des exercices<\/li>\n<\/ul>\n<p>[\/vc_column_text][vc_empty_space][\/vc_column][\/vc_row][vc_row][vc_column width=\u00a0\u00bb1\/2&Prime;][vc_column_text css=\u00a0\u00bb.vc_custom_1553533826085{background-color: #f4f4f4 !important;}\u00a0\u00bb]<strong>MATIN<\/strong><\/p>\n<p>Aper\u00e7u de la MSP\/SPC<\/p>\n<p>Arbre de d\u00e9cision pour les cartes de contr\u00f4le<\/p>\n<p>Cr\u00e9ation des fichiers<\/p>\n<ul>\n<li>Banques et tables de donn\u00e9es<\/li>\n<li>Cr\u00e9ation d&rsquo;une banque de donn\u00e9es<\/li>\n<li>Cr\u00e9ation d&rsquo;une table de donn\u00e9es<\/li>\n<li>D\u00e9finition des caract\u00e9ristiques des tables de donn\u00e9es<\/li>\n<li>Recommandations pour l&rsquo;organisation des r\u00e9pertoires et sous-r\u00e9pertoires<\/li>\n<li>Le tableur des banques de donn\u00e9es<\/li>\n<li>Les identifiants<\/li>\n<li>Les notes<\/li>\n<li>Les bornes pour la saisie des donn\u00e9es<\/li>\n<li>D\u00e9finition de mots-cl\u00e9s<\/li>\n<li>Mise en place de la messagerie pour les hors contr\u00f4le et hors sp\u00e9cifications<\/li>\n<li>D\u00e9finition d&rsquo;un \u00e9cran d&rsquo;affichage personnalis\u00e9<\/li>\n<\/ul>\n<p>Donn\u00e9es pour les banques<\/p>\n<ul>\n<li>Collecte multiple et collecte multiple<\/li>\n<li>Utilisation des identifiants et des notes<\/li>\n<\/ul>\n<p>Donn\u00e9es pour les tables<\/p>\n<ul>\n<li>Modifier les donn\u00e9es<\/li>\n<li>Manipuler les donn\u00e9es<\/li>\n<li>Utilisation des fonctions math\u00e9matiques<\/li>\n<li>Saisie simplifi\u00e9e des donn\u00e9es<\/li>\n<\/ul>\n<p>Analyses statistiques<\/p>\n<ul>\n<li>Calculer des limites de contr\u00f4le<\/li>\n<li>Modifier les limites des sp\u00e9cifications<\/li>\n<\/ul>\n<p>[\/vc_column_text][\/vc_column][vc_column width=\u00a0\u00bb1\/2&Prime;][vc_column_text css=\u00a0\u00bb.vc_custom_1553533840808{background-color: #f4f4f4 !important;}\u00a0\u00bb]<\/p>\n<ul>\n<li>Messages en cas de hors contr\u00f4le<\/li>\n<li>Tests sur les tendances<\/li>\n<li>Utilisation de la barre d&rsquo;outils<\/li>\n<li>Graphiques : cartes de contr\u00f4le, histogrammes, graphiques d&rsquo;aptitude<\/li>\n<li>Graphiques pour un sous-ensemble des donn\u00e9es<\/li>\n<li>Interrogations des donn\u00e9es<\/li>\n<li>Diagramme de Pareto des notes<\/li>\n<li>Modifier la taille des \u00e9chantillons<\/li>\n<\/ul>\n<p><strong>APRES-MIDI<\/strong><\/p>\n<p>G\u00e9n\u00e9ration de rapports<\/p>\n<ul>\n<li>Rapport contenant un unique graphique<\/li>\n<li>Rapport contenant plusieurs graphiques<\/li>\n<li>Envoi d&rsquo;un rapport par messagerie<\/li>\n<li>Enregistrement d&rsquo;un rapport<\/li>\n<li>Impression d&rsquo;un rapport<\/li>\n<li>Rapport d&rsquo;information sur le process<\/li>\n<li>Certificat d&rsquo;analyse<\/li>\n<li>Rapport Web<\/li>\n<\/ul>\n<p>Fonctionnalit\u00e9s avanc\u00e9es<\/p>\n<ul>\n<li>Tables math\u00e9matiques<\/li>\n<li>Analyse R&amp;R<\/li>\n<li>Interfaces avec Word et Excel<\/li>\n<li>Connecter des appareils de mesure<\/li>\n<li>Ajout d&rsquo;images, fichiers texte et vid\u00e9os<\/li>\n<li>Donn\u00e9es de type attribut<\/li>\n<\/ul>\n<p>Exercice de synth\u00e8se<\/p>\n<p>Questions et r\u00e9ponses[\/vc_column_text][\/vc_column][\/vc_row][vc_row][vc_column][\/vc_column][\/vc_row]<\/p>\n","protected":false},"excerpt":{"rendered":"<p>[vc_row][vc_column width=\u00a0\u00bb1\/3&Prime;][vc_empty_space][\/vc_column][vc_column width=\u00a0\u00bb2\/3&Prime;][vc_empty_space][\/vc_column][\/vc_row][vc_row][vc_column width=\u00a0\u00bb1\/3&Prime;][vc_btn title=\u00a0\u00bbFormulaire d&rsquo;inscription\u00a0\u00bb align=\u00a0\u00bbcenter\u00a0\u00bb link=\u00a0\u00bburl:http%3A%2F%2Ffrancestat.com%2Ftelecharg%2FFormation%2FInscription_Formation_Francestat.pdf|title:Formulaire%20d&rsquo;inscription\u00a0\u00bb][vc_btn title=\u00a0\u00bbDemande d&rsquo;informations\u00a0\u00bb align=\u00a0\u00bbcenter\u00a0\u00bb link=\u00a0\u00bburl:http%3A%2F%2Ffrancestat.com%2Findex.php%2Fcontact%2F|title:Demande%20d&rsquo;informations\u00a0\u00bb][\/vc_column][vc_column width=\u00a0\u00bb2\/3&Prime;][vc_column_text css=\u00a0\u00bb.vc_custom_1554912994195{background-color: #f4f4f4 !important;}\u00a0\u00bb]Exp\u00e9rimenter et ma\u00eetriser les principales fonctionnalit\u00e9s du logiciel Synergy 1000 pour la ma\u00eetrise statistique des processus (MSP\/SPC) afin d&rsquo;\u00eatre autonome dans la gestion de donn\u00e9es, la mise en \u0153uvre des m\u00e9thodes et la pr\u00e9sentation des r\u00e9sultats statistiques num\u00e9riques et graphiques.[\/vc_column_text][\/vc_column][\/vc_row][vc_row][vc_column][vc_empty_space][vc_column_text&hellip;<\/p>\n","protected":false},"author":1,"featured_media":0,"parent":0,"menu_order":0,"comment_status":"closed","ping_status":"closed","template":"","meta":{"footnotes":""},"class_list":["post-2817","page","type-page","status-publish","hentry","description-off"],"yoast_head":"<!-- This site is optimized with the Yoast SEO plugin v27.4 - https:\/\/yoast.com\/product\/yoast-seo-wordpress\/ -->\n<title>Formation Synergy 1000 - FRANCESTAT<\/title>\n<meta name=\"description\" content=\"Exp\u00e9rimenter et ma\u00eetriser les principales fonctionnalit\u00e9s du logiciel Synergy 1000 pour la ma\u00eetrise statistique des processus (MSP\/SPC) .\" \/>\n<meta name=\"robots\" content=\"index, follow, max-snippet:-1, max-image-preview:large, max-video-preview:-1\" \/>\n<link rel=\"canonical\" href=\"https:\/\/francestat.com\/index.php\/formation_synergy1000\/\" \/>\n<meta property=\"og:locale\" content=\"fr_FR\" \/>\n<meta property=\"og:type\" content=\"article\" \/>\n<meta property=\"og:title\" content=\"Formation Synergy 1000 - FRANCESTAT\" \/>\n<meta property=\"og:description\" content=\"Exp\u00e9rimenter et ma\u00eetriser les principales fonctionnalit\u00e9s du logiciel Synergy 1000 pour la ma\u00eetrise statistique des processus (MSP\/SPC) .\" \/>\n<meta property=\"og:url\" content=\"https:\/\/francestat.com\/index.php\/formation_synergy1000\/\" \/>\n<meta property=\"og:site_name\" content=\"FRANCESTAT\" \/>\n<meta property=\"article:modified_time\" content=\"2025-03-24T15:49:45+00:00\" \/>\n<meta name=\"twitter:card\" content=\"summary_large_image\" \/>\n<meta name=\"twitter:label1\" content=\"Dur\u00e9e de lecture estim\u00e9e\" \/>\n\t<meta name=\"twitter:data1\" content=\"3 minutes\" \/>\n<script type=\"application\/ld+json\" class=\"yoast-schema-graph\">{\"@context\":\"https:\\\/\\\/schema.org\",\"@graph\":[{\"@type\":\"WebPage\",\"@id\":\"https:\\\/\\\/francestat.com\\\/index.php\\\/formation_synergy1000\\\/\",\"url\":\"https:\\\/\\\/francestat.com\\\/index.php\\\/formation_synergy1000\\\/\",\"name\":\"Formation Synergy 1000 - FRANCESTAT\",\"isPartOf\":{\"@id\":\"https:\\\/\\\/francestat.com\\\/#website\"},\"datePublished\":\"2019-03-25T14:07:47+00:00\",\"dateModified\":\"2025-03-24T15:49:45+00:00\",\"description\":\"Exp\u00e9rimenter et ma\u00eetriser les principales fonctionnalit\u00e9s du logiciel Synergy 1000 pour la ma\u00eetrise statistique des processus (MSP\\\/SPC) .\",\"breadcrumb\":{\"@id\":\"https:\\\/\\\/francestat.com\\\/index.php\\\/formation_synergy1000\\\/#breadcrumb\"},\"inLanguage\":\"fr-FR\",\"potentialAction\":[{\"@type\":\"ReadAction\",\"target\":[\"https:\\\/\\\/francestat.com\\\/index.php\\\/formation_synergy1000\\\/\"]}]},{\"@type\":\"BreadcrumbList\",\"@id\":\"https:\\\/\\\/francestat.com\\\/index.php\\\/formation_synergy1000\\\/#breadcrumb\",\"itemListElement\":[{\"@type\":\"ListItem\",\"position\":1,\"name\":\"Accueil\",\"item\":\"https:\\\/\\\/francestat.com\\\/\"},{\"@type\":\"ListItem\",\"position\":2,\"name\":\"Formation Synergy 1000\"}]},{\"@type\":\"WebSite\",\"@id\":\"https:\\\/\\\/francestat.com\\\/#website\",\"url\":\"https:\\\/\\\/francestat.com\\\/\",\"name\":\"FRANCESTAT\",\"description\":\"Logiciels, formations et services statistiques\",\"publisher\":{\"@id\":\"https:\\\/\\\/francestat.com\\\/#organization\"},\"potentialAction\":[{\"@type\":\"SearchAction\",\"target\":{\"@type\":\"EntryPoint\",\"urlTemplate\":\"https:\\\/\\\/francestat.com\\\/?s={search_term_string}\"},\"query-input\":{\"@type\":\"PropertyValueSpecification\",\"valueRequired\":true,\"valueName\":\"search_term_string\"}}],\"inLanguage\":\"fr-FR\"},{\"@type\":\"Organization\",\"@id\":\"https:\\\/\\\/francestat.com\\\/#organization\",\"name\":\"FRANCESTAT\",\"url\":\"https:\\\/\\\/francestat.com\\\/\",\"logo\":{\"@type\":\"ImageObject\",\"inLanguage\":\"fr-FR\",\"@id\":\"https:\\\/\\\/francestat.com\\\/#\\\/schema\\\/logo\\\/image\\\/\",\"url\":\"https:\\\/\\\/francestat.com\\\/wp-content\\\/uploads\\\/2018\\\/05\\\/logo_horizontal_small_francestat.jpg\",\"contentUrl\":\"https:\\\/\\\/francestat.com\\\/wp-content\\\/uploads\\\/2018\\\/05\\\/logo_horizontal_small_francestat.jpg\",\"width\":155,\"height\":51,\"caption\":\"FRANCESTAT\"},\"image\":{\"@id\":\"https:\\\/\\\/francestat.com\\\/#\\\/schema\\\/logo\\\/image\\\/\"}}]}<\/script>\n<!-- \/ Yoast SEO plugin. -->","yoast_head_json":{"title":"Formation Synergy 1000 - FRANCESTAT","description":"Exp\u00e9rimenter et ma\u00eetriser les principales fonctionnalit\u00e9s du logiciel Synergy 1000 pour la ma\u00eetrise statistique des processus (MSP\/SPC) .","robots":{"index":"index","follow":"follow","max-snippet":"max-snippet:-1","max-image-preview":"max-image-preview:large","max-video-preview":"max-video-preview:-1"},"canonical":"https:\/\/francestat.com\/index.php\/formation_synergy1000\/","og_locale":"fr_FR","og_type":"article","og_title":"Formation Synergy 1000 - FRANCESTAT","og_description":"Exp\u00e9rimenter et ma\u00eetriser les principales fonctionnalit\u00e9s du logiciel Synergy 1000 pour la ma\u00eetrise statistique des processus (MSP\/SPC) .","og_url":"https:\/\/francestat.com\/index.php\/formation_synergy1000\/","og_site_name":"FRANCESTAT","article_modified_time":"2025-03-24T15:49:45+00:00","twitter_card":"summary_large_image","twitter_misc":{"Dur\u00e9e de lecture estim\u00e9e":"3 minutes"},"schema":{"@context":"https:\/\/schema.org","@graph":[{"@type":"WebPage","@id":"https:\/\/francestat.com\/index.php\/formation_synergy1000\/","url":"https:\/\/francestat.com\/index.php\/formation_synergy1000\/","name":"Formation Synergy 1000 - FRANCESTAT","isPartOf":{"@id":"https:\/\/francestat.com\/#website"},"datePublished":"2019-03-25T14:07:47+00:00","dateModified":"2025-03-24T15:49:45+00:00","description":"Exp\u00e9rimenter et ma\u00eetriser les principales fonctionnalit\u00e9s du logiciel Synergy 1000 pour la ma\u00eetrise statistique des processus (MSP\/SPC) .","breadcrumb":{"@id":"https:\/\/francestat.com\/index.php\/formation_synergy1000\/#breadcrumb"},"inLanguage":"fr-FR","potentialAction":[{"@type":"ReadAction","target":["https:\/\/francestat.com\/index.php\/formation_synergy1000\/"]}]},{"@type":"BreadcrumbList","@id":"https:\/\/francestat.com\/index.php\/formation_synergy1000\/#breadcrumb","itemListElement":[{"@type":"ListItem","position":1,"name":"Accueil","item":"https:\/\/francestat.com\/"},{"@type":"ListItem","position":2,"name":"Formation Synergy 1000"}]},{"@type":"WebSite","@id":"https:\/\/francestat.com\/#website","url":"https:\/\/francestat.com\/","name":"FRANCESTAT","description":"Logiciels, formations et services statistiques","publisher":{"@id":"https:\/\/francestat.com\/#organization"},"potentialAction":[{"@type":"SearchAction","target":{"@type":"EntryPoint","urlTemplate":"https:\/\/francestat.com\/?s={search_term_string}"},"query-input":{"@type":"PropertyValueSpecification","valueRequired":true,"valueName":"search_term_string"}}],"inLanguage":"fr-FR"},{"@type":"Organization","@id":"https:\/\/francestat.com\/#organization","name":"FRANCESTAT","url":"https:\/\/francestat.com\/","logo":{"@type":"ImageObject","inLanguage":"fr-FR","@id":"https:\/\/francestat.com\/#\/schema\/logo\/image\/","url":"https:\/\/francestat.com\/wp-content\/uploads\/2018\/05\/logo_horizontal_small_francestat.jpg","contentUrl":"https:\/\/francestat.com\/wp-content\/uploads\/2018\/05\/logo_horizontal_small_francestat.jpg","width":155,"height":51,"caption":"FRANCESTAT"},"image":{"@id":"https:\/\/francestat.com\/#\/schema\/logo\/image\/"}}]}},"_links":{"self":[{"href":"https:\/\/francestat.com\/index.php\/wp-json\/wp\/v2\/pages\/2817","targetHints":{"allow":["GET"]}}],"collection":[{"href":"https:\/\/francestat.com\/index.php\/wp-json\/wp\/v2\/pages"}],"about":[{"href":"https:\/\/francestat.com\/index.php\/wp-json\/wp\/v2\/types\/page"}],"author":[{"embeddable":true,"href":"https:\/\/francestat.com\/index.php\/wp-json\/wp\/v2\/users\/1"}],"replies":[{"embeddable":true,"href":"https:\/\/francestat.com\/index.php\/wp-json\/wp\/v2\/comments?post=2817"}],"version-history":[{"count":21,"href":"https:\/\/francestat.com\/index.php\/wp-json\/wp\/v2\/pages\/2817\/revisions"}],"predecessor-version":[{"id":6684,"href":"https:\/\/francestat.com\/index.php\/wp-json\/wp\/v2\/pages\/2817\/revisions\/6684"}],"wp:attachment":[{"href":"https:\/\/francestat.com\/index.php\/wp-json\/wp\/v2\/media?parent=2817"}],"curies":[{"name":"wp","href":"https:\/\/api.w.org\/{rel}","templated":true}]}}