{"id":2862,"date":"2019-03-26T15:00:58","date_gmt":"2019-03-26T14:00:58","guid":{"rendered":"http:\/\/francestat.com\/?page_id=2862"},"modified":"2026-03-26T17:08:56","modified_gmt":"2026-03-26T16:08:56","slug":"formation_centurion","status":"publish","type":"page","link":"https:\/\/francestat.com\/index.php\/formation_centurion\/","title":{"rendered":"Formation Statgraphics Centurion"},"content":{"rendered":"<p>[vc_row][vc_column width=\u00a0\u00bb1\/3&Prime;][vc_empty_space][\/vc_column][vc_column width=\u00a0\u00bb2\/3&Prime;]<div id=\"ultimate-heading-838669e753a5afb04\" class=\"uvc-heading ult-adjust-bottom-margin ultimate-heading-838669e753a5afb04 uvc-1413  uvc-heading-default-font-sizes\" data-hspacer=\"no_spacer\"  data-halign=\"center\" style=\"text-align:center\"><div class=\"uvc-heading-spacer no_spacer\" style=\"top\"><\/div><div class=\"uvc-main-heading ult-responsive\"  data-ultimate-target='.uvc-heading.ultimate-heading-838669e753a5afb04 h2'  data-responsive-json-new='{\"font-size\":\"\",\"line-height\":\"\"}' ><h2 style=\"--font-weight:theme;\">Formation au logiciel Statgraphics Centurion versions 18 et 19<\/h2><\/div><\/div>[vc_empty_space][\/vc_column][\/vc_row][vc_row][vc_column width=\u00a0\u00bb1\/3&Prime;][vc_btn title=\u00a0\u00bbFormulaire d&rsquo;inscription\u00a0\u00bb align=\u00a0\u00bbcenter\u00a0\u00bb link=\u00a0\u00bburl:http%3A%2F%2Ffrancestat.com%2Ftelecharg%2FFormation%2FInscription_Formation_Francestat.pdf|title:Formulaire%20d&rsquo;inscription\u00a0\u00bb][vc_btn title=\u00a0\u00bbDemande d&rsquo;informations\u00a0\u00bb align=\u00a0\u00bbcenter\u00a0\u00bb link=\u00a0\u00bburl:http%3A%2F%2Ffrancestat.com%2Findex.php%2Fcontact%2F|title:Demande%20d&rsquo;informations\u00a0\u00bb][\/vc_column][vc_column width=\u00a0\u00bb2\/3&Prime;][vc_column_text css=\u00a0\u00bb.vc_custom_1554912853496{background-color: #f4f4f4 !important;}\u00a0\u00bb]Exp\u00e9rimenter et ma\u00eetriser les possibilit\u00e9s du logiciel Statgraphics Centurion afin d\u2019\u00eatre autonome dans la gestion de donn\u00e9es, la mise en \u0153uvre des m\u00e9thodes et la pr\u00e9sentation des r\u00e9sultats statistiques num\u00e9riques et graphiques. Les principales m\u00e9thodes statistiques et graphiques propos\u00e9es par le logiciel seront bri\u00e8vement pr\u00e9sent\u00e9es : statistiques descriptives et exploratoires, tests d\u2019hypoth\u00e8ses, analyse de la variance, r\u00e9gression, plans d\u2019exp\u00e9riences, ma\u00eetrise statistique des processus, analyses de donn\u00e9es multidimensionnelles et s\u00e9ries chronologiques.[\/vc_column_text][\/vc_column][\/vc_row][vc_row][vc_column][vc_empty_space][vc_column_text css=\u00a0\u00bb.vc_custom_1774541333554{background-color: #f4f4f4 !important;}\u00a0\u00bb]<\/p>\n<ul>\n<li><strong>R\u00e9f\u00e9rence<\/strong> : FOR-STATG<\/li>\n<li><strong>Dur\u00e9e<\/strong> : 2 jours, soit 14 heures en pr\u00e9sentiel<\/li>\n<li><strong>Tarif<\/strong> : 1300 \u20ac ht par inscrit (repas inclus)<\/li>\n<li><strong>Lieu<\/strong> : sur notre site (inter-entreprises) ou sur votre site (intra-entreprise)<\/li>\n<li><strong>Dates<\/strong> : 13 et 14 avril 2026, 4 et 5 mai 2026, 1 et 2 juin 2026<\/li>\n<li><strong>Public concern\u00e9<\/strong> : toute personne souhaitant s&rsquo;initier \u00e0 l&rsquo;utilisation du logiciel Statgraphics Centurion<\/li>\n<li><strong>Population vis\u00e9e<\/strong> : techniciens, ing\u00e9nieurs, chercheurs<\/li>\n<li><strong>Pr\u00e9-requis<\/strong> : aucun pr\u00e9-requis n&rsquo;est n\u00e9cessaire pour suivre cette formation<\/li>\n<li><strong>M\u00e9thodes et moyens<\/strong> : explications th\u00e9oriques suivies d&rsquo;applications pratiques<\/li>\n<li><strong>M\u00e9thodes d&rsquo;\u00e9valuation des acquis<\/strong> : exercices r\u00e9guliers en cours de formation<\/li>\n<li><strong>Profil formateur<\/strong> : sp\u00e9cialiste des statistiques d\u00e9cisionnelles et industrielles en charge du support technique des logiciels Statgraphics<\/li>\n<li><strong>Support stagiaire<\/strong> : support de cours papier et fichiers des exercices<\/li>\n<\/ul>\n<p>[\/vc_column_text][vc_empty_space][\/vc_column][\/vc_row][vc_row][vc_column width=\u00a0\u00bb1\/2&Prime;][vc_column_text css=\u00a0\u00bb.vc_custom_1582018113884{background-color: #f4f4f4 !important;}\u00a0\u00bb]<strong>JOUR 1<\/strong><\/p>\n<p><strong>D\u00e9marrer avec Statgraphics Centurion<\/strong><\/p>\n<ul>\n<li>La fen\u00eatre principale du logiciel et les diff\u00e9rentes sous-fen\u00eatres et zones<\/li>\n<li>Gestion des sous-fen\u00eatres<\/li>\n<li>Les barres de menus, des outils et de statut<\/li>\n<li>Param\u00e9trage de la barre des menus<\/li>\n<li>Utilisation des bo\u00eetes de dialogues<\/li>\n<li>Pr\u00e9f\u00e9rences syst\u00e8me<\/li>\n<li>Aide en ligne et manuels \u00e9lectroniques<\/li>\n<\/ul>\n<p><strong>G\u00e9rer des donn\u00e9es<\/strong><\/p>\n<ul>\n<li>Le classeur de donn\u00e9es et ses propri\u00e9t\u00e9s<\/li>\n<li>Modifier des attributs des colonnes du classeur<\/li>\n<li>Saisir directement des donn\u00e9es dans le logiciel<\/li>\n<li>Importer des donn\u00e9es provenant d\u2019autres sources (Excel, fichier texte, base de donn\u00e9es)<\/li>\n<li>Transf\u00e9rer des donn\u00e9es par copier\/coller<\/li>\n<li>Cr\u00e9er de nouvelles variables \u00e0 partir de variables existantes<\/li>\n<li>Les op\u00e9rateurs et les expressions<\/li>\n<li>Transformer, trier et recoder des donn\u00e9es<\/li>\n<li>Combiner plusieurs colonnes<\/li>\n<li>Eclater un fichier<\/li>\n<li>G\u00e9n\u00e9rer des donn\u00e9es structur\u00e9es, des donn\u00e9es al\u00e9atoires<\/li>\n<li>Visualiseur de donn\u00e9es<\/li>\n<li>Le StatLink (acquisition automatique des donn\u00e9es)<\/li>\n<li>Fichier BigData<\/li>\n<\/ul>\n<p><strong>Mettre en \u0153uvre des analyses statistiques<\/strong><\/p>\n<ul>\n<li>Bo\u00eetes de dialogue d&rsquo;entr\u00e9e des donn\u00e9es<\/li>\n<li>Bo\u00eetes de dialogue additionnelles pour l&rsquo;entr\u00e9e des donn\u00e9es<\/li>\n<li>Fen\u00eatre d&rsquo;analyse<\/li>\n<li>Bouton D\u00e9finition de l&rsquo;analyse<\/li>\n<li>Bouton Options d&rsquo;analyse<\/li>\n<li>Bouton Tableaux et graphiques<\/li>\n<li>Bouton Enregistrer des r\u00e9sultats<\/li>\n<li>Bouton Options pour la fen\u00eatre<\/li>\n<li>Bouton Options pour les tableaux<\/li>\n<li>Bouton Options pour les graphiques<\/li>\n<li>Bouton StatLog<\/li>\n<li>Boutons graphiques<\/li>\n<li>Bouton Inclure\/Exclure<\/li>\n<li>Imprimer les r\u00e9sultats<\/li>\n<li>Publier les r\u00e9sultats<\/li>\n<\/ul>\n<p><strong>Cr\u00e9er des graphiques<\/strong><\/p>\n<ul>\n<li>Modifier les graphiques<\/li>\n<li>Options graphiques<\/li>\n<li>Ajouter un nouveau texte, des objets<\/li>\n<li>Eparpiller, brosser, lisser un nuage de points<\/li>\n<li>Identifier des points<\/li>\n<li>Surlignage<\/li>\n<li>Copier des graphiques dans d&rsquo;autres applications<\/li>\n<li>Enregistrer des graphiques dans des fichiers<\/li>\n<li>Panoramique et zoom<\/li>\n<li>Cr\u00e9er des vid\u00e9os<\/li>\n<li>Nuages de points \u00e0 1, 2 ou 3 dimensions<\/li>\n<li>Bo\u00eetes \u00e0 moustaches<\/li>\n<li>Graphiques de normalit\u00e9<\/li>\n<li>Histogrammes<\/li>\n<li>Matrices de nuages de points<\/li>\n<\/ul>\n<p>[\/vc_column_text][\/vc_column][vc_column width=\u00a0\u00bb1\/2&Prime;][vc_column_text css=\u00a0\u00bb.vc_custom_1751016695511{background-color: #f4f4f4 !important;}\u00a0\u00bb]<strong>JOUR 2<\/strong><\/p>\n<p><b>Utiliser les StatFolios<\/b><\/p>\n<ul>\n<li>Enregistrer une session de travail<\/li>\n<li>Contenu d&rsquo;un StatFolio<\/li>\n<li>Script de d\u00e9marrage du StatFolio<\/li>\n<li>Interroger les sources de donn\u00e9es<\/li>\n<li>Publier les r\u00e9sultats au format HTML<\/li>\n<li>G\u00e9rer les droits d&rsquo;acc\u00e8s au StatFolio<\/li>\n<\/ul>\n<p><b>Utiliser le StatAdvisor<\/b><\/p>\n<ul>\n<li>Pour comprendre et valider les r\u00e9sultats de l&rsquo;analyse statistique<\/li>\n<li>Pour compl\u00e9ter l&rsquo;analyse r\u00e9alis\u00e9e par d&rsquo;autres analyses<\/li>\n<\/ul>\n<p><b>Utiliser la StatGallery<\/b><\/p>\n<ul>\n<li>Configurer un page de la StatGallery<\/li>\n<li>Copier des graphiques dans la StatGallery<\/li>\n<li>Superposer des graphiques<\/li>\n<li>Ajouter, modifier, supprimer des \u00e9l\u00e9ments<\/li>\n<li>Imprimer la StatGallery<\/li>\n<\/ul>\n<p><b>Utiliser le StatReporter<\/b><\/p>\n<ul>\n<li>La fen\u00eatre StatReporter<\/li>\n<li>Copier des r\u00e9sultats dans le StatReporter<\/li>\n<li>Modifier les r\u00e9sultats dans le StatReporter<\/li>\n<li>Enregistrer le StatReporter<\/li>\n<\/ul>\n<p><b>Utiliser le StatWizard<\/b><\/p>\n<ul>\n<li>Acc\u00e9der \u00e0 des donn\u00e9es<\/li>\n<li>Cr\u00e9er une nouvelle \u00e9tude<\/li>\n<li>Fen\u00eatre StatWizard si un fichier de donn\u00e9es est ouvert<\/li>\n<li>S\u00e9lectionner une analyse en fonction du type de donn\u00e9es, par son nom<\/li>\n<li>S\u00e9lectionner un SnapStats<\/li>\n<li>Rechercher<\/li>\n<li>S\u00e9lectionner \u00e0 partir des Quick Picks<\/li>\n<\/ul>\n<p><b>Utiliser le StatLog<\/b><\/p>\n<ul>\n<li>Fichier d&rsquo;audit et de tra\u00e7abilit\u00e9<\/li>\n<\/ul>\n<p><strong>Les menus du logiciel<\/strong><\/p>\n<ul>\n<li>Graphique,\u00a0D\u00e9crire,\u00a0Comparer,\u00a0Relier,\u00a0Pr\u00e9voir<\/li>\n<li>Maitrise Statistique des Proc\u00e9d\u00e9s,\u00a0Plans d\u2019exp\u00e9riences<\/li>\n<li>SnapStats, Statlets, Outils, Interfaces avec R et Python<\/li>\n<\/ul>\n<p><b>Ressources disponibles<\/b><\/p>\n<ul>\n<li>Aide en ligne, manuel de l&rsquo;utilisateur et documentations des proc\u00e9dures<\/li>\n<li>Site STATGRAPHICS.fr<\/li>\n<li>Didacticiels, webinaires, vid\u00e9os<\/li>\n<\/ul>\n<p><b>Modules compl\u00e9mentaires<\/b><\/p>\n<ul>\n<li>UNIWIN : analyses statistiques multivari\u00e9es descriptives et explicatives<\/li>\n<li>VMAIL : analyses inter-laboratoires<\/li>\n<\/ul>\n<p><b>Mise en \u0153uvre d&rsquo;analyses dans le logiciel<\/b><\/p>\n<ul>\n<li>Analyser un unique \u00e9chantillon<\/li>\n<li>Comparer deux \u00e9chantillons<\/li>\n<li>Comparer plus de deux \u00e9chantillons<\/li>\n<li>M\u00e9thodes de r\u00e9gression<\/li>\n<li>Analyse de donn\u00e9es qualitatives<\/li>\n<li>Analyse d&rsquo;aptitude d&rsquo;un proc\u00e9d\u00e9<\/li>\n<li>Plans d&rsquo;exp\u00e9riences<\/li>\n<li>Visualisation multivari\u00e9e de s\u00e9ries temporelles<\/li>\n<\/ul>\n<p><b>Synth\u00e8se de la formation<\/b><\/p>\n<ul>\n<li>Questions \/ R\u00e9ponses<\/li>\n<li>Conseils pour la mise en \u0153uvre d&rsquo;applications sp\u00e9cifiques aux stagiaires<\/li>\n<\/ul>\n<p>[\/vc_column_text][\/vc_column][\/vc_row][vc_row][vc_column][\/vc_column][\/vc_row]<\/p>\n","protected":false},"excerpt":{"rendered":"<p>[vc_row][vc_column width=\u00a0\u00bb1\/3&Prime;][vc_empty_space][\/vc_column][vc_column width=\u00a0\u00bb2\/3&Prime;][vc_empty_space][\/vc_column][\/vc_row][vc_row][vc_column width=\u00a0\u00bb1\/3&Prime;][vc_btn title=\u00a0\u00bbFormulaire d&rsquo;inscription\u00a0\u00bb align=\u00a0\u00bbcenter\u00a0\u00bb link=\u00a0\u00bburl:http%3A%2F%2Ffrancestat.com%2Ftelecharg%2FFormation%2FInscription_Formation_Francestat.pdf|title:Formulaire%20d&rsquo;inscription\u00a0\u00bb][vc_btn title=\u00a0\u00bbDemande d&rsquo;informations\u00a0\u00bb align=\u00a0\u00bbcenter\u00a0\u00bb link=\u00a0\u00bburl:http%3A%2F%2Ffrancestat.com%2Findex.php%2Fcontact%2F|title:Demande%20d&rsquo;informations\u00a0\u00bb][\/vc_column][vc_column width=\u00a0\u00bb2\/3&Prime;][vc_column_text css=\u00a0\u00bb.vc_custom_1554912853496{background-color: #f4f4f4 !important;}\u00a0\u00bb]Exp\u00e9rimenter et ma\u00eetriser les possibilit\u00e9s du logiciel Statgraphics Centurion afin d\u2019\u00eatre autonome dans la gestion de donn\u00e9es, la mise en \u0153uvre des m\u00e9thodes et la pr\u00e9sentation des r\u00e9sultats statistiques num\u00e9riques et graphiques. Les principales m\u00e9thodes statistiques et graphiques propos\u00e9es par&hellip;<\/p>\n","protected":false},"author":1,"featured_media":0,"parent":0,"menu_order":0,"comment_status":"closed","ping_status":"closed","template":"","meta":{"footnotes":""},"class_list":["post-2862","page","type-page","status-publish","hentry","description-off"],"yoast_head":"<!-- This site is optimized with the Yoast SEO plugin v27.4 - https:\/\/yoast.com\/product\/yoast-seo-wordpress\/ -->\n<title>Formation Statgraphics Centurion - FRANCESTAT<\/title>\n<meta name=\"description\" content=\"Exp\u00e9rimenter et ma\u00eetriser les possibilit\u00e9s de Statgraphics Centurion afin d\u2019\u00eatre autonome dans la gestion de donn\u00e9es, la mise en \u0153uvre des m\u00e9thodes et la pr\u00e9sentation des r\u00e9sultats statistiques num\u00e9riques et graphiques.\" \/>\n<meta name=\"robots\" content=\"index, follow, max-snippet:-1, max-image-preview:large, max-video-preview:-1\" \/>\n<link rel=\"canonical\" href=\"https:\/\/francestat.com\/index.php\/formation_centurion\/\" \/>\n<meta property=\"og:locale\" content=\"fr_FR\" \/>\n<meta property=\"og:type\" content=\"article\" \/>\n<meta property=\"og:title\" content=\"Formation Statgraphics Centurion - FRANCESTAT\" \/>\n<meta property=\"og:description\" content=\"Exp\u00e9rimenter et ma\u00eetriser les possibilit\u00e9s de Statgraphics Centurion afin d\u2019\u00eatre autonome dans la gestion de donn\u00e9es, la mise en \u0153uvre des m\u00e9thodes et la pr\u00e9sentation des r\u00e9sultats statistiques num\u00e9riques et graphiques.\" \/>\n<meta property=\"og:url\" content=\"https:\/\/francestat.com\/index.php\/formation_centurion\/\" \/>\n<meta property=\"og:site_name\" content=\"FRANCESTAT\" \/>\n<meta property=\"article:modified_time\" content=\"2026-03-26T16:08:56+00:00\" \/>\n<meta name=\"twitter:card\" content=\"summary_large_image\" \/>\n<meta name=\"twitter:label1\" content=\"Dur\u00e9e de lecture estim\u00e9e\" \/>\n\t<meta name=\"twitter:data1\" content=\"4 minutes\" \/>\n<script type=\"application\/ld+json\" class=\"yoast-schema-graph\">{\"@context\":\"https:\\\/\\\/schema.org\",\"@graph\":[{\"@type\":\"WebPage\",\"@id\":\"https:\\\/\\\/francestat.com\\\/index.php\\\/formation_centurion\\\/\",\"url\":\"https:\\\/\\\/francestat.com\\\/index.php\\\/formation_centurion\\\/\",\"name\":\"Formation Statgraphics Centurion - FRANCESTAT\",\"isPartOf\":{\"@id\":\"https:\\\/\\\/francestat.com\\\/#website\"},\"datePublished\":\"2019-03-26T14:00:58+00:00\",\"dateModified\":\"2026-03-26T16:08:56+00:00\",\"description\":\"Exp\u00e9rimenter et ma\u00eetriser les possibilit\u00e9s de Statgraphics Centurion afin d\u2019\u00eatre autonome dans la gestion de donn\u00e9es, la mise en \u0153uvre des m\u00e9thodes et la pr\u00e9sentation des r\u00e9sultats statistiques num\u00e9riques et graphiques.\",\"breadcrumb\":{\"@id\":\"https:\\\/\\\/francestat.com\\\/index.php\\\/formation_centurion\\\/#breadcrumb\"},\"inLanguage\":\"fr-FR\",\"potentialAction\":[{\"@type\":\"ReadAction\",\"target\":[\"https:\\\/\\\/francestat.com\\\/index.php\\\/formation_centurion\\\/\"]}]},{\"@type\":\"BreadcrumbList\",\"@id\":\"https:\\\/\\\/francestat.com\\\/index.php\\\/formation_centurion\\\/#breadcrumb\",\"itemListElement\":[{\"@type\":\"ListItem\",\"position\":1,\"name\":\"Accueil\",\"item\":\"https:\\\/\\\/francestat.com\\\/\"},{\"@type\":\"ListItem\",\"position\":2,\"name\":\"Formation Statgraphics Centurion\"}]},{\"@type\":\"WebSite\",\"@id\":\"https:\\\/\\\/francestat.com\\\/#website\",\"url\":\"https:\\\/\\\/francestat.com\\\/\",\"name\":\"FRANCESTAT\",\"description\":\"Logiciels, formations et services statistiques\",\"publisher\":{\"@id\":\"https:\\\/\\\/francestat.com\\\/#organization\"},\"potentialAction\":[{\"@type\":\"SearchAction\",\"target\":{\"@type\":\"EntryPoint\",\"urlTemplate\":\"https:\\\/\\\/francestat.com\\\/?s={search_term_string}\"},\"query-input\":{\"@type\":\"PropertyValueSpecification\",\"valueRequired\":true,\"valueName\":\"search_term_string\"}}],\"inLanguage\":\"fr-FR\"},{\"@type\":\"Organization\",\"@id\":\"https:\\\/\\\/francestat.com\\\/#organization\",\"name\":\"FRANCESTAT\",\"url\":\"https:\\\/\\\/francestat.com\\\/\",\"logo\":{\"@type\":\"ImageObject\",\"inLanguage\":\"fr-FR\",\"@id\":\"https:\\\/\\\/francestat.com\\\/#\\\/schema\\\/logo\\\/image\\\/\",\"url\":\"https:\\\/\\\/francestat.com\\\/wp-content\\\/uploads\\\/2018\\\/05\\\/logo_horizontal_small_francestat.jpg\",\"contentUrl\":\"https:\\\/\\\/francestat.com\\\/wp-content\\\/uploads\\\/2018\\\/05\\\/logo_horizontal_small_francestat.jpg\",\"width\":155,\"height\":51,\"caption\":\"FRANCESTAT\"},\"image\":{\"@id\":\"https:\\\/\\\/francestat.com\\\/#\\\/schema\\\/logo\\\/image\\\/\"}}]}<\/script>\n<!-- \/ Yoast SEO plugin. -->","yoast_head_json":{"title":"Formation Statgraphics Centurion - FRANCESTAT","description":"Exp\u00e9rimenter et ma\u00eetriser les possibilit\u00e9s de Statgraphics Centurion afin d\u2019\u00eatre autonome dans la gestion de donn\u00e9es, la mise en \u0153uvre des m\u00e9thodes et la pr\u00e9sentation des r\u00e9sultats statistiques num\u00e9riques et graphiques.","robots":{"index":"index","follow":"follow","max-snippet":"max-snippet:-1","max-image-preview":"max-image-preview:large","max-video-preview":"max-video-preview:-1"},"canonical":"https:\/\/francestat.com\/index.php\/formation_centurion\/","og_locale":"fr_FR","og_type":"article","og_title":"Formation Statgraphics Centurion - FRANCESTAT","og_description":"Exp\u00e9rimenter et ma\u00eetriser les possibilit\u00e9s de Statgraphics Centurion afin d\u2019\u00eatre autonome dans la gestion de donn\u00e9es, la mise en \u0153uvre des m\u00e9thodes et la pr\u00e9sentation des r\u00e9sultats statistiques num\u00e9riques et graphiques.","og_url":"https:\/\/francestat.com\/index.php\/formation_centurion\/","og_site_name":"FRANCESTAT","article_modified_time":"2026-03-26T16:08:56+00:00","twitter_card":"summary_large_image","twitter_misc":{"Dur\u00e9e de lecture estim\u00e9e":"4 minutes"},"schema":{"@context":"https:\/\/schema.org","@graph":[{"@type":"WebPage","@id":"https:\/\/francestat.com\/index.php\/formation_centurion\/","url":"https:\/\/francestat.com\/index.php\/formation_centurion\/","name":"Formation Statgraphics Centurion - FRANCESTAT","isPartOf":{"@id":"https:\/\/francestat.com\/#website"},"datePublished":"2019-03-26T14:00:58+00:00","dateModified":"2026-03-26T16:08:56+00:00","description":"Exp\u00e9rimenter et ma\u00eetriser les possibilit\u00e9s de Statgraphics Centurion afin d\u2019\u00eatre autonome dans la gestion de donn\u00e9es, la mise en \u0153uvre des m\u00e9thodes et la pr\u00e9sentation des r\u00e9sultats statistiques num\u00e9riques et graphiques.","breadcrumb":{"@id":"https:\/\/francestat.com\/index.php\/formation_centurion\/#breadcrumb"},"inLanguage":"fr-FR","potentialAction":[{"@type":"ReadAction","target":["https:\/\/francestat.com\/index.php\/formation_centurion\/"]}]},{"@type":"BreadcrumbList","@id":"https:\/\/francestat.com\/index.php\/formation_centurion\/#breadcrumb","itemListElement":[{"@type":"ListItem","position":1,"name":"Accueil","item":"https:\/\/francestat.com\/"},{"@type":"ListItem","position":2,"name":"Formation Statgraphics Centurion"}]},{"@type":"WebSite","@id":"https:\/\/francestat.com\/#website","url":"https:\/\/francestat.com\/","name":"FRANCESTAT","description":"Logiciels, formations et services statistiques","publisher":{"@id":"https:\/\/francestat.com\/#organization"},"potentialAction":[{"@type":"SearchAction","target":{"@type":"EntryPoint","urlTemplate":"https:\/\/francestat.com\/?s={search_term_string}"},"query-input":{"@type":"PropertyValueSpecification","valueRequired":true,"valueName":"search_term_string"}}],"inLanguage":"fr-FR"},{"@type":"Organization","@id":"https:\/\/francestat.com\/#organization","name":"FRANCESTAT","url":"https:\/\/francestat.com\/","logo":{"@type":"ImageObject","inLanguage":"fr-FR","@id":"https:\/\/francestat.com\/#\/schema\/logo\/image\/","url":"https:\/\/francestat.com\/wp-content\/uploads\/2018\/05\/logo_horizontal_small_francestat.jpg","contentUrl":"https:\/\/francestat.com\/wp-content\/uploads\/2018\/05\/logo_horizontal_small_francestat.jpg","width":155,"height":51,"caption":"FRANCESTAT"},"image":{"@id":"https:\/\/francestat.com\/#\/schema\/logo\/image\/"}}]}},"_links":{"self":[{"href":"https:\/\/francestat.com\/index.php\/wp-json\/wp\/v2\/pages\/2862","targetHints":{"allow":["GET"]}}],"collection":[{"href":"https:\/\/francestat.com\/index.php\/wp-json\/wp\/v2\/pages"}],"about":[{"href":"https:\/\/francestat.com\/index.php\/wp-json\/wp\/v2\/types\/page"}],"author":[{"embeddable":true,"href":"https:\/\/francestat.com\/index.php\/wp-json\/wp\/v2\/users\/1"}],"replies":[{"embeddable":true,"href":"https:\/\/francestat.com\/index.php\/wp-json\/wp\/v2\/comments?post=2862"}],"version-history":[{"count":112,"href":"https:\/\/francestat.com\/index.php\/wp-json\/wp\/v2\/pages\/2862\/revisions"}],"predecessor-version":[{"id":7155,"href":"https:\/\/francestat.com\/index.php\/wp-json\/wp\/v2\/pages\/2862\/revisions\/7155"}],"wp:attachment":[{"href":"https:\/\/francestat.com\/index.php\/wp-json\/wp\/v2\/media?parent=2862"}],"curies":[{"name":"wp","href":"https:\/\/api.w.org\/{rel}","templated":true}]}}