{"id":29,"date":"2017-10-08T19:41:57","date_gmt":"2017-10-08T17:41:57","guid":{"rendered":"http:\/\/francestat.com\/?page_id=29"},"modified":"2025-06-09T11:22:13","modified_gmt":"2025-06-09T09:22:13","slug":"etudes","status":"publish","type":"page","link":"https:\/\/francestat.com\/index.php\/etudes\/","title":{"rendered":"Services"},"content":{"rendered":"<p>[vc_row][vc_column width=\u00a0\u00bb1\/3&Prime;][\/vc_column][vc_column width=\u00a0\u00bb2\/3&Prime;]<div id=\"ultimate-heading-773169e76146699fc\" class=\"uvc-heading ult-adjust-bottom-margin ultimate-heading-773169e76146699fc uvc-7174  uvc-heading-default-font-sizes\" data-hspacer=\"no_spacer\"  data-halign=\"center\" style=\"text-align:center\"><div class=\"uvc-heading-spacer no_spacer\" style=\"top\"><\/div><div class=\"uvc-main-heading ult-responsive\"  data-ultimate-target='.uvc-heading.ultimate-heading-773169e76146699fc h2'  data-responsive-json-new='{\"font-size\":\"\",\"line-height\":\"\"}' ><h2 style=\"--font-weight:theme;\">Services et d\u00e9veloppements statistiques<\/h2><\/div><\/div>[vc_empty_space][\/vc_column][\/vc_row][vc_row][vc_column width=\u00a0\u00bb1\/3&Prime; css=\u00a0\u00bb.vc_custom_1553099848659{background-color: #ffffff !important;}\u00a0\u00bb][vc_single_image image=\u00a0\u00bb2160&Prime; img_size=\u00a0\u00bblarge\u00a0\u00bb alignment=\u00a0\u00bbcenter\u00a0\u00bb css=\u00a0\u00bb.vc_custom_1553099789973{background-color: #ffffff !important;}\u00a0\u00bb][vc_empty_space css=\u00a0\u00bb.vc_custom_1553099771803{background-color: #ffffff !important;}\u00a0\u00bb][\/vc_column][vc_column width=\u00a0\u00bb2\/3&Prime;][vc_column_text css=\u00a0\u00bb.vc_custom_1552993416633{background-color: #f4f4f4 !important;}\u00a0\u00bb]<span style=\"color: #000000; font-family: Calibri;\">En plus de l\u2019assistance par t\u00e9l\u00e9phone ou par messagerie \u00e0 nos clients, notre soci\u00e9t\u00e9 propose ses services pour vous aider \u00e0 d\u00e9marrer vos \u00e9tudes avec nos logiciels :\u00a0 installation et param\u00e9trage des logiciels statistiques, \u00e9laboration conjointe des projets statistiques et conseil dans la d\u00e9marche statistique, aide \u00e0 l\u2019interpr\u00e9tation des r\u00e9sultats, d\u00e9veloppement sp\u00e9cifique d&rsquo;outils statistiques.<\/span>[\/vc_column_text][vc_empty_space][\/vc_column][\/vc_row][vc_row][vc_column width=\u00a0\u00bb1\/3&Prime; css=\u00a0\u00bb.vc_custom_1553099848659{background-color: #ffffff !important;}\u00a0\u00bb][vc_single_image image=\u00a0\u00bb2160&Prime; img_size=\u00a0\u00bblarge\u00a0\u00bb alignment=\u00a0\u00bbcenter\u00a0\u00bb css=\u00a0\u00bb.vc_custom_1553099789973{background-color: #ffffff !important;}\u00a0\u00bb][vc_empty_space css=\u00a0\u00bb.vc_custom_1553099771803{background-color: #ffffff !important;}\u00a0\u00bb][\/vc_column][vc_column width=\u00a0\u00bb2\/3&Prime;][vc_column_text css=\u00a0\u00bb.vc_custom_1552993457281{background-color: #f4f4f4 !important;}\u00a0\u00bb]<strong><span style=\"color: #000000; font-family: Calibri;\">Installation et param\u00e9trage des logiciels statistiques<\/span><\/strong><\/p>\n<ul>\n<li><span style=\"color: #000000; font-family: Calibri;\">Aide \u00e0 l\u2019installation des solutions logicielles (monoposte, r\u00e9seau, site)<\/span><\/li>\n<li><span style=\"color: #000000; font-family: Calibri;\">Param\u00e9trage des logiciels<\/span><\/li>\n<li><span style=\"color: #000000; font-family: Calibri;\">Elaboration de scripts (liaison \u00e0 des sources de donn\u00e9es externes, acquisition en temps r\u00e9el, &#8230;)<\/span><\/li>\n<\/ul>\n<p>[\/vc_column_text][vc_empty_space][\/vc_column][\/vc_row][vc_row][vc_column width=\u00a0\u00bb1\/3&Prime; css=\u00a0\u00bb.vc_custom_1553099848659{background-color: #ffffff !important;}\u00a0\u00bb][vc_single_image image=\u00a0\u00bb2160&Prime; img_size=\u00a0\u00bblarge\u00a0\u00bb alignment=\u00a0\u00bbcenter\u00a0\u00bb css=\u00a0\u00bb.vc_custom_1553099789973{background-color: #ffffff !important;}\u00a0\u00bb][vc_empty_space css=\u00a0\u00bb.vc_custom_1553099771803{background-color: #ffffff !important;}\u00a0\u00bb][\/vc_column][vc_column width=\u00a0\u00bb2\/3&Prime;][vc_column_text css=\u00a0\u00bb.vc_custom_1552993553342{background-color: #f4f4f4 !important;}\u00a0\u00bb]<strong><span style=\"color: #000000; font-family: Calibri;\">Elaboration conjointe des projets statistiques<\/span><\/strong><\/p>\n<ul>\n<li><span style=\"color: #000000; font-family: Calibri;\">Mise en forme des donn\u00e9es, fusion, nettoyage, recodification, enrichissement, \u2026<\/span><\/li>\n<li><span style=\"color: #000000; font-family: Calibri;\">Choix des m\u00e9thodes statistiques, des options de ces m\u00e9thodes, des encha\u00eenements<\/span><\/li>\n<li><span style=\"color: #000000; font-family: Calibri;\">Ex\u00e9cution des traitements<\/span><\/li>\n<li><span style=\"color: #000000; font-family: Calibri;\">Interpr\u00e9tation conjointe des r\u00e9sultats obtenus<\/span><\/li>\n<li><span style=\"color: #000000; font-family: Calibri;\">G\u00e9n\u00e9ration d\u2019un rapport complet<\/span><\/li>\n<\/ul>\n<p>[\/vc_column_text][vc_empty_space][\/vc_column][\/vc_row][vc_row][vc_column width=\u00a0\u00bb1\/3&Prime; css=\u00a0\u00bb.vc_custom_1553099848659{background-color: #ffffff !important;}\u00a0\u00bb][vc_single_image image=\u00a0\u00bb2160&Prime; img_size=\u00a0\u00bblarge\u00a0\u00bb alignment=\u00a0\u00bbcenter\u00a0\u00bb css=\u00a0\u00bb.vc_custom_1553099789973{background-color: #ffffff !important;}\u00a0\u00bb][vc_empty_space css=\u00a0\u00bb.vc_custom_1553099771803{background-color: #ffffff !important;}\u00a0\u00bb][\/vc_column][vc_column width=\u00a0\u00bb2\/3&Prime;][vc_column_text css=\u00a0\u00bb.vc_custom_1552993598293{background-color: #f4f4f4 !important;}\u00a0\u00bb]<strong><span style=\"color: #000000; font-family: Calibri;\">\u00a0<\/span><span style=\"color: #000000; font-family: Calibri;\">D\u00e9veloppement sp\u00e9cifique d\u2019outils statistiques<\/span><\/strong><\/p>\n<ul>\n<li><span style=\"color: #000000; font-family: Calibri;\">Mise \u00e0 disposition d\u2019applicatifs personnalis\u00e9s d&rsquo;analyse statistique<\/span><\/li>\n<li><span style=\"color: #000000; font-family: Calibri;\">Interfa\u00e7age entre un package R et le logiciel Statgraphics Centurion<\/span><\/li>\n<li><span style=\"color: #000000; font-family: Calibri;\">D\u00e9veloppement d\u2019un applicatif statistique bas\u00e9 sur le langage statistique R avec pilotage par des menus et des bo\u00eetes de dialogue, rapport au format HTML, en langue fran\u00e7aise<\/span><\/li>\n<\/ul>\n<p>[\/vc_column_text][vc_empty_space][\/vc_column][\/vc_row][vc_row][vc_column width=\u00a0\u00bb1\/3&Prime; css=\u00a0\u00bb.vc_custom_1553099848659{background-color: #ffffff !important;}\u00a0\u00bb][vc_single_image image=\u00a0\u00bb2160&Prime; img_size=\u00a0\u00bblarge\u00a0\u00bb alignment=\u00a0\u00bbcenter\u00a0\u00bb css=\u00a0\u00bb.vc_custom_1553099789973{background-color: #ffffff !important;}\u00a0\u00bb][vc_empty_space css=\u00a0\u00bb.vc_custom_1553099771803{background-color: #ffffff !important;}\u00a0\u00bb][\/vc_column][vc_column width=\u00a0\u00bb2\/3&Prime;][vc_column_text css=\u00a0\u00bb.vc_custom_1749460930928{background-color: #f4f4f4 !important;}\u00a0\u00bb]<strong><span style=\"color: #000000; font-family: Calibri;\">Quelques exemples de nos r\u00e9alisations<\/span><\/strong><\/p>\n<ul>\n<li><span style=\"color: #000000; font-family: Calibri;\">Etudes en analyse de donn\u00e9es, r\u00e9gression PLS, MSP multivari\u00e9e, plans d\u2019exp\u00e9riences, analyses inter-laboratoires, \u00e9tudes de bio-\u00e9quivalence, \u00e9tudes de stabilit\u00e9, fiabilit\u00e9 et analyse de garantie<\/span><\/li>\n<li><span style=\"color: #000000; font-family: Calibri;\">Mise en place de solutions MSP\/SPC temps r\u00e9el avec les logiciels <a href=\"https:\/\/francestat.com\/index.php\/synergy-3\/\" rel=\"noopener noreferrer\">Synergy <\/a>de Zontec (USA)<\/span><\/li>\n<li><span style=\"color: #000000; font-family: Calibri;\">D\u00e9veloppement du logiciel <a href=\"https:\/\/francestat.com\/index.php\/uniwin-2\/\" rel=\"noopener noreferrer\">Uniwin<\/a>, add-on \u00e0 Statgraphics Centurion et \u00e0 Microsoft Excel pour les analyses de donn\u00e9es multivari\u00e9es<\/span><\/li>\n<li><span style=\"color: #000000; font-family: Calibri;\">D\u00e9veloppement du logiciel <a href=\"https:\/\/francestat.com\/index.php\/vmail-2\/\" rel=\"noopener noreferrer\">Vmail<\/a>, add-on \u00e0 Statgraphics Centurion pour les analyses inter-laboratoires<\/span><\/li>\n<li><span style=\"color: #000000; font-family: Calibri;\">Traduction compl\u00e8te en langue fran\u00e7aise du logiciel <a href=\"https:\/\/francestat.com\/index.php\/centurion\/\" rel=\"noopener noreferrer\">Statgraphics Centurion<\/a> (USA) : interface, aide, documentation<\/span><\/li>\n<\/ul>\n<p>[\/vc_column_text][\/vc_column][\/vc_row][vc_row][vc_column][vc_empty_space][\/vc_column][\/vc_row][vc_row][vc_column width=\u00a0\u00bb1\/3&Prime;][\/vc_column][vc_column width=\u00a0\u00bb2\/3&Prime;][vc_btn title=\u00a0\u00bbVous avez un besoin ? Merci de le pr\u00e9ciser dans notre formulaire de contact.\u00a0\u00bb align=\u00a0\u00bbcenter\u00a0\u00bb link=\u00a0\u00bburl:http%3A%2F%2Ffrancestat.com%2Findex.php%2Fcontact%2F|title:Contact||\u00a0\u00bb][\/vc_column][\/vc_row]<\/p>\n","protected":false},"excerpt":{"rendered":"<p>[vc_row][vc_column width=\u00a0\u00bb1\/3&Prime;][\/vc_column][vc_column width=\u00a0\u00bb2\/3&Prime;][vc_empty_space][\/vc_column][\/vc_row][vc_row][vc_column width=\u00a0\u00bb1\/3&Prime; css=\u00a0\u00bb.vc_custom_1553099848659{background-color: #ffffff !important;}\u00a0\u00bb][vc_single_image image=\u00a0\u00bb2160&Prime; img_size=\u00a0\u00bblarge\u00a0\u00bb alignment=\u00a0\u00bbcenter\u00a0\u00bb css=\u00a0\u00bb.vc_custom_1553099789973{background-color: #ffffff !important;}\u00a0\u00bb][vc_empty_space css=\u00a0\u00bb.vc_custom_1553099771803{background-color: #ffffff !important;}\u00a0\u00bb][\/vc_column][vc_column width=\u00a0\u00bb2\/3&Prime;][vc_column_text css=\u00a0\u00bb.vc_custom_1552993416633{background-color: #f4f4f4 !important;}\u00a0\u00bb]En plus de l\u2019assistance par t\u00e9l\u00e9phone ou par messagerie \u00e0 nos clients, notre soci\u00e9t\u00e9 propose ses services pour vous aider \u00e0 d\u00e9marrer vos \u00e9tudes avec nos logiciels :\u00a0 installation et param\u00e9trage des logiciels statistiques, \u00e9laboration conjointe&hellip;<\/p>\n","protected":false},"author":1,"featured_media":0,"parent":0,"menu_order":0,"comment_status":"closed","ping_status":"closed","template":"","meta":{"footnotes":""},"class_list":["post-29","page","type-page","status-publish","hentry","description-off"],"yoast_head":"<!-- This site is optimized with the Yoast SEO plugin v27.4 - https:\/\/yoast.com\/product\/yoast-seo-wordpress\/ -->\n<title>Services - FRANCESTAT<\/title>\n<meta name=\"description\" content=\"Francestat propose ses services pour vous aider \u00e0 d\u00e9marrer vos \u00e9tudes statistiques : \u00e9laboration des projets, conseil dans la d\u00e9marche, interpr\u00e9tation des r\u00e9sultats, d\u00e9veloppement d\u2019outils statistiques sp\u00e9cifiques.\" \/>\n<meta name=\"robots\" content=\"index, follow, max-snippet:-1, max-image-preview:large, max-video-preview:-1\" \/>\n<link rel=\"canonical\" href=\"https:\/\/francestat.com\/index.php\/etudes\/\" \/>\n<meta property=\"og:locale\" content=\"fr_FR\" \/>\n<meta property=\"og:type\" content=\"article\" \/>\n<meta property=\"og:title\" content=\"Services - FRANCESTAT\" \/>\n<meta property=\"og:description\" content=\"Francestat propose ses services pour vous aider \u00e0 d\u00e9marrer vos \u00e9tudes statistiques : \u00e9laboration des projets, conseil dans la d\u00e9marche, interpr\u00e9tation des r\u00e9sultats, d\u00e9veloppement d\u2019outils statistiques sp\u00e9cifiques.\" \/>\n<meta property=\"og:url\" content=\"https:\/\/francestat.com\/index.php\/etudes\/\" \/>\n<meta property=\"og:site_name\" content=\"FRANCESTAT\" \/>\n<meta property=\"article:modified_time\" content=\"2025-06-09T09:22:13+00:00\" \/>\n<meta name=\"twitter:card\" content=\"summary_large_image\" \/>\n<meta name=\"twitter:label1\" content=\"Dur\u00e9e de lecture estim\u00e9e\" \/>\n\t<meta name=\"twitter:data1\" content=\"2 minutes\" \/>\n<script type=\"application\/ld+json\" class=\"yoast-schema-graph\">{\"@context\":\"https:\\\/\\\/schema.org\",\"@graph\":[{\"@type\":\"WebPage\",\"@id\":\"https:\\\/\\\/francestat.com\\\/index.php\\\/etudes\\\/\",\"url\":\"https:\\\/\\\/francestat.com\\\/index.php\\\/etudes\\\/\",\"name\":\"Services - FRANCESTAT\",\"isPartOf\":{\"@id\":\"https:\\\/\\\/francestat.com\\\/#website\"},\"datePublished\":\"2017-10-08T17:41:57+00:00\",\"dateModified\":\"2025-06-09T09:22:13+00:00\",\"description\":\"Francestat propose ses services pour vous aider \u00e0 d\u00e9marrer vos \u00e9tudes statistiques : \u00e9laboration des projets, conseil dans la d\u00e9marche, interpr\u00e9tation des r\u00e9sultats, d\u00e9veloppement d\u2019outils statistiques sp\u00e9cifiques.\",\"breadcrumb\":{\"@id\":\"https:\\\/\\\/francestat.com\\\/index.php\\\/etudes\\\/#breadcrumb\"},\"inLanguage\":\"fr-FR\",\"potentialAction\":[{\"@type\":\"ReadAction\",\"target\":[\"https:\\\/\\\/francestat.com\\\/index.php\\\/etudes\\\/\"]}]},{\"@type\":\"BreadcrumbList\",\"@id\":\"https:\\\/\\\/francestat.com\\\/index.php\\\/etudes\\\/#breadcrumb\",\"itemListElement\":[{\"@type\":\"ListItem\",\"position\":1,\"name\":\"Accueil\",\"item\":\"https:\\\/\\\/francestat.com\\\/\"},{\"@type\":\"ListItem\",\"position\":2,\"name\":\"Services\"}]},{\"@type\":\"WebSite\",\"@id\":\"https:\\\/\\\/francestat.com\\\/#website\",\"url\":\"https:\\\/\\\/francestat.com\\\/\",\"name\":\"FRANCESTAT\",\"description\":\"Logiciels, formations et services statistiques\",\"publisher\":{\"@id\":\"https:\\\/\\\/francestat.com\\\/#organization\"},\"potentialAction\":[{\"@type\":\"SearchAction\",\"target\":{\"@type\":\"EntryPoint\",\"urlTemplate\":\"https:\\\/\\\/francestat.com\\\/?s={search_term_string}\"},\"query-input\":{\"@type\":\"PropertyValueSpecification\",\"valueRequired\":true,\"valueName\":\"search_term_string\"}}],\"inLanguage\":\"fr-FR\"},{\"@type\":\"Organization\",\"@id\":\"https:\\\/\\\/francestat.com\\\/#organization\",\"name\":\"FRANCESTAT\",\"url\":\"https:\\\/\\\/francestat.com\\\/\",\"logo\":{\"@type\":\"ImageObject\",\"inLanguage\":\"fr-FR\",\"@id\":\"https:\\\/\\\/francestat.com\\\/#\\\/schema\\\/logo\\\/image\\\/\",\"url\":\"https:\\\/\\\/francestat.com\\\/wp-content\\\/uploads\\\/2018\\\/05\\\/logo_horizontal_small_francestat.jpg\",\"contentUrl\":\"https:\\\/\\\/francestat.com\\\/wp-content\\\/uploads\\\/2018\\\/05\\\/logo_horizontal_small_francestat.jpg\",\"width\":155,\"height\":51,\"caption\":\"FRANCESTAT\"},\"image\":{\"@id\":\"https:\\\/\\\/francestat.com\\\/#\\\/schema\\\/logo\\\/image\\\/\"}}]}<\/script>\n<!-- \/ Yoast SEO plugin. -->","yoast_head_json":{"title":"Services - FRANCESTAT","description":"Francestat propose ses services pour vous aider \u00e0 d\u00e9marrer vos \u00e9tudes statistiques : \u00e9laboration des projets, conseil dans la d\u00e9marche, interpr\u00e9tation des r\u00e9sultats, d\u00e9veloppement d\u2019outils statistiques sp\u00e9cifiques.","robots":{"index":"index","follow":"follow","max-snippet":"max-snippet:-1","max-image-preview":"max-image-preview:large","max-video-preview":"max-video-preview:-1"},"canonical":"https:\/\/francestat.com\/index.php\/etudes\/","og_locale":"fr_FR","og_type":"article","og_title":"Services - FRANCESTAT","og_description":"Francestat propose ses services pour vous aider \u00e0 d\u00e9marrer vos \u00e9tudes statistiques : \u00e9laboration des projets, conseil dans la d\u00e9marche, interpr\u00e9tation des r\u00e9sultats, d\u00e9veloppement d\u2019outils statistiques sp\u00e9cifiques.","og_url":"https:\/\/francestat.com\/index.php\/etudes\/","og_site_name":"FRANCESTAT","article_modified_time":"2025-06-09T09:22:13+00:00","twitter_card":"summary_large_image","twitter_misc":{"Dur\u00e9e de lecture estim\u00e9e":"2 minutes"},"schema":{"@context":"https:\/\/schema.org","@graph":[{"@type":"WebPage","@id":"https:\/\/francestat.com\/index.php\/etudes\/","url":"https:\/\/francestat.com\/index.php\/etudes\/","name":"Services - FRANCESTAT","isPartOf":{"@id":"https:\/\/francestat.com\/#website"},"datePublished":"2017-10-08T17:41:57+00:00","dateModified":"2025-06-09T09:22:13+00:00","description":"Francestat propose ses services pour vous aider \u00e0 d\u00e9marrer vos \u00e9tudes statistiques : \u00e9laboration des projets, conseil dans la d\u00e9marche, interpr\u00e9tation des r\u00e9sultats, d\u00e9veloppement d\u2019outils statistiques sp\u00e9cifiques.","breadcrumb":{"@id":"https:\/\/francestat.com\/index.php\/etudes\/#breadcrumb"},"inLanguage":"fr-FR","potentialAction":[{"@type":"ReadAction","target":["https:\/\/francestat.com\/index.php\/etudes\/"]}]},{"@type":"BreadcrumbList","@id":"https:\/\/francestat.com\/index.php\/etudes\/#breadcrumb","itemListElement":[{"@type":"ListItem","position":1,"name":"Accueil","item":"https:\/\/francestat.com\/"},{"@type":"ListItem","position":2,"name":"Services"}]},{"@type":"WebSite","@id":"https:\/\/francestat.com\/#website","url":"https:\/\/francestat.com\/","name":"FRANCESTAT","description":"Logiciels, formations et services statistiques","publisher":{"@id":"https:\/\/francestat.com\/#organization"},"potentialAction":[{"@type":"SearchAction","target":{"@type":"EntryPoint","urlTemplate":"https:\/\/francestat.com\/?s={search_term_string}"},"query-input":{"@type":"PropertyValueSpecification","valueRequired":true,"valueName":"search_term_string"}}],"inLanguage":"fr-FR"},{"@type":"Organization","@id":"https:\/\/francestat.com\/#organization","name":"FRANCESTAT","url":"https:\/\/francestat.com\/","logo":{"@type":"ImageObject","inLanguage":"fr-FR","@id":"https:\/\/francestat.com\/#\/schema\/logo\/image\/","url":"https:\/\/francestat.com\/wp-content\/uploads\/2018\/05\/logo_horizontal_small_francestat.jpg","contentUrl":"https:\/\/francestat.com\/wp-content\/uploads\/2018\/05\/logo_horizontal_small_francestat.jpg","width":155,"height":51,"caption":"FRANCESTAT"},"image":{"@id":"https:\/\/francestat.com\/#\/schema\/logo\/image\/"}}]}},"_links":{"self":[{"href":"https:\/\/francestat.com\/index.php\/wp-json\/wp\/v2\/pages\/29","targetHints":{"allow":["GET"]}}],"collection":[{"href":"https:\/\/francestat.com\/index.php\/wp-json\/wp\/v2\/pages"}],"about":[{"href":"https:\/\/francestat.com\/index.php\/wp-json\/wp\/v2\/types\/page"}],"author":[{"embeddable":true,"href":"https:\/\/francestat.com\/index.php\/wp-json\/wp\/v2\/users\/1"}],"replies":[{"embeddable":true,"href":"https:\/\/francestat.com\/index.php\/wp-json\/wp\/v2\/comments?post=29"}],"version-history":[{"count":46,"href":"https:\/\/francestat.com\/index.php\/wp-json\/wp\/v2\/pages\/29\/revisions"}],"predecessor-version":[{"id":6821,"href":"https:\/\/francestat.com\/index.php\/wp-json\/wp\/v2\/pages\/29\/revisions\/6821"}],"wp:attachment":[{"href":"https:\/\/francestat.com\/index.php\/wp-json\/wp\/v2\/media?parent=29"}],"curies":[{"name":"wp","href":"https:\/\/api.w.org\/{rel}","templated":true}]}}