{"id":2947,"date":"2019-04-14T14:54:48","date_gmt":"2019-04-14T12:54:48","guid":{"rendered":"http:\/\/francestat.com\/?page_id=2947"},"modified":"2026-04-01T14:49:15","modified_gmt":"2026-04-01T12:49:15","slug":"formation_uniwin","status":"publish","type":"page","link":"https:\/\/francestat.com\/index.php\/formation_uniwin\/","title":{"rendered":"Formation Uniwin"},"content":{"rendered":"<p>[vc_row][vc_column width=\u00a0\u00bb1\/3&Prime;][vc_empty_space][\/vc_column][vc_column width=\u00a0\u00bb2\/3&Prime;]<div id=\"ultimate-heading-288269e7352562bf1\" class=\"uvc-heading ult-adjust-bottom-margin ultimate-heading-288269e7352562bf1 uvc-9680  uvc-heading-default-font-sizes\" data-hspacer=\"no_spacer\"  data-halign=\"center\" style=\"text-align:center\"><div class=\"uvc-heading-spacer no_spacer\" style=\"top\"><\/div><div class=\"uvc-main-heading ult-responsive\"  data-ultimate-target='.uvc-heading.ultimate-heading-288269e7352562bf1 h2'  data-responsive-json-new='{\"font-size\":\"\",\"line-height\":\"\"}' ><h2 style=\"--font-weight:theme;\">Formation au logiciel UNIWIN version 10<\/h2><\/div><\/div>[vc_empty_space][\/vc_column][\/vc_row][vc_row][vc_column width=\u00a0\u00bb1\/3&Prime;][vc_btn title=\u00a0\u00bbFormulaire d&rsquo;inscription\u00a0\u00bb align=\u00a0\u00bbcenter\u00a0\u00bb link=\u00a0\u00bburl:http%3A%2F%2Ffrancestat.com%2Ftelecharg%2FFormation%2FInscription_Formation_Francestat.pdf|title:Formulaire%20d&rsquo;inscription\u00a0\u00bb][vc_btn title=\u00a0\u00bbDemande d&rsquo;informations\u00a0\u00bb align=\u00a0\u00bbcenter\u00a0\u00bb link=\u00a0\u00bburl:http%3A%2F%2Ffrancestat.com%2Findex.php%2Fcontact%2F|title:Demande%20d&rsquo;informations\u00a0\u00bb][\/vc_column][vc_column width=\u00a0\u00bb2\/3&Prime;][vc_column_text css=\u00a0\u00bb.vc_custom_1751016199805{background-color: #f4f4f4 !important;}\u00a0\u00bb]<span class=\"auto-style11\" lang=\"EN\">Exp\u00e9rimenter et ma\u00eetriser les principales possibilit\u00e9s du logiciel UNIWIN version 10, add-on \u00e0 Statgraphics Centurion et \u00e0 Microsoft Excel pour les analyses statistiques multivari\u00e9es descriptives et explicatives, <\/span><span class=\"auto-style9\" lang=\"EN\">afin d&rsquo;\u00eatre autonome dans la gestion de donn\u00e9es, la mise en \u0153uvre des m\u00e9thodes et la pr\u00e9sentation des r\u00e9sultats statistiques num\u00e9riques et graphiques.<\/span>[\/vc_column_text][\/vc_column][\/vc_row][vc_row][vc_column][vc_empty_space][vc_column_text css=\u00a0\u00bb.vc_custom_1774541390866{background-color: #f4f4f4 !important;}\u00a0\u00bb]<\/p>\n<ul>\n<li><strong>R\u00e9f\u00e9rence<\/strong> : FOR-UNIWIN<\/li>\n<li><strong>Dur\u00e9e<\/strong> : 2 jours, soit 14 heures en pr\u00e9sentiel<\/li>\n<li><strong>Tarif<\/strong> : 1300 \u20ac ht par inscrit (repas inclus)<\/li>\n<li><strong>Lieu<\/strong> : sur notre site (inter-entreprises) ou sur votre site (intra-entreprise)<\/li>\n<li><strong>Dates <\/strong>: 15 et 16 avril 2026, 6 et 7 mai 2025, 3 et 4 juin 2026<\/li>\n<li><strong>Public concern\u00e9<\/strong> : toute personne souhaitant s&rsquo;initier \u00e0 l&rsquo;utilisation du logiciel Uniwin<\/li>\n<li><strong>Population vis\u00e9e<\/strong> : techniciens, ing\u00e9nieurs, chercheurs<\/li>\n<li><strong>Pr\u00e9-requis<\/strong> : aucun pr\u00e9-requis n&rsquo;est n\u00e9cessaire pour suivre cette formation<\/li>\n<li><strong>M\u00e9thodes et moyens<\/strong> : explications th\u00e9oriques suivies d&rsquo;applications pratiques<\/li>\n<li><strong>M\u00e9thodes d&rsquo;\u00e9valuation des acquis<\/strong> : exercices r\u00e9guliers en cours de formation<\/li>\n<li><strong>Profil formateur<\/strong> : sp\u00e9cialiste des statistiques d\u00e9cisionnelles et industrielles en charge du support technique des logiciels Statgraphics et Uniwin<\/li>\n<li><strong>Support stagiaire<\/strong> : support de cours papier et fichiers des exercices<\/li>\n<\/ul>\n<p>[\/vc_column_text][vc_empty_space][\/vc_column][\/vc_row][vc_row][vc_column width=\u00a0\u00bb1\/2&Prime;][vc_column_text css=\u00a0\u00bb.vc_custom_1775047751405{background-color: #f4f4f4 !important;}\u00a0\u00bb]<strong>D\u00e9marrer avec\u00a0 UNIWIN<\/strong><\/p>\n<ul>\n<li>Environnement n\u00e9cessaire<\/li>\n<li>Les rubans<\/li>\n<li>Utilisation des bo\u00eetes de dialogues<\/li>\n<li>Aide en ligne et manuels \u00e9lectroniques<\/li>\n<\/ul>\n<p><strong>Gestion des donn\u00e9es et rapports<\/strong><\/p>\n<ul>\n<li>Fichiers au format Statgraphics Centurion<\/li>\n<li>Ouverture d&rsquo;un ou de plusieurs fichiers<\/li>\n<li>Importer un fichier Microsoft Excel<\/li>\n<li>Fichier des r\u00e9sultats au format Statgraphics Centurion<\/li>\n<li>Affichage des donn\u00e9es et des rapports dans le tableur<\/li>\n<li>Imputation des donn\u00e9es manquantes<\/li>\n<li>Recodification de variables alphab\u00e9tiques<\/li>\n<li>Cr\u00e9ation de tableaux de distances euclidiennes<\/li>\n<li>Tris \u00e0 plat et tris crois\u00e9s<\/li>\n<li>Export des rapports au format HTML<\/li>\n<li>Export des rapports dans Microsoft Excel<\/li>\n<\/ul>\n<p><strong>Graphiques g\u00e9n\u00e9raux<\/strong><\/p>\n<ul>\n<li>Nuage de points \u00e0 deux dimensions<\/li>\n<li>Graphique en bulles<\/li>\n<li>Courbe ROC<\/li>\n<li>Cartes g\u00e9ographiques th\u00e9matiques<\/li>\n<li>Composition graphique (wmf, emf)<\/li>\n<li>Graphiques aux formats emf, bmp, gif, jpeg, png, tiff<\/li>\n<li>Options graphiques<\/li>\n<li>Transfert vers Microsoft Paint<\/li>\n<\/ul>\n<p><strong>Mise en oeuvre des m\u00e9thodes<\/strong><\/p>\n<ul>\n<li>Param\u00e9trages des m\u00e9thodes<\/li>\n<li>Les options d&rsquo;analyse<\/li>\n<li>Les rapports (explorateur, g\u00e9n\u00e9ral, HTML)<\/li>\n<li>Interpr\u00e9tation du rapport g\u00e9n\u00e9ral par l&rsquo;<u>Intelligence Artificielle<\/u><\/li>\n<li>Les graphiques et les options graphiques<\/li>\n<li>Enregistrement des r\u00e9sultats<\/li>\n<li>Transfert vers STATGRAPHICS Centurion<\/li>\n<\/ul>\n<p>[\/vc_column_text][\/vc_column][vc_column width=\u00a0\u00bb1\/2&Prime;][vc_column_text css=\u00a0\u00bb.vc_custom_1758013845733{background-color: #f4f4f4 !important;}\u00a0\u00bb]<strong>Pr\u00e9sentation d\u00e9taill\u00e9e des principales m\u00e9thodes<\/strong><\/p>\n<ul>\n<li>Analyse en Composantes Principales (ACP)<\/li>\n<li>Analyse des Correspondances Simples (AFC)<\/li>\n<li>Analyse des Correspondances Multiples (ACM)<\/li>\n<li>Classification Ascendante Hi\u00e9rarchique (CAH)<\/li>\n<\/ul>\n<p><strong>Pr\u00e9sentation rapide des autres m\u00e9thodes descriptives<\/strong><\/p>\n<ul>\n<li>Analyse en Composantes Principales Symbolique<\/li>\n<li>Analyse en Composantes Principales Fonctionnelle<\/li>\n<li>Analyse NIPALS<\/li>\n<li>Analyse sur Tableau de Distances ou de Dissimilarit\u00e9s<\/li>\n<li>Analyse Factorielle de Donn\u00e9es Mixtes<\/li>\n<li>Analyse en Composantes Ind\u00e9pendantes<\/li>\n<li>Classification par cartes auto-organisatrices de Kohonen<\/li>\n<li>Classification par les K-moyennes et les K-m\u00e9do\u00efdes<\/li>\n<li>Classification par la m\u00e9thode DBSCAN<\/li>\n<li>Ellipses de Tol\u00e9rance et de Confiance<\/li>\n<li>Analyse Factorielle Multiple (analyse multi-tableaux)<\/li>\n<li>M\u00e9thode STATIS (analyse multi-tableaux)<\/li>\n<li>M\u00e9thode STATIS duale (analyse multi-tableaux)<\/li>\n<li>Analyse Procrust\u00e9enne G\u00e9n\u00e9ralis\u00e9e<\/li>\n<li>Analyse Apriori (r\u00e8gles d\u2019associations)<\/li>\n<\/ul>\n<p><strong>Pr\u00e9sentation rapide des autres m\u00e9thodes explicatives<\/strong><\/p>\n<ul>\n<li>Analyse Discriminante Pas \u00e0 Pas<\/li>\n<li>Analyse Factorielle Discriminante<\/li>\n<li>Analyse Discriminante Bay\u00e9sienne<\/li>\n<li>Analyse Discriminante Qualitative<\/li>\n<li>Scoring<\/li>\n<li>M\u00e9thode des K plus proches voisins (classement, r\u00e9gression)<\/li>\n<li>M\u00e9thode de classement bay\u00e9sienne na\u00efve<\/li>\n<li>M\u00e9thode de classement SIMCA<\/li>\n<li>R\u00e9gression sur Composantes Principales<\/li>\n<li>R\u00e9gression typologique<\/li>\n<li>R\u00e9gression PLS1 et PLS2<\/li>\n<li>R\u00e9seaux de neurones (classement, r\u00e9gression)<\/li>\n<li>Arbres de d\u00e9cision et de r\u00e9gression<\/li>\n<li>For\u00eats al\u00e9atoires de d\u00e9cision et de r\u00e9gression<\/li>\n<li>S\u00e9parateurs \u00e0 vastes marges<\/li>\n<\/ul>\n<p>[\/vc_column_text][\/vc_column][\/vc_row][vc_row][vc_column][\/vc_column][\/vc_row]<\/p>\n","protected":false},"excerpt":{"rendered":"<p>[vc_row][vc_column width=\u00a0\u00bb1\/3&Prime;][vc_empty_space][\/vc_column][vc_column width=\u00a0\u00bb2\/3&Prime;][vc_empty_space][\/vc_column][\/vc_row][vc_row][vc_column width=\u00a0\u00bb1\/3&Prime;][vc_btn title=\u00a0\u00bbFormulaire d&rsquo;inscription\u00a0\u00bb align=\u00a0\u00bbcenter\u00a0\u00bb link=\u00a0\u00bburl:http%3A%2F%2Ffrancestat.com%2Ftelecharg%2FFormation%2FInscription_Formation_Francestat.pdf|title:Formulaire%20d&rsquo;inscription\u00a0\u00bb][vc_btn title=\u00a0\u00bbDemande d&rsquo;informations\u00a0\u00bb align=\u00a0\u00bbcenter\u00a0\u00bb link=\u00a0\u00bburl:http%3A%2F%2Ffrancestat.com%2Findex.php%2Fcontact%2F|title:Demande%20d&rsquo;informations\u00a0\u00bb][\/vc_column][vc_column width=\u00a0\u00bb2\/3&Prime;][vc_column_text css=\u00a0\u00bb.vc_custom_1751016199805{background-color: #f4f4f4 !important;}\u00a0\u00bb]Exp\u00e9rimenter et ma\u00eetriser les principales possibilit\u00e9s du logiciel UNIWIN version 10, add-on \u00e0 Statgraphics Centurion et \u00e0 Microsoft Excel pour les analyses statistiques multivari\u00e9es descriptives et explicatives, afin d&rsquo;\u00eatre autonome dans la gestion de donn\u00e9es, la mise en \u0153uvre des&hellip;<\/p>\n","protected":false},"author":1,"featured_media":0,"parent":0,"menu_order":0,"comment_status":"closed","ping_status":"closed","template":"","meta":{"footnotes":""},"class_list":["post-2947","page","type-page","status-publish","hentry","description-off"],"yoast_head":"<!-- This site is optimized with the Yoast SEO plugin v27.4 - https:\/\/yoast.com\/product\/yoast-seo-wordpress\/ -->\n<title>Formation Uniwin - FRANCESTAT<\/title>\n<meta name=\"description\" content=\"Formation aux m\u00e9thodes d&#039;analyse de donn\u00e9es multivari\u00e9es et \u00e0 l&#039;apprentissage machine avec Uniwin, add-on \u00e0 STATGRAPHICS Centurion.\" \/>\n<meta name=\"robots\" content=\"index, follow, max-snippet:-1, max-image-preview:large, max-video-preview:-1\" \/>\n<link rel=\"canonical\" href=\"https:\/\/francestat.com\/index.php\/formation_uniwin\/\" \/>\n<meta property=\"og:locale\" content=\"fr_FR\" \/>\n<meta property=\"og:type\" content=\"article\" \/>\n<meta property=\"og:title\" content=\"Formation Uniwin - FRANCESTAT\" \/>\n<meta property=\"og:description\" content=\"Formation aux m\u00e9thodes d&#039;analyse de donn\u00e9es multivari\u00e9es et \u00e0 l&#039;apprentissage machine avec Uniwin, add-on \u00e0 STATGRAPHICS Centurion.\" \/>\n<meta property=\"og:url\" content=\"https:\/\/francestat.com\/index.php\/formation_uniwin\/\" \/>\n<meta property=\"og:site_name\" content=\"FRANCESTAT\" \/>\n<meta property=\"article:modified_time\" content=\"2026-04-01T12:49:15+00:00\" \/>\n<meta name=\"twitter:card\" content=\"summary_large_image\" \/>\n<meta name=\"twitter:label1\" content=\"Dur\u00e9e de lecture estim\u00e9e\" \/>\n\t<meta name=\"twitter:data1\" content=\"3 minutes\" \/>\n<script type=\"application\/ld+json\" class=\"yoast-schema-graph\">{\"@context\":\"https:\\\/\\\/schema.org\",\"@graph\":[{\"@type\":\"WebPage\",\"@id\":\"https:\\\/\\\/francestat.com\\\/index.php\\\/formation_uniwin\\\/\",\"url\":\"https:\\\/\\\/francestat.com\\\/index.php\\\/formation_uniwin\\\/\",\"name\":\"Formation Uniwin - FRANCESTAT\",\"isPartOf\":{\"@id\":\"https:\\\/\\\/francestat.com\\\/#website\"},\"datePublished\":\"2019-04-14T12:54:48+00:00\",\"dateModified\":\"2026-04-01T12:49:15+00:00\",\"description\":\"Formation aux m\u00e9thodes d'analyse de donn\u00e9es multivari\u00e9es et \u00e0 l'apprentissage machine avec Uniwin, add-on \u00e0 STATGRAPHICS Centurion.\",\"breadcrumb\":{\"@id\":\"https:\\\/\\\/francestat.com\\\/index.php\\\/formation_uniwin\\\/#breadcrumb\"},\"inLanguage\":\"fr-FR\",\"potentialAction\":[{\"@type\":\"ReadAction\",\"target\":[\"https:\\\/\\\/francestat.com\\\/index.php\\\/formation_uniwin\\\/\"]}]},{\"@type\":\"BreadcrumbList\",\"@id\":\"https:\\\/\\\/francestat.com\\\/index.php\\\/formation_uniwin\\\/#breadcrumb\",\"itemListElement\":[{\"@type\":\"ListItem\",\"position\":1,\"name\":\"Accueil\",\"item\":\"https:\\\/\\\/francestat.com\\\/\"},{\"@type\":\"ListItem\",\"position\":2,\"name\":\"Formation Uniwin\"}]},{\"@type\":\"WebSite\",\"@id\":\"https:\\\/\\\/francestat.com\\\/#website\",\"url\":\"https:\\\/\\\/francestat.com\\\/\",\"name\":\"FRANCESTAT\",\"description\":\"Logiciels, formations et services statistiques\",\"publisher\":{\"@id\":\"https:\\\/\\\/francestat.com\\\/#organization\"},\"potentialAction\":[{\"@type\":\"SearchAction\",\"target\":{\"@type\":\"EntryPoint\",\"urlTemplate\":\"https:\\\/\\\/francestat.com\\\/?s={search_term_string}\"},\"query-input\":{\"@type\":\"PropertyValueSpecification\",\"valueRequired\":true,\"valueName\":\"search_term_string\"}}],\"inLanguage\":\"fr-FR\"},{\"@type\":\"Organization\",\"@id\":\"https:\\\/\\\/francestat.com\\\/#organization\",\"name\":\"FRANCESTAT\",\"url\":\"https:\\\/\\\/francestat.com\\\/\",\"logo\":{\"@type\":\"ImageObject\",\"inLanguage\":\"fr-FR\",\"@id\":\"https:\\\/\\\/francestat.com\\\/#\\\/schema\\\/logo\\\/image\\\/\",\"url\":\"https:\\\/\\\/francestat.com\\\/wp-content\\\/uploads\\\/2018\\\/05\\\/logo_horizontal_small_francestat.jpg\",\"contentUrl\":\"https:\\\/\\\/francestat.com\\\/wp-content\\\/uploads\\\/2018\\\/05\\\/logo_horizontal_small_francestat.jpg\",\"width\":155,\"height\":51,\"caption\":\"FRANCESTAT\"},\"image\":{\"@id\":\"https:\\\/\\\/francestat.com\\\/#\\\/schema\\\/logo\\\/image\\\/\"}}]}<\/script>\n<!-- \/ Yoast SEO plugin. -->","yoast_head_json":{"title":"Formation Uniwin - FRANCESTAT","description":"Formation aux m\u00e9thodes d'analyse de donn\u00e9es multivari\u00e9es et \u00e0 l'apprentissage machine avec Uniwin, add-on \u00e0 STATGRAPHICS Centurion.","robots":{"index":"index","follow":"follow","max-snippet":"max-snippet:-1","max-image-preview":"max-image-preview:large","max-video-preview":"max-video-preview:-1"},"canonical":"https:\/\/francestat.com\/index.php\/formation_uniwin\/","og_locale":"fr_FR","og_type":"article","og_title":"Formation Uniwin - FRANCESTAT","og_description":"Formation aux m\u00e9thodes d'analyse de donn\u00e9es multivari\u00e9es et \u00e0 l'apprentissage machine avec Uniwin, add-on \u00e0 STATGRAPHICS Centurion.","og_url":"https:\/\/francestat.com\/index.php\/formation_uniwin\/","og_site_name":"FRANCESTAT","article_modified_time":"2026-04-01T12:49:15+00:00","twitter_card":"summary_large_image","twitter_misc":{"Dur\u00e9e de lecture estim\u00e9e":"3 minutes"},"schema":{"@context":"https:\/\/schema.org","@graph":[{"@type":"WebPage","@id":"https:\/\/francestat.com\/index.php\/formation_uniwin\/","url":"https:\/\/francestat.com\/index.php\/formation_uniwin\/","name":"Formation Uniwin - FRANCESTAT","isPartOf":{"@id":"https:\/\/francestat.com\/#website"},"datePublished":"2019-04-14T12:54:48+00:00","dateModified":"2026-04-01T12:49:15+00:00","description":"Formation aux m\u00e9thodes d'analyse de donn\u00e9es multivari\u00e9es et \u00e0 l'apprentissage machine avec Uniwin, add-on \u00e0 STATGRAPHICS Centurion.","breadcrumb":{"@id":"https:\/\/francestat.com\/index.php\/formation_uniwin\/#breadcrumb"},"inLanguage":"fr-FR","potentialAction":[{"@type":"ReadAction","target":["https:\/\/francestat.com\/index.php\/formation_uniwin\/"]}]},{"@type":"BreadcrumbList","@id":"https:\/\/francestat.com\/index.php\/formation_uniwin\/#breadcrumb","itemListElement":[{"@type":"ListItem","position":1,"name":"Accueil","item":"https:\/\/francestat.com\/"},{"@type":"ListItem","position":2,"name":"Formation Uniwin"}]},{"@type":"WebSite","@id":"https:\/\/francestat.com\/#website","url":"https:\/\/francestat.com\/","name":"FRANCESTAT","description":"Logiciels, formations et services statistiques","publisher":{"@id":"https:\/\/francestat.com\/#organization"},"potentialAction":[{"@type":"SearchAction","target":{"@type":"EntryPoint","urlTemplate":"https:\/\/francestat.com\/?s={search_term_string}"},"query-input":{"@type":"PropertyValueSpecification","valueRequired":true,"valueName":"search_term_string"}}],"inLanguage":"fr-FR"},{"@type":"Organization","@id":"https:\/\/francestat.com\/#organization","name":"FRANCESTAT","url":"https:\/\/francestat.com\/","logo":{"@type":"ImageObject","inLanguage":"fr-FR","@id":"https:\/\/francestat.com\/#\/schema\/logo\/image\/","url":"https:\/\/francestat.com\/wp-content\/uploads\/2018\/05\/logo_horizontal_small_francestat.jpg","contentUrl":"https:\/\/francestat.com\/wp-content\/uploads\/2018\/05\/logo_horizontal_small_francestat.jpg","width":155,"height":51,"caption":"FRANCESTAT"},"image":{"@id":"https:\/\/francestat.com\/#\/schema\/logo\/image\/"}}]}},"_links":{"self":[{"href":"https:\/\/francestat.com\/index.php\/wp-json\/wp\/v2\/pages\/2947","targetHints":{"allow":["GET"]}}],"collection":[{"href":"https:\/\/francestat.com\/index.php\/wp-json\/wp\/v2\/pages"}],"about":[{"href":"https:\/\/francestat.com\/index.php\/wp-json\/wp\/v2\/types\/page"}],"author":[{"embeddable":true,"href":"https:\/\/francestat.com\/index.php\/wp-json\/wp\/v2\/users\/1"}],"replies":[{"embeddable":true,"href":"https:\/\/francestat.com\/index.php\/wp-json\/wp\/v2\/comments?post=2947"}],"version-history":[{"count":106,"href":"https:\/\/francestat.com\/index.php\/wp-json\/wp\/v2\/pages\/2947\/revisions"}],"predecessor-version":[{"id":7259,"href":"https:\/\/francestat.com\/index.php\/wp-json\/wp\/v2\/pages\/2947\/revisions\/7259"}],"wp:attachment":[{"href":"https:\/\/francestat.com\/index.php\/wp-json\/wp\/v2\/media?parent=2947"}],"curies":[{"name":"wp","href":"https:\/\/api.w.org\/{rel}","templated":true}]}}