{"id":2960,"date":"2019-04-14T16:50:59","date_gmt":"2019-04-14T14:50:59","guid":{"rendered":"http:\/\/francestat.com\/?page_id=2960"},"modified":"2025-03-24T16:51:12","modified_gmt":"2025-03-24T15:51:12","slug":"formation_vmail","status":"publish","type":"page","link":"https:\/\/francestat.com\/index.php\/formation_vmail\/","title":{"rendered":"Formation Vmail"},"content":{"rendered":"<p>[vc_row][vc_column width=\u00a0\u00bb1\/3&Prime;][vc_empty_space][\/vc_column][vc_column width=\u00a0\u00bb2\/3&Prime;]<div id=\"ultimate-heading-894769e75318bae83\" class=\"uvc-heading ult-adjust-bottom-margin ultimate-heading-894769e75318bae83 uvc-3416  uvc-heading-default-font-sizes\" data-hspacer=\"no_spacer\"  data-halign=\"center\" style=\"text-align:center\"><div class=\"uvc-heading-spacer no_spacer\" style=\"top\"><\/div><div class=\"uvc-main-heading ult-responsive\"  data-ultimate-target='.uvc-heading.ultimate-heading-894769e75318bae83 h2'  data-responsive-json-new='{\"font-size\":\"\",\"line-height\":\"\"}' ><h2 style=\"--font-weight:theme;\">Formation au logiciel Vmail<\/h2><\/div><\/div>[vc_empty_space][\/vc_column][\/vc_row][vc_row][vc_column width=\u00a0\u00bb1\/3&Prime;][vc_btn title=\u00a0\u00bbFormulaire d&rsquo;inscription\u00a0\u00bb align=\u00a0\u00bbcenter\u00a0\u00bb link=\u00a0\u00bburl:http%3A%2F%2Ffrancestat.com%2Ftelecharg%2FFormation%2FInscription_Formation_Francestat.pdf|title:Formulaire%20d&rsquo;inscription\u00a0\u00bb][vc_btn title=\u00a0\u00bbDemande d&rsquo;informations\u00a0\u00bb align=\u00a0\u00bbcenter\u00a0\u00bb link=\u00a0\u00bburl:http%3A%2F%2Ffrancestat.com%2Findex.php%2Fcontact%2F|title:Demande%20d&rsquo;informations\u00a0\u00bb][\/vc_column][vc_column width=\u00a0\u00bb2\/3&Prime;][vc_column_text css=\u00a0\u00bb.vc_custom_1637835097456{background-color: #f4f4f4 !important;}\u00a0\u00bb]<span class=\"auto-style9\" lang=\"EN\">Exp\u00e9rimenter et ma\u00eetriser les principales possibilit\u00e9s du logiciel VMAIL version 3<\/span><span class=\"auto-style9\" lang=\"EN\"> afin d&rsquo;\u00eatre autonome dans la gestion de donn\u00e9es, la mise en \u0153uvre des m\u00e9thodes et la pr\u00e9sentation des r\u00e9sultats statistiques num\u00e9riques et graphiques. <\/span>Comprendre et appliquer les m\u00e9thodes statistiques de la norme NF ISO 5725 relative aux analyses inter-laboratoires.[\/vc_column_text][\/vc_column][\/vc_row][vc_row][vc_column][vc_empty_space][vc_column_text css=\u00a0\u00bb.vc_custom_1742831470044{background-color: #f4f4f4 !important;}\u00a0\u00bb]<\/p>\n<ul>\n<li><strong>R\u00e9f\u00e9rence<\/strong> : FOR-VMAIL<\/li>\n<li><strong>Dur\u00e9e<\/strong> : 2 jours, soit 14 heures en pr\u00e9sentiel<\/li>\n<li><strong>Tarif<\/strong> : 1300 \u20ac ht par inscrit (repas inclus)<\/li>\n<li><strong>Lieu<\/strong> : sur notre site (inter-entreprises) ou sur votre site (intra-entreprise)<\/li>\n<li><strong>Prochaines dates<\/strong> : nous contacter<\/li>\n<li><strong>Public concern\u00e9<\/strong> : toute personne souhaitant s&rsquo;initier \u00e0 l&rsquo;utilisation du logiciel Vmail et aux analyses inter-laboratoires<\/li>\n<li><strong>Population vis\u00e9e<\/strong> : techniciens, ing\u00e9nieurs, chercheurs<\/li>\n<li><strong>Pr\u00e9-requis<\/strong> : aucun pr\u00e9-requis n&rsquo;est n\u00e9cessaire pour suivre cette formation<\/li>\n<li><strong>M\u00e9thodes et moyens<\/strong> : explications th\u00e9oriques suivies d&rsquo;applications pratiques<\/li>\n<li><strong>M\u00e9thodes d&rsquo;\u00e9valuation des acquis<\/strong> : exercices r\u00e9guliers en cours de formation<\/li>\n<li><strong>Profil formateur<\/strong> : sp\u00e9cialiste des statistiques d\u00e9cisionnelles et industrielles en charge du support technique des logiciels Statgraphics et Vmail<\/li>\n<li><strong>Support stagiaire<\/strong> : support de cours papier et fichiers des exercices<\/li>\n<\/ul>\n<p>[\/vc_column_text][vc_empty_space][\/vc_column][\/vc_row][vc_row][vc_column width=\u00a0\u00bb1\/2&Prime;][vc_column_text css=\u00a0\u00bb.vc_custom_1555255006357{background-color: #f4f4f4 !important;}\u00a0\u00bb]<b>Statistiques de base appliqu\u00e9es aux m\u00e9thodes de mesures en laboratoire<\/b><\/p>\n<ul>\n<li>Introduction<\/li>\n<li>Rappel de notions de base (synth\u00e8se param\u00e9trique, graphique)<\/li>\n<li>Les tests param\u00e9triques<\/li>\n<li>L&rsquo;analyse de la variance<\/li>\n<li>La r\u00e9gression lin\u00e9aire<\/li>\n<\/ul>\n<p><b>Validation des m\u00e9thodes de mesures et r\u00e9alisation d&rsquo;essais inter et intra-laboratoires<\/b><\/p>\n<ul>\n<li>Principes g\u00e9n\u00e9raux<\/li>\n<li>Pr\u00e9sentation des normes ISO 5725<\/li>\n<li>Organisation pratique des exp\u00e9riences<\/li>\n<\/ul>\n<p><b>Introduction \u00e0 l&rsquo;\u00e9tudes pour l&rsquo;exactitude de r\u00e9sultats et m\u00e9thodes de mesure<\/b><\/p>\n<ul>\n<li>D\u00e9finition de l&rsquo;exactitude : justesse et fid\u00e9lit\u00e9<\/li>\n<li>Les composantes de la fid\u00e9lit\u00e9<\/li>\n<li>Les composantes de la justesse<\/li>\n<li>Mise en \u0153uvre d&rsquo;essais de validation de m\u00e9thodes de mesure<\/li>\n<\/ul>\n<p><b>Principes et pratiques de la r\u00e9alisation d&rsquo;une \u00e9tude de fid\u00e9lit\u00e9 inter-laboratoires<\/b><\/p>\n<ul>\n<li>Organisation des essais<\/li>\n<li>Analyse statistique d&rsquo;une exp\u00e9rience de fid\u00e9lit\u00e9<\/li>\n<li>Examen des r\u00e9sultats pour la coh\u00e9rence et les valeurs aberrantes<\/li>\n<li>Techniques graphiques (Mandel)<\/li>\n<li>Techniques num\u00e9riques (Grubbs, Cochran)<\/li>\n<li>Calculs de la variance de r\u00e9p\u00e9tabilit\u00e9<\/li>\n<li>Calcul de la variance de reproductibilit\u00e9<\/li>\n<li>D\u00e9termination de la d\u00e9pendance fid\u00e9lit\u00e9\/niveaux<\/li>\n<li>Conclusion des essais et r\u00e9daction du rapport de synth\u00e8se<\/li>\n<li>Exemples concrets d&rsquo;\u00e9tudes<\/li>\n<\/ul>\n<p>[\/vc_column_text][\/vc_column][vc_column width=\u00a0\u00bb1\/2&Prime;][vc_column_text css=\u00a0\u00bb.vc_custom_1555254849614{background-color: #f4f4f4 !important;}\u00a0\u00bb]<b>Principes et pratiques de la mise en \u0153uvre de mesures interm\u00e9diaires de la fid\u00e9lit\u00e9 d&rsquo;une m\u00e9thode de mesure<\/b><\/p>\n<ul>\n<li>La notion de facteurs (temps, \u00e9talonnage, op\u00e9rateur, \u00e9quipements)<\/li>\n<li>Organisation des essais<\/li>\n<li>Traitement intra-laboratoire : deux facteurs pour un niveau donn\u00e9<\/li>\n<li>Traitement inter-laboratoires : un facteur pour 6 niveaux<\/li>\n<\/ul>\n<p><b>Principes et pratiques de la r\u00e9alisation d&rsquo;une \u00e9tude de justesse inter-laboratoires<\/b><\/p>\n<ul>\n<li>Organisation des essais<\/li>\n<li>Notion de biais et biais significatifs<\/li>\n<li>Analyse statistique d&rsquo;une exp\u00e9rience de justesse<\/li>\n<li>Contr\u00f4le de la fid\u00e9lit\u00e9<\/li>\n<li>Estimation du biais<\/li>\n<li>Etude de la lin\u00e9arit\u00e9<\/li>\n<li>Conclusion et r\u00e9daction du rapport de synth\u00e8se<\/li>\n<li>Exemples concrets d&rsquo;\u00e9tudes<\/li>\n<\/ul>\n<p>[\/vc_column_text][\/vc_column][\/vc_row][vc_row][vc_column][\/vc_column][\/vc_row]<\/p>\n","protected":false},"excerpt":{"rendered":"<p>[vc_row][vc_column width=\u00a0\u00bb1\/3&Prime;][vc_empty_space][\/vc_column][vc_column width=\u00a0\u00bb2\/3&Prime;][vc_empty_space][\/vc_column][\/vc_row][vc_row][vc_column width=\u00a0\u00bb1\/3&Prime;][vc_btn title=\u00a0\u00bbFormulaire d&rsquo;inscription\u00a0\u00bb align=\u00a0\u00bbcenter\u00a0\u00bb link=\u00a0\u00bburl:http%3A%2F%2Ffrancestat.com%2Ftelecharg%2FFormation%2FInscription_Formation_Francestat.pdf|title:Formulaire%20d&rsquo;inscription\u00a0\u00bb][vc_btn title=\u00a0\u00bbDemande d&rsquo;informations\u00a0\u00bb align=\u00a0\u00bbcenter\u00a0\u00bb link=\u00a0\u00bburl:http%3A%2F%2Ffrancestat.com%2Findex.php%2Fcontact%2F|title:Demande%20d&rsquo;informations\u00a0\u00bb][\/vc_column][vc_column width=\u00a0\u00bb2\/3&Prime;][vc_column_text css=\u00a0\u00bb.vc_custom_1637835097456{background-color: #f4f4f4 !important;}\u00a0\u00bb]Exp\u00e9rimenter et ma\u00eetriser les principales possibilit\u00e9s du logiciel VMAIL version 3 afin d&rsquo;\u00eatre autonome dans la gestion de donn\u00e9es, la mise en \u0153uvre des m\u00e9thodes et la pr\u00e9sentation des r\u00e9sultats statistiques num\u00e9riques et graphiques. Comprendre et appliquer les m\u00e9thodes statistiques&hellip;<\/p>\n","protected":false},"author":1,"featured_media":0,"parent":0,"menu_order":0,"comment_status":"closed","ping_status":"closed","template":"","meta":{"footnotes":""},"class_list":["post-2960","page","type-page","status-publish","hentry","description-off"],"yoast_head":"<!-- This site is optimized with the Yoast SEO plugin v27.4 - https:\/\/yoast.com\/product\/yoast-seo-wordpress\/ -->\n<title>Formation Vmail - FRANCESTAT<\/title>\n<meta name=\"description\" content=\"Formation aux analyses inter-laboratoires avec le logiciel Vmail (r\u00e9p\u00e9tabilit\u00e9, reproductibilit\u00e9, justesse, fid\u00e9lit\u00e9, profil d&#039;exactitude).\" \/>\n<meta name=\"robots\" content=\"index, follow, max-snippet:-1, max-image-preview:large, max-video-preview:-1\" \/>\n<link rel=\"canonical\" href=\"https:\/\/francestat.com\/index.php\/formation_vmail\/\" \/>\n<meta property=\"og:locale\" content=\"fr_FR\" \/>\n<meta property=\"og:type\" content=\"article\" \/>\n<meta property=\"og:title\" content=\"Formation Vmail - FRANCESTAT\" \/>\n<meta property=\"og:description\" content=\"Formation aux analyses inter-laboratoires avec le logiciel Vmail (r\u00e9p\u00e9tabilit\u00e9, reproductibilit\u00e9, justesse, fid\u00e9lit\u00e9, profil d&#039;exactitude).\" \/>\n<meta property=\"og:url\" content=\"https:\/\/francestat.com\/index.php\/formation_vmail\/\" \/>\n<meta property=\"og:site_name\" content=\"FRANCESTAT\" \/>\n<meta property=\"article:modified_time\" content=\"2025-03-24T15:51:12+00:00\" \/>\n<meta name=\"twitter:card\" content=\"summary_large_image\" \/>\n<meta name=\"twitter:label1\" content=\"Dur\u00e9e de lecture estim\u00e9e\" \/>\n\t<meta name=\"twitter:data1\" content=\"3 minutes\" \/>\n<script type=\"application\/ld+json\" class=\"yoast-schema-graph\">{\"@context\":\"https:\\\/\\\/schema.org\",\"@graph\":[{\"@type\":\"WebPage\",\"@id\":\"https:\\\/\\\/francestat.com\\\/index.php\\\/formation_vmail\\\/\",\"url\":\"https:\\\/\\\/francestat.com\\\/index.php\\\/formation_vmail\\\/\",\"name\":\"Formation Vmail - FRANCESTAT\",\"isPartOf\":{\"@id\":\"https:\\\/\\\/francestat.com\\\/#website\"},\"datePublished\":\"2019-04-14T14:50:59+00:00\",\"dateModified\":\"2025-03-24T15:51:12+00:00\",\"description\":\"Formation aux analyses inter-laboratoires avec le logiciel Vmail (r\u00e9p\u00e9tabilit\u00e9, reproductibilit\u00e9, justesse, fid\u00e9lit\u00e9, profil d'exactitude).\",\"breadcrumb\":{\"@id\":\"https:\\\/\\\/francestat.com\\\/index.php\\\/formation_vmail\\\/#breadcrumb\"},\"inLanguage\":\"fr-FR\",\"potentialAction\":[{\"@type\":\"ReadAction\",\"target\":[\"https:\\\/\\\/francestat.com\\\/index.php\\\/formation_vmail\\\/\"]}]},{\"@type\":\"BreadcrumbList\",\"@id\":\"https:\\\/\\\/francestat.com\\\/index.php\\\/formation_vmail\\\/#breadcrumb\",\"itemListElement\":[{\"@type\":\"ListItem\",\"position\":1,\"name\":\"Accueil\",\"item\":\"https:\\\/\\\/francestat.com\\\/\"},{\"@type\":\"ListItem\",\"position\":2,\"name\":\"Formation Vmail\"}]},{\"@type\":\"WebSite\",\"@id\":\"https:\\\/\\\/francestat.com\\\/#website\",\"url\":\"https:\\\/\\\/francestat.com\\\/\",\"name\":\"FRANCESTAT\",\"description\":\"Logiciels, formations et services statistiques\",\"publisher\":{\"@id\":\"https:\\\/\\\/francestat.com\\\/#organization\"},\"potentialAction\":[{\"@type\":\"SearchAction\",\"target\":{\"@type\":\"EntryPoint\",\"urlTemplate\":\"https:\\\/\\\/francestat.com\\\/?s={search_term_string}\"},\"query-input\":{\"@type\":\"PropertyValueSpecification\",\"valueRequired\":true,\"valueName\":\"search_term_string\"}}],\"inLanguage\":\"fr-FR\"},{\"@type\":\"Organization\",\"@id\":\"https:\\\/\\\/francestat.com\\\/#organization\",\"name\":\"FRANCESTAT\",\"url\":\"https:\\\/\\\/francestat.com\\\/\",\"logo\":{\"@type\":\"ImageObject\",\"inLanguage\":\"fr-FR\",\"@id\":\"https:\\\/\\\/francestat.com\\\/#\\\/schema\\\/logo\\\/image\\\/\",\"url\":\"https:\\\/\\\/francestat.com\\\/wp-content\\\/uploads\\\/2018\\\/05\\\/logo_horizontal_small_francestat.jpg\",\"contentUrl\":\"https:\\\/\\\/francestat.com\\\/wp-content\\\/uploads\\\/2018\\\/05\\\/logo_horizontal_small_francestat.jpg\",\"width\":155,\"height\":51,\"caption\":\"FRANCESTAT\"},\"image\":{\"@id\":\"https:\\\/\\\/francestat.com\\\/#\\\/schema\\\/logo\\\/image\\\/\"}}]}<\/script>\n<!-- \/ Yoast SEO plugin. -->","yoast_head_json":{"title":"Formation Vmail - FRANCESTAT","description":"Formation aux analyses inter-laboratoires avec le logiciel Vmail (r\u00e9p\u00e9tabilit\u00e9, reproductibilit\u00e9, justesse, fid\u00e9lit\u00e9, profil d'exactitude).","robots":{"index":"index","follow":"follow","max-snippet":"max-snippet:-1","max-image-preview":"max-image-preview:large","max-video-preview":"max-video-preview:-1"},"canonical":"https:\/\/francestat.com\/index.php\/formation_vmail\/","og_locale":"fr_FR","og_type":"article","og_title":"Formation Vmail - FRANCESTAT","og_description":"Formation aux analyses inter-laboratoires avec le logiciel Vmail (r\u00e9p\u00e9tabilit\u00e9, reproductibilit\u00e9, justesse, fid\u00e9lit\u00e9, profil d'exactitude).","og_url":"https:\/\/francestat.com\/index.php\/formation_vmail\/","og_site_name":"FRANCESTAT","article_modified_time":"2025-03-24T15:51:12+00:00","twitter_card":"summary_large_image","twitter_misc":{"Dur\u00e9e de lecture estim\u00e9e":"3 minutes"},"schema":{"@context":"https:\/\/schema.org","@graph":[{"@type":"WebPage","@id":"https:\/\/francestat.com\/index.php\/formation_vmail\/","url":"https:\/\/francestat.com\/index.php\/formation_vmail\/","name":"Formation Vmail - FRANCESTAT","isPartOf":{"@id":"https:\/\/francestat.com\/#website"},"datePublished":"2019-04-14T14:50:59+00:00","dateModified":"2025-03-24T15:51:12+00:00","description":"Formation aux analyses inter-laboratoires avec le logiciel Vmail (r\u00e9p\u00e9tabilit\u00e9, reproductibilit\u00e9, justesse, fid\u00e9lit\u00e9, profil d'exactitude).","breadcrumb":{"@id":"https:\/\/francestat.com\/index.php\/formation_vmail\/#breadcrumb"},"inLanguage":"fr-FR","potentialAction":[{"@type":"ReadAction","target":["https:\/\/francestat.com\/index.php\/formation_vmail\/"]}]},{"@type":"BreadcrumbList","@id":"https:\/\/francestat.com\/index.php\/formation_vmail\/#breadcrumb","itemListElement":[{"@type":"ListItem","position":1,"name":"Accueil","item":"https:\/\/francestat.com\/"},{"@type":"ListItem","position":2,"name":"Formation Vmail"}]},{"@type":"WebSite","@id":"https:\/\/francestat.com\/#website","url":"https:\/\/francestat.com\/","name":"FRANCESTAT","description":"Logiciels, formations et services statistiques","publisher":{"@id":"https:\/\/francestat.com\/#organization"},"potentialAction":[{"@type":"SearchAction","target":{"@type":"EntryPoint","urlTemplate":"https:\/\/francestat.com\/?s={search_term_string}"},"query-input":{"@type":"PropertyValueSpecification","valueRequired":true,"valueName":"search_term_string"}}],"inLanguage":"fr-FR"},{"@type":"Organization","@id":"https:\/\/francestat.com\/#organization","name":"FRANCESTAT","url":"https:\/\/francestat.com\/","logo":{"@type":"ImageObject","inLanguage":"fr-FR","@id":"https:\/\/francestat.com\/#\/schema\/logo\/image\/","url":"https:\/\/francestat.com\/wp-content\/uploads\/2018\/05\/logo_horizontal_small_francestat.jpg","contentUrl":"https:\/\/francestat.com\/wp-content\/uploads\/2018\/05\/logo_horizontal_small_francestat.jpg","width":155,"height":51,"caption":"FRANCESTAT"},"image":{"@id":"https:\/\/francestat.com\/#\/schema\/logo\/image\/"}}]}},"_links":{"self":[{"href":"https:\/\/francestat.com\/index.php\/wp-json\/wp\/v2\/pages\/2960","targetHints":{"allow":["GET"]}}],"collection":[{"href":"https:\/\/francestat.com\/index.php\/wp-json\/wp\/v2\/pages"}],"about":[{"href":"https:\/\/francestat.com\/index.php\/wp-json\/wp\/v2\/types\/page"}],"author":[{"embeddable":true,"href":"https:\/\/francestat.com\/index.php\/wp-json\/wp\/v2\/users\/1"}],"replies":[{"embeddable":true,"href":"https:\/\/francestat.com\/index.php\/wp-json\/wp\/v2\/comments?post=2960"}],"version-history":[{"count":20,"href":"https:\/\/francestat.com\/index.php\/wp-json\/wp\/v2\/pages\/2960\/revisions"}],"predecessor-version":[{"id":6687,"href":"https:\/\/francestat.com\/index.php\/wp-json\/wp\/v2\/pages\/2960\/revisions\/6687"}],"wp:attachment":[{"href":"https:\/\/francestat.com\/index.php\/wp-json\/wp\/v2\/media?parent=2960"}],"curies":[{"name":"wp","href":"https:\/\/api.w.org\/{rel}","templated":true}]}}