{"id":2970,"date":"2019-04-14T17:51:35","date_gmt":"2019-04-14T15:51:35","guid":{"rendered":"http:\/\/francestat.com\/?page_id=2970"},"modified":"2025-03-24T16:49:06","modified_gmt":"2025-03-24T15:49:06","slug":"formation_express","status":"publish","type":"page","link":"https:\/\/francestat.com\/index.php\/formation_express\/","title":{"rendered":"Formation Statgraphics Sigma Express"},"content":{"rendered":"<p>[vc_row][vc_column width=\u00a0\u00bb1\/3&Prime;][vc_empty_space][\/vc_column][vc_column width=\u00a0\u00bb2\/3&Prime;]<div id=\"ultimate-heading-255469e75318c5f5b\" class=\"uvc-heading ult-adjust-bottom-margin ultimate-heading-255469e75318c5f5b uvc-8213  uvc-heading-default-font-sizes\" data-hspacer=\"no_spacer\"  data-halign=\"center\" style=\"text-align:center\"><div class=\"uvc-heading-spacer no_spacer\" style=\"top\"><\/div><div class=\"uvc-main-heading ult-responsive\"  data-ultimate-target='.uvc-heading.ultimate-heading-255469e75318c5f5b h2'  data-responsive-json-new='{\"font-size\":\"\",\"line-height\":\"\"}' ><h2 style=\"--font-weight:theme;\">Formation au logiciel Statgraphics Sigma Express<\/h2><\/div><\/div>[vc_empty_space][\/vc_column][\/vc_row][vc_row][vc_column][\/vc_column][\/vc_row][vc_row][vc_column width=\u00a0\u00bb1\/3&Prime;][vc_btn title=\u00a0\u00bbFormulaire d&rsquo;inscription\u00a0\u00bb align=\u00a0\u00bbcenter\u00a0\u00bb link=\u00a0\u00bburl:http%3A%2F%2Ffrancestat.com%2Ftelecharg%2FFormation%2FInscription_Formation_Francestat.pdf|title:Formulaire%20d&rsquo;inscription\u00a0\u00bb][vc_btn title=\u00a0\u00bbDemande d&rsquo;informations\u00a0\u00bb align=\u00a0\u00bbcenter\u00a0\u00bb link=\u00a0\u00bburl:http%3A%2F%2Ffrancestat.com%2Findex.php%2Fcontact%2F|title:Demande%20d&rsquo;informations\u00a0\u00bb][\/vc_column][vc_column width=\u00a0\u00bb2\/3&Prime;][vc_column_text css=\u00a0\u00bb.vc_custom_1555259207992{background-color: #f4f4f4 !important;}\u00a0\u00bb]<span class=\"auto-style9\" lang=\"EN\">Exp\u00e9rimenter et ma\u00eetriser les principales possibilit\u00e9s du logiciel Stat<\/span><span class=\"auto-style9\">g<\/span><span class=\"auto-style9\" lang=\"EN\">raphics<\/span><span class=\"auto-style9\"> Sigma Express, add-in \u00e0 Microsoft Excel,<\/span><span class=\"auto-style9\" lang=\"EN\"> afin d&rsquo;\u00eatre autonome dans la gestion de donn\u00e9es, la mise en \u0153uvre des m\u00e9thodes requises lors de la pratique du Lean Six Sigma et la pr\u00e9sentation des r\u00e9sultats statistiques num\u00e9riques et graphiques.<\/span>[\/vc_column_text][\/vc_column][\/vc_row][vc_row][vc_column][vc_empty_space][vc_column_text css=\u00a0\u00bb.vc_custom_1742831343180{background-color: #f4f4f4 !important;}\u00a0\u00bb]<\/p>\n<ul>\n<li><strong>R\u00e9f\u00e9rence<\/strong> : FOR-EXPRESS<\/li>\n<li><strong>Dur\u00e9e<\/strong> : 2 jours, soit 14 heures en pr\u00e9sentiel<\/li>\n<li><strong>Tarif<\/strong> : 1300 \u20ac ht par inscrit (repas inclus)<\/li>\n<li><strong>Lieu<\/strong> : sur notre site (inter-entreprises) ou sur votre site (intra-entreprise)<\/li>\n<li><strong>Prochaines dates<\/strong> : nous contacter<\/li>\n<li><strong>Public concern\u00e9<\/strong> : toute personne souhaitant s&rsquo;initier \u00e0 l&rsquo;utilisation du logiciel Statgraphics Sigma Express et aux m\u00e9thodes du Lean Six Sigma<\/li>\n<li><strong>Population vis\u00e9e<\/strong> : techniciens, ing\u00e9nieurs, chercheurs<\/li>\n<li><strong>Pr\u00e9-requis<\/strong> : aucun pr\u00e9-requis n&rsquo;est n\u00e9cessaire pour suivre cette formation<\/li>\n<li><strong>M\u00e9thodes et moyens<\/strong> : explications th\u00e9oriques suivies d&rsquo;applications pratiques<\/li>\n<li><strong>M\u00e9thodes d&rsquo;\u00e9valuation des acquis<\/strong> : exercices r\u00e9guliers en cours de formation<\/li>\n<li><strong>Profil formateur<\/strong> : sp\u00e9cialiste des statistiques d\u00e9cisionnelles et industrielles en charge du support technique des logiciels Statgraphics<\/li>\n<li><strong>Support stagiaire<\/strong> : support de cours papier et fichiers des exercices<\/li>\n<\/ul>\n<p>[\/vc_column_text][vc_empty_space][\/vc_column][\/vc_row][vc_row][vc_column width=\u00a0\u00bb1\/2&Prime;][vc_column_text css=\u00a0\u00bb.vc_custom_1555316425364{background-color: #f4f4f4 !important;}\u00a0\u00bb]<strong>Introduction<\/strong><\/p>\n<p><strong>Installation et activation du logiciel<\/strong><\/p>\n<p><strong>Impl\u00e9mentation dans Microsoft Excel<\/strong><\/p>\n<ul>\n<li>Charger un mod\u00e8le pr\u00e9d\u00e9fini<\/li>\n<li>Renseigner un mod\u00e8le pr\u00e9d\u00e9fini<\/li>\n<li>S\u00e9lectionner une proc\u00e9dure d&rsquo;analyse<\/li>\n<li>La fen\u00eatre d&rsquo;analyse<\/li>\n<li>La barre des outils d&rsquo;analyse<\/li>\n<li>Les Statlets<\/li>\n<li>Transformer des donn\u00e9es<\/li>\n<li>S\u00e9lectionner des donn\u00e9es<\/li>\n<li>Enregistrer des donn\u00e9es<\/li>\n<li>Pr\u00e9f\u00e9rences du logiciel<\/li>\n<li>Guide de d\u00e9marrage<\/li>\n<li>Documentations des proc\u00e9dures<\/li>\n<\/ul>\n<p><b>Les graphiques<\/b><\/p>\n<ul>\n<li>Cr\u00e9er un graphique<\/li>\n<li>Modifier un graphique<\/li>\n<li>Copier un graphique dans la feuille Excel<\/li>\n<li>Copier un graphique dans d&rsquo;autres applications<\/li>\n<li>Les options graphiques<\/li>\n<li>Enregistrer un graphique<\/li>\n<li>Eparpiller un nuage de points<\/li>\n<li>Brosser un nuage de points<\/li>\n<li>Lisser un nuage de points<\/li>\n<li>Identifier des points<\/li>\n<\/ul>\n<p><strong>Les outils de la m\u00e9thodologie Lean Six Sigma (DMAIC)<\/strong><\/p>\n<p><strong>Phase D\u00e9finir<\/strong><\/p>\n<ul>\n<li>Matrice QFD<\/li>\n<li>Co\u00fbt d&rsquo;obtention de la qualit\u00e9<\/li>\n<li>Cartographie du processus<\/li>\n<li>Diagramme d&rsquo;affinit\u00e9s<\/li>\n<\/ul>\n<p>[\/vc_column_text][\/vc_column][vc_column width=\u00a0\u00bb1\/2&Prime;][vc_column_text css=\u00a0\u00bb.vc_custom_1555316464683{background-color: #f4f4f4 !important;}\u00a0\u00bb]<strong>Phase Mesurer<\/strong><\/p>\n<ul>\n<li>AMDEC<\/li>\n<li>Matrice des priorit\u00e9s<\/li>\n<li>Nuages de points<\/li>\n<li>Histogrammes d&rsquo;effectifs<\/li>\n<li>Bo\u00eetes \u00e0 moustaches<\/li>\n<li>Graphique de normalit\u00e9<\/li>\n<li>Graphique de donn\u00e9es s\u00e9quentielles<\/li>\n<li>D\u00e9termination de tailles d&rsquo;\u00e9chantillons<\/li>\n<li>Etude R&amp;R<\/li>\n<\/ul>\n<p><strong>Phase Analyser<\/strong><\/p>\n<ul>\n<li>Analyse \u00e0 une variable<\/li>\n<li>Comparaison de deux \u00e9chantillons<\/li>\n<li>Comparaison de plusieurs \u00e9chantillons<\/li>\n<li>Analyse de variance<\/li>\n<li>R\u00e9gression<\/li>\n<li>Analyse d&rsquo;aptitude<\/li>\n<li>Analyse de donn\u00e9es qualitatives<\/li>\n<\/ul>\n<p><strong>Phase Innover<\/strong><\/p>\n<ul>\n<li>Diagramme causes-effet<\/li>\n<li>AMDEC<\/li>\n<li>Cr\u00e9er et analyser un plan d&rsquo;exp\u00e9riences<\/li>\n<\/ul>\n<p><strong>Phase Contr\u00f4ler<\/strong><\/p>\n<ul>\n<li>Cartes de contr\u00f4le pour des mesures<\/li>\n<li>Cartes de contr\u00f4le pour des attributs<\/li>\n<li>Cartes MA<\/li>\n<li>Cartes EWMA<\/li>\n<\/ul>\n<p><strong>Outils compl\u00e9mentaires<\/strong><\/p>\n<ul>\n<li>Simulation Monte-Carlo<\/li>\n<li>Lois de probabilit\u00e9s<\/li>\n<li>Distributions d&rsquo;\u00e9chantillonnage<\/li>\n<li>Calculatrice Six Sigma<\/li>\n<\/ul>\n<p>[\/vc_column_text][\/vc_column][\/vc_row]<\/p>\n","protected":false},"excerpt":{"rendered":"<p>[vc_row][vc_column width=\u00a0\u00bb1\/3&Prime;][vc_empty_space][\/vc_column][vc_column width=\u00a0\u00bb2\/3&Prime;][vc_empty_space][\/vc_column][\/vc_row][vc_row][vc_column][\/vc_column][\/vc_row][vc_row][vc_column width=\u00a0\u00bb1\/3&Prime;][vc_btn title=\u00a0\u00bbFormulaire d&rsquo;inscription\u00a0\u00bb align=\u00a0\u00bbcenter\u00a0\u00bb link=\u00a0\u00bburl:http%3A%2F%2Ffrancestat.com%2Ftelecharg%2FFormation%2FInscription_Formation_Francestat.pdf|title:Formulaire%20d&rsquo;inscription\u00a0\u00bb][vc_btn title=\u00a0\u00bbDemande d&rsquo;informations\u00a0\u00bb align=\u00a0\u00bbcenter\u00a0\u00bb link=\u00a0\u00bburl:http%3A%2F%2Ffrancestat.com%2Findex.php%2Fcontact%2F|title:Demande%20d&rsquo;informations\u00a0\u00bb][\/vc_column][vc_column width=\u00a0\u00bb2\/3&Prime;][vc_column_text css=\u00a0\u00bb.vc_custom_1555259207992{background-color: #f4f4f4 !important;}\u00a0\u00bb]Exp\u00e9rimenter et ma\u00eetriser les principales possibilit\u00e9s du logiciel Statgraphics Sigma Express, add-in \u00e0 Microsoft Excel, afin d&rsquo;\u00eatre autonome dans la gestion de donn\u00e9es, la mise en \u0153uvre des m\u00e9thodes requises lors de la pratique du Lean Six Sigma et la&hellip;<\/p>\n","protected":false},"author":1,"featured_media":0,"parent":0,"menu_order":0,"comment_status":"closed","ping_status":"closed","template":"","meta":{"footnotes":""},"class_list":["post-2970","page","type-page","status-publish","hentry","description-off"],"yoast_head":"<!-- This site is optimized with the Yoast SEO plugin v27.4 - https:\/\/yoast.com\/product\/yoast-seo-wordpress\/ -->\n<title>Formation Statgraphics Sigma Express - FRANCESTAT<\/title>\n<meta name=\"description\" content=\"Exp\u00e9rimenter et ma\u00eetriser les principales possibilit\u00e9s du logiciel Statgraphics Sigma Express, add-in \u00e0 Microsoft Excel, dans le cadre de la d\u00e9marche du Lean Six Sigma.\" \/>\n<meta name=\"robots\" content=\"index, follow, max-snippet:-1, max-image-preview:large, max-video-preview:-1\" \/>\n<link rel=\"canonical\" href=\"https:\/\/francestat.com\/index.php\/formation_express\/\" \/>\n<meta property=\"og:locale\" content=\"fr_FR\" \/>\n<meta property=\"og:type\" content=\"article\" \/>\n<meta property=\"og:title\" content=\"Formation Statgraphics Sigma Express - FRANCESTAT\" \/>\n<meta property=\"og:description\" content=\"Exp\u00e9rimenter et ma\u00eetriser les principales possibilit\u00e9s du logiciel Statgraphics Sigma Express, add-in \u00e0 Microsoft Excel, dans le cadre de la d\u00e9marche du Lean Six Sigma.\" \/>\n<meta property=\"og:url\" content=\"https:\/\/francestat.com\/index.php\/formation_express\/\" \/>\n<meta property=\"og:site_name\" content=\"FRANCESTAT\" \/>\n<meta property=\"article:modified_time\" content=\"2025-03-24T15:49:06+00:00\" \/>\n<meta name=\"twitter:card\" content=\"summary_large_image\" \/>\n<meta name=\"twitter:label1\" content=\"Dur\u00e9e de lecture estim\u00e9e\" \/>\n\t<meta name=\"twitter:data1\" content=\"3 minutes\" \/>\n<script type=\"application\/ld+json\" class=\"yoast-schema-graph\">{\"@context\":\"https:\\\/\\\/schema.org\",\"@graph\":[{\"@type\":\"WebPage\",\"@id\":\"https:\\\/\\\/francestat.com\\\/index.php\\\/formation_express\\\/\",\"url\":\"https:\\\/\\\/francestat.com\\\/index.php\\\/formation_express\\\/\",\"name\":\"Formation Statgraphics Sigma Express - FRANCESTAT\",\"isPartOf\":{\"@id\":\"https:\\\/\\\/francestat.com\\\/#website\"},\"datePublished\":\"2019-04-14T15:51:35+00:00\",\"dateModified\":\"2025-03-24T15:49:06+00:00\",\"description\":\"Exp\u00e9rimenter et ma\u00eetriser les principales possibilit\u00e9s du logiciel Statgraphics Sigma Express, add-in \u00e0 Microsoft Excel, dans le cadre de la d\u00e9marche du Lean Six Sigma.\",\"breadcrumb\":{\"@id\":\"https:\\\/\\\/francestat.com\\\/index.php\\\/formation_express\\\/#breadcrumb\"},\"inLanguage\":\"fr-FR\",\"potentialAction\":[{\"@type\":\"ReadAction\",\"target\":[\"https:\\\/\\\/francestat.com\\\/index.php\\\/formation_express\\\/\"]}]},{\"@type\":\"BreadcrumbList\",\"@id\":\"https:\\\/\\\/francestat.com\\\/index.php\\\/formation_express\\\/#breadcrumb\",\"itemListElement\":[{\"@type\":\"ListItem\",\"position\":1,\"name\":\"Accueil\",\"item\":\"https:\\\/\\\/francestat.com\\\/\"},{\"@type\":\"ListItem\",\"position\":2,\"name\":\"Formation Statgraphics Sigma Express\"}]},{\"@type\":\"WebSite\",\"@id\":\"https:\\\/\\\/francestat.com\\\/#website\",\"url\":\"https:\\\/\\\/francestat.com\\\/\",\"name\":\"FRANCESTAT\",\"description\":\"Logiciels, formations et services statistiques\",\"publisher\":{\"@id\":\"https:\\\/\\\/francestat.com\\\/#organization\"},\"potentialAction\":[{\"@type\":\"SearchAction\",\"target\":{\"@type\":\"EntryPoint\",\"urlTemplate\":\"https:\\\/\\\/francestat.com\\\/?s={search_term_string}\"},\"query-input\":{\"@type\":\"PropertyValueSpecification\",\"valueRequired\":true,\"valueName\":\"search_term_string\"}}],\"inLanguage\":\"fr-FR\"},{\"@type\":\"Organization\",\"@id\":\"https:\\\/\\\/francestat.com\\\/#organization\",\"name\":\"FRANCESTAT\",\"url\":\"https:\\\/\\\/francestat.com\\\/\",\"logo\":{\"@type\":\"ImageObject\",\"inLanguage\":\"fr-FR\",\"@id\":\"https:\\\/\\\/francestat.com\\\/#\\\/schema\\\/logo\\\/image\\\/\",\"url\":\"https:\\\/\\\/francestat.com\\\/wp-content\\\/uploads\\\/2018\\\/05\\\/logo_horizontal_small_francestat.jpg\",\"contentUrl\":\"https:\\\/\\\/francestat.com\\\/wp-content\\\/uploads\\\/2018\\\/05\\\/logo_horizontal_small_francestat.jpg\",\"width\":155,\"height\":51,\"caption\":\"FRANCESTAT\"},\"image\":{\"@id\":\"https:\\\/\\\/francestat.com\\\/#\\\/schema\\\/logo\\\/image\\\/\"}}]}<\/script>\n<!-- \/ Yoast SEO plugin. -->","yoast_head_json":{"title":"Formation Statgraphics Sigma Express - FRANCESTAT","description":"Exp\u00e9rimenter et ma\u00eetriser les principales possibilit\u00e9s du logiciel Statgraphics Sigma Express, add-in \u00e0 Microsoft Excel, dans le cadre de la d\u00e9marche du Lean Six Sigma.","robots":{"index":"index","follow":"follow","max-snippet":"max-snippet:-1","max-image-preview":"max-image-preview:large","max-video-preview":"max-video-preview:-1"},"canonical":"https:\/\/francestat.com\/index.php\/formation_express\/","og_locale":"fr_FR","og_type":"article","og_title":"Formation Statgraphics Sigma Express - FRANCESTAT","og_description":"Exp\u00e9rimenter et ma\u00eetriser les principales possibilit\u00e9s du logiciel Statgraphics Sigma Express, add-in \u00e0 Microsoft Excel, dans le cadre de la d\u00e9marche du Lean Six Sigma.","og_url":"https:\/\/francestat.com\/index.php\/formation_express\/","og_site_name":"FRANCESTAT","article_modified_time":"2025-03-24T15:49:06+00:00","twitter_card":"summary_large_image","twitter_misc":{"Dur\u00e9e de lecture estim\u00e9e":"3 minutes"},"schema":{"@context":"https:\/\/schema.org","@graph":[{"@type":"WebPage","@id":"https:\/\/francestat.com\/index.php\/formation_express\/","url":"https:\/\/francestat.com\/index.php\/formation_express\/","name":"Formation Statgraphics Sigma Express - FRANCESTAT","isPartOf":{"@id":"https:\/\/francestat.com\/#website"},"datePublished":"2019-04-14T15:51:35+00:00","dateModified":"2025-03-24T15:49:06+00:00","description":"Exp\u00e9rimenter et ma\u00eetriser les principales possibilit\u00e9s du logiciel Statgraphics Sigma Express, add-in \u00e0 Microsoft Excel, dans le cadre de la d\u00e9marche du Lean Six Sigma.","breadcrumb":{"@id":"https:\/\/francestat.com\/index.php\/formation_express\/#breadcrumb"},"inLanguage":"fr-FR","potentialAction":[{"@type":"ReadAction","target":["https:\/\/francestat.com\/index.php\/formation_express\/"]}]},{"@type":"BreadcrumbList","@id":"https:\/\/francestat.com\/index.php\/formation_express\/#breadcrumb","itemListElement":[{"@type":"ListItem","position":1,"name":"Accueil","item":"https:\/\/francestat.com\/"},{"@type":"ListItem","position":2,"name":"Formation Statgraphics Sigma Express"}]},{"@type":"WebSite","@id":"https:\/\/francestat.com\/#website","url":"https:\/\/francestat.com\/","name":"FRANCESTAT","description":"Logiciels, formations et services statistiques","publisher":{"@id":"https:\/\/francestat.com\/#organization"},"potentialAction":[{"@type":"SearchAction","target":{"@type":"EntryPoint","urlTemplate":"https:\/\/francestat.com\/?s={search_term_string}"},"query-input":{"@type":"PropertyValueSpecification","valueRequired":true,"valueName":"search_term_string"}}],"inLanguage":"fr-FR"},{"@type":"Organization","@id":"https:\/\/francestat.com\/#organization","name":"FRANCESTAT","url":"https:\/\/francestat.com\/","logo":{"@type":"ImageObject","inLanguage":"fr-FR","@id":"https:\/\/francestat.com\/#\/schema\/logo\/image\/","url":"https:\/\/francestat.com\/wp-content\/uploads\/2018\/05\/logo_horizontal_small_francestat.jpg","contentUrl":"https:\/\/francestat.com\/wp-content\/uploads\/2018\/05\/logo_horizontal_small_francestat.jpg","width":155,"height":51,"caption":"FRANCESTAT"},"image":{"@id":"https:\/\/francestat.com\/#\/schema\/logo\/image\/"}}]}},"_links":{"self":[{"href":"https:\/\/francestat.com\/index.php\/wp-json\/wp\/v2\/pages\/2970","targetHints":{"allow":["GET"]}}],"collection":[{"href":"https:\/\/francestat.com\/index.php\/wp-json\/wp\/v2\/pages"}],"about":[{"href":"https:\/\/francestat.com\/index.php\/wp-json\/wp\/v2\/types\/page"}],"author":[{"embeddable":true,"href":"https:\/\/francestat.com\/index.php\/wp-json\/wp\/v2\/users\/1"}],"replies":[{"embeddable":true,"href":"https:\/\/francestat.com\/index.php\/wp-json\/wp\/v2\/comments?post=2970"}],"version-history":[{"count":31,"href":"https:\/\/francestat.com\/index.php\/wp-json\/wp\/v2\/pages\/2970\/revisions"}],"predecessor-version":[{"id":6683,"href":"https:\/\/francestat.com\/index.php\/wp-json\/wp\/v2\/pages\/2970\/revisions\/6683"}],"wp:attachment":[{"href":"https:\/\/francestat.com\/index.php\/wp-json\/wp\/v2\/media?parent=2970"}],"curies":[{"name":"wp","href":"https:\/\/api.w.org\/{rel}","templated":true}]}}