{"id":3151,"date":"2019-05-12T18:08:36","date_gmt":"2019-05-12T16:08:36","guid":{"rendered":"http:\/\/francestat.com\/?page_id=3151"},"modified":"2024-07-12T15:13:56","modified_gmt":"2024-07-12T13:13:56","slug":"modde","status":"publish","type":"page","link":"https:\/\/francestat.com\/index.php\/modde\/","title":{"rendered":"MODDE Pro"},"content":{"rendered":"<p>[vc_row][vc_column width=\u00a0\u00bb1\/4&Prime;][vc_column_text][\/vc_column_text][\/vc_column][vc_column width=\u00a0\u00bb3\/4&Prime;]<div id=\"ultimate-heading-641769ded793ada51\" class=\"uvc-heading ult-adjust-bottom-margin ultimate-heading-641769ded793ada51 uvc-4046  uvc-heading-default-font-sizes\" data-hspacer=\"no_spacer\"  data-halign=\"center\" style=\"text-align:center\"><div class=\"uvc-heading-spacer no_spacer\" style=\"top\"><\/div><div class=\"uvc-main-heading ult-responsive\"  data-ultimate-target='.uvc-heading.ultimate-heading-641769ded793ada51 h2'  data-responsive-json-new='{\"font-size\":\"\",\"line-height\":\"\"}' ><h2 style=\"--font-weight:theme;\">Logiciel MODDE Pro 13.1<\/h2><\/div><\/div>[vc_empty_space][\/vc_column][\/vc_row][vc_row][vc_column width=\u00a0\u00bb1\/4&Prime;][vc_single_image image=\u00a0\u00bb3168&Prime; alignment=\u00a0\u00bbcenter\u00a0\u00bb][vc_empty_space height=\u00a0\u00bb10px\u00a0\u00bb][vc_btn title=\u00a0\u00bbBrochure Modde Pro version 13&Prime; align=\u00a0\u00bbcenter\u00a0\u00bb link=\u00a0\u00bburl:http%3A%2F%2Fwww.francestat.com%2Ftelecharg%2FModde%2FBrochure_MODDE13.pdf\u00a0\u00bb][vc_empty_space height=\u00a0\u00bb10px\u00a0\u00bb][vc_btn title=\u00a0\u00bbNouveaut\u00e9s version 13&Prime; align=\u00a0\u00bbcenter\u00a0\u00bb link=\u00a0\u00bburl:http%3A%2F%2Fwww.francestat.com%2Ftelecharg%2FModde%2FNouveautes_MODDE13.pdf\u00a0\u00bb][vc_empty_space height=\u00a0\u00bb10px\u00a0\u00bb][vc_btn title=\u00a0\u00bbFonctionnalit\u00e9s version 13&Prime; align=\u00a0\u00bbcenter\u00a0\u00bb link=\u00a0\u00bburl:http%3A%2F%2Fwww.francestat.com%2Ftelecharg%2FModde%2FFiche_Technique_MODDE13.pdf\u00a0\u00bb][vc_empty_space height=\u00a0\u00bb10px\u00a0\u00bb][vc_btn title=\u00a0\u00bbDOE EduPack\u00a0\u00bb align=\u00a0\u00bbcenter\u00a0\u00bb link=\u00a0\u00bburl:http%3A%2F%2Fwww.francestat.com%2Ftelecharg%2FModde%2FDOE%20EduPack.pdf\u00a0\u00bb][vc_empty_space height=\u00a0\u00bb10px\u00a0\u00bb][vc_btn title=\u00a0\u00bbFormation\u00a0\u00bb align=\u00a0\u00bbcenter\u00a0\u00bb link=\u00a0\u00bburl:http%3A%2F%2Ffrancestat.com%2Findex.php%2Fformation_modde%2F|title:Formation%20MODDE\u00a0\u00bb][vc_empty_space height=\u00a0\u00bb10px\u00a0\u00bb][vc_btn title=\u00a0\u00bbVersion d&rsquo;\u00e9valuation\u00a0\u00bb align=\u00a0\u00bbcenter\u00a0\u00bb link=\u00a0\u00bburl:http%3A%2F%2Ffrancestat.com%2Findex.php%2Ftelechargement%2F\u00a0\u00bb][vc_empty_space height=\u00a0\u00bb10px\u00a0\u00bb][vc_btn title=\u00a0\u00bbDemande de contact\u00a0\u00bb align=\u00a0\u00bbcenter\u00a0\u00bb link=\u00a0\u00bburl:https%3A%2F%2Ffrancestat.com%2Findex.php%2Fcontact%2F|title:Demande%20de%20contact\u00a0\u00bb][\/vc_column][vc_column width=\u00a0\u00bb3\/4&Prime;][vc_column_text css=\u00a0\u00bb.vc_custom_1693754438761{background-color: #f4f4f4 !important;}\u00a0\u00bb]<span style=\"margin: 0px; color: black; font-family: 'Helvetica',sans-serif; font-size: 10pt;\"><strong>Un logiciel d\u2019analyse de plans d\u2019exp\u00e9riences qui acc\u00e9l\u00e8re le progr\u00e8s<\/strong><\/span><\/p>\n<p><span style=\"margin: 0px; color: black; font-family: 'Helvetica',sans-serif; font-size: 10pt;\">Un plan d\u2019exp\u00e9riences constitue l\u2019approche la plus rapide et la plus efficace pour la r\u00e9alisation d\u2019essais exp\u00e9rimentaux, l\u2019augmentation de la productivit\u00e9 et la validation d\u2019id\u00e9es nouvelles en R&amp;D ou en production. Avec MODDE, vous pouvez rapidement utiliser toute la puissance des plans d\u2019exp\u00e9riences sans un long apprentissage. Cela vous permet d\u2019obtenir les gains et b\u00e9n\u00e9fices attendus plus rapidement. Quel que soit le secteur (chimie, pharmacie, agro-industrie, cosm\u00e9tique, plasturgie), MODDE vous permet d\u2019avancer plus rapidement.<\/span>[\/vc_column_text][vc_empty_space height=\u00a0\u00bb10px\u00a0\u00bb][vc_column_text css=\u00a0\u00bb.vc_custom_1693754452289{background-color: #f4f4f4 !important;}\u00a0\u00bb]<span style=\"margin: 0px; color: black; font-family: 'Helvetica',sans-serif; font-size: 10pt;\"><strong>Demandez plus et d\u00e9livrez plus avec MODDE<\/strong><\/span><\/p>\n<p><span style=\"margin: 0px; color: black; font-family: 'Helvetica',sans-serif; font-size: 10pt;\">MODDE est plus qu\u2019un logiciel de plans d\u2019exp\u00e9riences. Ses assistants et ses m\u00e9triques de qualit\u00e9 apportent aux utilisateurs la certitude de faire les meilleurs choix exp\u00e9rimentaux et la garantie d\u2019obtenir les r\u00e9sultats les plus pertinents. MODDE est con\u00e7u pour aider les exp\u00e9rimentateurs \u00e0 bien utiliser les plans d\u2019exp\u00e9riences d\u00e8s le d\u00e9but du projet. Par une approche adapt\u00e9e des plans d\u2019exp\u00e9rience \u00e0 la r\u00e9solution des probl\u00e8mes, le logiciel permet :<\/span><\/p>\n<ul>\n<li><span style=\"margin: 0px; color: black; font-family: 'Helvetica',sans-serif; font-size: 10pt;\">Une r\u00e9duction significative des co\u00fbts exp\u00e9rimentaux<\/span><\/li>\n<li><span style=\"margin: 0px; color: black; font-family: 'Helvetica',sans-serif; font-size: 10pt;\">D\u2019\u00e9tudier le risque associ\u00e9 aux projets et d\u2019accro\u00eetre les taux de succ\u00e8s<\/span><\/li>\n<li><span style=\"margin: 0px; color: black; font-family: 'Helvetica',sans-serif; font-size: 10pt;\">D\u2019obtenir le plus possible des \u00e9chantillons exp\u00e9rimentaux, des mati\u00e8res premi\u00e8res et des ressources humaines<\/span><\/li>\n<li><span style=\"margin: 0px; color: black; font-family: 'Helvetica',sans-serif; font-size: 10pt;\">D\u2019acc\u00e9l\u00e9rer le progr\u00e8s, de r\u00e9duire le temps de mise sur le march\u00e9 tout en respectant les contraintes budg\u00e9taires<\/span><\/li>\n<li><span style=\"margin: 0px; color: black; font-family: 'Helvetica',sans-serif; font-size: 10pt;\">D\u2019atteindre les objectifs de qualit\u00e9 et de respecter les r\u00e8gles du \u2018Quality by Design\u2019 (QbD)<\/span><\/li>\n<\/ul>\n<p>[\/vc_column_text][vc_empty_space height=\u00a0\u00bb10px\u00a0\u00bb][vc_single_image image=\u00a0\u00bb3928&Prime; img_size=\u00a0\u00bblarge\u00a0\u00bb alignment=\u00a0\u00bbcenter\u00a0\u00bb css=\u00a0\u00bb.vc_custom_1615198741154{background-color: #f4f4f4 !important;}\u00a0\u00bb][vc_empty_space height=\u00a0\u00bb10px\u00a0\u00bb][vc_column_text css=\u00a0\u00bb.vc_custom_1693754555690{background-color: #f4f4f4 !important;}\u00a0\u00bb]<\/p>\n<ul>\n<li><span style=\"margin: 0px; color: black; font-family: 'Helvetica',sans-serif; font-size: 10pt;\">Assistant automatique d\u2019analyse<\/span><\/li>\n<li><span style=\"margin: 0px; color: black; font-family: 'Helvetica',sans-serif; font-size: 10pt;\">Identification de l\u2019optimum robuste<\/span><\/li>\n<li><span style=\"margin: 0px; color: black; font-family: 'Helvetica',sans-serif; font-size: 10pt;\">Analyse du point de consigne avec estimation du risque<\/span><\/li>\n<li><span style=\"margin: 0px; color: black; font-family: 'Helvetica',sans-serif; font-size: 10pt;\">Visualisation de l\u2019espace de conception (Design Space)<\/span><\/li>\n<li><span style=\"margin: 0px; color: black; font-family: 'Helvetica',sans-serif; font-size: 10pt;\">Plans d\u2019exp\u00e9riences GSD (Generalized Subset Designs) pour la calibration multivari\u00e9e<\/span><\/li>\n<li><span style=\"margin: 0px; color: black; font-family: 'Helvetica',sans-serif; font-size: 10pt;\">Configuration du plan d\u2019exp\u00e9riences pour les tests de stabilit\u00e9<\/span><\/li>\n<\/ul>\n<p>[\/vc_column_text][vc_empty_space height=\u00a0\u00bb10px\u00a0\u00bb][vc_single_image image=\u00a0\u00bb3929&Prime; img_size=\u00a0\u00bblarge\u00a0\u00bb alignment=\u00a0\u00bbcenter\u00a0\u00bb css=\u00a0\u00bb.vc_custom_1615198818186{background-color: #f4f4f4 !important;}\u00a0\u00bb][vc_empty_space height=\u00a0\u00bb10px\u00a0\u00bb][vc_column_text css=\u00a0\u00bb.vc_custom_1693754467495{background-color: #f4f4f4 !important;}\u00a0\u00bb]<span style=\"margin: 0px; color: black; font-family: 'Helvetica',sans-serif; font-size: 10pt;\"><strong>R\u00e9duisez le risque d&rsquo;\u00e9chec et fa\u00eetes en sorte que chaque exp\u00e9rience compte<\/strong><\/span><\/p>\n<p><span style=\"margin: 0px; color: black; font-family: 'Helvetica',sans-serif; font-size: 10pt;\">Les exp\u00e9riences co\u00fbtent cher. Un mauvais plan d\u2019exp\u00e9riences ou une erreur \u00e0 n&rsquo;importe quelle \u00e9tape peut gaspiller des mati\u00e8res premi\u00e8res, du temps et des ressources pr\u00e9cieuses. Avec MODDE, vous n\u2019avez pas besoin d\u2019\u00eatre un statisticien expert pour concevoir, ex\u00e9cuter et analyser des plans d\u2019exp\u00e9riences. Les experts qui ont d\u00e9velopp\u00e9 MODDE ont condens\u00e9 leurs ann\u00e9es d&rsquo;exp\u00e9rience dans des assistants utiles, des proc\u00e9dures automatis\u00e9es et des visualisations de donn\u00e9es informatives qui acc\u00e9l\u00e8rent le progr\u00e8s et guident les exp\u00e9rimentateurs vers les meilleurs r\u00e9sultats. C\u2019est comme avoir un consultant expert \u00e0 vos c\u00f4t\u00e9s tout le temps.<\/span>[\/vc_column_text][vc_empty_space height=\u00a0\u00bb10px\u00a0\u00bb][vc_single_image image=\u00a0\u00bb3930&Prime; img_size=\u00a0\u00bblarge\u00a0\u00bb alignment=\u00a0\u00bbcenter\u00a0\u00bb css=\u00a0\u00bb.vc_custom_1615198887766{background-color: #f4f4f4 !important;}\u00a0\u00bb][vc_empty_space height=\u00a0\u00bb10px\u00a0\u00bb][vc_column_text css=\u00a0\u00bb.vc_custom_1693754479544{background-color: #f4f4f4 !important;}\u00a0\u00bb]<span style=\"margin: 0px; color: black; font-family: 'Helvetica',sans-serif; font-size: 10pt;\"><strong>Trouvez les solutions qui r\u00e9pondent \u00e0 tous vos objectifs<\/strong><\/span><\/p>\n<p><span style=\"margin: 0px; color: black; font-family: 'Helvetica',sans-serif; font-size: 10pt;\">MODDE prend en compte vos objectifs et priorit\u00e9s sp\u00e9cifiques. Les outils d\u2019analyse disponibles appliquent automatiquement une estimation des risques \u00e0 vos options en fonction du degr\u00e9 d&rsquo;incertitude que vous jugez acceptable. Si vous travaillez dans un secteur hautement r\u00e9glement\u00e9, MODDE vous guide vers les param\u00e8tres de fonctionnement qui offrent une marge de s\u00e9curit\u00e9 acceptable. Si un petit changement dans les conditions de processus peut permettre de r\u00e9aliser d&rsquo;importantes \u00e9conomies, MODDE vous aide \u00e0 comparer l&rsquo;impact de chaque option.<\/span>[\/vc_column_text][vc_empty_space height=\u00a0\u00bb10px\u00a0\u00bb][vc_single_image image=\u00a0\u00bb3931&Prime; img_size=\u00a0\u00bblarge\u00a0\u00bb alignment=\u00a0\u00bbcenter\u00a0\u00bb css=\u00a0\u00bb.vc_custom_1615198967305{background-color: #f4f4f4 !important;}\u00a0\u00bb][vc_empty_space height=\u00a0\u00bb10px\u00a0\u00bb][vc_column_text css=\u00a0\u00bb.vc_custom_1693754490088{background-color: #f4f4f4 !important;}\u00a0\u00bb]<span style=\"margin: 0px; color: black; font-family: 'Helvetica',sans-serif; font-size: 10pt;\"><strong>Une assistance \u00e0 la r\u00e9alisation des plans d\u2019exp\u00e9riences \u00e0 chaque \u00e9tape<\/strong><\/span><\/p>\n<p><span style=\"margin: 0px; color: black; font-family: 'Helvetica',sans-serif; font-size: 10pt;\">MODDE permet l\u2019optimisation des mod\u00e8les via un assistant qui aide les scientifiques et les ing\u00e9nieurs \u00e0 am\u00e9liorer les processus, \u00e0 r\u00e9duire les rebuts et \u00e0 optimiser le rendement des processus en utilisant une approche permettant de ma\u00eetriser les risques. Avec ses assistants de conception et d&rsquo;analyse, MODDE fournit des conseils complets tout au long de vos investigations, depuis la phase de criblage jusqu\u2019\u00e0 l&rsquo;optimisation. Les fonctions et les personnalisations les plus fr\u00e9quemment utilis\u00e9es sont accessibles dans le volet des propri\u00e9t\u00e9s, ce qui facilite plus que jamais la r\u00e9alisation d\u2019un plan d\u2019exp\u00e9riences r\u00e9ussi.<\/span>[\/vc_column_text][vc_empty_space height=\u00a0\u00bb10px\u00a0\u00bb][vc_single_image image=\u00a0\u00bb3932&Prime; img_size=\u00a0\u00bblarge\u00a0\u00bb alignment=\u00a0\u00bbcenter\u00a0\u00bb css=\u00a0\u00bb.vc_custom_1615199032406{background-color: #f4f4f4 !important;}\u00a0\u00bb][vc_empty_space height=\u00a0\u00bb10px\u00a0\u00bb][\/vc_column][\/vc_row][vc_row][vc_column][vc_column_text][\/vc_column_text][\/vc_column][\/vc_row]<\/p>\n","protected":false},"excerpt":{"rendered":"<p>[vc_row][vc_column width=\u00a0\u00bb1\/4&Prime;][vc_column_text][\/vc_column_text][\/vc_column][vc_column width=\u00a0\u00bb3\/4&Prime;][vc_empty_space][\/vc_column][\/vc_row][vc_row][vc_column width=\u00a0\u00bb1\/4&Prime;][vc_single_image image=\u00a0\u00bb3168&Prime; alignment=\u00a0\u00bbcenter\u00a0\u00bb][vc_empty_space height=\u00a0\u00bb10px\u00a0\u00bb][vc_btn title=\u00a0\u00bbBrochure Modde Pro version 13&Prime; align=\u00a0\u00bbcenter\u00a0\u00bb link=\u00a0\u00bburl:http%3A%2F%2Fwww.francestat.com%2Ftelecharg%2FModde%2FBrochure_MODDE13.pdf\u00a0\u00bb][vc_empty_space height=\u00a0\u00bb10px\u00a0\u00bb][vc_btn title=\u00a0\u00bbNouveaut\u00e9s version 13&Prime; align=\u00a0\u00bbcenter\u00a0\u00bb link=\u00a0\u00bburl:http%3A%2F%2Fwww.francestat.com%2Ftelecharg%2FModde%2FNouveautes_MODDE13.pdf\u00a0\u00bb][vc_empty_space height=\u00a0\u00bb10px\u00a0\u00bb][vc_btn title=\u00a0\u00bbFonctionnalit\u00e9s version 13&Prime; align=\u00a0\u00bbcenter\u00a0\u00bb link=\u00a0\u00bburl:http%3A%2F%2Fwww.francestat.com%2Ftelecharg%2FModde%2FFiche_Technique_MODDE13.pdf\u00a0\u00bb][vc_empty_space height=\u00a0\u00bb10px\u00a0\u00bb][vc_btn title=\u00a0\u00bbDOE EduPack\u00a0\u00bb align=\u00a0\u00bbcenter\u00a0\u00bb link=\u00a0\u00bburl:http%3A%2F%2Fwww.francestat.com%2Ftelecharg%2FModde%2FDOE%20EduPack.pdf\u00a0\u00bb][vc_empty_space height=\u00a0\u00bb10px\u00a0\u00bb][vc_btn title=\u00a0\u00bbFormation\u00a0\u00bb align=\u00a0\u00bbcenter\u00a0\u00bb link=\u00a0\u00bburl:http%3A%2F%2Ffrancestat.com%2Findex.php%2Fformation_modde%2F|title:Formation%20MODDE\u00a0\u00bb][vc_empty_space height=\u00a0\u00bb10px\u00a0\u00bb][vc_btn title=\u00a0\u00bbVersion d&rsquo;\u00e9valuation\u00a0\u00bb align=\u00a0\u00bbcenter\u00a0\u00bb link=\u00a0\u00bburl:http%3A%2F%2Ffrancestat.com%2Findex.php%2Ftelechargement%2F\u00a0\u00bb][vc_empty_space height=\u00a0\u00bb10px\u00a0\u00bb][vc_btn title=\u00a0\u00bbDemande de contact\u00a0\u00bb align=\u00a0\u00bbcenter\u00a0\u00bb link=\u00a0\u00bburl:https%3A%2F%2Ffrancestat.com%2Findex.php%2Fcontact%2F|title:Demande%20de%20contact\u00a0\u00bb][\/vc_column][vc_column width=\u00a0\u00bb3\/4&Prime;][vc_column_text css=\u00a0\u00bb.vc_custom_1693754438761{background-color: #f4f4f4 !important;}\u00a0\u00bb]Un logiciel d\u2019analyse de plans d\u2019exp\u00e9riences&hellip;<\/p>\n","protected":false},"author":1,"featured_media":0,"parent":0,"menu_order":0,"comment_status":"closed","ping_status":"closed","template":"","meta":{"footnotes":""},"class_list":["post-3151","page","type-page","status-publish","hentry","description-off"],"yoast_head":"<!-- This site is optimized with the Yoast SEO plugin v27.4 - https:\/\/yoast.com\/product\/yoast-seo-wordpress\/ -->\n<title>MODDE Pro - FRANCESTAT<\/title>\n<meta name=\"description\" content=\"MODDE Pro est un logiciel permettant la mise en oeuvre et l&#039;analyse de plans d&#039;exp\u00e9riences (criblage, surface de r\u00e9ponse, m\u00e9lange, ...) et le Quality by Design (QbD).\" \/>\n<meta name=\"robots\" content=\"index, follow, max-snippet:-1, max-image-preview:large, max-video-preview:-1\" \/>\n<link rel=\"canonical\" href=\"https:\/\/francestat.com\/index.php\/modde\/\" \/>\n<meta property=\"og:locale\" content=\"fr_FR\" \/>\n<meta property=\"og:type\" content=\"article\" \/>\n<meta property=\"og:title\" content=\"MODDE Pro - FRANCESTAT\" \/>\n<meta property=\"og:description\" content=\"MODDE Pro est un logiciel permettant la mise en oeuvre et l&#039;analyse de plans d&#039;exp\u00e9riences (criblage, surface de r\u00e9ponse, m\u00e9lange, ...) et le Quality by Design (QbD).\" \/>\n<meta property=\"og:url\" content=\"https:\/\/francestat.com\/index.php\/modde\/\" \/>\n<meta property=\"og:site_name\" content=\"FRANCESTAT\" \/>\n<meta property=\"article:modified_time\" content=\"2024-07-12T13:13:56+00:00\" \/>\n<meta name=\"twitter:card\" content=\"summary_large_image\" \/>\n<meta name=\"twitter:label1\" content=\"Dur\u00e9e de lecture estim\u00e9e\" \/>\n\t<meta name=\"twitter:data1\" content=\"5 minutes\" \/>\n<script type=\"application\/ld+json\" class=\"yoast-schema-graph\">{\"@context\":\"https:\\\/\\\/schema.org\",\"@graph\":[{\"@type\":\"WebPage\",\"@id\":\"https:\\\/\\\/francestat.com\\\/index.php\\\/modde\\\/\",\"url\":\"https:\\\/\\\/francestat.com\\\/index.php\\\/modde\\\/\",\"name\":\"MODDE Pro - FRANCESTAT\",\"isPartOf\":{\"@id\":\"https:\\\/\\\/francestat.com\\\/#website\"},\"datePublished\":\"2019-05-12T16:08:36+00:00\",\"dateModified\":\"2024-07-12T13:13:56+00:00\",\"description\":\"MODDE Pro est un logiciel permettant la mise en oeuvre et l'analyse de plans d'exp\u00e9riences (criblage, surface de r\u00e9ponse, m\u00e9lange, ...) et le Quality by Design (QbD).\",\"breadcrumb\":{\"@id\":\"https:\\\/\\\/francestat.com\\\/index.php\\\/modde\\\/#breadcrumb\"},\"inLanguage\":\"fr-FR\",\"potentialAction\":[{\"@type\":\"ReadAction\",\"target\":[\"https:\\\/\\\/francestat.com\\\/index.php\\\/modde\\\/\"]}]},{\"@type\":\"BreadcrumbList\",\"@id\":\"https:\\\/\\\/francestat.com\\\/index.php\\\/modde\\\/#breadcrumb\",\"itemListElement\":[{\"@type\":\"ListItem\",\"position\":1,\"name\":\"Accueil\",\"item\":\"https:\\\/\\\/francestat.com\\\/\"},{\"@type\":\"ListItem\",\"position\":2,\"name\":\"MODDE Pro\"}]},{\"@type\":\"WebSite\",\"@id\":\"https:\\\/\\\/francestat.com\\\/#website\",\"url\":\"https:\\\/\\\/francestat.com\\\/\",\"name\":\"FRANCESTAT\",\"description\":\"Logiciels, formations et services statistiques\",\"publisher\":{\"@id\":\"https:\\\/\\\/francestat.com\\\/#organization\"},\"potentialAction\":[{\"@type\":\"SearchAction\",\"target\":{\"@type\":\"EntryPoint\",\"urlTemplate\":\"https:\\\/\\\/francestat.com\\\/?s={search_term_string}\"},\"query-input\":{\"@type\":\"PropertyValueSpecification\",\"valueRequired\":true,\"valueName\":\"search_term_string\"}}],\"inLanguage\":\"fr-FR\"},{\"@type\":\"Organization\",\"@id\":\"https:\\\/\\\/francestat.com\\\/#organization\",\"name\":\"FRANCESTAT\",\"url\":\"https:\\\/\\\/francestat.com\\\/\",\"logo\":{\"@type\":\"ImageObject\",\"inLanguage\":\"fr-FR\",\"@id\":\"https:\\\/\\\/francestat.com\\\/#\\\/schema\\\/logo\\\/image\\\/\",\"url\":\"https:\\\/\\\/francestat.com\\\/wp-content\\\/uploads\\\/2018\\\/05\\\/logo_horizontal_small_francestat.jpg\",\"contentUrl\":\"https:\\\/\\\/francestat.com\\\/wp-content\\\/uploads\\\/2018\\\/05\\\/logo_horizontal_small_francestat.jpg\",\"width\":155,\"height\":51,\"caption\":\"FRANCESTAT\"},\"image\":{\"@id\":\"https:\\\/\\\/francestat.com\\\/#\\\/schema\\\/logo\\\/image\\\/\"}}]}<\/script>\n<!-- \/ Yoast SEO plugin. -->","yoast_head_json":{"title":"MODDE Pro - FRANCESTAT","description":"MODDE Pro est un logiciel permettant la mise en oeuvre et l'analyse de plans d'exp\u00e9riences (criblage, surface de r\u00e9ponse, m\u00e9lange, ...) et le Quality by Design (QbD).","robots":{"index":"index","follow":"follow","max-snippet":"max-snippet:-1","max-image-preview":"max-image-preview:large","max-video-preview":"max-video-preview:-1"},"canonical":"https:\/\/francestat.com\/index.php\/modde\/","og_locale":"fr_FR","og_type":"article","og_title":"MODDE Pro - FRANCESTAT","og_description":"MODDE Pro est un logiciel permettant la mise en oeuvre et l'analyse de plans d'exp\u00e9riences (criblage, surface de r\u00e9ponse, m\u00e9lange, ...) et le Quality by Design (QbD).","og_url":"https:\/\/francestat.com\/index.php\/modde\/","og_site_name":"FRANCESTAT","article_modified_time":"2024-07-12T13:13:56+00:00","twitter_card":"summary_large_image","twitter_misc":{"Dur\u00e9e de lecture estim\u00e9e":"5 minutes"},"schema":{"@context":"https:\/\/schema.org","@graph":[{"@type":"WebPage","@id":"https:\/\/francestat.com\/index.php\/modde\/","url":"https:\/\/francestat.com\/index.php\/modde\/","name":"MODDE Pro - FRANCESTAT","isPartOf":{"@id":"https:\/\/francestat.com\/#website"},"datePublished":"2019-05-12T16:08:36+00:00","dateModified":"2024-07-12T13:13:56+00:00","description":"MODDE Pro est un logiciel permettant la mise en oeuvre et l'analyse de plans d'exp\u00e9riences (criblage, surface de r\u00e9ponse, m\u00e9lange, ...) et le Quality by Design (QbD).","breadcrumb":{"@id":"https:\/\/francestat.com\/index.php\/modde\/#breadcrumb"},"inLanguage":"fr-FR","potentialAction":[{"@type":"ReadAction","target":["https:\/\/francestat.com\/index.php\/modde\/"]}]},{"@type":"BreadcrumbList","@id":"https:\/\/francestat.com\/index.php\/modde\/#breadcrumb","itemListElement":[{"@type":"ListItem","position":1,"name":"Accueil","item":"https:\/\/francestat.com\/"},{"@type":"ListItem","position":2,"name":"MODDE Pro"}]},{"@type":"WebSite","@id":"https:\/\/francestat.com\/#website","url":"https:\/\/francestat.com\/","name":"FRANCESTAT","description":"Logiciels, formations et services statistiques","publisher":{"@id":"https:\/\/francestat.com\/#organization"},"potentialAction":[{"@type":"SearchAction","target":{"@type":"EntryPoint","urlTemplate":"https:\/\/francestat.com\/?s={search_term_string}"},"query-input":{"@type":"PropertyValueSpecification","valueRequired":true,"valueName":"search_term_string"}}],"inLanguage":"fr-FR"},{"@type":"Organization","@id":"https:\/\/francestat.com\/#organization","name":"FRANCESTAT","url":"https:\/\/francestat.com\/","logo":{"@type":"ImageObject","inLanguage":"fr-FR","@id":"https:\/\/francestat.com\/#\/schema\/logo\/image\/","url":"https:\/\/francestat.com\/wp-content\/uploads\/2018\/05\/logo_horizontal_small_francestat.jpg","contentUrl":"https:\/\/francestat.com\/wp-content\/uploads\/2018\/05\/logo_horizontal_small_francestat.jpg","width":155,"height":51,"caption":"FRANCESTAT"},"image":{"@id":"https:\/\/francestat.com\/#\/schema\/logo\/image\/"}}]}},"_links":{"self":[{"href":"https:\/\/francestat.com\/index.php\/wp-json\/wp\/v2\/pages\/3151","targetHints":{"allow":["GET"]}}],"collection":[{"href":"https:\/\/francestat.com\/index.php\/wp-json\/wp\/v2\/pages"}],"about":[{"href":"https:\/\/francestat.com\/index.php\/wp-json\/wp\/v2\/types\/page"}],"author":[{"embeddable":true,"href":"https:\/\/francestat.com\/index.php\/wp-json\/wp\/v2\/users\/1"}],"replies":[{"embeddable":true,"href":"https:\/\/francestat.com\/index.php\/wp-json\/wp\/v2\/comments?post=3151"}],"version-history":[{"count":56,"href":"https:\/\/francestat.com\/index.php\/wp-json\/wp\/v2\/pages\/3151\/revisions"}],"predecessor-version":[{"id":6413,"href":"https:\/\/francestat.com\/index.php\/wp-json\/wp\/v2\/pages\/3151\/revisions\/6413"}],"wp:attachment":[{"href":"https:\/\/francestat.com\/index.php\/wp-json\/wp\/v2\/media?parent=3151"}],"curies":[{"name":"wp","href":"https:\/\/api.w.org\/{rel}","templated":true}]}}