{"id":3267,"date":"2019-06-07T15:51:12","date_gmt":"2019-06-07T13:51:12","guid":{"rendered":"http:\/\/francestat.com\/?page_id=3267"},"modified":"2025-04-26T10:31:27","modified_gmt":"2025-04-26T08:31:27","slug":"formation_modde","status":"publish","type":"page","link":"https:\/\/francestat.com\/index.php\/formation_modde\/","title":{"rendered":"Formation MODDE"},"content":{"rendered":"<p>[vc_row][vc_column width=\u00a0\u00bb1\/3&Prime;][vc_empty_space][\/vc_column][vc_column width=\u00a0\u00bb2\/3&Prime;]<div id=\"ultimate-heading-845469e1e665e84fe\" class=\"uvc-heading ult-adjust-bottom-margin ultimate-heading-845469e1e665e84fe uvc-3924  uvc-heading-default-font-sizes\" data-hspacer=\"no_spacer\"  data-halign=\"center\" style=\"text-align:center\"><div class=\"uvc-heading-spacer no_spacer\" style=\"top\"><\/div><div class=\"uvc-main-heading ult-responsive\"  data-ultimate-target='.uvc-heading.ultimate-heading-845469e1e665e84fe h2'  data-responsive-json-new='{\"font-size\":\"\",\"line-height\":\"\"}' ><h2 style=\"--font-weight:theme;\">Formation au logiciel MODDE Pro<\/h2><\/div><\/div>[vc_empty_space][\/vc_column][\/vc_row][vc_row][vc_column width=\u00a0\u00bb1\/3&Prime;][vc_btn title=\u00a0\u00bbFormulaire d&rsquo;inscription\u00a0\u00bb align=\u00a0\u00bbcenter\u00a0\u00bb link=\u00a0\u00bburl:http%3A%2F%2Ffrancestat.com%2Ftelecharg%2FFormation%2FInscription_Formation_Francestat.pdf|title:Formulaire%20d&rsquo;inscription\u00a0\u00bb][vc_btn title=\u00a0\u00bbDemande d&rsquo;informations\u00a0\u00bb align=\u00a0\u00bbcenter\u00a0\u00bb link=\u00a0\u00bburl:http%3A%2F%2Ffrancestat.com%2Findex.php%2Fcontact%2F|title:Demande%20d&rsquo;informations\u00a0\u00bb][\/vc_column][vc_column width=\u00a0\u00bb2\/3&Prime;][vc_column_text css=\u00a0\u00bb.vc_custom_1684247679949{background-color: #f4f4f4 !important;}\u00a0\u00bb]Exp\u00e9rimenter et ma\u00eetriser les possibilit\u00e9s du logiciel MODDE Pro, comprendre et mettre en oeuvre les m\u00e9thodes de construction et d\u2019analyse de plans d\u2019exp\u00e9riences, cr\u00e9er des plans d&rsquo;exp\u00e9riences efficaces pour atteindre les objectifs d\u00e9sir\u00e9s, analyser les donn\u00e9es exp\u00e9rimentales avec les outils statistiques adapt\u00e9s, utiliser les outils graphiques pour comprendre et communiquer les r\u00e9sultats, comprendre les limitations et les possibilit\u00e9s dans le cas de situations de conflits, faire de nouvelles exp\u00e9riences si n\u00e9cessaire.[\/vc_column_text][\/vc_column][\/vc_row][vc_row][vc_column][vc_empty_space][vc_column_text css=\u00a0\u00bb.vc_custom_1745656284971{background-color: #f4f4f4 !important;}\u00a0\u00bb]<\/p>\n<ul>\n<li><strong>R\u00e9f\u00e9rence<\/strong> : FOR-MODDE<\/li>\n<li><strong>Dur\u00e9e<\/strong> : 3 jours, soit 21 heures en pr\u00e9sentiel<\/li>\n<li><strong>Tarif<\/strong> : 1950 \u20ac ht par inscrit (repas inclus)<\/li>\n<li><strong>Lieu<\/strong> : sur notre site (inter-entreprises) ou sur votre site (intra-entreprise)<\/li>\n<li><strong>Prochaines dates<\/strong> : nous contacter<\/li>\n<li><strong>Public concern\u00e9<\/strong> : toute personne confront\u00e9e \u00e0 la r\u00e9alisation d\u2019essais, d\u00e9sireuse d\u2019en optimiser l\u2019organisation et d\u2019en maximiser les r\u00e9sultats \u00e0 l\u2019aide du logiciel Modde Pro.<\/li>\n<li><strong>Population vis\u00e9e<\/strong> : techniciens, ing\u00e9nieurs, chercheurs<\/li>\n<li><strong>Pr\u00e9-requis<\/strong> : connaissances des statistiques de base<\/li>\n<li><strong>M\u00e9thodes et moyens<\/strong> : explications th\u00e9oriques suivies d&rsquo;applications pratiques<\/li>\n<li><strong>M\u00e9thodes d&rsquo;\u00e9valuation des acquis<\/strong> : exercices r\u00e9guliers en cours de formation<\/li>\n<li><strong>Profil formateur<\/strong> : sp\u00e9cialiste des plans d&rsquo;exp\u00e9riences<\/li>\n<li><strong>Support stagiaire<\/strong> : support de cours papier et fichiers des exercices<\/li>\n<\/ul>\n<p>[\/vc_column_text][vc_empty_space][\/vc_column][\/vc_row][vc_row][vc_column width=\u00a0\u00bb1\/2&Prime;][vc_column_text css=\u00a0\u00bb.vc_custom_1684247627964{background-color: #f4f4f4 !important;}\u00a0\u00bb]<strong>Introduction \u00e0 l&rsquo;exp\u00e9rimentation<\/strong><\/p>\n<p>Pr\u00e9sentation du logiciel MODDE Pro<\/p>\n<p>D\u00e9finir les \u00e9l\u00e9ments du plan d\u2019exp\u00e9riences : objectifs, facteurs, r\u00e9ponses<\/p>\n<p>Les diff\u00e9rents types de plans disponibles : objectifs et propri\u00e9t\u00e9s<\/p>\n<p>L\u2019organisation d\u2019une exp\u00e9rience : nombre d&rsquo;essais, de r\u00e9p\u00e9titions, de blocs<\/p>\n<p><strong>Les plans de criblage<\/strong><\/p>\n<p>Recherche des facteurs influents et des plages de variation de ces facteurs<\/p>\n<p>Plans factoriels complets et fractionnaires : avantages et inconv\u00e9nients<\/p>\n<p>Notion de r\u00e9solution et d&rsquo;alias<\/p>\n<p>Analyse des r\u00e9sultats du plan de criblage<\/p>\n<p>Construction et v\u00e9rification de l&rsquo;ajustement du mod\u00e8le<\/p>\n<p>Effets directs et interactions<\/p>\n<p>Significativit\u00e9 des effets<\/p>\n<p>S\u00e9lection des effets significatifs<\/p>\n<p>Etude des r\u00e9sidus<\/p>\n<p>Interpr\u00e9tation du mod\u00e8le<\/p>\n<p>Les assistants &lsquo;Design Wizard&rsquo;, &lsquo;Analysis Wizard et &lsquo;Optimization Wizard&rsquo;<\/p>\n<p>Compl\u00e9ter un plan d&rsquo;exp\u00e9riences<\/p>\n<p><strong>Les plans en surface de r\u00e9ponse<\/strong><\/p>\n<p>Plans centr\u00e9s composites, Box-Behnken, Doehlert, Rechtschaffner<\/p>\n<p>Mod\u00e8les quadratiques<\/p>\n<p>Construction, validation et interpr\u00e9tation du mod\u00e8le<\/p>\n<p>Recherche de l&rsquo;optimum<\/p>\n<p>Graphiques en surfaces, en iso-contours et &lsquo;Sweet Spot'[\/vc_column_text][\/vc_column][vc_column width=\u00a0\u00bb1\/2&Prime;][vc_column_text css=\u00a0\u00bb.vc_custom_1684247614621{background-color: #f4f4f4 !important;}\u00a0\u00bb]<strong>Introduction aux plans de m\u00e9lange<\/strong><\/p>\n<p>Les sp\u00e9cificit\u00e9s des plans de m\u00e9lange<\/p>\n<p>Les plans sans ou avec contraintes<\/p>\n<p>Construction et analyse<\/p>\n<p><strong>Les p<\/strong><strong>lans D-optimaux<\/strong><\/p>\n<p>La D-optimalit\u00e9<\/p>\n<p>Les points candidats<\/p>\n<p>Les crit\u00e8res de s\u00e9lection d\u2019un plan<\/p>\n<p>Analyse d\u2019un plan D-optimal<\/p>\n<p><strong>Les notions de &lsquo;Design Space&rsquo; et de &lsquo;Quality by Design&rsquo; (QbD)<\/strong><\/p>\n<p>Recherche d&rsquo;un optimum robuste<\/p>\n<p>Graphiques d&rsquo;iso-contours probabilis\u00e9s<\/p>\n<p>Notions de risque et d&rsquo;incertitude<\/p>\n<p>Simulation Monte-Carlo<\/p>\n<p>L&rsquo;outil d&rsquo;exploration du &lsquo;Design Space&rsquo;<\/p>\n<p>Les plages acceptables des facteurs (PAR)<\/p>\n<p><strong>La notion de robustesse<\/strong><\/p>\n<p>Recherche de robustesse<\/p>\n<p>Analyse de sensibilit\u00e9 \u00e0 de petites variations des facteurs<\/p>\n<p>Validation des sp\u00e9cifications<\/p>\n<p>Plans factoriels fractionnaires et de Plackett-Burman[\/vc_column_text][\/vc_column][\/vc_row][vc_row][vc_column][\/vc_column][\/vc_row]<\/p>\n","protected":false},"excerpt":{"rendered":"<p>[vc_row][vc_column width=\u00a0\u00bb1\/3&Prime;][vc_empty_space][\/vc_column][vc_column width=\u00a0\u00bb2\/3&Prime;][vc_empty_space][\/vc_column][\/vc_row][vc_row][vc_column width=\u00a0\u00bb1\/3&Prime;][vc_btn title=\u00a0\u00bbFormulaire d&rsquo;inscription\u00a0\u00bb align=\u00a0\u00bbcenter\u00a0\u00bb link=\u00a0\u00bburl:http%3A%2F%2Ffrancestat.com%2Ftelecharg%2FFormation%2FInscription_Formation_Francestat.pdf|title:Formulaire%20d&rsquo;inscription\u00a0\u00bb][vc_btn title=\u00a0\u00bbDemande d&rsquo;informations\u00a0\u00bb align=\u00a0\u00bbcenter\u00a0\u00bb link=\u00a0\u00bburl:http%3A%2F%2Ffrancestat.com%2Findex.php%2Fcontact%2F|title:Demande%20d&rsquo;informations\u00a0\u00bb][\/vc_column][vc_column width=\u00a0\u00bb2\/3&Prime;][vc_column_text css=\u00a0\u00bb.vc_custom_1684247679949{background-color: #f4f4f4 !important;}\u00a0\u00bb]Exp\u00e9rimenter et ma\u00eetriser les possibilit\u00e9s du logiciel MODDE Pro, comprendre et mettre en oeuvre les m\u00e9thodes de construction et d\u2019analyse de plans d\u2019exp\u00e9riences, cr\u00e9er des plans d&rsquo;exp\u00e9riences efficaces pour atteindre les objectifs d\u00e9sir\u00e9s, analyser les donn\u00e9es exp\u00e9rimentales avec les outils&hellip;<\/p>\n","protected":false},"author":1,"featured_media":0,"parent":0,"menu_order":0,"comment_status":"closed","ping_status":"closed","template":"","meta":{"footnotes":""},"class_list":["post-3267","page","type-page","status-publish","hentry","description-off"],"yoast_head":"<!-- This site is optimized with the Yoast SEO plugin v27.4 - https:\/\/yoast.com\/product\/yoast-seo-wordpress\/ -->\n<title>Formation MODDE - FRANCESTAT<\/title>\n<meta name=\"description\" content=\"Exp\u00e9rimenter et ma\u00eetriser les possibilit\u00e9s du logiciel Modde Pro, comprendre et mettre en oeuvre les m\u00e9thodes de construction et d\u2019analyse de plans d\u2019exp\u00e9riences,\" \/>\n<meta name=\"robots\" content=\"index, follow, max-snippet:-1, max-image-preview:large, max-video-preview:-1\" \/>\n<link rel=\"canonical\" href=\"https:\/\/francestat.com\/index.php\/formation_modde\/\" \/>\n<meta property=\"og:locale\" content=\"fr_FR\" \/>\n<meta property=\"og:type\" content=\"article\" \/>\n<meta property=\"og:title\" content=\"Formation MODDE - FRANCESTAT\" \/>\n<meta property=\"og:description\" content=\"Exp\u00e9rimenter et ma\u00eetriser les possibilit\u00e9s du logiciel Modde Pro, comprendre et mettre en oeuvre les m\u00e9thodes de construction et d\u2019analyse de plans d\u2019exp\u00e9riences,\" \/>\n<meta property=\"og:url\" content=\"https:\/\/francestat.com\/index.php\/formation_modde\/\" \/>\n<meta property=\"og:site_name\" content=\"FRANCESTAT\" \/>\n<meta property=\"article:modified_time\" content=\"2025-04-26T08:31:27+00:00\" \/>\n<meta name=\"twitter:card\" content=\"summary_large_image\" \/>\n<meta name=\"twitter:label1\" content=\"Dur\u00e9e de lecture estim\u00e9e\" \/>\n\t<meta name=\"twitter:data1\" content=\"3 minutes\" \/>\n<script type=\"application\/ld+json\" class=\"yoast-schema-graph\">{\"@context\":\"https:\\\/\\\/schema.org\",\"@graph\":[{\"@type\":\"WebPage\",\"@id\":\"https:\\\/\\\/francestat.com\\\/index.php\\\/formation_modde\\\/\",\"url\":\"https:\\\/\\\/francestat.com\\\/index.php\\\/formation_modde\\\/\",\"name\":\"Formation MODDE - FRANCESTAT\",\"isPartOf\":{\"@id\":\"https:\\\/\\\/francestat.com\\\/#website\"},\"datePublished\":\"2019-06-07T13:51:12+00:00\",\"dateModified\":\"2025-04-26T08:31:27+00:00\",\"description\":\"Exp\u00e9rimenter et ma\u00eetriser les possibilit\u00e9s du logiciel Modde Pro, comprendre et mettre en oeuvre les m\u00e9thodes de construction et d\u2019analyse de plans d\u2019exp\u00e9riences,\",\"breadcrumb\":{\"@id\":\"https:\\\/\\\/francestat.com\\\/index.php\\\/formation_modde\\\/#breadcrumb\"},\"inLanguage\":\"fr-FR\",\"potentialAction\":[{\"@type\":\"ReadAction\",\"target\":[\"https:\\\/\\\/francestat.com\\\/index.php\\\/formation_modde\\\/\"]}]},{\"@type\":\"BreadcrumbList\",\"@id\":\"https:\\\/\\\/francestat.com\\\/index.php\\\/formation_modde\\\/#breadcrumb\",\"itemListElement\":[{\"@type\":\"ListItem\",\"position\":1,\"name\":\"Accueil\",\"item\":\"https:\\\/\\\/francestat.com\\\/\"},{\"@type\":\"ListItem\",\"position\":2,\"name\":\"Formation MODDE\"}]},{\"@type\":\"WebSite\",\"@id\":\"https:\\\/\\\/francestat.com\\\/#website\",\"url\":\"https:\\\/\\\/francestat.com\\\/\",\"name\":\"FRANCESTAT\",\"description\":\"Logiciels, formations et services statistiques\",\"publisher\":{\"@id\":\"https:\\\/\\\/francestat.com\\\/#organization\"},\"potentialAction\":[{\"@type\":\"SearchAction\",\"target\":{\"@type\":\"EntryPoint\",\"urlTemplate\":\"https:\\\/\\\/francestat.com\\\/?s={search_term_string}\"},\"query-input\":{\"@type\":\"PropertyValueSpecification\",\"valueRequired\":true,\"valueName\":\"search_term_string\"}}],\"inLanguage\":\"fr-FR\"},{\"@type\":\"Organization\",\"@id\":\"https:\\\/\\\/francestat.com\\\/#organization\",\"name\":\"FRANCESTAT\",\"url\":\"https:\\\/\\\/francestat.com\\\/\",\"logo\":{\"@type\":\"ImageObject\",\"inLanguage\":\"fr-FR\",\"@id\":\"https:\\\/\\\/francestat.com\\\/#\\\/schema\\\/logo\\\/image\\\/\",\"url\":\"https:\\\/\\\/francestat.com\\\/wp-content\\\/uploads\\\/2018\\\/05\\\/logo_horizontal_small_francestat.jpg\",\"contentUrl\":\"https:\\\/\\\/francestat.com\\\/wp-content\\\/uploads\\\/2018\\\/05\\\/logo_horizontal_small_francestat.jpg\",\"width\":155,\"height\":51,\"caption\":\"FRANCESTAT\"},\"image\":{\"@id\":\"https:\\\/\\\/francestat.com\\\/#\\\/schema\\\/logo\\\/image\\\/\"}}]}<\/script>\n<!-- \/ Yoast SEO plugin. -->","yoast_head_json":{"title":"Formation MODDE - FRANCESTAT","description":"Exp\u00e9rimenter et ma\u00eetriser les possibilit\u00e9s du logiciel Modde Pro, comprendre et mettre en oeuvre les m\u00e9thodes de construction et d\u2019analyse de plans d\u2019exp\u00e9riences,","robots":{"index":"index","follow":"follow","max-snippet":"max-snippet:-1","max-image-preview":"max-image-preview:large","max-video-preview":"max-video-preview:-1"},"canonical":"https:\/\/francestat.com\/index.php\/formation_modde\/","og_locale":"fr_FR","og_type":"article","og_title":"Formation MODDE - FRANCESTAT","og_description":"Exp\u00e9rimenter et ma\u00eetriser les possibilit\u00e9s du logiciel Modde Pro, comprendre et mettre en oeuvre les m\u00e9thodes de construction et d\u2019analyse de plans d\u2019exp\u00e9riences,","og_url":"https:\/\/francestat.com\/index.php\/formation_modde\/","og_site_name":"FRANCESTAT","article_modified_time":"2025-04-26T08:31:27+00:00","twitter_card":"summary_large_image","twitter_misc":{"Dur\u00e9e de lecture estim\u00e9e":"3 minutes"},"schema":{"@context":"https:\/\/schema.org","@graph":[{"@type":"WebPage","@id":"https:\/\/francestat.com\/index.php\/formation_modde\/","url":"https:\/\/francestat.com\/index.php\/formation_modde\/","name":"Formation MODDE - FRANCESTAT","isPartOf":{"@id":"https:\/\/francestat.com\/#website"},"datePublished":"2019-06-07T13:51:12+00:00","dateModified":"2025-04-26T08:31:27+00:00","description":"Exp\u00e9rimenter et ma\u00eetriser les possibilit\u00e9s du logiciel Modde Pro, comprendre et mettre en oeuvre les m\u00e9thodes de construction et d\u2019analyse de plans d\u2019exp\u00e9riences,","breadcrumb":{"@id":"https:\/\/francestat.com\/index.php\/formation_modde\/#breadcrumb"},"inLanguage":"fr-FR","potentialAction":[{"@type":"ReadAction","target":["https:\/\/francestat.com\/index.php\/formation_modde\/"]}]},{"@type":"BreadcrumbList","@id":"https:\/\/francestat.com\/index.php\/formation_modde\/#breadcrumb","itemListElement":[{"@type":"ListItem","position":1,"name":"Accueil","item":"https:\/\/francestat.com\/"},{"@type":"ListItem","position":2,"name":"Formation MODDE"}]},{"@type":"WebSite","@id":"https:\/\/francestat.com\/#website","url":"https:\/\/francestat.com\/","name":"FRANCESTAT","description":"Logiciels, formations et services statistiques","publisher":{"@id":"https:\/\/francestat.com\/#organization"},"potentialAction":[{"@type":"SearchAction","target":{"@type":"EntryPoint","urlTemplate":"https:\/\/francestat.com\/?s={search_term_string}"},"query-input":{"@type":"PropertyValueSpecification","valueRequired":true,"valueName":"search_term_string"}}],"inLanguage":"fr-FR"},{"@type":"Organization","@id":"https:\/\/francestat.com\/#organization","name":"FRANCESTAT","url":"https:\/\/francestat.com\/","logo":{"@type":"ImageObject","inLanguage":"fr-FR","@id":"https:\/\/francestat.com\/#\/schema\/logo\/image\/","url":"https:\/\/francestat.com\/wp-content\/uploads\/2018\/05\/logo_horizontal_small_francestat.jpg","contentUrl":"https:\/\/francestat.com\/wp-content\/uploads\/2018\/05\/logo_horizontal_small_francestat.jpg","width":155,"height":51,"caption":"FRANCESTAT"},"image":{"@id":"https:\/\/francestat.com\/#\/schema\/logo\/image\/"}}]}},"_links":{"self":[{"href":"https:\/\/francestat.com\/index.php\/wp-json\/wp\/v2\/pages\/3267","targetHints":{"allow":["GET"]}}],"collection":[{"href":"https:\/\/francestat.com\/index.php\/wp-json\/wp\/v2\/pages"}],"about":[{"href":"https:\/\/francestat.com\/index.php\/wp-json\/wp\/v2\/types\/page"}],"author":[{"embeddable":true,"href":"https:\/\/francestat.com\/index.php\/wp-json\/wp\/v2\/users\/1"}],"replies":[{"embeddable":true,"href":"https:\/\/francestat.com\/index.php\/wp-json\/wp\/v2\/comments?post=3267"}],"version-history":[{"count":30,"href":"https:\/\/francestat.com\/index.php\/wp-json\/wp\/v2\/pages\/3267\/revisions"}],"predecessor-version":[{"id":6774,"href":"https:\/\/francestat.com\/index.php\/wp-json\/wp\/v2\/pages\/3267\/revisions\/6774"}],"wp:attachment":[{"href":"https:\/\/francestat.com\/index.php\/wp-json\/wp\/v2\/media?parent=3267"}],"curies":[{"name":"wp","href":"https:\/\/api.w.org\/{rel}","templated":true}]}}