{"id":4262,"date":"2022-01-12T16:34:52","date_gmt":"2022-01-12T15:34:52","guid":{"rendered":"https:\/\/francestat.com\/?page_id=4262"},"modified":"2022-06-14T14:37:32","modified_gmt":"2022-06-14T12:37:32","slug":"sigmaexpress","status":"publish","type":"page","link":"https:\/\/francestat.com\/index.php\/sigmaexpress\/","title":{"rendered":"Sigma Express"},"content":{"rendered":"<p>[vc_row][vc_column width=\u00a0\u00bb1\/4&Prime;][vc_column_text][\/vc_column_text][\/vc_column][vc_column width=\u00a0\u00bb3\/4&Prime;]<div id=\"ultimate-heading-328669fb0c0f8735b\" class=\"uvc-heading ult-adjust-bottom-margin ultimate-heading-328669fb0c0f8735b uvc-2626  uvc-heading-default-font-sizes\" data-hspacer=\"no_spacer\"  data-halign=\"center\" style=\"text-align:center\"><div class=\"uvc-heading-spacer no_spacer\" style=\"top\"><\/div><div class=\"uvc-main-heading ult-responsive\"  data-ultimate-target='.uvc-heading.ultimate-heading-328669fb0c0f8735b h2'  data-responsive-json-new='{\"font-size\":\"\",\"line-height\":\"\"}' ><h2 style=\"--font-weight:theme;\">Logiciel Statgraphics Sigma Express<\/h2><\/div><\/div>[vc_empty_space][\/vc_column][\/vc_row][vc_row][vc_column width=\u00a0\u00bb1\/4&Prime;][vc_single_image image=\u00a0\u00bb3703&Prime; img_size=\u00a0\u00bb138&#215;89&Prime; alignment=\u00a0\u00bbcenter\u00a0\u00bb][vc_empty_space height=\u00a0\u00bb10px\u00a0\u00bb][vc_btn title=\u00a0\u00bbBrochure d\u00e9taill\u00e9e\u00a0\u00bb align=\u00a0\u00bbcenter\u00a0\u00bb link=\u00a0\u00bburl:https%3A%2F%2Fwww.francestat.com%2Ftelecharg%2FExpress%2FBrochure%20Statgraphics%20Sigma%20Express.pdf\u00a0\u00bb][vc_empty_space height=\u00a0\u00bb10px\u00a0\u00bb][vc_btn title=\u00a0\u00bbManuel Utilisateur\u00a0\u00bb align=\u00a0\u00bbcenter\u00a0\u00bb link=\u00a0\u00bburl:https%3A%2F%2Fwww.francestat.com%2Ftelecharg%2FExpress%2FManuel%20Statgraphics%20Sigma%20Express.pdf|title:Manuel%20Utilisateur\u00a0\u00bb][vc_empty_space height=\u00a0\u00bb10px\u00a0\u00bb][vc_btn title=\u00a0\u00bbVersion d&rsquo;\u00e9valuation\u00a0\u00bb align=\u00a0\u00bbcenter\u00a0\u00bb link=\u00a0\u00bburl:https%3A%2F%2Ffrancestat.com%2Findex.php%2Ftelechargement-sigmaexpress%2F|title:T%C3%A9l%C3%A9chargement%20Statgraphics%20Sigma%20Express\u00a0\u00bb][vc_empty_space height=\u00a0\u00bb10px\u00a0\u00bb][vc_btn title=\u00a0\u00bbDemande de contact\u00a0\u00bb align=\u00a0\u00bbcenter\u00a0\u00bb link=\u00a0\u00bburl:https%3A%2F%2Ffrancestat.com%2Findex.php%2Fcontact%2F|title:Demande%20de%20contact\u00a0\u00bb][vc_empty_space height=\u00a0\u00bb10px\u00a0\u00bb][\/vc_column][vc_column width=\u00a0\u00bb3\/4&Prime;][vc_column_text css=\u00a0\u00bb.vc_custom_1642350854991{background-color: #f4f4f4 !important;}\u00a0\u00bb]<span style=\"margin: 0px; color: black; font-family: 'Helvetica',sans-serif; font-size: 10pt;\"><strong>STATGRAPHICS Sigma Express<\/strong> est un add-in \u00e0 Microsoft Excel permettant \u00e0 ses utilisateurs de mettre en oeuvre les calculs requis lors des formations ou lors de la pratique du Lean Six Sigma. Il ajoute une entr\u00e9e au menu Excel contenant des sous-menus pour chacune des \u00e9tapes du DMAIC (<i>D\u00e9finir<\/i>,\u00a0<i>Mesurer<\/i>,\u00a0<i>Analyser<\/i>,\u00a0<i>Innover<\/i>\u00a0et\u00a0<i>Contr\u00f4ler<\/i>) plus des sous-menus\u00a0<i>Outils<\/i>\u00a0et\u00a0<i>Aide<\/i>. Le contenu est suffisant pour couvrir tous les besoins des \u00ab\u00a0green belts\u00a0\u00bb et ceux de la plupart des \u00ab\u00a0black belts\u00a0\u00bb. De plus, il est suffisamment similaire \u00e0 STATGRAPHICS Centurion pour que les utilisateurs puissent ais\u00e9ment passer \u00e0 ce logiciel s&rsquo;ils ont besoin de plus de fonctionnalit\u00e9s statistiques.<\/span>[\/vc_column_text][vc_empty_space height=\u00a0\u00bb5px\u00a0\u00bb][vc_single_image image=\u00a0\u00bb4266&Prime; img_size=\u00a0\u00bblarge\u00a0\u00bb alignment=\u00a0\u00bbcenter\u00a0\u00bb css=\u00a0\u00bb.vc_custom_1642001963803{background-color: #f4f4f4 !important;}\u00a0\u00bb][vc_empty_space height=\u00a0\u00bb5px\u00a0\u00bb][vc_column_text css=\u00a0\u00bb.vc_custom_1642002968455{background-color: #f4f4f4 !important;}\u00a0\u00bb]<span style=\"margin: 0px; color: black; font-family: 'Helvetica',sans-serif; font-size: 10pt;\"><strong>Principales diff\u00e9rences entre STATGRAPHICS Sigma Express et STATGRAPHICS Centurion<\/strong><\/span><\/p>\n<p><span style=\"margin: 0px; color: black; font-family: 'Helvetica',sans-serif; font-size: 10pt;\">Les proc\u00e9dures statistiques pr\u00e9sentes dans STATGRAPHICS Sigma Express sont un sous-ensemble de celles contenues dans STATGRAPHICS Centurion. Elles couvrent tous les besoins statistiques du Lean Six Sigma. Certaines des proc\u00e9dures statistiques plus avanc\u00e9es de Centurion ne sont pas pr\u00e9sentes dans Sigma Express. Pour les proc\u00e9dures pr\u00e9sentes \u00e0 la fois dans Sigma Express et Centurion, tous les r\u00e9sultats et toutes les options sont exactement identiques. STATGRAPHICS Sigma Express inclut \u00e9galement quelques proc\u00e9dures non statistiques, sp\u00e9cialement con\u00e7ues pour le Six Sigma et qui ne sont pas pr\u00e9sentes dans Centurion, comme l&rsquo;AMDEC, la matrice des priorit\u00e9s et le diagramme d&rsquo;affinit\u00e9s, qui sont disponibles sous la forme de gabarits (templates) Excel. Sigma Express n&rsquo;inclut pas les options avanc\u00e9es de l&rsquo;interface de Centurion comme les StatFolios, le StatWizard, le StatReporter, la StatGallery, le StatPublish ou les scripts XML.<\/span><\/p>\n<p><span style=\"margin: 0px; color: black; font-family: 'Helvetica',sans-serif; font-size: 10pt;\"><strong>S\u00e9lection des donn\u00e9es dans STATGRAPHICS Sigma Express<\/strong><\/span><\/p>\n<p><span style=\"margin: 0px; color: black; font-family: 'Helvetica',sans-serif; font-size: 10pt;\">Les donn\u00e9es \u00e0 \u00e9tudier sont indiqu\u00e9es au logiciel en \u00e9clairant les cellules dans la feuille Excel. Les colonnes sont ensuite s\u00e9lectionn\u00e9es dans une bo\u00eete de dialogue classique d&rsquo;entr\u00e9e des donn\u00e9es de STATGRAPHICS.<\/span><\/p>\n<p><span style=\"margin: 0px; color: black; font-family: 'Helvetica',sans-serif; font-size: 10pt;\"><strong>Affichage des r\u00e9sultats dans STATGRAPHICS Sigma Express<\/strong><\/span><\/p>\n<p><span style=\"margin: 0px; color: black; font-family: 'Helvetica',sans-serif; font-size: 10pt;\">Les r\u00e9sultats sont affich\u00e9s dans une fen\u00eatre d&rsquo;analyse de STATGRAPHICS contenant un ensemble de sous-fen\u00eatres pour les tableaux et pour les graphiques. Les utilisateurs peuvent interagir avec les tableaux et les graphiques comme dans STATGRAPHICS Centurion. Lorsque les tableaux et les graphiques sont finalis\u00e9s, ils peuvent \u00eatre copi\u00e9s dans la feuille Excel ou dans tout autre logiciel comme Word ou Powerpoint.<\/span>[\/vc_column_text][vc_empty_space height=\u00a0\u00bb5px\u00a0\u00bb][vc_column_text css=\u00a0\u00bb.vc_custom_1642007542607{background-color: #f4f4f4 !important;}\u00a0\u00bb]<span style=\"margin: 0px; color: black; font-family: 'Helvetica',sans-serif; font-size: 10pt;\"><strong>Contenu des menus<\/strong><\/span><br \/>\n[\/vc_column_text][vc_row_inner][vc_column_inner width=\u00a0\u00bb1\/5&Prime;][vc_single_image image=\u00a0\u00bb4281&Prime; alignment=\u00a0\u00bbcenter\u00a0\u00bb][\/vc_column_inner][vc_column_inner width=\u00a0\u00bb4\/5&Prime;][vc_column_text css=\u00a0\u00bb.vc_custom_1642008069536{background-color: #f4f4f4 !important;}\u00a0\u00bb]<span style=\"margin: 0px; color: black; font-family: 'Helvetica',sans-serif; font-size: 10pt;\">Matrice QFD<br \/>\nCo\u00fbt d&rsquo;obtention de la qualit\u00e9<br \/>\nCartographie du processus<br \/>\nDiagramme d&rsquo;affinit\u00e9s<\/span>[\/vc_column_text][\/vc_column_inner][\/vc_row_inner][vc_row_inner][vc_column_inner width=\u00a0\u00bb1\/5&Prime;][vc_single_image image=\u00a0\u00bb4282&Prime; alignment=\u00a0\u00bbcenter\u00a0\u00bb][\/vc_column_inner][vc_column_inner width=\u00a0\u00bb4\/5&Prime;][vc_column_text css=\u00a0\u00bb.vc_custom_1642008087259{background-color: #f4f4f4 !important;}\u00a0\u00bb]<span style=\"margin: 0px; color: black; font-family: 'Helvetica',sans-serif; font-size: 10pt;\">AMDEC<br \/>\nMatrice des priorit\u00e9s<br \/>\nNuages de points<br \/>\nHistogrammes d&rsquo;effectifs<br \/>\nBo\u00eetes \u00e0 moustaches<br \/>\nGraphique de normalit\u00e9<br \/>\nGraphiques de donn\u00e9es s\u00e9quentielles<br \/>\nD\u00e9termination de tailles d&rsquo;\u00e9chantillons<br \/>\nEtude R&amp;R<br \/>\n<\/span>[\/vc_column_text][\/vc_column_inner][\/vc_row_inner][vc_row_inner][vc_column_inner width=\u00a0\u00bb1\/5&Prime;][vc_single_image image=\u00a0\u00bb4285&Prime; alignment=\u00a0\u00bbcenter\u00a0\u00bb][\/vc_column_inner][vc_column_inner width=\u00a0\u00bb4\/5&Prime;][vc_column_text css=\u00a0\u00bb.vc_custom_1642008177843{background-color: #f4f4f4 !important;}\u00a0\u00bb]<span style=\"margin: 0px; color: black; font-family: 'Helvetica',sans-serif; font-size: 10pt;\">Analyse \u00e0 une variable<br \/>\nGraphiques de probabilit\u00e9s<br \/>\nLimites statistiques de tol\u00e9rances<br \/>\nAjustement de lois<br \/>\nTransformations par puissances<br \/>\nTests d&rsquo;hypoth\u00e8ses<br \/>\nIdentification de points extr\u00eames<br \/>\nComparaison de deux \u00e9chantillons<br \/>\nComparaison de plusieurs \u00e9chantillons<br \/>\nAnalyse de variance \u00e0 un facteur<br \/>\nAnalyse de variance \u00e0 plusieurs facteurs<br \/>\nGraphique des moyennes des causes<br \/>\nR\u00e9gression simple<br \/>\nStatlet &#8211; Ajustement d&rsquo;une courbe<br \/>\nR\u00e9gression multiple<br \/>\nStatlet &#8211; Ajustement d&rsquo;une surface<br \/>\nAnalyse d&rsquo;aptitude<br \/>\nTri \u00e0 plat<br \/>\nTableaux des effectifs<br \/>\nAnalyse de Pareto<br \/>\nTri crois\u00e9<br \/>\nTableau de contingence<br \/>\n<\/span>[\/vc_column_text][\/vc_column_inner][\/vc_row_inner][vc_row_inner][vc_column_inner width=\u00a0\u00bb1\/5&Prime;][vc_single_image image=\u00a0\u00bb4286&Prime; alignment=\u00a0\u00bbcenter\u00a0\u00bb][\/vc_column_inner][vc_column_inner width=\u00a0\u00bb4\/5&Prime;][vc_column_text css=\u00a0\u00bb.vc_custom_1642008212521{background-color: #f4f4f4 !important;}\u00a0\u00bb]<span style=\"margin: 0px; color: black; font-family: 'Helvetica',sans-serif; font-size: 10pt;\">Diagramme causes-effet<br \/>\nAMDEC<br \/>\nCr\u00e9er un plan d&rsquo;exp\u00e9riences (criblage, surface de r\u00e9ponse)<br \/>\nAnalyser un plan d&rsquo;exp\u00e9riences<br \/>\n<\/span>[\/vc_column_text][\/vc_column_inner][\/vc_row_inner][vc_row_inner][vc_column_inner width=\u00a0\u00bb1\/5&Prime;][vc_single_image image=\u00a0\u00bb4287&Prime; alignment=\u00a0\u00bbcenter\u00a0\u00bb][\/vc_column_inner][vc_column_inner width=\u00a0\u00bb4\/5&Prime;][vc_column_text css=\u00a0\u00bb.vc_custom_1642008274003{background-color: #f4f4f4 !important;}\u00a0\u00bb]<span style=\"margin: 0px; color: black; font-family: 'Helvetica',sans-serif; font-size: 10pt;\">Cartes individuelles<br \/>\nCartes X-barre et R<br \/>\nCartes X-barre et S<br \/>\nCartes m\u00e9diane et \u00e9tendue<br \/>\nCarte P<br \/>\nCarte NP<br \/>\nCarte U<br \/>\nCarte C<br \/>\nCartes MA<br \/>\nCartes EWMA<br \/>\n<\/span>[\/vc_column_text][\/vc_column_inner][\/vc_row_inner][vc_row_inner][vc_column_inner width=\u00a0\u00bb1\/5&Prime;][vc_single_image image=\u00a0\u00bb4289&Prime; alignment=\u00a0\u00bbcenter\u00a0\u00bb][\/vc_column_inner][vc_column_inner width=\u00a0\u00bb4\/5&Prime;][vc_column_text css=\u00a0\u00bb.vc_custom_1642008304329{background-color: #f4f4f4 !important;}\u00a0\u00bb]<span style=\"margin: 0px; color: black; font-family: 'Helvetica',sans-serif; font-size: 10pt;\">Simulation Monte-Carlo<br \/>\nLois de probabilit\u00e9s<br \/>\nDistributions d&rsquo;\u00e9chantillonnage<br \/>\nCalculatrice Six Sigma<br \/>\nPr\u00e9f\u00e9rences du syst\u00e8me<br \/>\nD\u00e9finition du profil graphique<br \/>\n<\/span>[\/vc_column_text][\/vc_column_inner][\/vc_row_inner][vc_row_inner][vc_column_inner width=\u00a0\u00bb1\/5&Prime;][vc_single_image image=\u00a0\u00bb4290&Prime; alignment=\u00a0\u00bbcenter\u00a0\u00bb][\/vc_column_inner][vc_column_inner width=\u00a0\u00bb4\/5&Prime;][vc_column_text css=\u00a0\u00bb.vc_custom_1642008322315{background-color: #f4f4f4 !important;}\u00a0\u00bb]<span style=\"margin: 0px; color: black; font-family: 'Helvetica',sans-serif; font-size: 10pt;\">Guide de d\u00e9marrage<br \/>\nDocumentations des proc\u00e9dures<br \/>\n<\/span>[\/vc_column_text][\/vc_column_inner][\/vc_row_inner][\/vc_column][\/vc_row]<\/p>\n","protected":false},"excerpt":{"rendered":"<p>[vc_row][vc_column width=\u00a0\u00bb1\/4&Prime;][vc_column_text][\/vc_column_text][\/vc_column][vc_column width=\u00a0\u00bb3\/4&Prime;][vc_empty_space][\/vc_column][\/vc_row][vc_row][vc_column width=\u00a0\u00bb1\/4&Prime;][vc_single_image image=\u00a0\u00bb3703&Prime; img_size=\u00a0\u00bb138&#215;89&Prime; alignment=\u00a0\u00bbcenter\u00a0\u00bb][vc_empty_space height=\u00a0\u00bb10px\u00a0\u00bb][vc_btn title=\u00a0\u00bbBrochure d\u00e9taill\u00e9e\u00a0\u00bb align=\u00a0\u00bbcenter\u00a0\u00bb link=\u00a0\u00bburl:https%3A%2F%2Fwww.francestat.com%2Ftelecharg%2FExpress%2FBrochure%20Statgraphics%20Sigma%20Express.pdf\u00a0\u00bb][vc_empty_space height=\u00a0\u00bb10px\u00a0\u00bb][vc_btn title=\u00a0\u00bbManuel Utilisateur\u00a0\u00bb align=\u00a0\u00bbcenter\u00a0\u00bb link=\u00a0\u00bburl:https%3A%2F%2Fwww.francestat.com%2Ftelecharg%2FExpress%2FManuel%20Statgraphics%20Sigma%20Express.pdf|title:Manuel%20Utilisateur\u00a0\u00bb][vc_empty_space height=\u00a0\u00bb10px\u00a0\u00bb][vc_btn title=\u00a0\u00bbVersion d&rsquo;\u00e9valuation\u00a0\u00bb align=\u00a0\u00bbcenter\u00a0\u00bb link=\u00a0\u00bburl:https%3A%2F%2Ffrancestat.com%2Findex.php%2Ftelechargement-sigmaexpress%2F|title:T%C3%A9l%C3%A9chargement%20Statgraphics%20Sigma%20Express\u00a0\u00bb][vc_empty_space height=\u00a0\u00bb10px\u00a0\u00bb][vc_btn title=\u00a0\u00bbDemande de contact\u00a0\u00bb align=\u00a0\u00bbcenter\u00a0\u00bb link=\u00a0\u00bburl:https%3A%2F%2Ffrancestat.com%2Findex.php%2Fcontact%2F|title:Demande%20de%20contact\u00a0\u00bb][vc_empty_space height=\u00a0\u00bb10px\u00a0\u00bb][\/vc_column][vc_column width=\u00a0\u00bb3\/4&Prime;][vc_column_text css=\u00a0\u00bb.vc_custom_1642350854991{background-color: #f4f4f4 !important;}\u00a0\u00bb]STATGRAPHICS Sigma Express est un add-in \u00e0 Microsoft Excel permettant \u00e0 ses utilisateurs de mettre en oeuvre les calculs requis lors des formations&hellip;<\/p>\n","protected":false},"author":1,"featured_media":0,"parent":0,"menu_order":0,"comment_status":"closed","ping_status":"closed","template":"","meta":{"footnotes":""},"class_list":["post-4262","page","type-page","status-publish","hentry","description-off"],"yoast_head":"<!-- This site is optimized with the Yoast SEO plugin v27.5 - https:\/\/yoast.com\/product\/yoast-seo-wordpress\/ -->\n<title>Sigma Express - FRANCESTAT<\/title>\n<meta name=\"description\" content=\"Logiciel STATGRAPHICS Sigma Express, add-on \u00e0 Microsoft Excel pour la mise en \u0153uvre des m\u00e9thodes requises lors de la pratique du Lean Six Sigma.\" \/>\n<meta name=\"robots\" content=\"index, follow, max-snippet:-1, max-image-preview:large, max-video-preview:-1\" \/>\n<link rel=\"canonical\" href=\"https:\/\/francestat.com\/index.php\/sigmaexpress\/\" \/>\n<meta property=\"og:locale\" content=\"fr_FR\" \/>\n<meta property=\"og:type\" content=\"article\" \/>\n<meta property=\"og:title\" content=\"Sigma Express - FRANCESTAT\" \/>\n<meta property=\"og:description\" content=\"Logiciel STATGRAPHICS Sigma Express, add-on \u00e0 Microsoft Excel pour la mise en \u0153uvre des m\u00e9thodes requises lors de la pratique du Lean Six Sigma.\" \/>\n<meta property=\"og:url\" content=\"https:\/\/francestat.com\/index.php\/sigmaexpress\/\" \/>\n<meta property=\"og:site_name\" content=\"FRANCESTAT\" \/>\n<meta property=\"article:modified_time\" content=\"2022-06-14T12:37:32+00:00\" \/>\n<meta name=\"twitter:card\" content=\"summary_large_image\" \/>\n<meta name=\"twitter:label1\" content=\"Dur\u00e9e de lecture estim\u00e9e\" \/>\n\t<meta name=\"twitter:data1\" content=\"6 minutes\" \/>\n<script type=\"application\/ld+json\" class=\"yoast-schema-graph\">{\"@context\":\"https:\\\/\\\/schema.org\",\"@graph\":[{\"@type\":\"WebPage\",\"@id\":\"https:\\\/\\\/francestat.com\\\/index.php\\\/sigmaexpress\\\/\",\"url\":\"https:\\\/\\\/francestat.com\\\/index.php\\\/sigmaexpress\\\/\",\"name\":\"Sigma Express - FRANCESTAT\",\"isPartOf\":{\"@id\":\"https:\\\/\\\/francestat.com\\\/#website\"},\"datePublished\":\"2022-01-12T15:34:52+00:00\",\"dateModified\":\"2022-06-14T12:37:32+00:00\",\"description\":\"Logiciel STATGRAPHICS Sigma Express, add-on \u00e0 Microsoft Excel pour la mise en \u0153uvre des m\u00e9thodes requises lors de la pratique du Lean Six Sigma.\",\"breadcrumb\":{\"@id\":\"https:\\\/\\\/francestat.com\\\/index.php\\\/sigmaexpress\\\/#breadcrumb\"},\"inLanguage\":\"fr-FR\",\"potentialAction\":[{\"@type\":\"ReadAction\",\"target\":[\"https:\\\/\\\/francestat.com\\\/index.php\\\/sigmaexpress\\\/\"]}]},{\"@type\":\"BreadcrumbList\",\"@id\":\"https:\\\/\\\/francestat.com\\\/index.php\\\/sigmaexpress\\\/#breadcrumb\",\"itemListElement\":[{\"@type\":\"ListItem\",\"position\":1,\"name\":\"Accueil\",\"item\":\"https:\\\/\\\/francestat.com\\\/\"},{\"@type\":\"ListItem\",\"position\":2,\"name\":\"Sigma Express\"}]},{\"@type\":\"WebSite\",\"@id\":\"https:\\\/\\\/francestat.com\\\/#website\",\"url\":\"https:\\\/\\\/francestat.com\\\/\",\"name\":\"FRANCESTAT\",\"description\":\"Logiciels, formations et services statistiques\",\"publisher\":{\"@id\":\"https:\\\/\\\/francestat.com\\\/#organization\"},\"potentialAction\":[{\"@type\":\"SearchAction\",\"target\":{\"@type\":\"EntryPoint\",\"urlTemplate\":\"https:\\\/\\\/francestat.com\\\/?s={search_term_string}\"},\"query-input\":{\"@type\":\"PropertyValueSpecification\",\"valueRequired\":true,\"valueName\":\"search_term_string\"}}],\"inLanguage\":\"fr-FR\"},{\"@type\":\"Organization\",\"@id\":\"https:\\\/\\\/francestat.com\\\/#organization\",\"name\":\"FRANCESTAT\",\"url\":\"https:\\\/\\\/francestat.com\\\/\",\"logo\":{\"@type\":\"ImageObject\",\"inLanguage\":\"fr-FR\",\"@id\":\"https:\\\/\\\/francestat.com\\\/#\\\/schema\\\/logo\\\/image\\\/\",\"url\":\"https:\\\/\\\/francestat.com\\\/wp-content\\\/uploads\\\/2018\\\/05\\\/logo_horizontal_small_francestat.jpg\",\"contentUrl\":\"https:\\\/\\\/francestat.com\\\/wp-content\\\/uploads\\\/2018\\\/05\\\/logo_horizontal_small_francestat.jpg\",\"width\":155,\"height\":51,\"caption\":\"FRANCESTAT\"},\"image\":{\"@id\":\"https:\\\/\\\/francestat.com\\\/#\\\/schema\\\/logo\\\/image\\\/\"}}]}<\/script>\n<!-- \/ Yoast SEO plugin. -->","yoast_head_json":{"title":"Sigma Express - FRANCESTAT","description":"Logiciel STATGRAPHICS Sigma Express, add-on \u00e0 Microsoft Excel pour la mise en \u0153uvre des m\u00e9thodes requises lors de la pratique du Lean Six Sigma.","robots":{"index":"index","follow":"follow","max-snippet":"max-snippet:-1","max-image-preview":"max-image-preview:large","max-video-preview":"max-video-preview:-1"},"canonical":"https:\/\/francestat.com\/index.php\/sigmaexpress\/","og_locale":"fr_FR","og_type":"article","og_title":"Sigma Express - FRANCESTAT","og_description":"Logiciel STATGRAPHICS Sigma Express, add-on \u00e0 Microsoft Excel pour la mise en \u0153uvre des m\u00e9thodes requises lors de la pratique du Lean Six Sigma.","og_url":"https:\/\/francestat.com\/index.php\/sigmaexpress\/","og_site_name":"FRANCESTAT","article_modified_time":"2022-06-14T12:37:32+00:00","twitter_card":"summary_large_image","twitter_misc":{"Dur\u00e9e de lecture estim\u00e9e":"6 minutes"},"schema":{"@context":"https:\/\/schema.org","@graph":[{"@type":"WebPage","@id":"https:\/\/francestat.com\/index.php\/sigmaexpress\/","url":"https:\/\/francestat.com\/index.php\/sigmaexpress\/","name":"Sigma Express - FRANCESTAT","isPartOf":{"@id":"https:\/\/francestat.com\/#website"},"datePublished":"2022-01-12T15:34:52+00:00","dateModified":"2022-06-14T12:37:32+00:00","description":"Logiciel STATGRAPHICS Sigma Express, add-on \u00e0 Microsoft Excel pour la mise en \u0153uvre des m\u00e9thodes requises lors de la pratique du Lean Six Sigma.","breadcrumb":{"@id":"https:\/\/francestat.com\/index.php\/sigmaexpress\/#breadcrumb"},"inLanguage":"fr-FR","potentialAction":[{"@type":"ReadAction","target":["https:\/\/francestat.com\/index.php\/sigmaexpress\/"]}]},{"@type":"BreadcrumbList","@id":"https:\/\/francestat.com\/index.php\/sigmaexpress\/#breadcrumb","itemListElement":[{"@type":"ListItem","position":1,"name":"Accueil","item":"https:\/\/francestat.com\/"},{"@type":"ListItem","position":2,"name":"Sigma Express"}]},{"@type":"WebSite","@id":"https:\/\/francestat.com\/#website","url":"https:\/\/francestat.com\/","name":"FRANCESTAT","description":"Logiciels, formations et services statistiques","publisher":{"@id":"https:\/\/francestat.com\/#organization"},"potentialAction":[{"@type":"SearchAction","target":{"@type":"EntryPoint","urlTemplate":"https:\/\/francestat.com\/?s={search_term_string}"},"query-input":{"@type":"PropertyValueSpecification","valueRequired":true,"valueName":"search_term_string"}}],"inLanguage":"fr-FR"},{"@type":"Organization","@id":"https:\/\/francestat.com\/#organization","name":"FRANCESTAT","url":"https:\/\/francestat.com\/","logo":{"@type":"ImageObject","inLanguage":"fr-FR","@id":"https:\/\/francestat.com\/#\/schema\/logo\/image\/","url":"https:\/\/francestat.com\/wp-content\/uploads\/2018\/05\/logo_horizontal_small_francestat.jpg","contentUrl":"https:\/\/francestat.com\/wp-content\/uploads\/2018\/05\/logo_horizontal_small_francestat.jpg","width":155,"height":51,"caption":"FRANCESTAT"},"image":{"@id":"https:\/\/francestat.com\/#\/schema\/logo\/image\/"}}]}},"_links":{"self":[{"href":"https:\/\/francestat.com\/index.php\/wp-json\/wp\/v2\/pages\/4262","targetHints":{"allow":["GET"]}}],"collection":[{"href":"https:\/\/francestat.com\/index.php\/wp-json\/wp\/v2\/pages"}],"about":[{"href":"https:\/\/francestat.com\/index.php\/wp-json\/wp\/v2\/types\/page"}],"author":[{"embeddable":true,"href":"https:\/\/francestat.com\/index.php\/wp-json\/wp\/v2\/users\/1"}],"replies":[{"embeddable":true,"href":"https:\/\/francestat.com\/index.php\/wp-json\/wp\/v2\/comments?post=4262"}],"version-history":[{"count":29,"href":"https:\/\/francestat.com\/index.php\/wp-json\/wp\/v2\/pages\/4262\/revisions"}],"predecessor-version":[{"id":4781,"href":"https:\/\/francestat.com\/index.php\/wp-json\/wp\/v2\/pages\/4262\/revisions\/4781"}],"wp:attachment":[{"href":"https:\/\/francestat.com\/index.php\/wp-json\/wp\/v2\/media?parent=4262"}],"curies":[{"name":"wp","href":"https:\/\/api.w.org\/{rel}","templated":true}]}}