{"id":4542,"date":"2022-01-26T09:16:38","date_gmt":"2022-01-26T08:16:38","guid":{"rendered":"https:\/\/francestat.com\/?page_id=4542"},"modified":"2022-06-23T14:50:45","modified_gmt":"2022-06-23T12:50:45","slug":"centurion19202","status":"publish","type":"page","link":"https:\/\/francestat.com\/index.php\/centurion19202\/","title":{"rendered":"Centurion19202"},"content":{"rendered":"<p>[vc_row][vc_column width=\u00a0\u00bb1\/4&Prime;][vc_column_text][\/vc_column_text][\/vc_column][vc_column width=\u00a0\u00bb3\/4&Prime;]<div id=\"ultimate-heading-1069d500b0e9a7c\" class=\"uvc-heading ult-adjust-bottom-margin ultimate-heading-1069d500b0e9a7c uvc-6114  uvc-heading-default-font-sizes\" data-hspacer=\"no_spacer\"  data-halign=\"center\" style=\"text-align:center\"><div class=\"uvc-heading-spacer no_spacer\" style=\"top\"><\/div><div class=\"uvc-main-heading ult-responsive\"  data-ultimate-target='.uvc-heading.ultimate-heading-1069d500b0e9a7c h2'  data-responsive-json-new='{\"font-size\":\"\",\"line-height\":\"\"}' ><h2 style=\"--font-weight:theme;\">Ajouts et am\u00e9liorations de la version 19.2.02<\/h2><\/div><\/div>[vc_empty_space][\/vc_column][\/vc_row][vc_row][vc_column width=\u00a0\u00bb1\/4&Prime;][vc_empty_space][vc_btn title=\u00a0\u00bbStatgraphics Centurion 19&Prime; size=\u00a0\u00bbsm\u00a0\u00bb align=\u00a0\u00bbcenter\u00a0\u00bb link=\u00a0\u00bburl:https%3A%2F%2Ffrancestat.com%2Findex.php%2Fcenturion19%2F|title:Statgraphics%20Centurion%2019&Prime;][\/vc_column][vc_column width=\u00a0\u00bb3\/4&Prime;][vc_column_text css=\u00a0\u00bb.vc_custom_1643185109499{background-color: #f4f4f4 !important;}\u00a0\u00bb]<strong>Diagramme de Pareto dynamique<\/strong><\/p>\n<p>La Statlet &#8211; Diagramme de Pareto dynamique est con\u00e7ue pour afficher un diagramme de Pareto montrant comment les donn\u00e9es d&rsquo;un ensemble de cat\u00e9gories \u00e9voluent dans le temps. A partir de donn\u00e9es repr\u00e9sentant\u00a0<i class=\"hcp1\">n<\/i>\u00a0cat\u00e9gories observ\u00e9es durant\u00a0<i class=\"hcp1\">p<\/i>\u00a0p\u00e9riodes de temps, le logiciel cr\u00e9e un affichage dynamique illustrant comment chaque cat\u00e9gorie se modifie dans le temps.[\/vc_column_text][vc_single_image image=\u00a0\u00bb4545&Prime; img_size=\u00a0\u00bblarge\u00a0\u00bb][vc_column_text css=\u00a0\u00bb.vc_custom_1643185276034{background-color: #f4f4f4 !important;}\u00a0\u00bb]<strong>Graphique radar dynamique<\/strong><\/p>\n<p>La Statlet &#8211; Graphique radar dynamique est con\u00e7ue pour montrer comment les donn\u00e9es d&rsquo;un ensemble de cat\u00e9gories ou de variables se modifient dans le temps. A partir de donn\u00e9es constitu\u00e9es de\u00a0<i>k<\/i>\u00a0colonnes repr\u00e9sent\u00e9es sur\u00a0<i>p<\/i>\u00a0p\u00e9riodes de temps, le logiciel affiche un graphique dynamique que illustre comment chaque colonne se modifie. Des donn\u00e9es classiques pour cette proc\u00e9dure sont, par exemple, des ventes mensuelles ou tout autre ensemble de donn\u00e9es ayant de forts effets saisonniers.[\/vc_column_text][vc_single_image image=\u00a0\u00bb4547&Prime; img_size=\u00a0\u00bblarge\u00a0\u00bb][vc_column_text css=\u00a0\u00bb.vc_custom_1643185351930{background-color: #f4f4f4 !important;}\u00a0\u00bb]<strong>Graphique en spirale de s\u00e9ries temporelles<\/strong><\/p>\n<p>La Statlet \u2013 Graphique en spirale affiche des s\u00e9ries temporelles le long d\u2019une spirale d\u2019Archim\u00e8de qui d\u00e9bute au centre du graphique et se d\u00e9roule sous la forme d\u2019une spirale. Cela est particuli\u00e8rement utile pour afficher de grands volumes de donn\u00e9es ayant une structure saisonni\u00e8re. Les donn\u00e9es peuvent \u00eatre affich\u00e9es sous la forme de b\u00e2tons, de points ou de lignes.[\/vc_column_text][vc_single_image image=\u00a0\u00bb4548&Prime; img_size=\u00a0\u00bblarge\u00a0\u00bb][vc_column_text css=\u00a0\u00bb.vc_custom_1643185449508{background-color: #f4f4f4 !important;}\u00a0\u00bb]<strong>S\u00e9parateurs \u00e0 vastes marges (SVM)<\/strong><\/p>\n<p><span lang=\"EN-US\" xml:lang=\"EN-US\"><span class=\"auto-style38\">La proc\u00e9dure\u00a0<\/span><\/span><span class=\"auto-style38\"><span lang=\"EN-US\" xml:lang=\"EN-US\">S\u00e9parateurs \u00e0\u00a0<\/span><span xml:lang=\"EN-US\">V<\/span><span lang=\"EN-US\" xml:lang=\"EN-US\">astes\u00a0<\/span><span xml:lang=\"EN-US\">M<\/span><span lang=\"EN-US\" xml:lang=\"EN-US\">arges impl\u00e9mente une proc\u00e9dure d&rsquo;apprentissage machine pour pr\u00e9voir des observations \u00e0 partir de donn\u00e9es. Elle cr\u00e9e des mod\u00e8les de deux formes :<\/span><span xml:lang=\"EN-US\">\u00a0<\/span><span class=\"hcp2\" xml:lang=\"EN-US\">m<\/span><span class=\"hcp2\" lang=\"EN-US\" xml:lang=\"EN-US\">od\u00e8les de classement<\/span><\/span><span class=\"auto-style38\">\u00a0qui d\u00e9coupent des<span lang=\"EN-US\" xml:lang=\"EN-US\">\u00a0observations en groupes en se basant sur les caract\u00e9ristiques observ\u00e9es<\/span><span xml:lang=\"EN-US\">,\u00a0<span class=\"hcp2\" xml:lang=\"EN-US\">m<\/span><span class=\"hcp2\" lang=\"EN-US\" xml:lang=\"EN-US\">od\u00e8les de r\u00e9gression<\/span>\u00a0qui pr\u00e9voient la valeur d&rsquo;une variable \u00e0 expliquer<span lang=\"EN-US\" xml:lang=\"EN-US\">.<\/span>\u00a0<\/span><span class=\"hcp3\" xml:lang=\"EN-US\"><span lang=\"EN-US\" xml:lang=\"EN-US\">Dans le cas d&rsquo;un mod\u00e8le de classement, l&rsquo;algorithme d\u00e9coupent les observations en groupes en g\u00e9n\u00e9rant des marges autour des groupes aussi vastes que possible. Dans le cas d&rsquo;un mod\u00e8le de r\u00e9gression, l&rsquo;algorithme minimise les coefficients d&rsquo;un mod\u00e8le dans lequel la distance des observations \u00e0 une r\u00e9gion autour du mod\u00e8le ajust\u00e9 d\u00e9finie par un montant d&rsquo;erreur acceptable est aussi petite que possible.<\/span><span xml:lang=\"EN-US\">\u00a0<span lang=\"EN-US\" xml:lang=\"EN-US\">Les observations sont classiquement d\u00e9coup\u00e9es en trois jeux :<\/span>\u00a0u<span lang=\"EN-US\" xml:lang=\"EN-US\">n jeu d&rsquo;apprentissage utilis\u00e9 pour construire le mod\u00e8le<\/span>, u<span lang=\"EN-US\" xml:lang=\"EN-US\">n jeu de validation pour lequel le groupe ou la valeur est connu, utilis\u00e9 pour valider le mod\u00e8le<\/span>, u<span lang=\"EN-US\" xml:lang=\"EN-US\">n jeu de pr\u00e9vision pour lequel le groupe ou la valeur n&rsquo;est pas connu, utilis\u00e9 pour faire les pr\u00e9visions d\u00e9sir\u00e9es.<\/span>\u00a0<span lang=\"EN-US\" xml:lang=\"EN-US\">La variable \u00e0 expliquer peut \u00eatre qualitative ou quantitative mais les facteurs pr\u00e9dictifs sont toutes quantitatifs.<\/span><\/span><\/span>\u00a0<\/span>[\/vc_column_text][vc_single_image image=\u00a0\u00bb4550&Prime; img_size=\u00a0\u00bblarge\u00a0\u00bb][vc_column_text css=\u00a0\u00bb.vc_custom_1643185519465{background-color: #f4f4f4 !important;}\u00a0\u00bb]<strong>Ajustement de m\u00e9langes de lois non gaussiennes<\/strong><\/p>\n<p>La proc\u00e9dure Ajustement de lois (mod\u00e8les de m\u00e9langes non gaussiens)\u00a0ajuste une loi \u00e0 des donn\u00e9es num\u00e9riques continues constitu\u00e9es d&rsquo;un m\u00e9lange de deux lois ou plus normales univari\u00e9es, de Weibull, gamma ou log-normales. Les composants du m\u00e9lange peuvent repr\u00e9senter diff\u00e9rents groupes dans l&rsquo;\u00e9chantillon utilis\u00e9 pour ajuster la loi globale ou un mod\u00e8le de m\u00e9lange peut approximer une loi ayant une forme plus complexe.[\/vc_column_text][vc_single_image image=\u00a0\u00bb4551&Prime; img_size=\u00a0\u00bblarge\u00a0\u00bb][\/vc_column][\/vc_row]<\/p>\n","protected":false},"excerpt":{"rendered":"<p>[vc_row][vc_column width=\u00a0\u00bb1\/4&Prime;][vc_column_text][\/vc_column_text][\/vc_column][vc_column width=\u00a0\u00bb3\/4&Prime;][vc_empty_space][\/vc_column][\/vc_row][vc_row][vc_column width=\u00a0\u00bb1\/4&Prime;][vc_empty_space][vc_btn title=\u00a0\u00bbStatgraphics Centurion 19&Prime; size=\u00a0\u00bbsm\u00a0\u00bb align=\u00a0\u00bbcenter\u00a0\u00bb link=\u00a0\u00bburl:https%3A%2F%2Ffrancestat.com%2Findex.php%2Fcenturion19%2F|title:Statgraphics%20Centurion%2019&Prime;][\/vc_column][vc_column width=\u00a0\u00bb3\/4&Prime;][vc_column_text css=\u00a0\u00bb.vc_custom_1643185109499{background-color: #f4f4f4 !important;}\u00a0\u00bb]Diagramme de Pareto dynamique La Statlet &#8211; Diagramme de Pareto dynamique est con\u00e7ue pour afficher un diagramme de Pareto montrant comment les donn\u00e9es d&rsquo;un ensemble de cat\u00e9gories \u00e9voluent dans le temps. A partir de donn\u00e9es repr\u00e9sentant\u00a0n\u00a0cat\u00e9gories observ\u00e9es durant\u00a0p\u00a0p\u00e9riodes de temps, le logiciel&hellip;<\/p>\n","protected":false},"author":1,"featured_media":0,"parent":0,"menu_order":0,"comment_status":"closed","ping_status":"closed","template":"","meta":{"footnotes":""},"class_list":["post-4542","page","type-page","status-publish","hentry","description-off"],"yoast_head":"<!-- This site is optimized with the Yoast SEO plugin v27.3 - https:\/\/yoast.com\/product\/yoast-seo-wordpress\/ -->\n<title>Centurion19202 - FRANCESTAT<\/title>\n<meta name=\"description\" content=\"Statgraphics Centurion comprend plus de 290 proc\u00e9dures statistiques et graphiques, de visualisation de donn\u00e9es, d\u2019analyse pr\u00e9dictive et d\u2019apprentissage automatique.\" \/>\n<meta name=\"robots\" content=\"index, follow, max-snippet:-1, max-image-preview:large, max-video-preview:-1\" \/>\n<link rel=\"canonical\" href=\"https:\/\/francestat.com\/index.php\/centurion19202\/\" \/>\n<meta property=\"og:locale\" content=\"fr_FR\" \/>\n<meta property=\"og:type\" content=\"article\" \/>\n<meta property=\"og:title\" content=\"Centurion19202 - FRANCESTAT\" \/>\n<meta property=\"og:description\" content=\"Statgraphics Centurion comprend plus de 290 proc\u00e9dures statistiques et graphiques, de visualisation de donn\u00e9es, d\u2019analyse pr\u00e9dictive et d\u2019apprentissage automatique.\" \/>\n<meta property=\"og:url\" content=\"https:\/\/francestat.com\/index.php\/centurion19202\/\" \/>\n<meta property=\"og:site_name\" content=\"FRANCESTAT\" \/>\n<meta property=\"article:modified_time\" content=\"2022-06-23T12:50:45+00:00\" \/>\n<meta name=\"twitter:card\" content=\"summary_large_image\" \/>\n<meta name=\"twitter:label1\" content=\"Dur\u00e9e de lecture estim\u00e9e\" \/>\n\t<meta name=\"twitter:data1\" content=\"3 minutes\" \/>\n<script type=\"application\/ld+json\" class=\"yoast-schema-graph\">{\"@context\":\"https:\\\/\\\/schema.org\",\"@graph\":[{\"@type\":\"WebPage\",\"@id\":\"https:\\\/\\\/francestat.com\\\/index.php\\\/centurion19202\\\/\",\"url\":\"https:\\\/\\\/francestat.com\\\/index.php\\\/centurion19202\\\/\",\"name\":\"Centurion19202 - FRANCESTAT\",\"isPartOf\":{\"@id\":\"https:\\\/\\\/francestat.com\\\/#website\"},\"datePublished\":\"2022-01-26T08:16:38+00:00\",\"dateModified\":\"2022-06-23T12:50:45+00:00\",\"description\":\"Statgraphics Centurion comprend plus de 290 proc\u00e9dures statistiques et graphiques, de visualisation de donn\u00e9es, d\u2019analyse pr\u00e9dictive et d\u2019apprentissage automatique.\",\"breadcrumb\":{\"@id\":\"https:\\\/\\\/francestat.com\\\/index.php\\\/centurion19202\\\/#breadcrumb\"},\"inLanguage\":\"fr-FR\",\"potentialAction\":[{\"@type\":\"ReadAction\",\"target\":[\"https:\\\/\\\/francestat.com\\\/index.php\\\/centurion19202\\\/\"]}]},{\"@type\":\"BreadcrumbList\",\"@id\":\"https:\\\/\\\/francestat.com\\\/index.php\\\/centurion19202\\\/#breadcrumb\",\"itemListElement\":[{\"@type\":\"ListItem\",\"position\":1,\"name\":\"Accueil\",\"item\":\"https:\\\/\\\/francestat.com\\\/\"},{\"@type\":\"ListItem\",\"position\":2,\"name\":\"Centurion19202\"}]},{\"@type\":\"WebSite\",\"@id\":\"https:\\\/\\\/francestat.com\\\/#website\",\"url\":\"https:\\\/\\\/francestat.com\\\/\",\"name\":\"FRANCESTAT\",\"description\":\"Logiciels, formations et services statistiques\",\"publisher\":{\"@id\":\"https:\\\/\\\/francestat.com\\\/#organization\"},\"potentialAction\":[{\"@type\":\"SearchAction\",\"target\":{\"@type\":\"EntryPoint\",\"urlTemplate\":\"https:\\\/\\\/francestat.com\\\/?s={search_term_string}\"},\"query-input\":{\"@type\":\"PropertyValueSpecification\",\"valueRequired\":true,\"valueName\":\"search_term_string\"}}],\"inLanguage\":\"fr-FR\"},{\"@type\":\"Organization\",\"@id\":\"https:\\\/\\\/francestat.com\\\/#organization\",\"name\":\"FRANCESTAT\",\"url\":\"https:\\\/\\\/francestat.com\\\/\",\"logo\":{\"@type\":\"ImageObject\",\"inLanguage\":\"fr-FR\",\"@id\":\"https:\\\/\\\/francestat.com\\\/#\\\/schema\\\/logo\\\/image\\\/\",\"url\":\"https:\\\/\\\/francestat.com\\\/wp-content\\\/uploads\\\/2018\\\/05\\\/logo_horizontal_small_francestat.jpg\",\"contentUrl\":\"https:\\\/\\\/francestat.com\\\/wp-content\\\/uploads\\\/2018\\\/05\\\/logo_horizontal_small_francestat.jpg\",\"width\":155,\"height\":51,\"caption\":\"FRANCESTAT\"},\"image\":{\"@id\":\"https:\\\/\\\/francestat.com\\\/#\\\/schema\\\/logo\\\/image\\\/\"}}]}<\/script>\n<!-- \/ Yoast SEO plugin. -->","yoast_head_json":{"title":"Centurion19202 - FRANCESTAT","description":"Statgraphics Centurion comprend plus de 290 proc\u00e9dures statistiques et graphiques, de visualisation de donn\u00e9es, d\u2019analyse pr\u00e9dictive et d\u2019apprentissage automatique.","robots":{"index":"index","follow":"follow","max-snippet":"max-snippet:-1","max-image-preview":"max-image-preview:large","max-video-preview":"max-video-preview:-1"},"canonical":"https:\/\/francestat.com\/index.php\/centurion19202\/","og_locale":"fr_FR","og_type":"article","og_title":"Centurion19202 - FRANCESTAT","og_description":"Statgraphics Centurion comprend plus de 290 proc\u00e9dures statistiques et graphiques, de visualisation de donn\u00e9es, d\u2019analyse pr\u00e9dictive et d\u2019apprentissage automatique.","og_url":"https:\/\/francestat.com\/index.php\/centurion19202\/","og_site_name":"FRANCESTAT","article_modified_time":"2022-06-23T12:50:45+00:00","twitter_card":"summary_large_image","twitter_misc":{"Dur\u00e9e de lecture estim\u00e9e":"3 minutes"},"schema":{"@context":"https:\/\/schema.org","@graph":[{"@type":"WebPage","@id":"https:\/\/francestat.com\/index.php\/centurion19202\/","url":"https:\/\/francestat.com\/index.php\/centurion19202\/","name":"Centurion19202 - FRANCESTAT","isPartOf":{"@id":"https:\/\/francestat.com\/#website"},"datePublished":"2022-01-26T08:16:38+00:00","dateModified":"2022-06-23T12:50:45+00:00","description":"Statgraphics Centurion comprend plus de 290 proc\u00e9dures statistiques et graphiques, de visualisation de donn\u00e9es, d\u2019analyse pr\u00e9dictive et d\u2019apprentissage automatique.","breadcrumb":{"@id":"https:\/\/francestat.com\/index.php\/centurion19202\/#breadcrumb"},"inLanguage":"fr-FR","potentialAction":[{"@type":"ReadAction","target":["https:\/\/francestat.com\/index.php\/centurion19202\/"]}]},{"@type":"BreadcrumbList","@id":"https:\/\/francestat.com\/index.php\/centurion19202\/#breadcrumb","itemListElement":[{"@type":"ListItem","position":1,"name":"Accueil","item":"https:\/\/francestat.com\/"},{"@type":"ListItem","position":2,"name":"Centurion19202"}]},{"@type":"WebSite","@id":"https:\/\/francestat.com\/#website","url":"https:\/\/francestat.com\/","name":"FRANCESTAT","description":"Logiciels, formations et services statistiques","publisher":{"@id":"https:\/\/francestat.com\/#organization"},"potentialAction":[{"@type":"SearchAction","target":{"@type":"EntryPoint","urlTemplate":"https:\/\/francestat.com\/?s={search_term_string}"},"query-input":{"@type":"PropertyValueSpecification","valueRequired":true,"valueName":"search_term_string"}}],"inLanguage":"fr-FR"},{"@type":"Organization","@id":"https:\/\/francestat.com\/#organization","name":"FRANCESTAT","url":"https:\/\/francestat.com\/","logo":{"@type":"ImageObject","inLanguage":"fr-FR","@id":"https:\/\/francestat.com\/#\/schema\/logo\/image\/","url":"https:\/\/francestat.com\/wp-content\/uploads\/2018\/05\/logo_horizontal_small_francestat.jpg","contentUrl":"https:\/\/francestat.com\/wp-content\/uploads\/2018\/05\/logo_horizontal_small_francestat.jpg","width":155,"height":51,"caption":"FRANCESTAT"},"image":{"@id":"https:\/\/francestat.com\/#\/schema\/logo\/image\/"}}]}},"_links":{"self":[{"href":"https:\/\/francestat.com\/index.php\/wp-json\/wp\/v2\/pages\/4542","targetHints":{"allow":["GET"]}}],"collection":[{"href":"https:\/\/francestat.com\/index.php\/wp-json\/wp\/v2\/pages"}],"about":[{"href":"https:\/\/francestat.com\/index.php\/wp-json\/wp\/v2\/types\/page"}],"author":[{"embeddable":true,"href":"https:\/\/francestat.com\/index.php\/wp-json\/wp\/v2\/users\/1"}],"replies":[{"embeddable":true,"href":"https:\/\/francestat.com\/index.php\/wp-json\/wp\/v2\/comments?post=4542"}],"version-history":[{"count":9,"href":"https:\/\/francestat.com\/index.php\/wp-json\/wp\/v2\/pages\/4542\/revisions"}],"predecessor-version":[{"id":4950,"href":"https:\/\/francestat.com\/index.php\/wp-json\/wp\/v2\/pages\/4542\/revisions\/4950"}],"wp:attachment":[{"href":"https:\/\/francestat.com\/index.php\/wp-json\/wp\/v2\/media?parent=4542"}],"curies":[{"name":"wp","href":"https:\/\/api.w.org\/{rel}","templated":true}]}}