{"id":4554,"date":"2022-01-26T09:32:10","date_gmt":"2022-01-26T08:32:10","guid":{"rendered":"https:\/\/francestat.com\/?page_id=4554"},"modified":"2022-06-23T14:50:17","modified_gmt":"2022-06-23T12:50:17","slug":"centurion19303","status":"publish","type":"page","link":"https:\/\/francestat.com\/index.php\/centurion19303\/","title":{"rendered":"Centurion19303"},"content":{"rendered":"<p>[vc_row][vc_column width=\u00a0\u00bb1\/4&Prime;][vc_column_text][\/vc_column_text][\/vc_column][vc_column width=\u00a0\u00bb3\/4&Prime;]<div id=\"ultimate-heading-926069f46ecf7fc47\" class=\"uvc-heading ult-adjust-bottom-margin ultimate-heading-926069f46ecf7fc47 uvc-1274  uvc-heading-default-font-sizes\" data-hspacer=\"no_spacer\"  data-halign=\"center\" style=\"text-align:center\"><div class=\"uvc-heading-spacer no_spacer\" style=\"top\"><\/div><div class=\"uvc-main-heading ult-responsive\"  data-ultimate-target='.uvc-heading.ultimate-heading-926069f46ecf7fc47 h2'  data-responsive-json-new='{\"font-size\":\"\",\"line-height\":\"\"}' ><h2 style=\"--font-weight:theme;\">Ajouts et am\u00e9liorations de la version 19.3.03<\/h2><\/div><\/div>[vc_empty_space][\/vc_column][\/vc_row][vc_row][vc_column width=\u00a0\u00bb1\/4&Prime;][vc_empty_space][vc_btn title=\u00a0\u00bbStatgraphics Centurion 19&Prime; size=\u00a0\u00bbsm\u00a0\u00bb align=\u00a0\u00bbcenter\u00a0\u00bb link=\u00a0\u00bburl:https%3A%2F%2Ffrancestat.com%2Findex.php%2Fcenturion19%2F|title:Statgraphics%20Centurion%2019&Prime;][\/vc_column][vc_column width=\u00a0\u00bb3\/4&Prime;][vc_column_text css=\u00a0\u00bb.vc_custom_1643186211436{background-color: #f4f4f4 !important;}\u00a0\u00bb]<strong>Graphique Treillis &#8211; Y num\u00e9rique<\/strong><\/p>\n<p>La Statlet\u00a0<span class=\"auto-style38\">Graphique treillis &#8211; Y num\u00e9rique<span class=\"hcp3\">\u00a0<\/span><\/span><span class=\"hcp3\">affiche les caract\u00e9ristiques les caract\u00e9ristiques d\u2019une unique variable quantitative pour diff\u00e9rentes combinaisons d\u2019une ou de deux variables de conditionnement sous la forme de bo\u00eetes \u00e0 moustaches, d&rsquo;histogrammes d&rsquo;effectifs ou de graphiques de normalit\u00e9.<\/span>[\/vc_column_text][vc_single_image image=\u00a0\u00bb4561&Prime; img_size=\u00a0\u00bblarge\u00a0\u00bb][vc_single_image image=\u00a0\u00bb4562&Prime; img_size=\u00a0\u00bblarge\u00a0\u00bb][vc_single_image image=\u00a0\u00bb4563&Prime; img_size=\u00a0\u00bblarge\u00a0\u00bb][\/vc_column][\/vc_row][vc_row][vc_column width=\u00a0\u00bb1\/4&Prime;][\/vc_column][vc_column width=\u00a0\u00bb3\/4&Prime;][vc_column_text css=\u00a0\u00bb.vc_custom_1643186334932{background-color: #f4f4f4 !important;}\u00a0\u00bb]<strong>Graphique Treillis &#8211; Y cat\u00e9goriel<\/strong><\/p>\n<p>La Statlet\u00a0<span class=\"auto-style38\">Graphique treillis &#8211; Y cat\u00e9goriel<span class=\"hcp3\">\u00a0<\/span><\/span><span class=\"hcp3\">affiche les caract\u00e9ristiques d\u2019une unique variable cat\u00e9gorielle pour diff\u00e9rentes combinaisons d\u2019une ou de deux variables de conditionnement sous la forme de diagrammes en b\u00e2tons, de diagrammes circulaires ou de diagrammes en anneaux.<\/span>[\/vc_column_text][vc_single_image image=\u00a0\u00bb4565&Prime; img_size=\u00a0\u00bblarge\u00a0\u00bb][vc_single_image image=\u00a0\u00bb4566&Prime; img_size=\u00a0\u00bblarge\u00a0\u00bb][vc_single_image image=\u00a0\u00bb4567&Prime; img_size=\u00a0\u00bblarge\u00a0\u00bb][\/vc_column][\/vc_row][vc_row][vc_column width=\u00a0\u00bb1\/4&Prime;][\/vc_column][vc_column width=\u00a0\u00bb3\/4&Prime;][vc_column_text css=\u00a0\u00bb.vc_custom_1643887142744{background-color: #f4f4f4 !important;}\u00a0\u00bb]<strong>Graphique Treillis &#8211; Y versus X<\/strong><\/p>\n<p>La Statlet\u00a0<span class=\"auto-style38\">Graphique treillis &#8211; Y vs X<span class=\"hcp3\">\u00a0<\/span><\/span><span class=\"hcp3\">affiche les relations entre deux variables pour diff\u00e9rentes combinaisons d\u2019une ou de deux variables de conditionnement sous la forme de nuages de points ou de graphiques de r\u00e9gressions.<\/span>[\/vc_column_text][vc_single_image image=\u00a0\u00bb4556&Prime; img_size=\u00a0\u00bblarge\u00a0\u00bb][vc_single_image image=\u00a0\u00bb4559&Prime; img_size=\u00a0\u00bblarge\u00a0\u00bb][\/vc_column][\/vc_row][vc_row][vc_column width=\u00a0\u00bb1\/4&Prime;][\/vc_column][vc_column width=\u00a0\u00bb3\/4&Prime;][vc_column_text css=\u00a0\u00bb.vc_custom_1643887051192{background-color: #f4f4f4 !important;}\u00a0\u00bb]<strong>Graphique Treillis &#8211; Z versus X et Y<\/strong><\/p>\n<p>La Statlet\u00a0<span class=\"auto-style38\">Graphique treillis &#8211; Z vs X<span class=\"hcp3\"> et Y <\/span><\/span><span class=\"hcp3\">affiche les relations entre trois variables pour diff\u00e9rentes combinaisons d\u2019une ou de deux variables de conditionnement sous la forme de diagrammes en bulles, de graphiques de r\u00e9gressions et de lissages LOWESS.<\/span>[\/vc_column_text][vc_single_image image=\u00a0\u00bb4691&Prime; img_size=\u00a0\u00bblarge\u00a0\u00bb alignment=\u00a0\u00bbcenter\u00a0\u00bb][vc_single_image image=\u00a0\u00bb4692&Prime; img_size=\u00a0\u00bblarge\u00a0\u00bb alignment=\u00a0\u00bbcenter\u00a0\u00bb][vc_single_image image=\u00a0\u00bb4693&Prime; img_size=\u00a0\u00bblarge\u00a0\u00bb alignment=\u00a0\u00bbcenter\u00a0\u00bb][\/vc_column][\/vc_row]<\/p>\n","protected":false},"excerpt":{"rendered":"<p>[vc_row][vc_column width=\u00a0\u00bb1\/4&Prime;][vc_column_text][\/vc_column_text][\/vc_column][vc_column width=\u00a0\u00bb3\/4&Prime;][vc_empty_space][\/vc_column][\/vc_row][vc_row][vc_column width=\u00a0\u00bb1\/4&Prime;][vc_empty_space][vc_btn title=\u00a0\u00bbStatgraphics Centurion 19&Prime; size=\u00a0\u00bbsm\u00a0\u00bb align=\u00a0\u00bbcenter\u00a0\u00bb link=\u00a0\u00bburl:https%3A%2F%2Ffrancestat.com%2Findex.php%2Fcenturion19%2F|title:Statgraphics%20Centurion%2019&Prime;][\/vc_column][vc_column width=\u00a0\u00bb3\/4&Prime;][vc_column_text css=\u00a0\u00bb.vc_custom_1643186211436{background-color: #f4f4f4 !important;}\u00a0\u00bb]Graphique Treillis &#8211; Y num\u00e9rique La Statlet\u00a0Graphique treillis &#8211; Y num\u00e9rique\u00a0affiche les caract\u00e9ristiques les caract\u00e9ristiques d\u2019une unique variable quantitative pour diff\u00e9rentes combinaisons d\u2019une ou de deux variables de conditionnement sous la forme de bo\u00eetes \u00e0 moustaches, d&rsquo;histogrammes d&rsquo;effectifs ou de graphiques de&hellip;<\/p>\n","protected":false},"author":1,"featured_media":0,"parent":0,"menu_order":0,"comment_status":"closed","ping_status":"closed","template":"","meta":{"footnotes":""},"class_list":["post-4554","page","type-page","status-publish","hentry","description-off"],"yoast_head":"<!-- This site is optimized with the Yoast SEO plugin v27.5 - https:\/\/yoast.com\/product\/yoast-seo-wordpress\/ -->\n<title>Centurion19303 - FRANCESTAT<\/title>\n<meta name=\"description\" content=\"Statgraphics Centurion comprend plus de 290 proc\u00e9dures statistiques et graphiques, de visualisation de donn\u00e9es, d\u2019analyse pr\u00e9dictive et d\u2019apprentissage automatique.\" \/>\n<meta name=\"robots\" content=\"index, follow, max-snippet:-1, max-image-preview:large, max-video-preview:-1\" \/>\n<link rel=\"canonical\" href=\"https:\/\/francestat.com\/index.php\/centurion19303\/\" \/>\n<meta property=\"og:locale\" content=\"fr_FR\" \/>\n<meta property=\"og:type\" content=\"article\" \/>\n<meta property=\"og:title\" content=\"Centurion19303 - FRANCESTAT\" \/>\n<meta property=\"og:description\" content=\"Statgraphics Centurion comprend plus de 290 proc\u00e9dures statistiques et graphiques, de visualisation de donn\u00e9es, d\u2019analyse pr\u00e9dictive et d\u2019apprentissage automatique.\" \/>\n<meta property=\"og:url\" content=\"https:\/\/francestat.com\/index.php\/centurion19303\/\" \/>\n<meta property=\"og:site_name\" content=\"FRANCESTAT\" \/>\n<meta property=\"article:modified_time\" content=\"2022-06-23T12:50:17+00:00\" \/>\n<meta name=\"twitter:card\" content=\"summary_large_image\" \/>\n<meta name=\"twitter:label1\" content=\"Dur\u00e9e de lecture estim\u00e9e\" \/>\n\t<meta name=\"twitter:data1\" content=\"2 minutes\" \/>\n<script type=\"application\/ld+json\" class=\"yoast-schema-graph\">{\"@context\":\"https:\\\/\\\/schema.org\",\"@graph\":[{\"@type\":\"WebPage\",\"@id\":\"https:\\\/\\\/francestat.com\\\/index.php\\\/centurion19303\\\/\",\"url\":\"https:\\\/\\\/francestat.com\\\/index.php\\\/centurion19303\\\/\",\"name\":\"Centurion19303 - FRANCESTAT\",\"isPartOf\":{\"@id\":\"https:\\\/\\\/francestat.com\\\/#website\"},\"datePublished\":\"2022-01-26T08:32:10+00:00\",\"dateModified\":\"2022-06-23T12:50:17+00:00\",\"description\":\"Statgraphics Centurion comprend plus de 290 proc\u00e9dures statistiques et graphiques, de visualisation de donn\u00e9es, d\u2019analyse pr\u00e9dictive et d\u2019apprentissage automatique.\",\"breadcrumb\":{\"@id\":\"https:\\\/\\\/francestat.com\\\/index.php\\\/centurion19303\\\/#breadcrumb\"},\"inLanguage\":\"fr-FR\",\"potentialAction\":[{\"@type\":\"ReadAction\",\"target\":[\"https:\\\/\\\/francestat.com\\\/index.php\\\/centurion19303\\\/\"]}]},{\"@type\":\"BreadcrumbList\",\"@id\":\"https:\\\/\\\/francestat.com\\\/index.php\\\/centurion19303\\\/#breadcrumb\",\"itemListElement\":[{\"@type\":\"ListItem\",\"position\":1,\"name\":\"Accueil\",\"item\":\"https:\\\/\\\/francestat.com\\\/\"},{\"@type\":\"ListItem\",\"position\":2,\"name\":\"Centurion19303\"}]},{\"@type\":\"WebSite\",\"@id\":\"https:\\\/\\\/francestat.com\\\/#website\",\"url\":\"https:\\\/\\\/francestat.com\\\/\",\"name\":\"FRANCESTAT\",\"description\":\"Logiciels, formations et services statistiques\",\"publisher\":{\"@id\":\"https:\\\/\\\/francestat.com\\\/#organization\"},\"potentialAction\":[{\"@type\":\"SearchAction\",\"target\":{\"@type\":\"EntryPoint\",\"urlTemplate\":\"https:\\\/\\\/francestat.com\\\/?s={search_term_string}\"},\"query-input\":{\"@type\":\"PropertyValueSpecification\",\"valueRequired\":true,\"valueName\":\"search_term_string\"}}],\"inLanguage\":\"fr-FR\"},{\"@type\":\"Organization\",\"@id\":\"https:\\\/\\\/francestat.com\\\/#organization\",\"name\":\"FRANCESTAT\",\"url\":\"https:\\\/\\\/francestat.com\\\/\",\"logo\":{\"@type\":\"ImageObject\",\"inLanguage\":\"fr-FR\",\"@id\":\"https:\\\/\\\/francestat.com\\\/#\\\/schema\\\/logo\\\/image\\\/\",\"url\":\"https:\\\/\\\/francestat.com\\\/wp-content\\\/uploads\\\/2018\\\/05\\\/logo_horizontal_small_francestat.jpg\",\"contentUrl\":\"https:\\\/\\\/francestat.com\\\/wp-content\\\/uploads\\\/2018\\\/05\\\/logo_horizontal_small_francestat.jpg\",\"width\":155,\"height\":51,\"caption\":\"FRANCESTAT\"},\"image\":{\"@id\":\"https:\\\/\\\/francestat.com\\\/#\\\/schema\\\/logo\\\/image\\\/\"}}]}<\/script>\n<!-- \/ Yoast SEO plugin. -->","yoast_head_json":{"title":"Centurion19303 - FRANCESTAT","description":"Statgraphics Centurion comprend plus de 290 proc\u00e9dures statistiques et graphiques, de visualisation de donn\u00e9es, d\u2019analyse pr\u00e9dictive et d\u2019apprentissage automatique.","robots":{"index":"index","follow":"follow","max-snippet":"max-snippet:-1","max-image-preview":"max-image-preview:large","max-video-preview":"max-video-preview:-1"},"canonical":"https:\/\/francestat.com\/index.php\/centurion19303\/","og_locale":"fr_FR","og_type":"article","og_title":"Centurion19303 - FRANCESTAT","og_description":"Statgraphics Centurion comprend plus de 290 proc\u00e9dures statistiques et graphiques, de visualisation de donn\u00e9es, d\u2019analyse pr\u00e9dictive et d\u2019apprentissage automatique.","og_url":"https:\/\/francestat.com\/index.php\/centurion19303\/","og_site_name":"FRANCESTAT","article_modified_time":"2022-06-23T12:50:17+00:00","twitter_card":"summary_large_image","twitter_misc":{"Dur\u00e9e de lecture estim\u00e9e":"2 minutes"},"schema":{"@context":"https:\/\/schema.org","@graph":[{"@type":"WebPage","@id":"https:\/\/francestat.com\/index.php\/centurion19303\/","url":"https:\/\/francestat.com\/index.php\/centurion19303\/","name":"Centurion19303 - FRANCESTAT","isPartOf":{"@id":"https:\/\/francestat.com\/#website"},"datePublished":"2022-01-26T08:32:10+00:00","dateModified":"2022-06-23T12:50:17+00:00","description":"Statgraphics Centurion comprend plus de 290 proc\u00e9dures statistiques et graphiques, de visualisation de donn\u00e9es, d\u2019analyse pr\u00e9dictive et d\u2019apprentissage automatique.","breadcrumb":{"@id":"https:\/\/francestat.com\/index.php\/centurion19303\/#breadcrumb"},"inLanguage":"fr-FR","potentialAction":[{"@type":"ReadAction","target":["https:\/\/francestat.com\/index.php\/centurion19303\/"]}]},{"@type":"BreadcrumbList","@id":"https:\/\/francestat.com\/index.php\/centurion19303\/#breadcrumb","itemListElement":[{"@type":"ListItem","position":1,"name":"Accueil","item":"https:\/\/francestat.com\/"},{"@type":"ListItem","position":2,"name":"Centurion19303"}]},{"@type":"WebSite","@id":"https:\/\/francestat.com\/#website","url":"https:\/\/francestat.com\/","name":"FRANCESTAT","description":"Logiciels, formations et services statistiques","publisher":{"@id":"https:\/\/francestat.com\/#organization"},"potentialAction":[{"@type":"SearchAction","target":{"@type":"EntryPoint","urlTemplate":"https:\/\/francestat.com\/?s={search_term_string}"},"query-input":{"@type":"PropertyValueSpecification","valueRequired":true,"valueName":"search_term_string"}}],"inLanguage":"fr-FR"},{"@type":"Organization","@id":"https:\/\/francestat.com\/#organization","name":"FRANCESTAT","url":"https:\/\/francestat.com\/","logo":{"@type":"ImageObject","inLanguage":"fr-FR","@id":"https:\/\/francestat.com\/#\/schema\/logo\/image\/","url":"https:\/\/francestat.com\/wp-content\/uploads\/2018\/05\/logo_horizontal_small_francestat.jpg","contentUrl":"https:\/\/francestat.com\/wp-content\/uploads\/2018\/05\/logo_horizontal_small_francestat.jpg","width":155,"height":51,"caption":"FRANCESTAT"},"image":{"@id":"https:\/\/francestat.com\/#\/schema\/logo\/image\/"}}]}},"_links":{"self":[{"href":"https:\/\/francestat.com\/index.php\/wp-json\/wp\/v2\/pages\/4554","targetHints":{"allow":["GET"]}}],"collection":[{"href":"https:\/\/francestat.com\/index.php\/wp-json\/wp\/v2\/pages"}],"about":[{"href":"https:\/\/francestat.com\/index.php\/wp-json\/wp\/v2\/types\/page"}],"author":[{"embeddable":true,"href":"https:\/\/francestat.com\/index.php\/wp-json\/wp\/v2\/users\/1"}],"replies":[{"embeddable":true,"href":"https:\/\/francestat.com\/index.php\/wp-json\/wp\/v2\/comments?post=4554"}],"version-history":[{"count":18,"href":"https:\/\/francestat.com\/index.php\/wp-json\/wp\/v2\/pages\/4554\/revisions"}],"predecessor-version":[{"id":4952,"href":"https:\/\/francestat.com\/index.php\/wp-json\/wp\/v2\/pages\/4554\/revisions\/4952"}],"wp:attachment":[{"href":"https:\/\/francestat.com\/index.php\/wp-json\/wp\/v2\/media?parent=4554"}],"curies":[{"name":"wp","href":"https:\/\/api.w.org\/{rel}","templated":true}]}}