{"id":4998,"date":"2022-08-02T15:27:12","date_gmt":"2022-08-02T13:27:12","guid":{"rendered":"https:\/\/francestat.com\/?page_id=4998"},"modified":"2023-09-03T17:14:01","modified_gmt":"2023-09-03T15:14:01","slug":"statgraphics-pour-azure","status":"publish","type":"page","link":"https:\/\/francestat.com\/index.php\/statgraphics-pour-azure\/","title":{"rendered":"Statgraphics pour Azure"},"content":{"rendered":"<p>[vc_row][vc_column width=\u00a0\u00bb1\/4&Prime;][vc_column_text][\/vc_column_text][\/vc_column][vc_column width=\u00a0\u00bb3\/4&Prime;]<div id=\"ultimate-heading-734069e73363b9455\" class=\"uvc-heading ult-adjust-bottom-margin ultimate-heading-734069e73363b9455 uvc-8735  uvc-heading-default-font-sizes\" data-hspacer=\"no_spacer\"  data-halign=\"center\" style=\"text-align:center\"><div class=\"uvc-heading-spacer no_spacer\" style=\"top\"><\/div><div class=\"uvc-main-heading ult-responsive\"  data-ultimate-target='.uvc-heading.ultimate-heading-734069e73363b9455 h2'  data-responsive-json-new='{\"font-size\":\"\",\"line-height\":\"\"}' ><h2 style=\"--font-weight:theme;\">Logiciel Statgraphics pour Microsoft Azure<\/h2><\/div><\/div>[vc_empty_space][\/vc_column][\/vc_row][vc_row][vc_column width=\u00a0\u00bb1\/4&Prime;][vc_single_image image=\u00a0\u00bb4416&Prime; img_size=\u00a0\u00bb138&#215;89&Prime; alignment=\u00a0\u00bbcenter\u00a0\u00bb][vc_empty_space height=\u00a0\u00bb10px\u00a0\u00bb][vc_btn title=\u00a0\u00bbAper\u00e7u de Statgraphics pour Microsoft Azure\u00a0\u00bb align=\u00a0\u00bbcenter\u00a0\u00bb link=\u00a0\u00bburl:https%3A%2F%2Fwww.francestat.com%2Ftelecharg%2FAzure%2FApercu%2520de%2520Statgraphics%2520pour%2520Microsoft%2520Azure.pdf|title:Demande%20de%20contact\u00a0\u00bb][vc_empty_space height=\u00a0\u00bb10px\u00a0\u00bb][vc_btn title=\u00a0\u00bbInstallation et utilisation de Statgraphics pour Microsoft Azure\u00a0\u00bb align=\u00a0\u00bbcenter\u00a0\u00bb link=\u00a0\u00bburl:https%3A%2F%2F402067.fs1.hubspotusercontent-na1.net%2Fhubfs%2F402067%2FA%2520Guide%2520to%2520Running%2520Statgraphics%2520using%2520Microsoft%2520Azure.pdf|title:Demande%20de%20contact\u00a0\u00bb][vc_empty_space height=\u00a0\u00bb10px\u00a0\u00bb][vc_btn title=\u00a0\u00bbDemande de contact\u00a0\u00bb align=\u00a0\u00bbcenter\u00a0\u00bb link=\u00a0\u00bburl:https%3A%2F%2Ffrancestat.com%2Findex.php%2Fcontact%2F|title:Demande%20de%20contact\u00a0\u00bb][vc_empty_space height=\u00a0\u00bb10px\u00a0\u00bb][\/vc_column][vc_column width=\u00a0\u00bb3\/4&Prime;][vc_column_text css=\u00a0\u00bb.vc_custom_1693753632920{background-color: #f4f4f4 !important;}\u00a0\u00bb]<span style=\"margin: 0px; color: black; font-family: 'Helvetica',sans-serif; font-size: 10pt;\">Une nouvelle version de Statgraphics 19 a \u00e9t\u00e9 d\u00e9velopp\u00e9e pour \u00eatre utilis\u00e9e avec Microsoft Azure. Statgraphics pour Azure est accessible \u00e0 l\u2019aide de tout navigateur compatible HTML5 dont Chrome, Safari, Firefox, Internet Explorer 11 et Microsoft Edge. Les appareils capables d\u2019ex\u00e9cuter Statgraphics pour Azure incluent les PC, les MAC, les ordinateurs Linux et les tablettes iPad et Android.<br \/>\n<\/span>[\/vc_column_text][vc_empty_space height=\u00a0\u00bb5px\u00a0\u00bb][vc_single_image image=\u00a0\u00bb5021&Prime; img_size=\u00a0\u00bblarge\u00a0\u00bb alignment=\u00a0\u00bbcenter\u00a0\u00bb css=\u00a0\u00bb.vc_custom_1660038468877{background-color: #f4f4f4 !important;}\u00a0\u00bb][vc_empty_space height=\u00a0\u00bb5px\u00a0\u00bb][vc_column_text css=\u00a0\u00bb.vc_custom_1693753680437{background-color: #f4f4f4 !important;}\u00a0\u00bb]<span style=\"margin: 0px; color: black; font-family: 'Helvetica',sans-serif; font-size: 10pt;\">Statgraphics pour Azure contient toutes les proc\u00e9dures et fonctionnalit\u00e9s pr\u00e9sentes dans la version de bureau. Les utilisateurs se connectent \u00e0 l\u2019aide de leur adresse email et de leur mot de passe. Les licences pour l\u2019utilisation de Statgraphics pour Azure sont bas\u00e9es sur le nombre maximum d\u2019utilisateurs simultan\u00e9s qui est pilot\u00e9 par Internet. Les entreprises sont responsables de la cr\u00e9ation d\u2019un compte Azure et du paiement des frais Azure encourus.<\/span><\/p>\n<p><span style=\"margin: 0px; color: black; font-family: 'Helvetica',sans-serif; font-size: 10pt;\">Pour obtenir des informations sur les tarifs du logiciel Statgraphics pour Azure ou pour \u00e9valuer le produit, envoyer un email \u00e0\u00a0<a style=\"color: var(--the7-links-color);\" href=\"mailto:info@statgraphics.fr\">info@statgraphics.fr<\/a><\/span><\/p>\n<p>[\/vc_column_text][vc_empty_space height=\u00a0\u00bb5px\u00a0\u00bb][vc_column_text css=\u00a0\u00bb.vc_custom_1693754037735{background-color: #f4f4f4 !important;}\u00a0\u00bb]<span style=\"margin: 0px; color: black; font-family: 'Helvetica',sans-serif; font-size: 10pt;\">Statgraphics pour Azure s&rsquo;ex\u00e9cute sur des machines virtuelles cr\u00e9\u00e9es dans Microsoft Azure \u00e0 l&rsquo;aide d&rsquo;Azure Virtual Desktop. Le type le plus r\u00e9cent de machines virtuelles Azure ex\u00e9cute Windows 11 multisession, qui prend en charge plusieurs sessions sur une seule machine virtuelle. Les administrateurs informatiques peuvent offrir aux utilisateurs l&rsquo;acc\u00e8s \u00e0 une ou plusieurs applications, y compris Statgraphics, ou ils peuvent offrir aux utilisateurs des bureaux virtuels complets. Lorsque les donn\u00e9es des utilisateurs sont \u00e9galement stock\u00e9es dans le cloud, l&rsquo;acc\u00e8s et le calcul sont ind\u00e9pendants de l&rsquo;appareil local sur lequel ils acc\u00e8dent au programme.<\/span><\/p>\n<p><span style=\"margin: 0px; color: black; font-family: 'Helvetica',sans-serif; font-size: 10pt;\">Le document suivant fournit un aper\u00e7u de Statgraphics pour Microsoft Azure :<br \/>\n<a href=\"https:\/\/www.francestat.com\/telecharg\/Azure\/Apercu%20de%20Statgraphics%20pour%20Microsoft%20Azure.pdf\">Aper\u00e7u de Statgraphics pour Microsoft Azure<\/a><br \/>\n<span style=\"margin: 0px; color: black; font-family: 'Helvetica',sans-serif; font-size: 10pt;\">Les instructions d\u2019installation de Statgraphics pour Microsoft Azure sont fournies ici :<\/span><\/span><br \/>\n<a href=\"https:\/\/402067.fs1.hubspotusercontent-na1.net\/hubfs\/402067\/A%20Guide%20to%20Running%20Statgraphics%20using%20Microsoft%20Azure.pdf\">Installing and Using Statgraphics for Microsoft Azure<\/a>[\/vc_column_text][\/vc_column][\/vc_row]<\/p>\n","protected":false},"excerpt":{"rendered":"<p>[vc_row][vc_column width=\u00a0\u00bb1\/4&Prime;][vc_column_text][\/vc_column_text][\/vc_column][vc_column width=\u00a0\u00bb3\/4&Prime;][vc_empty_space][\/vc_column][\/vc_row][vc_row][vc_column width=\u00a0\u00bb1\/4&Prime;][vc_single_image image=\u00a0\u00bb4416&Prime; img_size=\u00a0\u00bb138&#215;89&Prime; alignment=\u00a0\u00bbcenter\u00a0\u00bb][vc_empty_space height=\u00a0\u00bb10px\u00a0\u00bb][vc_btn title=\u00a0\u00bbAper\u00e7u de Statgraphics pour Microsoft Azure\u00a0\u00bb align=\u00a0\u00bbcenter\u00a0\u00bb link=\u00a0\u00bburl:https%3A%2F%2Fwww.francestat.com%2Ftelecharg%2FAzure%2FApercu%2520de%2520Statgraphics%2520pour%2520Microsoft%2520Azure.pdf|title:Demande%20de%20contact\u00a0\u00bb][vc_empty_space height=\u00a0\u00bb10px\u00a0\u00bb][vc_btn title=\u00a0\u00bbInstallation et utilisation de Statgraphics pour Microsoft Azure\u00a0\u00bb align=\u00a0\u00bbcenter\u00a0\u00bb link=\u00a0\u00bburl:https%3A%2F%2F402067.fs1.hubspotusercontent-na1.net%2Fhubfs%2F402067%2FA%2520Guide%2520to%2520Running%2520Statgraphics%2520using%2520Microsoft%2520Azure.pdf|title:Demande%20de%20contact\u00a0\u00bb][vc_empty_space height=\u00a0\u00bb10px\u00a0\u00bb][vc_btn title=\u00a0\u00bbDemande de contact\u00a0\u00bb align=\u00a0\u00bbcenter\u00a0\u00bb link=\u00a0\u00bburl:https%3A%2F%2Ffrancestat.com%2Findex.php%2Fcontact%2F|title:Demande%20de%20contact\u00a0\u00bb][vc_empty_space height=\u00a0\u00bb10px\u00a0\u00bb][\/vc_column][vc_column width=\u00a0\u00bb3\/4&Prime;][vc_column_text css=\u00a0\u00bb.vc_custom_1693753632920{background-color: #f4f4f4 !important;}\u00a0\u00bb]Une nouvelle version de Statgraphics 19 a \u00e9t\u00e9 d\u00e9velopp\u00e9e pour \u00eatre utilis\u00e9e avec Microsoft Azure. Statgraphics pour Azure&hellip;<\/p>\n","protected":false},"author":1,"featured_media":0,"parent":0,"menu_order":0,"comment_status":"closed","ping_status":"closed","template":"","meta":{"footnotes":""},"class_list":["post-4998","page","type-page","status-publish","hentry","description-off"],"yoast_head":"<!-- This site is optimized with the Yoast SEO plugin v27.4 - https:\/\/yoast.com\/product\/yoast-seo-wordpress\/ -->\n<title>Statgraphics pour Azure - FRANCESTAT<\/title>\n<meta name=\"robots\" content=\"index, follow, max-snippet:-1, max-image-preview:large, max-video-preview:-1\" \/>\n<link rel=\"canonical\" href=\"https:\/\/francestat.com\/index.php\/statgraphics-pour-azure\/\" \/>\n<meta property=\"og:locale\" content=\"fr_FR\" \/>\n<meta property=\"og:type\" content=\"article\" \/>\n<meta property=\"og:title\" content=\"Statgraphics pour Azure - FRANCESTAT\" \/>\n<meta property=\"og:description\" content=\"[vc_row][vc_column width=\u00a0\u00bb1\/4&Prime;][vc_column_text][\/vc_column_text][\/vc_column][vc_column width=\u00a0\u00bb3\/4&Prime;][vc_empty_space][\/vc_column][\/vc_row][vc_row][vc_column width=\u00a0\u00bb1\/4&Prime;][vc_single_image image=\u00a0\u00bb4416&Prime; img_size=\u00a0\u00bb138&#215;89&Prime; alignment=\u00a0\u00bbcenter\u00a0\u00bb][vc_empty_space height=\u00a0\u00bb10px\u00a0\u00bb][vc_btn title=\u00a0\u00bbAper\u00e7u de Statgraphics pour Microsoft Azure\u00a0\u00bb align=\u00a0\u00bbcenter\u00a0\u00bb link=\u00a0\u00bburl:https%3A%2F%2Fwww.francestat.com%2Ftelecharg%2FAzure%2FApercu%2520de%2520Statgraphics%2520pour%2520Microsoft%2520Azure.pdf|title:Demande%20de%20contact\u00a0\u00bb][vc_empty_space height=\u00a0\u00bb10px\u00a0\u00bb][vc_btn title=\u00a0\u00bbInstallation et utilisation de Statgraphics pour Microsoft Azure\u00a0\u00bb align=\u00a0\u00bbcenter\u00a0\u00bb link=\u00a0\u00bburl:https%3A%2F%2F402067.fs1.hubspotusercontent-na1.net%2Fhubfs%2F402067%2FA%2520Guide%2520to%2520Running%2520Statgraphics%2520using%2520Microsoft%2520Azure.pdf|title:Demande%20de%20contact\u00a0\u00bb][vc_empty_space height=\u00a0\u00bb10px\u00a0\u00bb][vc_btn title=\u00a0\u00bbDemande de contact\u00a0\u00bb align=\u00a0\u00bbcenter\u00a0\u00bb link=\u00a0\u00bburl:https%3A%2F%2Ffrancestat.com%2Findex.php%2Fcontact%2F|title:Demande%20de%20contact\u00a0\u00bb][vc_empty_space height=\u00a0\u00bb10px\u00a0\u00bb][\/vc_column][vc_column width=\u00a0\u00bb3\/4&Prime;][vc_column_text css=\u00a0\u00bb.vc_custom_1693753632920{background-color: #f4f4f4 !important;}\u00a0\u00bb]Une nouvelle version de Statgraphics 19 a \u00e9t\u00e9 d\u00e9velopp\u00e9e pour \u00eatre utilis\u00e9e avec Microsoft Azure. Statgraphics pour Azure&hellip;\" \/>\n<meta property=\"og:url\" content=\"https:\/\/francestat.com\/index.php\/statgraphics-pour-azure\/\" \/>\n<meta property=\"og:site_name\" content=\"FRANCESTAT\" \/>\n<meta property=\"article:modified_time\" content=\"2023-09-03T15:14:01+00:00\" \/>\n<meta name=\"twitter:card\" content=\"summary_large_image\" \/>\n<meta name=\"twitter:label1\" content=\"Dur\u00e9e de lecture estim\u00e9e\" \/>\n\t<meta name=\"twitter:data1\" content=\"2 minutes\" \/>\n<script type=\"application\/ld+json\" class=\"yoast-schema-graph\">{\"@context\":\"https:\\\/\\\/schema.org\",\"@graph\":[{\"@type\":\"WebPage\",\"@id\":\"https:\\\/\\\/francestat.com\\\/index.php\\\/statgraphics-pour-azure\\\/\",\"url\":\"https:\\\/\\\/francestat.com\\\/index.php\\\/statgraphics-pour-azure\\\/\",\"name\":\"Statgraphics pour Azure - FRANCESTAT\",\"isPartOf\":{\"@id\":\"https:\\\/\\\/francestat.com\\\/#website\"},\"datePublished\":\"2022-08-02T13:27:12+00:00\",\"dateModified\":\"2023-09-03T15:14:01+00:00\",\"breadcrumb\":{\"@id\":\"https:\\\/\\\/francestat.com\\\/index.php\\\/statgraphics-pour-azure\\\/#breadcrumb\"},\"inLanguage\":\"fr-FR\",\"potentialAction\":[{\"@type\":\"ReadAction\",\"target\":[\"https:\\\/\\\/francestat.com\\\/index.php\\\/statgraphics-pour-azure\\\/\"]}]},{\"@type\":\"BreadcrumbList\",\"@id\":\"https:\\\/\\\/francestat.com\\\/index.php\\\/statgraphics-pour-azure\\\/#breadcrumb\",\"itemListElement\":[{\"@type\":\"ListItem\",\"position\":1,\"name\":\"Accueil\",\"item\":\"https:\\\/\\\/francestat.com\\\/\"},{\"@type\":\"ListItem\",\"position\":2,\"name\":\"Statgraphics pour Azure\"}]},{\"@type\":\"WebSite\",\"@id\":\"https:\\\/\\\/francestat.com\\\/#website\",\"url\":\"https:\\\/\\\/francestat.com\\\/\",\"name\":\"FRANCESTAT\",\"description\":\"Logiciels, formations et services statistiques\",\"publisher\":{\"@id\":\"https:\\\/\\\/francestat.com\\\/#organization\"},\"potentialAction\":[{\"@type\":\"SearchAction\",\"target\":{\"@type\":\"EntryPoint\",\"urlTemplate\":\"https:\\\/\\\/francestat.com\\\/?s={search_term_string}\"},\"query-input\":{\"@type\":\"PropertyValueSpecification\",\"valueRequired\":true,\"valueName\":\"search_term_string\"}}],\"inLanguage\":\"fr-FR\"},{\"@type\":\"Organization\",\"@id\":\"https:\\\/\\\/francestat.com\\\/#organization\",\"name\":\"FRANCESTAT\",\"url\":\"https:\\\/\\\/francestat.com\\\/\",\"logo\":{\"@type\":\"ImageObject\",\"inLanguage\":\"fr-FR\",\"@id\":\"https:\\\/\\\/francestat.com\\\/#\\\/schema\\\/logo\\\/image\\\/\",\"url\":\"https:\\\/\\\/francestat.com\\\/wp-content\\\/uploads\\\/2018\\\/05\\\/logo_horizontal_small_francestat.jpg\",\"contentUrl\":\"https:\\\/\\\/francestat.com\\\/wp-content\\\/uploads\\\/2018\\\/05\\\/logo_horizontal_small_francestat.jpg\",\"width\":155,\"height\":51,\"caption\":\"FRANCESTAT\"},\"image\":{\"@id\":\"https:\\\/\\\/francestat.com\\\/#\\\/schema\\\/logo\\\/image\\\/\"}}]}<\/script>\n<!-- \/ Yoast SEO plugin. -->","yoast_head_json":{"title":"Statgraphics pour Azure - FRANCESTAT","robots":{"index":"index","follow":"follow","max-snippet":"max-snippet:-1","max-image-preview":"max-image-preview:large","max-video-preview":"max-video-preview:-1"},"canonical":"https:\/\/francestat.com\/index.php\/statgraphics-pour-azure\/","og_locale":"fr_FR","og_type":"article","og_title":"Statgraphics pour Azure - FRANCESTAT","og_description":"[vc_row][vc_column width=\u00a0\u00bb1\/4&Prime;][vc_column_text][\/vc_column_text][\/vc_column][vc_column width=\u00a0\u00bb3\/4&Prime;][vc_empty_space][\/vc_column][\/vc_row][vc_row][vc_column width=\u00a0\u00bb1\/4&Prime;][vc_single_image image=\u00a0\u00bb4416&Prime; img_size=\u00a0\u00bb138&#215;89&Prime; alignment=\u00a0\u00bbcenter\u00a0\u00bb][vc_empty_space height=\u00a0\u00bb10px\u00a0\u00bb][vc_btn title=\u00a0\u00bbAper\u00e7u de Statgraphics pour Microsoft Azure\u00a0\u00bb align=\u00a0\u00bbcenter\u00a0\u00bb link=\u00a0\u00bburl:https%3A%2F%2Fwww.francestat.com%2Ftelecharg%2FAzure%2FApercu%2520de%2520Statgraphics%2520pour%2520Microsoft%2520Azure.pdf|title:Demande%20de%20contact\u00a0\u00bb][vc_empty_space height=\u00a0\u00bb10px\u00a0\u00bb][vc_btn title=\u00a0\u00bbInstallation et utilisation de Statgraphics pour Microsoft Azure\u00a0\u00bb align=\u00a0\u00bbcenter\u00a0\u00bb link=\u00a0\u00bburl:https%3A%2F%2F402067.fs1.hubspotusercontent-na1.net%2Fhubfs%2F402067%2FA%2520Guide%2520to%2520Running%2520Statgraphics%2520using%2520Microsoft%2520Azure.pdf|title:Demande%20de%20contact\u00a0\u00bb][vc_empty_space height=\u00a0\u00bb10px\u00a0\u00bb][vc_btn title=\u00a0\u00bbDemande de contact\u00a0\u00bb align=\u00a0\u00bbcenter\u00a0\u00bb link=\u00a0\u00bburl:https%3A%2F%2Ffrancestat.com%2Findex.php%2Fcontact%2F|title:Demande%20de%20contact\u00a0\u00bb][vc_empty_space height=\u00a0\u00bb10px\u00a0\u00bb][\/vc_column][vc_column width=\u00a0\u00bb3\/4&Prime;][vc_column_text css=\u00a0\u00bb.vc_custom_1693753632920{background-color: #f4f4f4 !important;}\u00a0\u00bb]Une nouvelle version de Statgraphics 19 a \u00e9t\u00e9 d\u00e9velopp\u00e9e pour \u00eatre utilis\u00e9e avec Microsoft Azure. Statgraphics pour Azure&hellip;","og_url":"https:\/\/francestat.com\/index.php\/statgraphics-pour-azure\/","og_site_name":"FRANCESTAT","article_modified_time":"2023-09-03T15:14:01+00:00","twitter_card":"summary_large_image","twitter_misc":{"Dur\u00e9e de lecture estim\u00e9e":"2 minutes"},"schema":{"@context":"https:\/\/schema.org","@graph":[{"@type":"WebPage","@id":"https:\/\/francestat.com\/index.php\/statgraphics-pour-azure\/","url":"https:\/\/francestat.com\/index.php\/statgraphics-pour-azure\/","name":"Statgraphics pour Azure - FRANCESTAT","isPartOf":{"@id":"https:\/\/francestat.com\/#website"},"datePublished":"2022-08-02T13:27:12+00:00","dateModified":"2023-09-03T15:14:01+00:00","breadcrumb":{"@id":"https:\/\/francestat.com\/index.php\/statgraphics-pour-azure\/#breadcrumb"},"inLanguage":"fr-FR","potentialAction":[{"@type":"ReadAction","target":["https:\/\/francestat.com\/index.php\/statgraphics-pour-azure\/"]}]},{"@type":"BreadcrumbList","@id":"https:\/\/francestat.com\/index.php\/statgraphics-pour-azure\/#breadcrumb","itemListElement":[{"@type":"ListItem","position":1,"name":"Accueil","item":"https:\/\/francestat.com\/"},{"@type":"ListItem","position":2,"name":"Statgraphics pour Azure"}]},{"@type":"WebSite","@id":"https:\/\/francestat.com\/#website","url":"https:\/\/francestat.com\/","name":"FRANCESTAT","description":"Logiciels, formations et services statistiques","publisher":{"@id":"https:\/\/francestat.com\/#organization"},"potentialAction":[{"@type":"SearchAction","target":{"@type":"EntryPoint","urlTemplate":"https:\/\/francestat.com\/?s={search_term_string}"},"query-input":{"@type":"PropertyValueSpecification","valueRequired":true,"valueName":"search_term_string"}}],"inLanguage":"fr-FR"},{"@type":"Organization","@id":"https:\/\/francestat.com\/#organization","name":"FRANCESTAT","url":"https:\/\/francestat.com\/","logo":{"@type":"ImageObject","inLanguage":"fr-FR","@id":"https:\/\/francestat.com\/#\/schema\/logo\/image\/","url":"https:\/\/francestat.com\/wp-content\/uploads\/2018\/05\/logo_horizontal_small_francestat.jpg","contentUrl":"https:\/\/francestat.com\/wp-content\/uploads\/2018\/05\/logo_horizontal_small_francestat.jpg","width":155,"height":51,"caption":"FRANCESTAT"},"image":{"@id":"https:\/\/francestat.com\/#\/schema\/logo\/image\/"}}]}},"_links":{"self":[{"href":"https:\/\/francestat.com\/index.php\/wp-json\/wp\/v2\/pages\/4998","targetHints":{"allow":["GET"]}}],"collection":[{"href":"https:\/\/francestat.com\/index.php\/wp-json\/wp\/v2\/pages"}],"about":[{"href":"https:\/\/francestat.com\/index.php\/wp-json\/wp\/v2\/types\/page"}],"author":[{"embeddable":true,"href":"https:\/\/francestat.com\/index.php\/wp-json\/wp\/v2\/users\/1"}],"replies":[{"embeddable":true,"href":"https:\/\/francestat.com\/index.php\/wp-json\/wp\/v2\/comments?post=4998"}],"version-history":[{"count":26,"href":"https:\/\/francestat.com\/index.php\/wp-json\/wp\/v2\/pages\/4998\/revisions"}],"predecessor-version":[{"id":5776,"href":"https:\/\/francestat.com\/index.php\/wp-json\/wp\/v2\/pages\/4998\/revisions\/5776"}],"wp:attachment":[{"href":"https:\/\/francestat.com\/index.php\/wp-json\/wp\/v2\/media?parent=4998"}],"curies":[{"name":"wp","href":"https:\/\/api.w.org\/{rel}","templated":true}]}}