{"id":5714,"date":"2023-09-03T14:57:08","date_gmt":"2023-09-03T12:57:08","guid":{"rendered":"https:\/\/francestat.com\/?page_id=5714"},"modified":"2024-12-02T10:31:29","modified_gmt":"2024-12-02T09:31:29","slug":"uniwin-nipals","status":"publish","type":"page","link":"https:\/\/francestat.com\/index.php\/uniwin-nipals\/","title":{"rendered":"Uniwin &#8211; NIPALS"},"content":{"rendered":"<p>[vc_row][vc_column]<div id=\"ultimate-heading-69869e73458d6fd8\" class=\"uvc-heading ult-adjust-bottom-margin ultimate-heading-69869e73458d6fd8 uvc-6545  uvc-heading-default-font-sizes\" data-hspacer=\"no_spacer\"  data-halign=\"center\" style=\"text-align:center\"><div class=\"uvc-heading-spacer no_spacer\" style=\"top\"><\/div><div class=\"uvc-main-heading ult-responsive\"  data-ultimate-target='.uvc-heading.ultimate-heading-69869e73458d6fd8 h2'  data-responsive-json-new='{\"font-size\":\"\",\"line-height\":\"\"}' ><h2 style=\"--font-weight:theme;\">UNIWIN - Analyse NIPALS<\/h2><\/div><\/div>[\/vc_column][\/vc_row][vc_row][vc_column][vc_empty_space][\/vc_column][\/vc_row][vc_row][vc_column][vc_column_text]L&rsquo;analyse NIPALS (Nonlinear Iterative Partial Least Squares) est une m\u00e9thode s\u00e9quentielle d&rsquo;analyse en composantes principales autorisant la pr\u00e9sence de donn\u00e9es manquantes dans les donn\u00e9es. Cette m\u00e9thode a \u00e9t\u00e9 initialement pr\u00e9sent\u00e9e par Herman Wold en 1966. Par la validation crois\u00e9e (m\u00e9thode de Krzanowski), elle permet \u00e9galement de d\u00e9finir le nombre de composantes \u00e0 retenir.<\/p>\n<p class=\"Default\" style=\"text-align: justify;\">Elle affiche un rapport pr\u00e9sentant les diverses statistiques calcul\u00e9es ainsi que les graphiques des R2 cumul\u00e9s, des Q2 cumul\u00e9s, des plans factoriels des observations et des poids des variables, des cercles des corr\u00e9lations ainsi que des diagrammes des contributions, des cosinus carr\u00e9s cumul\u00e9s, des distances carr\u00e9es \u00e0 l\u2019origine et des distances normalis\u00e9es au mod\u00e8le.<\/p>\n<p>[\/vc_column_text][\/vc_column][\/vc_row][vc_row][vc_column][vc_single_image image=\u00a0\u00bb6372&Prime; img_size=\u00a0\u00bblarge\u00a0\u00bb alignment=\u00a0\u00bbcenter\u00a0\u00bb][\/vc_column][\/vc_row][vc_row][vc_column][vc_empty_space height=\u00a0\u00bb5px\u00a0\u00bb][\/vc_column][\/vc_row][vc_row][vc_column][vc_column_text]<\/p>\n<p class=\"hcp4\"><strong><span style=\"font-size: 10pt; font-family: Verdana, sans-serif;\"><u>Tableaux<\/u><\/span><\/strong><\/p>\n<table class=\"hcp3\" width=\"100%\" cellspacing=\"0\" bgcolor=\"#ffffff\">\n<colgroup>\n<col \/><\/colgroup>\n<tbody>\n<tr>\n<td>\n<p class=\"hcp1\" style=\"font-size: 10pt; font-family: Verdana, sans-serif;\">Valeurs propres, RESS, R2, R2 cumul\u00e9s<\/p>\n<\/td>\n<\/tr>\n<tr>\n<td>\n<p class=\"hcp1\" style=\"font-size: 10pt; font-family: Verdana, sans-serif;\">PRESS, Q2, Q2 cumul\u00e9s<\/p>\n<\/td>\n<\/tr>\n<tr>\n<td>\n<p class=\"hcp1\" style=\"font-size: 10pt; font-family: Verdana, sans-serif;\">Poids des variables<\/p>\n<\/td>\n<\/tr>\n<tr>\n<td>\n<p class=\"hcp1\" style=\"font-size: 10pt; font-family: Verdana, sans-serif;\">Corr\u00e9lations entre les variables et les composantes principales<\/p>\n<\/td>\n<\/tr>\n<tr>\n<td>\n<p class=\"hcp1\" style=\"font-size: 10pt; font-family: Verdana, sans-serif;\">Scores des observations<\/p>\n<\/td>\n<\/tr>\n<tr>\n<td>\n<p class=\"hcp1\" style=\"font-size: 10pt; font-family: Verdana, sans-serif;\">Contributions des observations<\/p>\n<\/td>\n<\/tr>\n<tr>\n<td>\n<p class=\"hcp1\" style=\"font-size: 10pt; font-family: Verdana, sans-serif;\">Cosinus carr\u00e9s des observations<\/p>\n<\/td>\n<\/tr>\n<tr>\n<td>\n<p class=\"hcp1\" style=\"font-size: 10pt; font-family: Verdana, sans-serif;\">Cosinus carr\u00e9s cumul\u00e9s des observations<\/p>\n<\/td>\n<\/tr>\n<tr>\n<td>\n<p class=\"hcp1\" style=\"font-size: 10pt; font-family: Verdana, sans-serif;\">Distances carr\u00e9es \u00e0 l&rsquo;origine des observations<\/p>\n<\/td>\n<\/tr>\n<tr>\n<td>\n<p class=\"hcp1\" style=\"font-size: 10pt; font-family: Verdana, sans-serif;\">Distances normalis\u00e9es au mod\u00e8le (DModX) des observations<\/p>\n<\/td>\n<\/tr>\n<tr>\n<td>\n<p class=\"hcp1\" style=\"font-size: 10pt; font-family: Verdana, sans-serif;\">Donn\u00e9es reconstitu\u00e9es<\/p>\n<\/td>\n<\/tr>\n<tr>\n<td>\n<p class=\"hcp1\" style=\"font-size: 10pt; font-family: Verdana, sans-serif;\">Ecarts entre donn\u00e9es observ\u00e9es et donn\u00e9es reconstitu\u00e9es<\/p>\n<\/td>\n<\/tr>\n<\/tbody>\n<\/table>\n<p class=\"hcp4\"><strong><span style=\"font-size: 10pt; font-family: Verdana, sans-serif;\"><u>Graphiques<\/u><\/span><\/strong><\/p>\n<table class=\"hcp3\" width=\"100%\" cellspacing=\"0\" bgcolor=\"#ffffff\">\n<colgroup>\n<col \/><\/colgroup>\n<tbody>\n<tr>\n<td>\n<p class=\"hcp1\" style=\"font-size: 10pt; font-family: Verdana, sans-serif;\">Diagramme des R2 cumul\u00e9s<\/p>\n<\/td>\n<\/tr>\n<tr>\n<td>\n<p class=\"hcp1\" style=\"font-size: 10pt; font-family: Verdana, sans-serif;\">Diagramme des Q2 cumul\u00e9s<\/p>\n<\/td>\n<\/tr>\n<tr>\n<td>\n<p class=\"hcp1\" style=\"font-size: 10pt; font-family: Verdana, sans-serif;\">Graphique des poids des variables<\/p>\n<\/td>\n<\/tr>\n<tr>\n<td>\n<p class=\"hcp1\" style=\"font-size: 10pt; font-family: Verdana, sans-serif;\">Cercles des corr\u00e9lations<\/p>\n<\/td>\n<\/tr>\n<tr>\n<td>\n<p class=\"hcp1\" style=\"font-size: 10pt; font-family: Verdana, sans-serif;\">Graphique des scores des observations<\/p>\n<\/td>\n<\/tr>\n<tr>\n<td>\n<p class=\"hcp1\" style=\"font-size: 10pt; font-family: Verdana, sans-serif;\">Graphique des contributions des observations<\/p>\n<\/td>\n<\/tr>\n<tr>\n<td>\n<p class=\"hcp1\" style=\"font-size: 10pt; font-family: Verdana, sans-serif;\">Graphique des cosinus carr\u00e9s cumul\u00e9s des observations<\/p>\n<\/td>\n<\/tr>\n<tr>\n<td>\n<p class=\"hcp1\" style=\"font-size: 10pt; font-family: Verdana, sans-serif;\">Graphique des distances carr\u00e9es \u00e0 l&rsquo;origine des observations<\/p>\n<\/td>\n<\/tr>\n<tr>\n<td>\n<p class=\"hcp1\" style=\"font-size: 10pt; font-family: Verdana, sans-serif;\">Graphique des distances normalis\u00e9es au mod\u00e8le (DModX) des observations<\/p>\n<\/td>\n<\/tr>\n<\/tbody>\n<\/table>\n<p>[\/vc_column_text][\/vc_column][\/vc_row][vc_row][vc_column][vc_empty_space height=\u00a0\u00bb5px\u00a0\u00bb][\/vc_column][\/vc_row][vc_row][vc_column][vc_btn title=\u00a0\u00bbConsulter la documentation compl\u00e8te\u00a0\u00bb align=\u00a0\u00bbcenter\u00a0\u00bb link=\u00a0\u00bburl:http%3A%2F%2Fwww.francestat.com%2Ftelecharg%2FUniwin%2Fpdf%2FAnalyse%20NIPALS.pdf|title:UNIWIN%20-%20NIPALS\u00a0\u00bb][\/vc_column][\/vc_row]<\/p>\n","protected":false},"excerpt":{"rendered":"<p>[vc_row][vc_column][\/vc_column][\/vc_row][vc_row][vc_column][vc_empty_space][\/vc_column][\/vc_row][vc_row][vc_column][vc_column_text]L&rsquo;analyse NIPALS (Nonlinear Iterative Partial Least Squares) est une m\u00e9thode s\u00e9quentielle d&rsquo;analyse en composantes principales autorisant la pr\u00e9sence de donn\u00e9es manquantes dans les donn\u00e9es. Cette m\u00e9thode a \u00e9t\u00e9 initialement pr\u00e9sent\u00e9e par Herman Wold en 1966. Par la validation crois\u00e9e (m\u00e9thode de Krzanowski), elle permet \u00e9galement de d\u00e9finir le nombre de composantes \u00e0 retenir. Elle affiche&hellip;<\/p>\n","protected":false},"author":1,"featured_media":0,"parent":0,"menu_order":0,"comment_status":"closed","ping_status":"closed","template":"","meta":{"footnotes":""},"class_list":["post-5714","page","type-page","status-publish","hentry","description-off"],"yoast_head":"<!-- This site is optimized with the Yoast SEO plugin v27.4 - https:\/\/yoast.com\/product\/yoast-seo-wordpress\/ -->\n<title>Uniwin - NIPALS - FRANCESTAT<\/title>\n<meta name=\"robots\" content=\"index, follow, max-snippet:-1, max-image-preview:large, max-video-preview:-1\" \/>\n<link rel=\"canonical\" href=\"https:\/\/francestat.com\/index.php\/uniwin-nipals\/\" \/>\n<meta property=\"og:locale\" content=\"fr_FR\" \/>\n<meta property=\"og:type\" content=\"article\" \/>\n<meta property=\"og:title\" content=\"Uniwin - NIPALS - FRANCESTAT\" \/>\n<meta property=\"og:description\" content=\"[vc_row][vc_column][\/vc_column][\/vc_row][vc_row][vc_column][vc_empty_space][\/vc_column][\/vc_row][vc_row][vc_column][vc_column_text]L&rsquo;analyse NIPALS (Nonlinear Iterative Partial Least Squares) est une m\u00e9thode s\u00e9quentielle d&rsquo;analyse en composantes principales autorisant la pr\u00e9sence de donn\u00e9es manquantes dans les donn\u00e9es. Cette m\u00e9thode a \u00e9t\u00e9 initialement pr\u00e9sent\u00e9e par Herman Wold en 1966. Par la validation crois\u00e9e (m\u00e9thode de Krzanowski), elle permet \u00e9galement de d\u00e9finir le nombre de composantes \u00e0 retenir. Elle affiche&hellip;\" \/>\n<meta property=\"og:url\" content=\"https:\/\/francestat.com\/index.php\/uniwin-nipals\/\" \/>\n<meta property=\"og:site_name\" content=\"FRANCESTAT\" \/>\n<meta property=\"article:modified_time\" content=\"2024-12-02T09:31:29+00:00\" \/>\n<meta name=\"twitter:card\" content=\"summary_large_image\" \/>\n<meta name=\"twitter:label1\" content=\"Dur\u00e9e de lecture estim\u00e9e\" \/>\n\t<meta name=\"twitter:data1\" content=\"2 minutes\" \/>\n<script type=\"application\/ld+json\" class=\"yoast-schema-graph\">{\"@context\":\"https:\\\/\\\/schema.org\",\"@graph\":[{\"@type\":\"WebPage\",\"@id\":\"https:\\\/\\\/francestat.com\\\/index.php\\\/uniwin-nipals\\\/\",\"url\":\"https:\\\/\\\/francestat.com\\\/index.php\\\/uniwin-nipals\\\/\",\"name\":\"Uniwin - NIPALS - FRANCESTAT\",\"isPartOf\":{\"@id\":\"https:\\\/\\\/francestat.com\\\/#website\"},\"datePublished\":\"2023-09-03T12:57:08+00:00\",\"dateModified\":\"2024-12-02T09:31:29+00:00\",\"breadcrumb\":{\"@id\":\"https:\\\/\\\/francestat.com\\\/index.php\\\/uniwin-nipals\\\/#breadcrumb\"},\"inLanguage\":\"fr-FR\",\"potentialAction\":[{\"@type\":\"ReadAction\",\"target\":[\"https:\\\/\\\/francestat.com\\\/index.php\\\/uniwin-nipals\\\/\"]}]},{\"@type\":\"BreadcrumbList\",\"@id\":\"https:\\\/\\\/francestat.com\\\/index.php\\\/uniwin-nipals\\\/#breadcrumb\",\"itemListElement\":[{\"@type\":\"ListItem\",\"position\":1,\"name\":\"Accueil\",\"item\":\"https:\\\/\\\/francestat.com\\\/\"},{\"@type\":\"ListItem\",\"position\":2,\"name\":\"Uniwin &#8211; NIPALS\"}]},{\"@type\":\"WebSite\",\"@id\":\"https:\\\/\\\/francestat.com\\\/#website\",\"url\":\"https:\\\/\\\/francestat.com\\\/\",\"name\":\"FRANCESTAT\",\"description\":\"Logiciels, formations et services statistiques\",\"publisher\":{\"@id\":\"https:\\\/\\\/francestat.com\\\/#organization\"},\"potentialAction\":[{\"@type\":\"SearchAction\",\"target\":{\"@type\":\"EntryPoint\",\"urlTemplate\":\"https:\\\/\\\/francestat.com\\\/?s={search_term_string}\"},\"query-input\":{\"@type\":\"PropertyValueSpecification\",\"valueRequired\":true,\"valueName\":\"search_term_string\"}}],\"inLanguage\":\"fr-FR\"},{\"@type\":\"Organization\",\"@id\":\"https:\\\/\\\/francestat.com\\\/#organization\",\"name\":\"FRANCESTAT\",\"url\":\"https:\\\/\\\/francestat.com\\\/\",\"logo\":{\"@type\":\"ImageObject\",\"inLanguage\":\"fr-FR\",\"@id\":\"https:\\\/\\\/francestat.com\\\/#\\\/schema\\\/logo\\\/image\\\/\",\"url\":\"https:\\\/\\\/francestat.com\\\/wp-content\\\/uploads\\\/2018\\\/05\\\/logo_horizontal_small_francestat.jpg\",\"contentUrl\":\"https:\\\/\\\/francestat.com\\\/wp-content\\\/uploads\\\/2018\\\/05\\\/logo_horizontal_small_francestat.jpg\",\"width\":155,\"height\":51,\"caption\":\"FRANCESTAT\"},\"image\":{\"@id\":\"https:\\\/\\\/francestat.com\\\/#\\\/schema\\\/logo\\\/image\\\/\"}}]}<\/script>\n<!-- \/ Yoast SEO plugin. -->","yoast_head_json":{"title":"Uniwin - NIPALS - FRANCESTAT","robots":{"index":"index","follow":"follow","max-snippet":"max-snippet:-1","max-image-preview":"max-image-preview:large","max-video-preview":"max-video-preview:-1"},"canonical":"https:\/\/francestat.com\/index.php\/uniwin-nipals\/","og_locale":"fr_FR","og_type":"article","og_title":"Uniwin - NIPALS - FRANCESTAT","og_description":"[vc_row][vc_column][\/vc_column][\/vc_row][vc_row][vc_column][vc_empty_space][\/vc_column][\/vc_row][vc_row][vc_column][vc_column_text]L&rsquo;analyse NIPALS (Nonlinear Iterative Partial Least Squares) est une m\u00e9thode s\u00e9quentielle d&rsquo;analyse en composantes principales autorisant la pr\u00e9sence de donn\u00e9es manquantes dans les donn\u00e9es. Cette m\u00e9thode a \u00e9t\u00e9 initialement pr\u00e9sent\u00e9e par Herman Wold en 1966. Par la validation crois\u00e9e (m\u00e9thode de Krzanowski), elle permet \u00e9galement de d\u00e9finir le nombre de composantes \u00e0 retenir. Elle affiche&hellip;","og_url":"https:\/\/francestat.com\/index.php\/uniwin-nipals\/","og_site_name":"FRANCESTAT","article_modified_time":"2024-12-02T09:31:29+00:00","twitter_card":"summary_large_image","twitter_misc":{"Dur\u00e9e de lecture estim\u00e9e":"2 minutes"},"schema":{"@context":"https:\/\/schema.org","@graph":[{"@type":"WebPage","@id":"https:\/\/francestat.com\/index.php\/uniwin-nipals\/","url":"https:\/\/francestat.com\/index.php\/uniwin-nipals\/","name":"Uniwin - NIPALS - FRANCESTAT","isPartOf":{"@id":"https:\/\/francestat.com\/#website"},"datePublished":"2023-09-03T12:57:08+00:00","dateModified":"2024-12-02T09:31:29+00:00","breadcrumb":{"@id":"https:\/\/francestat.com\/index.php\/uniwin-nipals\/#breadcrumb"},"inLanguage":"fr-FR","potentialAction":[{"@type":"ReadAction","target":["https:\/\/francestat.com\/index.php\/uniwin-nipals\/"]}]},{"@type":"BreadcrumbList","@id":"https:\/\/francestat.com\/index.php\/uniwin-nipals\/#breadcrumb","itemListElement":[{"@type":"ListItem","position":1,"name":"Accueil","item":"https:\/\/francestat.com\/"},{"@type":"ListItem","position":2,"name":"Uniwin &#8211; NIPALS"}]},{"@type":"WebSite","@id":"https:\/\/francestat.com\/#website","url":"https:\/\/francestat.com\/","name":"FRANCESTAT","description":"Logiciels, formations et services statistiques","publisher":{"@id":"https:\/\/francestat.com\/#organization"},"potentialAction":[{"@type":"SearchAction","target":{"@type":"EntryPoint","urlTemplate":"https:\/\/francestat.com\/?s={search_term_string}"},"query-input":{"@type":"PropertyValueSpecification","valueRequired":true,"valueName":"search_term_string"}}],"inLanguage":"fr-FR"},{"@type":"Organization","@id":"https:\/\/francestat.com\/#organization","name":"FRANCESTAT","url":"https:\/\/francestat.com\/","logo":{"@type":"ImageObject","inLanguage":"fr-FR","@id":"https:\/\/francestat.com\/#\/schema\/logo\/image\/","url":"https:\/\/francestat.com\/wp-content\/uploads\/2018\/05\/logo_horizontal_small_francestat.jpg","contentUrl":"https:\/\/francestat.com\/wp-content\/uploads\/2018\/05\/logo_horizontal_small_francestat.jpg","width":155,"height":51,"caption":"FRANCESTAT"},"image":{"@id":"https:\/\/francestat.com\/#\/schema\/logo\/image\/"}}]}},"_links":{"self":[{"href":"https:\/\/francestat.com\/index.php\/wp-json\/wp\/v2\/pages\/5714","targetHints":{"allow":["GET"]}}],"collection":[{"href":"https:\/\/francestat.com\/index.php\/wp-json\/wp\/v2\/pages"}],"about":[{"href":"https:\/\/francestat.com\/index.php\/wp-json\/wp\/v2\/types\/page"}],"author":[{"embeddable":true,"href":"https:\/\/francestat.com\/index.php\/wp-json\/wp\/v2\/users\/1"}],"replies":[{"embeddable":true,"href":"https:\/\/francestat.com\/index.php\/wp-json\/wp\/v2\/comments?post=5714"}],"version-history":[{"count":10,"href":"https:\/\/francestat.com\/index.php\/wp-json\/wp\/v2\/pages\/5714\/revisions"}],"predecessor-version":[{"id":6535,"href":"https:\/\/francestat.com\/index.php\/wp-json\/wp\/v2\/pages\/5714\/revisions\/6535"}],"wp:attachment":[{"href":"https:\/\/francestat.com\/index.php\/wp-json\/wp\/v2\/media?parent=5714"}],"curies":[{"name":"wp","href":"https:\/\/api.w.org\/{rel}","templated":true}]}}