{"id":5721,"date":"2023-09-03T15:04:13","date_gmt":"2023-09-03T13:04:13","guid":{"rendered":"https:\/\/francestat.com\/?page_id=5721"},"modified":"2024-12-02T10:52:23","modified_gmt":"2024-12-02T09:52:23","slug":"uniwin-afc","status":"publish","type":"page","link":"https:\/\/francestat.com\/index.php\/uniwin-afc\/","title":{"rendered":"UNIWIN &#8211; AFC"},"content":{"rendered":"<p>[vc_row][vc_column]<div id=\"ultimate-heading-510469f351582af1d\" class=\"uvc-heading ult-adjust-bottom-margin ultimate-heading-510469f351582af1d uvc-5338  uvc-heading-default-font-sizes\" data-hspacer=\"no_spacer\"  data-halign=\"center\" style=\"text-align:center\"><div class=\"uvc-heading-spacer no_spacer\" style=\"top\"><\/div><div class=\"uvc-main-heading ult-responsive\"  data-ultimate-target='.uvc-heading.ultimate-heading-510469f351582af1d h2'  data-responsive-json-new='{\"font-size\":\"\",\"line-height\":\"\"}' ><h2 style=\"--font-weight:theme;\">UNIWIN - Analyse Factorielle des Correspondances<\/h2><\/div><\/div>[\/vc_column][\/vc_row][vc_row][vc_column][vc_empty_space][\/vc_column][\/vc_row][vc_row][vc_column][vc_column_text]<\/p>\n<p class=\"Default\" style=\"text-align: justify;\">La m\u00e9thode d&rsquo;Analyse Factorielle des Correspondances Simples ou Binaires (AFC) permet de repr\u00e9senter graphiquement un tableau de contingence cr\u00e9\u00e9 par le ou les croisements (tris crois\u00e9s) de deux ou plusieurs variables qualitatives.<\/p>\n<p class=\"Default\" style=\"text-align: justify;\">Voir la proc\u00e9dure \u2018Tri crois\u00e9\u2019 pour plus d\u2019informations sur la fa\u00e7on de construire ce tableau.<\/p>\n<p class=\"Default\" style=\"text-align: justify;\">La m\u00e9thode vise \u00e0 rassembler sur un ou plusieurs graphiques (plan factoriel) la plus grande partie possible de l&rsquo;information contenue dans le tableau en s&rsquo;attachant non pas aux valeurs absolues mais aux correspondances entre les caract\u00e9ristiques, c&rsquo;est-\u00e0-dire aux valeurs relatives.<\/p>\n<p class=\"Default\" style=\"text-align: justify;\">La possibilit\u00e9 d&rsquo;analyse de points lignes ou colonnes suppl\u00e9mentaires est offerte.<\/p>\n<p class=\"Default\" style=\"text-align: justify;\">Apr\u00e8s affichage du tableau et de l&rsquo;histogramme des inerties, vous pouvez choisir le nombre d&rsquo;axes factoriels \u00e0 extraire.<\/p>\n<p class=\"Default\" style=\"text-align: justify;\">Un rapport g\u00e9n\u00e9ral de synth\u00e8se est propos\u00e9 ainsi que l&rsquo;ensemble des graphiques des plans factoriels lignes, colonnes, simultan\u00e9s, barycentriques et de ceux relatifs aux lignes et colonnes suppl\u00e9mentaires.:<\/p>\n<p class=\"Default\" style=\"text-align: justify;\">De nombreux outils d&rsquo;aide \u00e0 l&rsquo;interpr\u00e9tation sont fournis, notamment contributions et cosinus carr\u00e9s.<\/p>\n<p>[\/vc_column_text][\/vc_column][\/vc_row][vc_row][vc_column][vc_single_image image=\u00a0\u00bb6374&Prime; img_size=\u00a0\u00bblarge\u00a0\u00bb alignment=\u00a0\u00bbcenter\u00a0\u00bb][\/vc_column][\/vc_row][vc_row][vc_column][vc_empty_space height=\u00a0\u00bb5px\u00a0\u00bb][\/vc_column][\/vc_row][vc_row][vc_column][vc_column_text]<\/p>\n<p class=\"hcp4\"><strong><span style=\"font-size: 10pt; font-family: Verdana, sans-serif;\"><u>Tableaux<\/u><\/span><\/strong><\/p>\n<table class=\"hcp3\" width=\"100%\" cellspacing=\"0\" bgcolor=\"#ffffff\">\n<colgroup>\n<col \/><\/colgroup>\n<tbody>\n<tr>\n<td>\n<p class=\"hcp1\" style=\"font-size: 10pt; font-family: Verdana, sans-serif;\">Tableau des inerties<\/p>\n<\/td>\n<\/tr>\n<tr>\n<td>\n<p class=\"hcp1\" style=\"font-size: 10pt; font-family: Verdana, sans-serif;\">Probabilit\u00e9s conditionnelles lignes<\/p>\n<\/td>\n<\/tr>\n<tr>\n<td>\n<p class=\"hcp1\" style=\"font-size: 10pt; font-family: Verdana, sans-serif;\">Probabilit\u00e9s conditionnelles colonnes<\/p>\n<\/td>\n<\/tr>\n<tr>\n<td>\n<p class=\"hcp1\" style=\"font-size: 10pt; font-family: Verdana, sans-serif;\">Axes factoriels lignes<\/p>\n<\/td>\n<\/tr>\n<tr>\n<td>\n<p class=\"hcp1\" style=\"font-size: 10pt; font-family: Verdana, sans-serif;\">Axes factoriels colonnes<\/p>\n<\/td>\n<\/tr>\n<tr>\n<td>\n<p class=\"hcp1\" style=\"font-size: 10pt; font-family: Verdana, sans-serif;\">R\u00e9sultats pour les lignes<\/p>\n<\/td>\n<\/tr>\n<tr>\n<td>\n<p class=\"hcp1\" style=\"font-size: 10pt; font-family: Verdana, sans-serif;\">R\u00e9sultats pour les colonnes<\/p>\n<\/td>\n<\/tr>\n<tr>\n<td>\n<p class=\"hcp1\" style=\"font-size: 10pt; font-family: Verdana, sans-serif;\">R\u00e9sultats pour les colonnes suppl\u00e9mentaires<\/p>\n<\/td>\n<\/tr>\n<tr>\n<td>\n<p class=\"hcp1\" style=\"font-size: 10pt; font-family: Verdana, sans-serif;\">R\u00e9sultats pour les lignes suppl\u00e9mentaires<\/p>\n<\/td>\n<\/tr>\n<\/tbody>\n<\/table>\n<p class=\"hcp4\"><strong><span style=\"font-size: 10pt; font-family: Verdana, sans-serif;\"><u>Graphiques<\/u><\/span><\/strong><\/p>\n<table class=\"hcp3\" width=\"100%\" cellspacing=\"0\" bgcolor=\"#ffffff\">\n<colgroup>\n<col \/><\/colgroup>\n<tbody>\n<tr>\n<td>\n<p class=\"hcp1\" style=\"font-size: 10pt; font-family: Verdana, sans-serif;\">Diagramme des inerties<\/p>\n<\/td>\n<\/tr>\n<tr>\n<td>\n<p class=\"hcp1\" style=\"font-size: 10pt; font-family: Verdana, sans-serif;\">Plan de base &#8211; Repr\u00e9sentation des lignes<\/p>\n<\/td>\n<\/tr>\n<tr>\n<td>\n<p class=\"hcp1\" style=\"font-size: 10pt; font-family: Verdana, sans-serif;\">Plan de base &#8211; Repr\u00e9sentation des colonnes<\/p>\n<\/td>\n<\/tr>\n<tr>\n<td>\n<p class=\"hcp1\" style=\"font-size: 10pt; font-family: Verdana, sans-serif;\">Plan de base &#8211; Repr\u00e9sentation simultan\u00e9e<\/p>\n<\/td>\n<\/tr>\n<tr>\n<td>\n<p class=\"hcp1\" style=\"font-size: 10pt; font-family: Verdana, sans-serif;\">Plan de base &#8211; Repr\u00e9sentation barycentrique en lignes<\/p>\n<\/td>\n<\/tr>\n<tr>\n<td>\n<p class=\"hcp1\" style=\"font-size: 10pt; font-family: Verdana, sans-serif;\">Plan de base &#8211; Repr\u00e9sentation barycentrique en colonnes<\/p>\n<\/td>\n<\/tr>\n<tr>\n<td>\n<p class=\"hcp1\" style=\"font-size: 10pt; font-family: Verdana, sans-serif;\">Plan suppl\u00e9mentaire &#8211; Repr\u00e9sentation des lignes<\/p>\n<\/td>\n<\/tr>\n<tr>\n<td>\n<p class=\"hcp1\" style=\"font-size: 10pt; font-family: Verdana, sans-serif;\">Plan suppl\u00e9mentaire &#8211; Repr\u00e9sentation des colonnes<\/p>\n<\/td>\n<\/tr>\n<tr>\n<td>\n<p class=\"hcp1\" style=\"font-size: 10pt; font-family: Verdana, sans-serif;\">Plan suppl\u00e9mentaire &#8211; Repr\u00e9sentation simultan\u00e9e<\/p>\n<\/td>\n<\/tr>\n<tr>\n<td>\n<p class=\"hcp1\" style=\"font-size: 10pt; font-family: Verdana, sans-serif;\">Contributions &#8211; lignes<\/p>\n<\/td>\n<\/tr>\n<tr>\n<td>\n<p class=\"hcp1\" style=\"font-size: 10pt; font-family: Verdana, sans-serif;\">Contributions &#8211; colonnes<\/p>\n<\/td>\n<\/tr>\n<tr>\n<td>\n<p class=\"hcp1\" style=\"font-size: 10pt; font-family: Verdana, sans-serif;\">Cosinus carr\u00e9s &#8211; lignes<\/p>\n<\/td>\n<\/tr>\n<tr>\n<td>\n<p class=\"hcp1\" style=\"font-size: 10pt; font-family: Verdana, sans-serif;\">Cosinus carr\u00e9s &#8211; colonnes<\/p>\n<\/td>\n<\/tr>\n<tr>\n<td>\n<p class=\"hcp1\" style=\"font-size: 10pt; font-family: Verdana, sans-serif;\">Cosinus carr\u00e9s cumul\u00e9s &#8211; lignes<\/p>\n<\/td>\n<\/tr>\n<tr>\n<td>\n<p class=\"hcp1\" style=\"font-size: 10pt; font-family: Verdana, sans-serif;\">Cosinus carr\u00e9s cumul\u00e9s &#8211; colonnes<\/p>\n<\/td>\n<\/tr>\n<tr>\n<td>\n<p class=\"hcp1\" style=\"font-size: 10pt; font-family: Verdana, sans-serif;\">Distances carr\u00e9es \u00e0 l&rsquo;origine &#8211; lignes<\/p>\n<\/td>\n<\/tr>\n<tr>\n<td>\n<p class=\"hcp1\" style=\"font-size: 10pt; font-family: Verdana, sans-serif;\">Distances carr\u00e9es \u00e0 l&rsquo;origine &#8211; colonnes<\/p>\n<\/td>\n<\/tr>\n<\/tbody>\n<\/table>\n<p>[\/vc_column_text][\/vc_column][\/vc_row][vc_row][vc_column][vc_empty_space height=\u00a0\u00bb5px\u00a0\u00bb][\/vc_column][\/vc_row][vc_row][vc_column][vc_btn title=\u00a0\u00bbConsulter la documentation compl\u00e8te\u00a0\u00bb align=\u00a0\u00bbcenter\u00a0\u00bb link=\u00a0\u00bburl:http%3A%2F%2Fwww.francestat.com%2Ftelecharg%2FUniwin%2Fpdf%2FAnalyse%20factorielle%20des%20correspondances.pdf|title:UNIWIN%20-%20AFC\u00a0\u00bb][\/vc_column][\/vc_row]<\/p>\n","protected":false},"excerpt":{"rendered":"<p>[vc_row][vc_column][\/vc_column][\/vc_row][vc_row][vc_column][vc_empty_space][\/vc_column][\/vc_row][vc_row][vc_column][vc_column_text] La m\u00e9thode d&rsquo;Analyse Factorielle des Correspondances Simples ou Binaires (AFC) permet de repr\u00e9senter graphiquement un tableau de contingence cr\u00e9\u00e9 par le ou les croisements (tris crois\u00e9s) de deux ou plusieurs variables qualitatives. Voir la proc\u00e9dure \u2018Tri crois\u00e9\u2019 pour plus d\u2019informations sur la fa\u00e7on de construire ce tableau. La m\u00e9thode vise \u00e0 rassembler sur un&hellip;<\/p>\n","protected":false},"author":1,"featured_media":0,"parent":0,"menu_order":0,"comment_status":"closed","ping_status":"closed","template":"","meta":{"footnotes":""},"class_list":["post-5721","page","type-page","status-publish","hentry","description-off"],"yoast_head":"<!-- This site is optimized with the Yoast SEO plugin v27.5 - https:\/\/yoast.com\/product\/yoast-seo-wordpress\/ -->\n<title>UNIWIN - AFC - FRANCESTAT<\/title>\n<meta name=\"robots\" content=\"index, follow, max-snippet:-1, max-image-preview:large, max-video-preview:-1\" \/>\n<link rel=\"canonical\" href=\"https:\/\/francestat.com\/index.php\/uniwin-afc\/\" \/>\n<meta property=\"og:locale\" content=\"fr_FR\" \/>\n<meta property=\"og:type\" content=\"article\" \/>\n<meta property=\"og:title\" content=\"UNIWIN - AFC - FRANCESTAT\" \/>\n<meta property=\"og:description\" content=\"[vc_row][vc_column][\/vc_column][\/vc_row][vc_row][vc_column][vc_empty_space][\/vc_column][\/vc_row][vc_row][vc_column][vc_column_text] La m\u00e9thode d&rsquo;Analyse Factorielle des Correspondances Simples ou Binaires (AFC) permet de repr\u00e9senter graphiquement un tableau de contingence cr\u00e9\u00e9 par le ou les croisements (tris crois\u00e9s) de deux ou plusieurs variables qualitatives. Voir la proc\u00e9dure \u2018Tri crois\u00e9\u2019 pour plus d\u2019informations sur la fa\u00e7on de construire ce tableau. La m\u00e9thode vise \u00e0 rassembler sur un&hellip;\" \/>\n<meta property=\"og:url\" content=\"https:\/\/francestat.com\/index.php\/uniwin-afc\/\" \/>\n<meta property=\"og:site_name\" content=\"FRANCESTAT\" \/>\n<meta property=\"article:modified_time\" content=\"2024-12-02T09:52:23+00:00\" \/>\n<meta name=\"twitter:card\" content=\"summary_large_image\" \/>\n<meta name=\"twitter:label1\" content=\"Dur\u00e9e de lecture estim\u00e9e\" \/>\n\t<meta name=\"twitter:data1\" content=\"2 minutes\" \/>\n<script type=\"application\/ld+json\" class=\"yoast-schema-graph\">{\"@context\":\"https:\\\/\\\/schema.org\",\"@graph\":[{\"@type\":\"WebPage\",\"@id\":\"https:\\\/\\\/francestat.com\\\/index.php\\\/uniwin-afc\\\/\",\"url\":\"https:\\\/\\\/francestat.com\\\/index.php\\\/uniwin-afc\\\/\",\"name\":\"UNIWIN - AFC - FRANCESTAT\",\"isPartOf\":{\"@id\":\"https:\\\/\\\/francestat.com\\\/#website\"},\"datePublished\":\"2023-09-03T13:04:13+00:00\",\"dateModified\":\"2024-12-02T09:52:23+00:00\",\"breadcrumb\":{\"@id\":\"https:\\\/\\\/francestat.com\\\/index.php\\\/uniwin-afc\\\/#breadcrumb\"},\"inLanguage\":\"fr-FR\",\"potentialAction\":[{\"@type\":\"ReadAction\",\"target\":[\"https:\\\/\\\/francestat.com\\\/index.php\\\/uniwin-afc\\\/\"]}]},{\"@type\":\"BreadcrumbList\",\"@id\":\"https:\\\/\\\/francestat.com\\\/index.php\\\/uniwin-afc\\\/#breadcrumb\",\"itemListElement\":[{\"@type\":\"ListItem\",\"position\":1,\"name\":\"Accueil\",\"item\":\"https:\\\/\\\/francestat.com\\\/\"},{\"@type\":\"ListItem\",\"position\":2,\"name\":\"UNIWIN &#8211; AFC\"}]},{\"@type\":\"WebSite\",\"@id\":\"https:\\\/\\\/francestat.com\\\/#website\",\"url\":\"https:\\\/\\\/francestat.com\\\/\",\"name\":\"FRANCESTAT\",\"description\":\"Logiciels, formations et services statistiques\",\"publisher\":{\"@id\":\"https:\\\/\\\/francestat.com\\\/#organization\"},\"potentialAction\":[{\"@type\":\"SearchAction\",\"target\":{\"@type\":\"EntryPoint\",\"urlTemplate\":\"https:\\\/\\\/francestat.com\\\/?s={search_term_string}\"},\"query-input\":{\"@type\":\"PropertyValueSpecification\",\"valueRequired\":true,\"valueName\":\"search_term_string\"}}],\"inLanguage\":\"fr-FR\"},{\"@type\":\"Organization\",\"@id\":\"https:\\\/\\\/francestat.com\\\/#organization\",\"name\":\"FRANCESTAT\",\"url\":\"https:\\\/\\\/francestat.com\\\/\",\"logo\":{\"@type\":\"ImageObject\",\"inLanguage\":\"fr-FR\",\"@id\":\"https:\\\/\\\/francestat.com\\\/#\\\/schema\\\/logo\\\/image\\\/\",\"url\":\"https:\\\/\\\/francestat.com\\\/wp-content\\\/uploads\\\/2018\\\/05\\\/logo_horizontal_small_francestat.jpg\",\"contentUrl\":\"https:\\\/\\\/francestat.com\\\/wp-content\\\/uploads\\\/2018\\\/05\\\/logo_horizontal_small_francestat.jpg\",\"width\":155,\"height\":51,\"caption\":\"FRANCESTAT\"},\"image\":{\"@id\":\"https:\\\/\\\/francestat.com\\\/#\\\/schema\\\/logo\\\/image\\\/\"}}]}<\/script>\n<!-- \/ Yoast SEO plugin. -->","yoast_head_json":{"title":"UNIWIN - AFC - FRANCESTAT","robots":{"index":"index","follow":"follow","max-snippet":"max-snippet:-1","max-image-preview":"max-image-preview:large","max-video-preview":"max-video-preview:-1"},"canonical":"https:\/\/francestat.com\/index.php\/uniwin-afc\/","og_locale":"fr_FR","og_type":"article","og_title":"UNIWIN - AFC - FRANCESTAT","og_description":"[vc_row][vc_column][\/vc_column][\/vc_row][vc_row][vc_column][vc_empty_space][\/vc_column][\/vc_row][vc_row][vc_column][vc_column_text] La m\u00e9thode d&rsquo;Analyse Factorielle des Correspondances Simples ou Binaires (AFC) permet de repr\u00e9senter graphiquement un tableau de contingence cr\u00e9\u00e9 par le ou les croisements (tris crois\u00e9s) de deux ou plusieurs variables qualitatives. Voir la proc\u00e9dure \u2018Tri crois\u00e9\u2019 pour plus d\u2019informations sur la fa\u00e7on de construire ce tableau. La m\u00e9thode vise \u00e0 rassembler sur un&hellip;","og_url":"https:\/\/francestat.com\/index.php\/uniwin-afc\/","og_site_name":"FRANCESTAT","article_modified_time":"2024-12-02T09:52:23+00:00","twitter_card":"summary_large_image","twitter_misc":{"Dur\u00e9e de lecture estim\u00e9e":"2 minutes"},"schema":{"@context":"https:\/\/schema.org","@graph":[{"@type":"WebPage","@id":"https:\/\/francestat.com\/index.php\/uniwin-afc\/","url":"https:\/\/francestat.com\/index.php\/uniwin-afc\/","name":"UNIWIN - AFC - FRANCESTAT","isPartOf":{"@id":"https:\/\/francestat.com\/#website"},"datePublished":"2023-09-03T13:04:13+00:00","dateModified":"2024-12-02T09:52:23+00:00","breadcrumb":{"@id":"https:\/\/francestat.com\/index.php\/uniwin-afc\/#breadcrumb"},"inLanguage":"fr-FR","potentialAction":[{"@type":"ReadAction","target":["https:\/\/francestat.com\/index.php\/uniwin-afc\/"]}]},{"@type":"BreadcrumbList","@id":"https:\/\/francestat.com\/index.php\/uniwin-afc\/#breadcrumb","itemListElement":[{"@type":"ListItem","position":1,"name":"Accueil","item":"https:\/\/francestat.com\/"},{"@type":"ListItem","position":2,"name":"UNIWIN &#8211; AFC"}]},{"@type":"WebSite","@id":"https:\/\/francestat.com\/#website","url":"https:\/\/francestat.com\/","name":"FRANCESTAT","description":"Logiciels, formations et services statistiques","publisher":{"@id":"https:\/\/francestat.com\/#organization"},"potentialAction":[{"@type":"SearchAction","target":{"@type":"EntryPoint","urlTemplate":"https:\/\/francestat.com\/?s={search_term_string}"},"query-input":{"@type":"PropertyValueSpecification","valueRequired":true,"valueName":"search_term_string"}}],"inLanguage":"fr-FR"},{"@type":"Organization","@id":"https:\/\/francestat.com\/#organization","name":"FRANCESTAT","url":"https:\/\/francestat.com\/","logo":{"@type":"ImageObject","inLanguage":"fr-FR","@id":"https:\/\/francestat.com\/#\/schema\/logo\/image\/","url":"https:\/\/francestat.com\/wp-content\/uploads\/2018\/05\/logo_horizontal_small_francestat.jpg","contentUrl":"https:\/\/francestat.com\/wp-content\/uploads\/2018\/05\/logo_horizontal_small_francestat.jpg","width":155,"height":51,"caption":"FRANCESTAT"},"image":{"@id":"https:\/\/francestat.com\/#\/schema\/logo\/image\/"}}]}},"_links":{"self":[{"href":"https:\/\/francestat.com\/index.php\/wp-json\/wp\/v2\/pages\/5721","targetHints":{"allow":["GET"]}}],"collection":[{"href":"https:\/\/francestat.com\/index.php\/wp-json\/wp\/v2\/pages"}],"about":[{"href":"https:\/\/francestat.com\/index.php\/wp-json\/wp\/v2\/types\/page"}],"author":[{"embeddable":true,"href":"https:\/\/francestat.com\/index.php\/wp-json\/wp\/v2\/users\/1"}],"replies":[{"embeddable":true,"href":"https:\/\/francestat.com\/index.php\/wp-json\/wp\/v2\/comments?post=5721"}],"version-history":[{"count":17,"href":"https:\/\/francestat.com\/index.php\/wp-json\/wp\/v2\/pages\/5721\/revisions"}],"predecessor-version":[{"id":6536,"href":"https:\/\/francestat.com\/index.php\/wp-json\/wp\/v2\/pages\/5721\/revisions\/6536"}],"wp:attachment":[{"href":"https:\/\/francestat.com\/index.php\/wp-json\/wp\/v2\/media?parent=5721"}],"curies":[{"name":"wp","href":"https:\/\/api.w.org\/{rel}","templated":true}]}}