{"id":5736,"date":"2023-09-03T15:30:50","date_gmt":"2023-09-03T13:30:50","guid":{"rendered":"https:\/\/francestat.com\/?page_id=5736"},"modified":"2024-12-02T11:02:10","modified_gmt":"2024-12-02T10:02:10","slug":"uniwin-atd","status":"publish","type":"page","link":"https:\/\/francestat.com\/index.php\/uniwin-atd\/","title":{"rendered":"Uniwin &#8211; ATD"},"content":{"rendered":"<p>[vc_row][vc_column]<div id=\"ultimate-heading-80726a05a13377b25\" class=\"uvc-heading ult-adjust-bottom-margin ultimate-heading-80726a05a13377b25 uvc-8712  uvc-heading-default-font-sizes\" data-hspacer=\"no_spacer\"  data-halign=\"center\" style=\"text-align:center\"><div class=\"uvc-heading-spacer no_spacer\" style=\"top\"><\/div><div class=\"uvc-main-heading ult-responsive\"  data-ultimate-target='.uvc-heading.ultimate-heading-80726a05a13377b25 h2'  data-responsive-json-new='{\"font-size\":\"\",\"line-height\":\"\"}' ><h2 style=\"--font-weight:theme;\">UNIWIN - Analyse sur Tableau de Distances ou de Dissimilarit\u00e9s<\/h2><\/div><\/div>[\/vc_column][\/vc_row][vc_row][vc_column][vc_empty_space][\/vc_column][\/vc_row][vc_row][vc_column][vc_column_text]<\/p>\n<p class=\"Default\" style=\"text-align: justify;\">La m\u00e9thode d&rsquo;Analyse sur Tableau de Distances ou de Dissimilarit\u00e9s (ATD) permet d&rsquo;\u00e9tudier un tableau de distances euclidiennes (tableau diagonal inf\u00e9rieur) individus x individus contenant \u00e0 chaque intersection ligne-colonne la distance ou la dissimilarit\u00e9 entre cette ligne et cette colonne.<\/p>\n<p class=\"Default\" style=\"text-align: justify;\">Cr\u00e9er un tableau de distances euclidiennes :pour plus d\u2019informations sur la fa\u00e7on de construire ce tableau.<\/p>\n<p class=\"Default\" style=\"text-align: justify;\">Si le tableau n&rsquo;est pas sym\u00e9trique, il est sym\u00e9tris\u00e9 par la proc\u00e9dure et s&rsquo;il ne d\u00e9finit pas une \u00ab\u00a0vraie\u00a0\u00bb distance, une technique dite de \u00ab\u00a0la constante additive\u00a0\u00bb est utilis\u00e9e.<\/p>\n<p class=\"Default\" style=\"text-align: justify;\">La m\u00e9thode permet d&rsquo;obtenir une carte des individus en fonction de leurs proximit\u00e9s ou dissimilarit\u00e9s.<\/p>\n<p class=\"Default\" style=\"text-align: justify;\">Apr\u00e8s affichage du tableau et de l&rsquo;histogramme des inerties, vous pouvez choisir le nombre d&rsquo;axes factoriels \u00e0 extraire et la m\u00e9thode \u00e0 utiliser si des valeurs propres sont n\u00e9gatives.<\/p>\n<p class=\"Default\" style=\"text-align: justify;\">De nombreux outils d&rsquo;aide \u00e0 l&rsquo;interpr\u00e9tation sont fournis : contributions, cosinus carr\u00e9s, distances calcul\u00e9es, \u00e9carts entre les distances d&rsquo;origine et celles calcul\u00e9es.<\/p>\n<p class=\"Default\" style=\"text-align: justify;\">Un rapport g\u00e9n\u00e9ral de synth\u00e8se est propos\u00e9 ainsi que les graphiques des plans factoriels des individus.<\/p>\n<p>[\/vc_column_text][\/vc_column][\/vc_row][vc_row][vc_column][vc_single_image image=\u00a0\u00bb6379&Prime; img_size=\u00a0\u00bblarge\u00a0\u00bb alignment=\u00a0\u00bbcenter\u00a0\u00bb][\/vc_column][\/vc_row][vc_row][vc_column][vc_empty_space height=\u00a0\u00bb5px\u00a0\u00bb][\/vc_column][\/vc_row][vc_row][vc_column][vc_column_text]<\/p>\n<p class=\"hcp4\"><strong><span style=\"font-size: 10pt; font-family: Verdana, sans-serif;\"><u>Tableaux<\/u><\/span><\/strong><\/p>\n<table class=\"hcp3\" width=\"100%\" cellspacing=\"0\" bgcolor=\"#ffffff\">\n<colgroup>\n<col \/><\/colgroup>\n<tbody>\n<tr>\n<td>\n<p class=\"hcp1\" style=\"font-size: 10pt; font-family: Verdana, sans-serif;\">Distances carr\u00e9es observ\u00e9es<\/p>\n<\/td>\n<\/tr>\n<tr>\n<td>\n<p class=\"hcp1\" style=\"font-size: 10pt; font-family: Verdana, sans-serif;\">Matrice initiale \u00e0 diagonaliser<\/p>\n<\/td>\n<\/tr>\n<tr>\n<td>\n<p class=\"hcp1\" style=\"font-size: 10pt; font-family: Verdana, sans-serif;\">Matrice modifi\u00e9e \u00e0 diagonaliser<\/p>\n<\/td>\n<\/tr>\n<tr>\n<td>\n<p class=\"hcp1\" style=\"font-size: 10pt; font-family: Verdana, sans-serif;\">Tableau initial des inerties<\/p>\n<\/td>\n<\/tr>\n<tr>\n<td>\n<p class=\"hcp1\" style=\"font-size: 10pt; font-family: Verdana, sans-serif;\">Tableau modifi\u00e9 des inerties<\/p>\n<\/td>\n<\/tr>\n<tr>\n<td>\n<p class=\"hcp1\" style=\"font-size: 10pt; font-family: Verdana, sans-serif;\">Vecteurs propres<\/p>\n<\/td>\n<\/tr>\n<tr>\n<td>\n<p class=\"hcp1\" style=\"font-size: 10pt; font-family: Verdana, sans-serif;\">Facteurs colonnes<\/p>\n<\/td>\n<\/tr>\n<tr>\n<td>\n<p class=\"hcp1\" style=\"font-size: 10pt; font-family: Verdana, sans-serif;\">Distances carr\u00e9es calcul\u00e9es<\/p>\n<\/td>\n<\/tr>\n<tr>\n<td>\n<p class=\"hcp1\" style=\"font-size: 10pt; font-family: Verdana, sans-serif;\">Ecarts avec les distances observ\u00e9es<\/p>\n<\/td>\n<\/tr>\n<\/tbody>\n<\/table>\n<p class=\"hcp4\"><strong><span style=\"font-size: 10pt; font-family: Verdana, sans-serif;\"><u>Graphiques<\/u><\/span><\/strong><\/p>\n<table class=\"hcp3\" width=\"100%\" cellspacing=\"0\" bgcolor=\"#ffffff\">\n<colgroup>\n<col \/><\/colgroup>\n<tbody>\n<tr>\n<td>\n<p class=\"hcp1\" style=\"font-size: 10pt; font-family: Verdana, sans-serif;\">Diagramme des inerties<\/p>\n<\/td>\n<\/tr>\n<tr>\n<td>\n<p class=\"hcp1\" style=\"font-size: 10pt; font-family: Verdana, sans-serif;\">Plan factoriel des individus<\/p>\n<\/td>\n<\/tr>\n<tr>\n<td>\n<p class=\"hcp1\" style=\"font-size: 10pt; font-family: Verdana, sans-serif;\">Distances observ\u00e9es et calcul\u00e9es<\/p>\n<\/td>\n<\/tr>\n<\/tbody>\n<\/table>\n<p>[\/vc_column_text][\/vc_column][\/vc_row][vc_row][vc_column][vc_empty_space height=\u00a0\u00bb5px\u00a0\u00bb][\/vc_column][\/vc_row][vc_row][vc_column][vc_btn title=\u00a0\u00bbConsulter la documentation compl\u00e8te\u00a0\u00bb align=\u00a0\u00bbcenter\u00a0\u00bb link=\u00a0\u00bburl:https%3A%2F%2Ffrancestat.com%2Ftelecharg%2FUniwin%2Fpdf%2FAnalyse%2520sur%2520tableau%2520de%2520distances%2520ou%2520de%2520dissimilarit%25e9s.pdf|title:UNIWIN%20-%20ATD\u00a0\u00bb][\/vc_column][\/vc_row]<\/p>\n","protected":false},"excerpt":{"rendered":"<p>[vc_row][vc_column][\/vc_column][\/vc_row][vc_row][vc_column][vc_empty_space][\/vc_column][\/vc_row][vc_row][vc_column][vc_column_text] La m\u00e9thode d&rsquo;Analyse sur Tableau de Distances ou de Dissimilarit\u00e9s (ATD) permet d&rsquo;\u00e9tudier un tableau de distances euclidiennes (tableau diagonal inf\u00e9rieur) individus x individus contenant \u00e0 chaque intersection ligne-colonne la distance ou la dissimilarit\u00e9 entre cette ligne et cette colonne. Cr\u00e9er un tableau de distances euclidiennes :pour plus d\u2019informations sur la fa\u00e7on de construire&hellip;<\/p>\n","protected":false},"author":1,"featured_media":0,"parent":0,"menu_order":0,"comment_status":"closed","ping_status":"closed","template":"","meta":{"footnotes":""},"class_list":["post-5736","page","type-page","status-publish","hentry","description-off"],"yoast_head":"<!-- This site is optimized with the Yoast SEO plugin v27.6 - https:\/\/yoast.com\/product\/yoast-seo-wordpress\/ -->\n<title>Uniwin - ATD - FRANCESTAT<\/title>\n<meta name=\"robots\" content=\"index, follow, max-snippet:-1, max-image-preview:large, max-video-preview:-1\" \/>\n<link rel=\"canonical\" href=\"https:\/\/francestat.com\/index.php\/uniwin-atd\/\" \/>\n<meta property=\"og:locale\" content=\"fr_FR\" \/>\n<meta property=\"og:type\" content=\"article\" \/>\n<meta property=\"og:title\" content=\"Uniwin - ATD - FRANCESTAT\" \/>\n<meta property=\"og:description\" content=\"[vc_row][vc_column][\/vc_column][\/vc_row][vc_row][vc_column][vc_empty_space][\/vc_column][\/vc_row][vc_row][vc_column][vc_column_text] La m\u00e9thode d&rsquo;Analyse sur Tableau de Distances ou de Dissimilarit\u00e9s (ATD) permet d&rsquo;\u00e9tudier un tableau de distances euclidiennes (tableau diagonal inf\u00e9rieur) individus x individus contenant \u00e0 chaque intersection ligne-colonne la distance ou la dissimilarit\u00e9 entre cette ligne et cette colonne. Cr\u00e9er un tableau de distances euclidiennes :pour plus d\u2019informations sur la fa\u00e7on de construire&hellip;\" \/>\n<meta property=\"og:url\" content=\"https:\/\/francestat.com\/index.php\/uniwin-atd\/\" \/>\n<meta property=\"og:site_name\" content=\"FRANCESTAT\" \/>\n<meta property=\"article:modified_time\" content=\"2024-12-02T10:02:10+00:00\" \/>\n<meta name=\"twitter:card\" content=\"summary_large_image\" \/>\n<meta name=\"twitter:label1\" content=\"Dur\u00e9e de lecture estim\u00e9e\" \/>\n\t<meta name=\"twitter:data1\" content=\"2 minutes\" \/>\n<script type=\"application\/ld+json\" class=\"yoast-schema-graph\">{\"@context\":\"https:\\\/\\\/schema.org\",\"@graph\":[{\"@type\":\"WebPage\",\"@id\":\"https:\\\/\\\/francestat.com\\\/index.php\\\/uniwin-atd\\\/\",\"url\":\"https:\\\/\\\/francestat.com\\\/index.php\\\/uniwin-atd\\\/\",\"name\":\"Uniwin - ATD - FRANCESTAT\",\"isPartOf\":{\"@id\":\"https:\\\/\\\/francestat.com\\\/#website\"},\"datePublished\":\"2023-09-03T13:30:50+00:00\",\"dateModified\":\"2024-12-02T10:02:10+00:00\",\"breadcrumb\":{\"@id\":\"https:\\\/\\\/francestat.com\\\/index.php\\\/uniwin-atd\\\/#breadcrumb\"},\"inLanguage\":\"fr-FR\",\"potentialAction\":[{\"@type\":\"ReadAction\",\"target\":[\"https:\\\/\\\/francestat.com\\\/index.php\\\/uniwin-atd\\\/\"]}]},{\"@type\":\"BreadcrumbList\",\"@id\":\"https:\\\/\\\/francestat.com\\\/index.php\\\/uniwin-atd\\\/#breadcrumb\",\"itemListElement\":[{\"@type\":\"ListItem\",\"position\":1,\"name\":\"Accueil\",\"item\":\"https:\\\/\\\/francestat.com\\\/\"},{\"@type\":\"ListItem\",\"position\":2,\"name\":\"Uniwin &#8211; ATD\"}]},{\"@type\":\"WebSite\",\"@id\":\"https:\\\/\\\/francestat.com\\\/#website\",\"url\":\"https:\\\/\\\/francestat.com\\\/\",\"name\":\"FRANCESTAT\",\"description\":\"Logiciels, formations et services statistiques\",\"publisher\":{\"@id\":\"https:\\\/\\\/francestat.com\\\/#organization\"},\"potentialAction\":[{\"@type\":\"SearchAction\",\"target\":{\"@type\":\"EntryPoint\",\"urlTemplate\":\"https:\\\/\\\/francestat.com\\\/?s={search_term_string}\"},\"query-input\":{\"@type\":\"PropertyValueSpecification\",\"valueRequired\":true,\"valueName\":\"search_term_string\"}}],\"inLanguage\":\"fr-FR\"},{\"@type\":\"Organization\",\"@id\":\"https:\\\/\\\/francestat.com\\\/#organization\",\"name\":\"FRANCESTAT\",\"url\":\"https:\\\/\\\/francestat.com\\\/\",\"logo\":{\"@type\":\"ImageObject\",\"inLanguage\":\"fr-FR\",\"@id\":\"https:\\\/\\\/francestat.com\\\/#\\\/schema\\\/logo\\\/image\\\/\",\"url\":\"https:\\\/\\\/francestat.com\\\/wp-content\\\/uploads\\\/2018\\\/05\\\/logo_horizontal_small_francestat.jpg\",\"contentUrl\":\"https:\\\/\\\/francestat.com\\\/wp-content\\\/uploads\\\/2018\\\/05\\\/logo_horizontal_small_francestat.jpg\",\"width\":155,\"height\":51,\"caption\":\"FRANCESTAT\"},\"image\":{\"@id\":\"https:\\\/\\\/francestat.com\\\/#\\\/schema\\\/logo\\\/image\\\/\"}}]}<\/script>\n<!-- \/ Yoast SEO plugin. -->","yoast_head_json":{"title":"Uniwin - ATD - FRANCESTAT","robots":{"index":"index","follow":"follow","max-snippet":"max-snippet:-1","max-image-preview":"max-image-preview:large","max-video-preview":"max-video-preview:-1"},"canonical":"https:\/\/francestat.com\/index.php\/uniwin-atd\/","og_locale":"fr_FR","og_type":"article","og_title":"Uniwin - ATD - FRANCESTAT","og_description":"[vc_row][vc_column][\/vc_column][\/vc_row][vc_row][vc_column][vc_empty_space][\/vc_column][\/vc_row][vc_row][vc_column][vc_column_text] La m\u00e9thode d&rsquo;Analyse sur Tableau de Distances ou de Dissimilarit\u00e9s (ATD) permet d&rsquo;\u00e9tudier un tableau de distances euclidiennes (tableau diagonal inf\u00e9rieur) individus x individus contenant \u00e0 chaque intersection ligne-colonne la distance ou la dissimilarit\u00e9 entre cette ligne et cette colonne. Cr\u00e9er un tableau de distances euclidiennes :pour plus d\u2019informations sur la fa\u00e7on de construire&hellip;","og_url":"https:\/\/francestat.com\/index.php\/uniwin-atd\/","og_site_name":"FRANCESTAT","article_modified_time":"2024-12-02T10:02:10+00:00","twitter_card":"summary_large_image","twitter_misc":{"Dur\u00e9e de lecture estim\u00e9e":"2 minutes"},"schema":{"@context":"https:\/\/schema.org","@graph":[{"@type":"WebPage","@id":"https:\/\/francestat.com\/index.php\/uniwin-atd\/","url":"https:\/\/francestat.com\/index.php\/uniwin-atd\/","name":"Uniwin - ATD - FRANCESTAT","isPartOf":{"@id":"https:\/\/francestat.com\/#website"},"datePublished":"2023-09-03T13:30:50+00:00","dateModified":"2024-12-02T10:02:10+00:00","breadcrumb":{"@id":"https:\/\/francestat.com\/index.php\/uniwin-atd\/#breadcrumb"},"inLanguage":"fr-FR","potentialAction":[{"@type":"ReadAction","target":["https:\/\/francestat.com\/index.php\/uniwin-atd\/"]}]},{"@type":"BreadcrumbList","@id":"https:\/\/francestat.com\/index.php\/uniwin-atd\/#breadcrumb","itemListElement":[{"@type":"ListItem","position":1,"name":"Accueil","item":"https:\/\/francestat.com\/"},{"@type":"ListItem","position":2,"name":"Uniwin &#8211; ATD"}]},{"@type":"WebSite","@id":"https:\/\/francestat.com\/#website","url":"https:\/\/francestat.com\/","name":"FRANCESTAT","description":"Logiciels, formations et services statistiques","publisher":{"@id":"https:\/\/francestat.com\/#organization"},"potentialAction":[{"@type":"SearchAction","target":{"@type":"EntryPoint","urlTemplate":"https:\/\/francestat.com\/?s={search_term_string}"},"query-input":{"@type":"PropertyValueSpecification","valueRequired":true,"valueName":"search_term_string"}}],"inLanguage":"fr-FR"},{"@type":"Organization","@id":"https:\/\/francestat.com\/#organization","name":"FRANCESTAT","url":"https:\/\/francestat.com\/","logo":{"@type":"ImageObject","inLanguage":"fr-FR","@id":"https:\/\/francestat.com\/#\/schema\/logo\/image\/","url":"https:\/\/francestat.com\/wp-content\/uploads\/2018\/05\/logo_horizontal_small_francestat.jpg","contentUrl":"https:\/\/francestat.com\/wp-content\/uploads\/2018\/05\/logo_horizontal_small_francestat.jpg","width":155,"height":51,"caption":"FRANCESTAT"},"image":{"@id":"https:\/\/francestat.com\/#\/schema\/logo\/image\/"}}]}},"_links":{"self":[{"href":"https:\/\/francestat.com\/index.php\/wp-json\/wp\/v2\/pages\/5736","targetHints":{"allow":["GET"]}}],"collection":[{"href":"https:\/\/francestat.com\/index.php\/wp-json\/wp\/v2\/pages"}],"about":[{"href":"https:\/\/francestat.com\/index.php\/wp-json\/wp\/v2\/types\/page"}],"author":[{"embeddable":true,"href":"https:\/\/francestat.com\/index.php\/wp-json\/wp\/v2\/users\/1"}],"replies":[{"embeddable":true,"href":"https:\/\/francestat.com\/index.php\/wp-json\/wp\/v2\/comments?post=5736"}],"version-history":[{"count":16,"href":"https:\/\/francestat.com\/index.php\/wp-json\/wp\/v2\/pages\/5736\/revisions"}],"predecessor-version":[{"id":6538,"href":"https:\/\/francestat.com\/index.php\/wp-json\/wp\/v2\/pages\/5736\/revisions\/6538"}],"wp:attachment":[{"href":"https:\/\/francestat.com\/index.php\/wp-json\/wp\/v2\/media?parent=5736"}],"curies":[{"name":"wp","href":"https:\/\/api.w.org\/{rel}","templated":true}]}}