{"id":5792,"date":"2023-09-04T10:41:53","date_gmt":"2023-09-04T08:41:53","guid":{"rendered":"https:\/\/francestat.com\/?page_id=5792"},"modified":"2026-03-29T15:50:41","modified_gmt":"2026-03-29T13:50:41","slug":"uniwin-cah","status":"publish","type":"page","link":"https:\/\/francestat.com\/index.php\/uniwin-cah\/","title":{"rendered":"Uniwin &#8211; CAH"},"content":{"rendered":"<p>[vc_row][vc_column]<div id=\"ultimate-heading-14926a038fbb92504\" class=\"uvc-heading ult-adjust-bottom-margin ultimate-heading-14926a038fbb92504 uvc-4774  uvc-heading-default-font-sizes\" data-hspacer=\"no_spacer\"  data-halign=\"center\" style=\"text-align:center\"><div class=\"uvc-heading-spacer no_spacer\" style=\"top\"><\/div><div class=\"uvc-main-heading ult-responsive\"  data-ultimate-target='.uvc-heading.ultimate-heading-14926a038fbb92504 h2'  data-responsive-json-new='{\"font-size\":\"\",\"line-height\":\"\"}' ><h2 style=\"--font-weight:theme;\">UNIWIN - Classification Ascendante Hi\u00e9rarchique<\/h2><\/div><\/div>[\/vc_column][\/vc_row][vc_row][vc_column][vc_empty_space][\/vc_column][\/vc_row][vc_row][vc_column][vc_column_text]<\/p>\n<p class=\"Default\" style=\"text-align: justify;\">La m\u00e9thode de Classification Ascendante Hi\u00e9rarchique (CAH) permet de construire une typologie (ou partition) d&rsquo;un ensemble d&rsquo;individus en classes telles que les individus appartenant \u00e0 une m\u00eame classe sont proches alors que les individus appartenant \u00e0 des classes diff\u00e9rentes sont \u00e9loign\u00e9s.<\/p>\n<p class=\"Default\" style=\"text-align: justify;\">La m\u00e9thode utilis\u00e9e est celle de Ward, m\u00e9thode dite des voisins r\u00e9ciproques. C&rsquo;est une m\u00e9thode ascendante partant d&rsquo;un nombre de classes \u00e9gal au nombre des individus et regroupant \u00e0 chaque it\u00e9ration un (ou plusieurs) individus ou classes en fonction de la diminution de l&rsquo;inertie inter-classes.<\/p>\n<p class=\"Default\" style=\"text-align: justify;\">L&rsquo;algorithme s&rsquo;applique \u00e0 des donn\u00e9es quantitatives individus x variables (avec standardisation ou non), \u00e0 un tableau de contingence ou \u00e0 un tableau de variables qualitatives. Dans le cas d&rsquo;un tableau de contingence, la classification peut se faire suivant les lignes ou les colonnes.<\/p>\n<p class=\"Default\" style=\"text-align: justify;\">Un tableau r\u00e9sum\u00e9 de la classification et le trac\u00e9 de l&rsquo;arbre de classification (avec zoom et troncature) et de nuages codifi\u00e9s sont propos\u00e9s ainsi que des outils d&rsquo;analyse de la partition et des noeuds.<\/p>\n<p>[\/vc_column_text][\/vc_column][\/vc_row][vc_row][vc_column][vc_single_image image=\u00a0\u00bb6388&Prime; img_size=\u00a0\u00bblarge\u00a0\u00bb alignment=\u00a0\u00bbcenter\u00a0\u00bb][\/vc_column][\/vc_row][vc_row][vc_column][vc_empty_space height=\u00a0\u00bb5px\u00a0\u00bb][\/vc_column][\/vc_row][vc_row][vc_column][vc_column_text]<\/p>\n<p class=\"hcp4\"><strong><span style=\"font-size: 10pt; font-family: Verdana, sans-serif;\"><u>Tableaux<\/u><\/span><\/strong><\/p>\n<table class=\"hcp3\" width=\"100%\" cellspacing=\"0\" bgcolor=\"#ffffff\">\n<colgroup>\n<col \/><\/colgroup>\n<tbody>\n<tr>\n<td>\n<p class=\"hcp1\" style=\"font-size: 10pt; font-family: Verdana, sans-serif;\">Agr\u00e9gations obtenues et restantes<\/p>\n<\/td>\n<\/tr>\n<tr>\n<td>\n<p class=\"hcp1\" style=\"font-size: 10pt; font-family: Verdana, sans-serif;\">D\u00e9finition des noeuds de la hi\u00e9rarchie<\/p>\n<\/td>\n<\/tr>\n<tr>\n<td>\n<p class=\"hcp1\" style=\"font-size: 10pt; font-family: Verdana, sans-serif;\">Troncature &#8211; Table d&rsquo;appartenance<\/p>\n<\/td>\n<\/tr>\n<tr>\n<td>\n<p class=\"hcp1\" style=\"font-size: 10pt; font-family: Verdana, sans-serif;\">Statistiques pour les classes<\/p>\n<\/td>\n<\/tr>\n<tr>\n<td>\n<p class=\"hcp1\" style=\"font-size: 10pt; font-family: Verdana, sans-serif;\">Contributions des variables quantitatives aux classes<\/p>\n<\/td>\n<\/tr>\n<tr>\n<td>\n<p class=\"hcp1\" style=\"font-size: 10pt; font-family: Verdana, sans-serif;\">Contributions des classes aux variables quantitatives<\/p>\n<\/td>\n<\/tr>\n<\/tbody>\n<\/table>\n<p class=\"hcp4\"><strong><span style=\"font-size: 10pt; font-family: Verdana, sans-serif;\"><u>Graphiques<\/u><\/span><\/strong><\/p>\n<table class=\"hcp3\" width=\"100%\" cellspacing=\"0\" bgcolor=\"#ffffff\">\n<colgroup>\n<col \/><\/colgroup>\n<tbody>\n<tr>\n<td>\n<p class=\"hcp1\" style=\"font-size: 10pt; font-family: Verdana, sans-serif;\">Diagramme des distances<\/p>\n<\/td>\n<\/tr>\n<tr>\n<td>\n<p class=\"hcp1\" style=\"font-size: 10pt; font-family: Verdana, sans-serif;\">Diagramme des niveaux<\/p>\n<\/td>\n<\/tr>\n<tr>\n<td>\n<p class=\"hcp1\" style=\"font-size: 10pt; font-family: Verdana, sans-serif;\">Diagramme des indices des Calinski-Harabasz<\/p>\n<\/td>\n<\/tr>\n<tr>\n<td>\n<p class=\"hcp1\" style=\"font-size: 10pt; font-family: Verdana, sans-serif;\">Nuages codifi\u00e9s<\/p>\n<\/td>\n<\/tr>\n<tr>\n<td>\n<p class=\"hcp1\" style=\"font-size: 10pt; font-family: Verdana, sans-serif;\">Dendrogramme vertical (distances)<\/p>\n<\/td>\n<\/tr>\n<tr>\n<td>\n<p class=\"hcp1\" style=\"font-size: 10pt; font-family: Verdana, sans-serif;\">Dendrogramme horizontal (distances)<\/p>\n<\/td>\n<\/tr>\n<tr>\n<td>\n<p class=\"hcp1\" style=\"font-size: 10pt; font-family: Verdana, sans-serif;\">Dendrogramme vertical (indices)<\/p>\n<\/td>\n<\/tr>\n<tr>\n<td>\n<p class=\"hcp1\" style=\"font-size: 10pt; font-family: Verdana, sans-serif;\">Dendrogramme horizontal (indices)<\/p>\n<\/td>\n<\/tr>\n<\/tbody>\n<\/table>\n<p>[\/vc_column_text][\/vc_column][\/vc_row][vc_row][vc_column][vc_empty_space height=\u00a0\u00bb5px\u00a0\u00bb][\/vc_column][\/vc_row][vc_row][vc_column][vc_btn title=\u00a0\u00bbConsulter la documentation compl\u00e8te\u00a0\u00bb align=\u00a0\u00bbcenter\u00a0\u00bb link=\u00a0\u00bburl:https%3A%2F%2Ffrancestat.com%2Ftelecharg%2FUniwin%2Fpdf%2FClassification%2520ascendante%2520hi%25e9rarchique.pdf|title:UNIWIN%20-%20CAH\u00a0\u00bb][\/vc_column][\/vc_row]<\/p>\n","protected":false},"excerpt":{"rendered":"<p>[vc_row][vc_column][\/vc_column][\/vc_row][vc_row][vc_column][vc_empty_space][\/vc_column][\/vc_row][vc_row][vc_column][vc_column_text] La m\u00e9thode de Classification Ascendante Hi\u00e9rarchique (CAH) permet de construire une typologie (ou partition) d&rsquo;un ensemble d&rsquo;individus en classes telles que les individus appartenant \u00e0 une m\u00eame classe sont proches alors que les individus appartenant \u00e0 des classes diff\u00e9rentes sont \u00e9loign\u00e9s. La m\u00e9thode utilis\u00e9e est celle de Ward, m\u00e9thode dite des voisins r\u00e9ciproques. C&rsquo;est&hellip;<\/p>\n","protected":false},"author":1,"featured_media":0,"parent":0,"menu_order":0,"comment_status":"closed","ping_status":"closed","template":"","meta":{"footnotes":""},"class_list":["post-5792","page","type-page","status-publish","hentry","description-off"],"yoast_head":"<!-- This site is optimized with the Yoast SEO plugin v27.6 - https:\/\/yoast.com\/product\/yoast-seo-wordpress\/ -->\n<title>Uniwin - CAH - FRANCESTAT<\/title>\n<meta name=\"robots\" content=\"index, follow, max-snippet:-1, max-image-preview:large, max-video-preview:-1\" \/>\n<link rel=\"canonical\" href=\"https:\/\/francestat.com\/index.php\/uniwin-cah\/\" \/>\n<meta property=\"og:locale\" content=\"fr_FR\" \/>\n<meta property=\"og:type\" content=\"article\" \/>\n<meta property=\"og:title\" content=\"Uniwin - CAH - FRANCESTAT\" \/>\n<meta property=\"og:description\" content=\"[vc_row][vc_column][\/vc_column][\/vc_row][vc_row][vc_column][vc_empty_space][\/vc_column][\/vc_row][vc_row][vc_column][vc_column_text] La m\u00e9thode de Classification Ascendante Hi\u00e9rarchique (CAH) permet de construire une typologie (ou partition) d&rsquo;un ensemble d&rsquo;individus en classes telles que les individus appartenant \u00e0 une m\u00eame classe sont proches alors que les individus appartenant \u00e0 des classes diff\u00e9rentes sont \u00e9loign\u00e9s. La m\u00e9thode utilis\u00e9e est celle de Ward, m\u00e9thode dite des voisins r\u00e9ciproques. C&rsquo;est&hellip;\" \/>\n<meta property=\"og:url\" content=\"https:\/\/francestat.com\/index.php\/uniwin-cah\/\" \/>\n<meta property=\"og:site_name\" content=\"FRANCESTAT\" \/>\n<meta property=\"article:modified_time\" content=\"2026-03-29T13:50:41+00:00\" \/>\n<meta name=\"twitter:card\" content=\"summary_large_image\" \/>\n<meta name=\"twitter:label1\" content=\"Dur\u00e9e de lecture estim\u00e9e\" \/>\n\t<meta name=\"twitter:data1\" content=\"2 minutes\" \/>\n<script type=\"application\/ld+json\" class=\"yoast-schema-graph\">{\"@context\":\"https:\\\/\\\/schema.org\",\"@graph\":[{\"@type\":\"WebPage\",\"@id\":\"https:\\\/\\\/francestat.com\\\/index.php\\\/uniwin-cah\\\/\",\"url\":\"https:\\\/\\\/francestat.com\\\/index.php\\\/uniwin-cah\\\/\",\"name\":\"Uniwin - CAH - FRANCESTAT\",\"isPartOf\":{\"@id\":\"https:\\\/\\\/francestat.com\\\/#website\"},\"datePublished\":\"2023-09-04T08:41:53+00:00\",\"dateModified\":\"2026-03-29T13:50:41+00:00\",\"breadcrumb\":{\"@id\":\"https:\\\/\\\/francestat.com\\\/index.php\\\/uniwin-cah\\\/#breadcrumb\"},\"inLanguage\":\"fr-FR\",\"potentialAction\":[{\"@type\":\"ReadAction\",\"target\":[\"https:\\\/\\\/francestat.com\\\/index.php\\\/uniwin-cah\\\/\"]}]},{\"@type\":\"BreadcrumbList\",\"@id\":\"https:\\\/\\\/francestat.com\\\/index.php\\\/uniwin-cah\\\/#breadcrumb\",\"itemListElement\":[{\"@type\":\"ListItem\",\"position\":1,\"name\":\"Accueil\",\"item\":\"https:\\\/\\\/francestat.com\\\/\"},{\"@type\":\"ListItem\",\"position\":2,\"name\":\"Uniwin &#8211; CAH\"}]},{\"@type\":\"WebSite\",\"@id\":\"https:\\\/\\\/francestat.com\\\/#website\",\"url\":\"https:\\\/\\\/francestat.com\\\/\",\"name\":\"FRANCESTAT\",\"description\":\"Logiciels, formations et services statistiques\",\"publisher\":{\"@id\":\"https:\\\/\\\/francestat.com\\\/#organization\"},\"potentialAction\":[{\"@type\":\"SearchAction\",\"target\":{\"@type\":\"EntryPoint\",\"urlTemplate\":\"https:\\\/\\\/francestat.com\\\/?s={search_term_string}\"},\"query-input\":{\"@type\":\"PropertyValueSpecification\",\"valueRequired\":true,\"valueName\":\"search_term_string\"}}],\"inLanguage\":\"fr-FR\"},{\"@type\":\"Organization\",\"@id\":\"https:\\\/\\\/francestat.com\\\/#organization\",\"name\":\"FRANCESTAT\",\"url\":\"https:\\\/\\\/francestat.com\\\/\",\"logo\":{\"@type\":\"ImageObject\",\"inLanguage\":\"fr-FR\",\"@id\":\"https:\\\/\\\/francestat.com\\\/#\\\/schema\\\/logo\\\/image\\\/\",\"url\":\"https:\\\/\\\/francestat.com\\\/wp-content\\\/uploads\\\/2018\\\/05\\\/logo_horizontal_small_francestat.jpg\",\"contentUrl\":\"https:\\\/\\\/francestat.com\\\/wp-content\\\/uploads\\\/2018\\\/05\\\/logo_horizontal_small_francestat.jpg\",\"width\":155,\"height\":51,\"caption\":\"FRANCESTAT\"},\"image\":{\"@id\":\"https:\\\/\\\/francestat.com\\\/#\\\/schema\\\/logo\\\/image\\\/\"}}]}<\/script>\n<!-- \/ Yoast SEO plugin. -->","yoast_head_json":{"title":"Uniwin - CAH - FRANCESTAT","robots":{"index":"index","follow":"follow","max-snippet":"max-snippet:-1","max-image-preview":"max-image-preview:large","max-video-preview":"max-video-preview:-1"},"canonical":"https:\/\/francestat.com\/index.php\/uniwin-cah\/","og_locale":"fr_FR","og_type":"article","og_title":"Uniwin - CAH - FRANCESTAT","og_description":"[vc_row][vc_column][\/vc_column][\/vc_row][vc_row][vc_column][vc_empty_space][\/vc_column][\/vc_row][vc_row][vc_column][vc_column_text] La m\u00e9thode de Classification Ascendante Hi\u00e9rarchique (CAH) permet de construire une typologie (ou partition) d&rsquo;un ensemble d&rsquo;individus en classes telles que les individus appartenant \u00e0 une m\u00eame classe sont proches alors que les individus appartenant \u00e0 des classes diff\u00e9rentes sont \u00e9loign\u00e9s. La m\u00e9thode utilis\u00e9e est celle de Ward, m\u00e9thode dite des voisins r\u00e9ciproques. C&rsquo;est&hellip;","og_url":"https:\/\/francestat.com\/index.php\/uniwin-cah\/","og_site_name":"FRANCESTAT","article_modified_time":"2026-03-29T13:50:41+00:00","twitter_card":"summary_large_image","twitter_misc":{"Dur\u00e9e de lecture estim\u00e9e":"2 minutes"},"schema":{"@context":"https:\/\/schema.org","@graph":[{"@type":"WebPage","@id":"https:\/\/francestat.com\/index.php\/uniwin-cah\/","url":"https:\/\/francestat.com\/index.php\/uniwin-cah\/","name":"Uniwin - CAH - FRANCESTAT","isPartOf":{"@id":"https:\/\/francestat.com\/#website"},"datePublished":"2023-09-04T08:41:53+00:00","dateModified":"2026-03-29T13:50:41+00:00","breadcrumb":{"@id":"https:\/\/francestat.com\/index.php\/uniwin-cah\/#breadcrumb"},"inLanguage":"fr-FR","potentialAction":[{"@type":"ReadAction","target":["https:\/\/francestat.com\/index.php\/uniwin-cah\/"]}]},{"@type":"BreadcrumbList","@id":"https:\/\/francestat.com\/index.php\/uniwin-cah\/#breadcrumb","itemListElement":[{"@type":"ListItem","position":1,"name":"Accueil","item":"https:\/\/francestat.com\/"},{"@type":"ListItem","position":2,"name":"Uniwin &#8211; CAH"}]},{"@type":"WebSite","@id":"https:\/\/francestat.com\/#website","url":"https:\/\/francestat.com\/","name":"FRANCESTAT","description":"Logiciels, formations et services statistiques","publisher":{"@id":"https:\/\/francestat.com\/#organization"},"potentialAction":[{"@type":"SearchAction","target":{"@type":"EntryPoint","urlTemplate":"https:\/\/francestat.com\/?s={search_term_string}"},"query-input":{"@type":"PropertyValueSpecification","valueRequired":true,"valueName":"search_term_string"}}],"inLanguage":"fr-FR"},{"@type":"Organization","@id":"https:\/\/francestat.com\/#organization","name":"FRANCESTAT","url":"https:\/\/francestat.com\/","logo":{"@type":"ImageObject","inLanguage":"fr-FR","@id":"https:\/\/francestat.com\/#\/schema\/logo\/image\/","url":"https:\/\/francestat.com\/wp-content\/uploads\/2018\/05\/logo_horizontal_small_francestat.jpg","contentUrl":"https:\/\/francestat.com\/wp-content\/uploads\/2018\/05\/logo_horizontal_small_francestat.jpg","width":155,"height":51,"caption":"FRANCESTAT"},"image":{"@id":"https:\/\/francestat.com\/#\/schema\/logo\/image\/"}}]}},"_links":{"self":[{"href":"https:\/\/francestat.com\/index.php\/wp-json\/wp\/v2\/pages\/5792","targetHints":{"allow":["GET"]}}],"collection":[{"href":"https:\/\/francestat.com\/index.php\/wp-json\/wp\/v2\/pages"}],"about":[{"href":"https:\/\/francestat.com\/index.php\/wp-json\/wp\/v2\/types\/page"}],"author":[{"embeddable":true,"href":"https:\/\/francestat.com\/index.php\/wp-json\/wp\/v2\/users\/1"}],"replies":[{"embeddable":true,"href":"https:\/\/francestat.com\/index.php\/wp-json\/wp\/v2\/comments?post=5792"}],"version-history":[{"count":13,"href":"https:\/\/francestat.com\/index.php\/wp-json\/wp\/v2\/pages\/5792\/revisions"}],"predecessor-version":[{"id":7163,"href":"https:\/\/francestat.com\/index.php\/wp-json\/wp\/v2\/pages\/5792\/revisions\/7163"}],"wp:attachment":[{"href":"https:\/\/francestat.com\/index.php\/wp-json\/wp\/v2\/media?parent=5792"}],"curies":[{"name":"wp","href":"https:\/\/api.w.org\/{rel}","templated":true}]}}