{"id":6331,"date":"2024-07-09T12:39:10","date_gmt":"2024-07-09T10:39:10","guid":{"rendered":"https:\/\/francestat.com\/?page_id=6331"},"modified":"2024-12-02T11:46:05","modified_gmt":"2024-12-02T10:46:05","slug":"uniwin-dbscan","status":"publish","type":"page","link":"https:\/\/francestat.com\/index.php\/uniwin-dbscan\/","title":{"rendered":"UNIWIN &#8211; DBSCAN"},"content":{"rendered":"<p>[vc_row][vc_column]<div id=\"ultimate-heading-76946a038fa8bdfc0\" class=\"uvc-heading ult-adjust-bottom-margin ultimate-heading-76946a038fa8bdfc0 uvc-7301  uvc-heading-default-font-sizes\" data-hspacer=\"no_spacer\"  data-halign=\"center\" style=\"text-align:center\"><div class=\"uvc-heading-spacer no_spacer\" style=\"top\"><\/div><div class=\"uvc-main-heading ult-responsive\"  data-ultimate-target='.uvc-heading.ultimate-heading-76946a038fa8bdfc0 h2'  data-responsive-json-new='{\"font-size\":\"\",\"line-height\":\"\"}' ><h2 style=\"--font-weight:theme;\">UNIWIN - Classification par la m\u00e9thode DBSCAN<\/h2><\/div><\/div>[\/vc_column][\/vc_row][vc_row][vc_column][vc_empty_space][\/vc_column][\/vc_row][vc_row][vc_column][vc_column_text]DBSCAN (Density-Based Spatial Clustering of Applications with Noise) est un algorithme de partitionnement de donn\u00e9es propos\u00e9 en 1996 par Martin Ester, Hans-Peter Kriegel, J\u00f6rg Sander et Xiaowei Xu.<\/p>\n<p>Les classes form\u00e9es correspondent \u00e0 des r\u00e9gions denses dans l\u2019espace des donn\u00e9es s\u00e9par\u00e9es par des r\u00e9gions de plus faibles densit\u00e9s de points. L&rsquo;algorithme DBSCAN repose sur cette notion intuitive de classes et de bruit. Il poss\u00e8de plusieurs avantages par rapport aux autres techniques de partitionnement, notamment sa capacit\u00e9 \u00e0 cr\u00e9er un nombre de classes non d\u00e9fini a priori, \u00e0 reconna\u00eetre des classes non convexes et \u00e0 isoler les points suspects.<\/p>\n<p>La proc\u00e9dure affiche un rapport indiquant pour chaque observation sa classe, sa distance au point central, son coefficient de silhouette ainsi qu\u2019une synth\u00e8se de la classification. Les graphiques des distances K-NN, des distances d\u2019accessibilit\u00e9 par densit\u00e9, des coefficients de silhouette et des nuages des points des classes avec ou sans enveloppes sont propos\u00e9s.<\/p>\n<p>Cette proc\u00e9dure est bas\u00e9e sur le package R &lsquo;dbscan&rsquo;.[\/vc_column_text][\/vc_column][\/vc_row][vc_row][vc_column][vc_single_image image=\u00a0\u00bb6353&Prime; img_size=\u00a0\u00bblarge\u00a0\u00bb alignment=\u00a0\u00bbcenter\u00a0\u00bb][vc_empty_space height=\u00a0\u00bb5px\u00a0\u00bb][vc_column_text]<\/p>\n<p class=\"hcp4\"><strong><span style=\"font-size: 10pt; font-family: Verdana, sans-serif;\"><u>Tableaux<\/u><\/span><\/strong><\/p>\n<table class=\"hcp3\" width=\"100%\" cellspacing=\"0\" bgcolor=\"#ffffff\">\n<tbody>\n<tr>\n<td class=\"hcp5\">\n<p class=\"hcp1\" style=\"font-size: 10pt; font-family: Verdana, sans-serif;\">Classification des observations<\/p>\n<\/td>\n<\/tr>\n<tr>\n<td class=\"hcp5\">\n<p class=\"hcp1\" style=\"font-size: 10pt; font-family: Verdana, sans-serif;\">Synth\u00e8se de la classification<\/p>\n<\/td>\n<\/tr>\n<\/tbody>\n<\/table>\n<p class=\"hcp4\"><strong><span style=\"font-size: 10pt; font-family: Verdana, sans-serif;\"><u>Graphiques<\/u><\/span><\/strong><\/p>\n<table class=\"hcp3\" width=\"100%\" cellspacing=\"0\" bgcolor=\"#ffffff\">\n<tbody>\n<tr>\n<td class=\"hcp5\">\n<p class=\"hcp1\" style=\"font-size: 10pt; font-family: Verdana, sans-serif;\">Graphique des distances K-NN<\/p>\n<\/td>\n<\/tr>\n<tr>\n<td class=\"hcp5\">\n<p class=\"hcp1\" style=\"font-size: 10pt; font-family: Verdana, sans-serif;\">Graphique des distances d&rsquo;accessibilit\u00e9 par densit\u00e9<\/p>\n<\/td>\n<\/tr>\n<tr>\n<td class=\"hcp5\">\n<p class=\"hcp1\" style=\"font-size: 10pt; font-family: Verdana, sans-serif;\">Graphique des coefficients de silhouette<\/p>\n<\/td>\n<\/tr>\n<tr>\n<td class=\"hcp5\">\n<p class=\"hcp1\" style=\"font-size: 10pt; font-family: Verdana, sans-serif;\">Nuages de points des classes form\u00e9es<\/p>\n<\/td>\n<\/tr>\n<tr>\n<td class=\"hcp5\">\n<p class=\"hcp1\" style=\"font-size: 10pt; font-family: Verdana, sans-serif;\">Nuages de points des classes form\u00e9es avec enveloppes<\/p>\n<\/td>\n<\/tr>\n<\/tbody>\n<\/table>\n<p>[\/vc_column_text][vc_empty_space height=\u00a0\u00bb5px\u00a0\u00bb][\/vc_column][\/vc_row][vc_row][vc_column][vc_btn title=\u00a0\u00bbConsulter la documentation compl\u00e8te\u00a0\u00bb align=\u00a0\u00bbcenter\u00a0\u00bb link=\u00a0\u00bburl:http%3A%2F%2Fwww.francestat.com%2Ftelecharg%2FUniwin%2Fpdf%2FClassification%20par%20la%20m%25e9thode%20DBSCAN.pdf|title:UNIWIN%20-%20DBSCAN\u00a0\u00bb][\/vc_column][\/vc_row]<\/p>\n","protected":false},"excerpt":{"rendered":"<p>[vc_row][vc_column][\/vc_column][\/vc_row][vc_row][vc_column][vc_empty_space][\/vc_column][\/vc_row][vc_row][vc_column][vc_column_text]DBSCAN (Density-Based Spatial Clustering of Applications with Noise) est un algorithme de partitionnement de donn\u00e9es propos\u00e9 en 1996 par Martin Ester, Hans-Peter Kriegel, J\u00f6rg Sander et Xiaowei Xu. Les classes form\u00e9es correspondent \u00e0 des r\u00e9gions denses dans l\u2019espace des donn\u00e9es s\u00e9par\u00e9es par des r\u00e9gions de plus faibles densit\u00e9s de points. L&rsquo;algorithme DBSCAN repose sur cette&hellip;<\/p>\n","protected":false},"author":1,"featured_media":0,"parent":0,"menu_order":0,"comment_status":"closed","ping_status":"closed","template":"","meta":{"footnotes":""},"class_list":["post-6331","page","type-page","status-publish","hentry","description-off"],"yoast_head":"<!-- This site is optimized with the Yoast SEO plugin v27.6 - https:\/\/yoast.com\/product\/yoast-seo-wordpress\/ -->\n<title>UNIWIN - DBSCAN - FRANCESTAT<\/title>\n<meta name=\"robots\" content=\"index, follow, max-snippet:-1, max-image-preview:large, max-video-preview:-1\" \/>\n<link rel=\"canonical\" href=\"https:\/\/francestat.com\/index.php\/uniwin-dbscan\/\" \/>\n<meta property=\"og:locale\" content=\"fr_FR\" \/>\n<meta property=\"og:type\" content=\"article\" \/>\n<meta property=\"og:title\" content=\"UNIWIN - DBSCAN - FRANCESTAT\" \/>\n<meta property=\"og:description\" content=\"[vc_row][vc_column][\/vc_column][\/vc_row][vc_row][vc_column][vc_empty_space][\/vc_column][\/vc_row][vc_row][vc_column][vc_column_text]DBSCAN (Density-Based Spatial Clustering of Applications with Noise) est un algorithme de partitionnement de donn\u00e9es propos\u00e9 en 1996 par Martin Ester, Hans-Peter Kriegel, J\u00f6rg Sander et Xiaowei Xu. Les classes form\u00e9es correspondent \u00e0 des r\u00e9gions denses dans l\u2019espace des donn\u00e9es s\u00e9par\u00e9es par des r\u00e9gions de plus faibles densit\u00e9s de points. L&rsquo;algorithme DBSCAN repose sur cette&hellip;\" \/>\n<meta property=\"og:url\" content=\"https:\/\/francestat.com\/index.php\/uniwin-dbscan\/\" \/>\n<meta property=\"og:site_name\" content=\"FRANCESTAT\" \/>\n<meta property=\"article:modified_time\" content=\"2024-12-02T10:46:05+00:00\" \/>\n<meta name=\"twitter:card\" content=\"summary_large_image\" \/>\n<meta name=\"twitter:label1\" content=\"Dur\u00e9e de lecture estim\u00e9e\" \/>\n\t<meta name=\"twitter:data1\" content=\"2 minutes\" \/>\n<script type=\"application\/ld+json\" class=\"yoast-schema-graph\">{\"@context\":\"https:\\\/\\\/schema.org\",\"@graph\":[{\"@type\":\"WebPage\",\"@id\":\"https:\\\/\\\/francestat.com\\\/index.php\\\/uniwin-dbscan\\\/\",\"url\":\"https:\\\/\\\/francestat.com\\\/index.php\\\/uniwin-dbscan\\\/\",\"name\":\"UNIWIN - DBSCAN - FRANCESTAT\",\"isPartOf\":{\"@id\":\"https:\\\/\\\/francestat.com\\\/#website\"},\"datePublished\":\"2024-07-09T10:39:10+00:00\",\"dateModified\":\"2024-12-02T10:46:05+00:00\",\"breadcrumb\":{\"@id\":\"https:\\\/\\\/francestat.com\\\/index.php\\\/uniwin-dbscan\\\/#breadcrumb\"},\"inLanguage\":\"fr-FR\",\"potentialAction\":[{\"@type\":\"ReadAction\",\"target\":[\"https:\\\/\\\/francestat.com\\\/index.php\\\/uniwin-dbscan\\\/\"]}]},{\"@type\":\"BreadcrumbList\",\"@id\":\"https:\\\/\\\/francestat.com\\\/index.php\\\/uniwin-dbscan\\\/#breadcrumb\",\"itemListElement\":[{\"@type\":\"ListItem\",\"position\":1,\"name\":\"Accueil\",\"item\":\"https:\\\/\\\/francestat.com\\\/\"},{\"@type\":\"ListItem\",\"position\":2,\"name\":\"UNIWIN &#8211; DBSCAN\"}]},{\"@type\":\"WebSite\",\"@id\":\"https:\\\/\\\/francestat.com\\\/#website\",\"url\":\"https:\\\/\\\/francestat.com\\\/\",\"name\":\"FRANCESTAT\",\"description\":\"Logiciels, formations et services statistiques\",\"publisher\":{\"@id\":\"https:\\\/\\\/francestat.com\\\/#organization\"},\"potentialAction\":[{\"@type\":\"SearchAction\",\"target\":{\"@type\":\"EntryPoint\",\"urlTemplate\":\"https:\\\/\\\/francestat.com\\\/?s={search_term_string}\"},\"query-input\":{\"@type\":\"PropertyValueSpecification\",\"valueRequired\":true,\"valueName\":\"search_term_string\"}}],\"inLanguage\":\"fr-FR\"},{\"@type\":\"Organization\",\"@id\":\"https:\\\/\\\/francestat.com\\\/#organization\",\"name\":\"FRANCESTAT\",\"url\":\"https:\\\/\\\/francestat.com\\\/\",\"logo\":{\"@type\":\"ImageObject\",\"inLanguage\":\"fr-FR\",\"@id\":\"https:\\\/\\\/francestat.com\\\/#\\\/schema\\\/logo\\\/image\\\/\",\"url\":\"https:\\\/\\\/francestat.com\\\/wp-content\\\/uploads\\\/2018\\\/05\\\/logo_horizontal_small_francestat.jpg\",\"contentUrl\":\"https:\\\/\\\/francestat.com\\\/wp-content\\\/uploads\\\/2018\\\/05\\\/logo_horizontal_small_francestat.jpg\",\"width\":155,\"height\":51,\"caption\":\"FRANCESTAT\"},\"image\":{\"@id\":\"https:\\\/\\\/francestat.com\\\/#\\\/schema\\\/logo\\\/image\\\/\"}}]}<\/script>\n<!-- \/ Yoast SEO plugin. -->","yoast_head_json":{"title":"UNIWIN - DBSCAN - FRANCESTAT","robots":{"index":"index","follow":"follow","max-snippet":"max-snippet:-1","max-image-preview":"max-image-preview:large","max-video-preview":"max-video-preview:-1"},"canonical":"https:\/\/francestat.com\/index.php\/uniwin-dbscan\/","og_locale":"fr_FR","og_type":"article","og_title":"UNIWIN - DBSCAN - FRANCESTAT","og_description":"[vc_row][vc_column][\/vc_column][\/vc_row][vc_row][vc_column][vc_empty_space][\/vc_column][\/vc_row][vc_row][vc_column][vc_column_text]DBSCAN (Density-Based Spatial Clustering of Applications with Noise) est un algorithme de partitionnement de donn\u00e9es propos\u00e9 en 1996 par Martin Ester, Hans-Peter Kriegel, J\u00f6rg Sander et Xiaowei Xu. Les classes form\u00e9es correspondent \u00e0 des r\u00e9gions denses dans l\u2019espace des donn\u00e9es s\u00e9par\u00e9es par des r\u00e9gions de plus faibles densit\u00e9s de points. L&rsquo;algorithme DBSCAN repose sur cette&hellip;","og_url":"https:\/\/francestat.com\/index.php\/uniwin-dbscan\/","og_site_name":"FRANCESTAT","article_modified_time":"2024-12-02T10:46:05+00:00","twitter_card":"summary_large_image","twitter_misc":{"Dur\u00e9e de lecture estim\u00e9e":"2 minutes"},"schema":{"@context":"https:\/\/schema.org","@graph":[{"@type":"WebPage","@id":"https:\/\/francestat.com\/index.php\/uniwin-dbscan\/","url":"https:\/\/francestat.com\/index.php\/uniwin-dbscan\/","name":"UNIWIN - DBSCAN - FRANCESTAT","isPartOf":{"@id":"https:\/\/francestat.com\/#website"},"datePublished":"2024-07-09T10:39:10+00:00","dateModified":"2024-12-02T10:46:05+00:00","breadcrumb":{"@id":"https:\/\/francestat.com\/index.php\/uniwin-dbscan\/#breadcrumb"},"inLanguage":"fr-FR","potentialAction":[{"@type":"ReadAction","target":["https:\/\/francestat.com\/index.php\/uniwin-dbscan\/"]}]},{"@type":"BreadcrumbList","@id":"https:\/\/francestat.com\/index.php\/uniwin-dbscan\/#breadcrumb","itemListElement":[{"@type":"ListItem","position":1,"name":"Accueil","item":"https:\/\/francestat.com\/"},{"@type":"ListItem","position":2,"name":"UNIWIN &#8211; DBSCAN"}]},{"@type":"WebSite","@id":"https:\/\/francestat.com\/#website","url":"https:\/\/francestat.com\/","name":"FRANCESTAT","description":"Logiciels, formations et services statistiques","publisher":{"@id":"https:\/\/francestat.com\/#organization"},"potentialAction":[{"@type":"SearchAction","target":{"@type":"EntryPoint","urlTemplate":"https:\/\/francestat.com\/?s={search_term_string}"},"query-input":{"@type":"PropertyValueSpecification","valueRequired":true,"valueName":"search_term_string"}}],"inLanguage":"fr-FR"},{"@type":"Organization","@id":"https:\/\/francestat.com\/#organization","name":"FRANCESTAT","url":"https:\/\/francestat.com\/","logo":{"@type":"ImageObject","inLanguage":"fr-FR","@id":"https:\/\/francestat.com\/#\/schema\/logo\/image\/","url":"https:\/\/francestat.com\/wp-content\/uploads\/2018\/05\/logo_horizontal_small_francestat.jpg","contentUrl":"https:\/\/francestat.com\/wp-content\/uploads\/2018\/05\/logo_horizontal_small_francestat.jpg","width":155,"height":51,"caption":"FRANCESTAT"},"image":{"@id":"https:\/\/francestat.com\/#\/schema\/logo\/image\/"}}]}},"_links":{"self":[{"href":"https:\/\/francestat.com\/index.php\/wp-json\/wp\/v2\/pages\/6331","targetHints":{"allow":["GET"]}}],"collection":[{"href":"https:\/\/francestat.com\/index.php\/wp-json\/wp\/v2\/pages"}],"about":[{"href":"https:\/\/francestat.com\/index.php\/wp-json\/wp\/v2\/types\/page"}],"author":[{"embeddable":true,"href":"https:\/\/francestat.com\/index.php\/wp-json\/wp\/v2\/users\/1"}],"replies":[{"embeddable":true,"href":"https:\/\/francestat.com\/index.php\/wp-json\/wp\/v2\/comments?post=6331"}],"version-history":[{"count":19,"href":"https:\/\/francestat.com\/index.php\/wp-json\/wp\/v2\/pages\/6331\/revisions"}],"predecessor-version":[{"id":6543,"href":"https:\/\/francestat.com\/index.php\/wp-json\/wp\/v2\/pages\/6331\/revisions\/6543"}],"wp:attachment":[{"href":"https:\/\/francestat.com\/index.php\/wp-json\/wp\/v2\/media?parent=6331"}],"curies":[{"name":"wp","href":"https:\/\/api.w.org\/{rel}","templated":true}]}}