{"id":6500,"date":"2024-12-01T10:57:45","date_gmt":"2024-12-01T09:57:45","guid":{"rendered":"https:\/\/francestat.com\/?page_id=6500"},"modified":"2026-03-30T12:06:52","modified_gmt":"2026-03-30T10:06:52","slug":"uniwin-foret","status":"publish","type":"page","link":"https:\/\/francestat.com\/index.php\/uniwin-foret\/","title":{"rendered":"Uniwin &#8211; FORET"},"content":{"rendered":"<p>[vc_row][vc_column]<div id=\"ultimate-heading-276469f55ba83e51b\" class=\"uvc-heading ult-adjust-bottom-margin ultimate-heading-276469f55ba83e51b uvc-3126  uvc-heading-default-font-sizes\" data-hspacer=\"no_spacer\"  data-halign=\"center\" style=\"text-align:center\"><div class=\"uvc-heading-spacer no_spacer\" style=\"top\"><\/div><div class=\"uvc-main-heading ult-responsive\"  data-ultimate-target='.uvc-heading.ultimate-heading-276469f55ba83e51b h2'  data-responsive-json-new='{\"font-size\":\"\",\"line-height\":\"\"}' ><h2 style=\"--font-weight:theme;\">UNIWIN - For\u00eats al\u00e9atoires de d\u00e9cision et de r\u00e9gression<\/h2><\/div><\/div>[\/vc_column][\/vc_row][vc_row][vc_column][vc_empty_space][\/vc_column][\/vc_row][vc_row][vc_column][vc_column_text]La proc\u00e9dure For\u00eats al\u00e9atoires cr\u00e9e des mod\u00e8les de deux formes : mod\u00e8les d\u00e9cisionnels qui d\u00e9coupent les observations en groupes bas\u00e9s sur les caract\u00e9ristiques observ\u00e9es et mod\u00e8les de r\u00e9gression qui pr\u00e9voient la valeur d\u2019une variable \u00e0 expliquer. Les mod\u00e8les sont \u00e9labor\u00e9s en construisant un grand nombre d\u2019arbres et en faisant la moyenne des pr\u00e9visions obtenues \u00e0 partir de ces arbres. Les arbres sont construits en utilisant une proc\u00e9dure similaire \u00e0 celle des arbres de d\u00e9cision et de r\u00e9gression, avec optimisation al\u00e9atoire des n\u0153uds et agr\u00e9gation de bootstrap (bagging). Les donn\u00e9es brutes sont utilis\u00e9es pour les calculs car la structure d\u2019un arbre n\u2019est pas impact\u00e9e par les habituelles<br \/>\ntransformations monotones des donn\u00e9es. Les observations sont d\u00e9coup\u00e9es en trois jeux : un jeu d\u2019apprentissage utilis\u00e9 pour construire les arbres, un jeu de validation et un jeu de pr\u00e9vision pour lequel les classes ou valeurs de la variable \u00e0 expliquer ne sont pas connues et doivent \u00eatre pr\u00e9vues. La variable \u00e0 expliquer est soit qualitative, soit quantitative, comme c\u2019est \u00e9galement le cas pour les variables explicatives.<\/p>\n<p>Cette proc\u00e9dure est bas\u00e9e sur le package R \u2018randomForest\u2019.[\/vc_column_text][\/vc_column][\/vc_row][vc_row][vc_column][vc_single_image image=\u00a0\u00bb6513&Prime; img_size=\u00a0\u00bblarge\u00a0\u00bb alignment=\u00a0\u00bbcenter\u00a0\u00bb style=\u00a0\u00bbvc_box_border\u00a0\u00bb][\/vc_column][\/vc_row][vc_row][vc_column][vc_empty_space height=\u00a0\u00bb5px\u00a0\u00bb][vc_column_text]<strong>Tableaux<\/strong><\/p>\n<table width=\"100%\">\n<tbody>\n<tr>\n<td class=\"hcp1\"><span class=\"hcp2\">Erreur de pr\u00e9vision (OOB) &#8211; classement<\/span><\/td>\n<\/tr>\n<tr>\n<td class=\"hcp1\"><span class=\"hcp2\">Erreurs quadratiques moyennes et R-carr\u00e9s (OOB) &#8211; r\u00e9gression<\/span><\/td>\n<\/tr>\n<tr>\n<td class=\"hcp1\"><span class=\"hcp2\">Importances des variables explicatives<\/span><\/td>\n<\/tr>\n<tr>\n<td class=\"hcp1\"><span class=\"hcp2\">Utilisation des variables explicatives<\/span><\/td>\n<\/tr>\n<tr>\n<td class=\"hcp1\"><span class=\"hcp2\">Nombres de noeuds terminaux dans les arbres<\/span><\/td>\n<\/tr>\n<tr>\n<td class=\"hcp1\"><span class=\"hcp2\">Nombres de fois o\u00f9 chaque observation est OOB dans les arbres<\/span><\/td>\n<\/tr>\n<tr>\n<td class=\"hcp1\"><span class=\"hcp2\">D\u00e9tail du classement pour les jeux d&rsquo;apprentissage et de validation (OOB) &#8211; classement<\/span><\/td>\n<\/tr>\n<tr>\n<td class=\"hcp1\"><span class=\"hcp2\">Matrices de confusion pour les jeux d&rsquo;apprentissage et de validation (OOB) &#8211; classement<\/span><\/td>\n<\/tr>\n<tr>\n<td class=\"hcp1\"><span class=\"hcp2\">Sensibilit\u00e9s, sp\u00e9cificit\u00e9s pour les jeux d&rsquo;apprentissage et de validation (OOB) &#8211; classement<\/span><\/td>\n<\/tr>\n<tr>\n<td class=\"hcp1\"><span class=\"hcp2\">D\u00e9tail du classement pour le jeu de pr\u00e9vision &#8211; classement<\/span><\/td>\n<\/tr>\n<tr>\n<td class=\"hcp1\"><span class=\"hcp2\">Valeurs observ\u00e9es, estim\u00e9es et r\u00e9sidus pour les jeux d&rsquo;apprentissage et de validaiton &#8211; r\u00e9gression<\/span><\/td>\n<\/tr>\n<tr>\n<td class=\"hcp1\"><span class=\"hcp2\">Valeurs estim\u00e9es pour le jeu de pr\u00e9vision &#8211; r\u00e9gression<\/span><\/td>\n<\/tr>\n<\/tbody>\n<\/table>\n<p><strong>Graphiques<\/strong><\/p>\n<table width=\"100%\">\n<tbody>\n<tr>\n<td class=\"hcp1\"><span class=\"hcp2\">Utilisation des variables explicatives<\/span><\/td>\n<\/tr>\n<tr>\n<td class=\"hcp1\"><span class=\"hcp2\">Nombres de noeuds terminaux dans les arbres<\/span><\/td>\n<\/tr>\n<tr>\n<td class=\"hcp1\"><span class=\"hcp2\">Importance des variables (erreur de classement et impuret\u00e9 des noeuds (indice de Gini)) &#8211; classement<\/span><\/td>\n<\/tr>\n<tr>\n<td class=\"hcp1\"><span class=\"hcp2\">Importance des variables (erreur quadratique moyenne et impuret\u00e9 des noeuds (r\u00e9sidus)) &#8211; r\u00e9gression<\/span><\/td>\n<\/tr>\n<tr>\n<td class=\"hcp1\"><span class=\"hcp2\">Graphique de l&rsquo;erreur de pr\u00e9vision OOB &#8211; classement<\/span><\/td>\n<\/tr>\n<tr>\n<td class=\"hcp1\"><span class=\"hcp2\">Nuages de points pour les jeux d&rsquo;apprentissage, de validation et de pr\u00e9vision<\/span><\/td>\n<\/tr>\n<tr>\n<td class=\"hcp1\"><span class=\"hcp2\">Graphiques des fronti\u00e8res pour les jeux d&rsquo;apprentissage et de validation<\/span><\/td>\n<\/tr>\n<tr>\n<td class=\"hcp1\"><span class=\"hcp2\">Graphiques des matrices de confusion pour les jeux d&rsquo;apprentissage et de validation &#8211; classement<\/span><\/td>\n<\/tr>\n<tr>\n<td class=\"hcp1\"><span class=\"hcp2\">Courbes ROC pour les jeux d&rsquo;apprentissage et de validation &#8211; classement<\/span><\/td>\n<\/tr>\n<tr>\n<td class=\"hcp1\"><span class=\"hcp2\">Graphique des erreurs quadratiques moyennes &#8211; r\u00e9gression\u00a0<\/span><\/td>\n<\/tr>\n<tr>\n<td class=\"hcp1\"><span class=\"hcp2\">Graphique des R-carr\u00e9s &#8211; r\u00e9gression\u00a0<\/span><\/td>\n<\/tr>\n<tr>\n<td class=\"hcp1\"><span class=\"hcp2\">Graphiques des valeurs estim\u00e9es vs observ\u00e9es pour les jeux d&rsquo;apprentissage et de validation &#8211; r\u00e9gression<\/span><\/td>\n<\/tr>\n<tr>\n<td class=\"hcp1\"><span class=\"hcp2\">Graphiques des r\u00e9sidus vs valeurs estim\u00e9es pour les jeux d&rsquo;apprentissage et de validation &#8211; r\u00e9gression<\/span><\/td>\n<\/tr>\n<\/tbody>\n<\/table>\n<p>[\/vc_column_text][vc_empty_space height=\u00a0\u00bb5px\u00a0\u00bb][\/vc_column][\/vc_row][vc_row][vc_column][vc_btn title=\u00a0\u00bbConsulter la documentation compl\u00e8te\u00a0\u00bb align=\u00a0\u00bbcenter\u00a0\u00bb link=\u00a0\u00bburl:https%3A%2F%2Fwww.francestat.com%2Ftelecharg%2FUniwin%2Fpdf%2FFor%25eats%2520al%25e9atoires.pdf|title:UNIWIN%20-%20FORET\u00a0\u00bb][\/vc_column][\/vc_row]<\/p>\n","protected":false},"excerpt":{"rendered":"<p>[vc_row][vc_column][\/vc_column][\/vc_row][vc_row][vc_column][vc_empty_space][\/vc_column][\/vc_row][vc_row][vc_column][vc_column_text]La proc\u00e9dure For\u00eats al\u00e9atoires cr\u00e9e des mod\u00e8les de deux formes : mod\u00e8les d\u00e9cisionnels qui d\u00e9coupent les observations en groupes bas\u00e9s sur les caract\u00e9ristiques observ\u00e9es et mod\u00e8les de r\u00e9gression qui pr\u00e9voient la valeur d\u2019une variable \u00e0 expliquer. Les mod\u00e8les sont \u00e9labor\u00e9s en construisant un grand nombre d\u2019arbres et en faisant la moyenne des pr\u00e9visions obtenues \u00e0&hellip;<\/p>\n","protected":false},"author":1,"featured_media":0,"parent":0,"menu_order":0,"comment_status":"closed","ping_status":"closed","template":"","meta":{"footnotes":""},"class_list":["post-6500","page","type-page","status-publish","hentry","description-off"],"yoast_head":"<!-- This site is optimized with the Yoast SEO plugin v27.5 - https:\/\/yoast.com\/product\/yoast-seo-wordpress\/ -->\n<title>Uniwin - FORET - FRANCESTAT<\/title>\n<meta name=\"robots\" content=\"index, follow, max-snippet:-1, max-image-preview:large, max-video-preview:-1\" \/>\n<link rel=\"canonical\" href=\"https:\/\/francestat.com\/index.php\/uniwin-foret\/\" \/>\n<meta property=\"og:locale\" content=\"fr_FR\" \/>\n<meta property=\"og:type\" content=\"article\" \/>\n<meta property=\"og:title\" content=\"Uniwin - FORET - FRANCESTAT\" \/>\n<meta property=\"og:description\" content=\"[vc_row][vc_column][\/vc_column][\/vc_row][vc_row][vc_column][vc_empty_space][\/vc_column][\/vc_row][vc_row][vc_column][vc_column_text]La proc\u00e9dure For\u00eats al\u00e9atoires cr\u00e9e des mod\u00e8les de deux formes : mod\u00e8les d\u00e9cisionnels qui d\u00e9coupent les observations en groupes bas\u00e9s sur les caract\u00e9ristiques observ\u00e9es et mod\u00e8les de r\u00e9gression qui pr\u00e9voient la valeur d\u2019une variable \u00e0 expliquer. Les mod\u00e8les sont \u00e9labor\u00e9s en construisant un grand nombre d\u2019arbres et en faisant la moyenne des pr\u00e9visions obtenues \u00e0&hellip;\" \/>\n<meta property=\"og:url\" content=\"https:\/\/francestat.com\/index.php\/uniwin-foret\/\" \/>\n<meta property=\"og:site_name\" content=\"FRANCESTAT\" \/>\n<meta property=\"article:modified_time\" content=\"2026-03-30T10:06:52+00:00\" \/>\n<meta name=\"twitter:card\" content=\"summary_large_image\" \/>\n<meta name=\"twitter:label1\" content=\"Dur\u00e9e de lecture estim\u00e9e\" \/>\n\t<meta name=\"twitter:data1\" content=\"3 minutes\" \/>\n<script type=\"application\/ld+json\" class=\"yoast-schema-graph\">{\"@context\":\"https:\\\/\\\/schema.org\",\"@graph\":[{\"@type\":\"WebPage\",\"@id\":\"https:\\\/\\\/francestat.com\\\/index.php\\\/uniwin-foret\\\/\",\"url\":\"https:\\\/\\\/francestat.com\\\/index.php\\\/uniwin-foret\\\/\",\"name\":\"Uniwin - FORET - FRANCESTAT\",\"isPartOf\":{\"@id\":\"https:\\\/\\\/francestat.com\\\/#website\"},\"datePublished\":\"2024-12-01T09:57:45+00:00\",\"dateModified\":\"2026-03-30T10:06:52+00:00\",\"breadcrumb\":{\"@id\":\"https:\\\/\\\/francestat.com\\\/index.php\\\/uniwin-foret\\\/#breadcrumb\"},\"inLanguage\":\"fr-FR\",\"potentialAction\":[{\"@type\":\"ReadAction\",\"target\":[\"https:\\\/\\\/francestat.com\\\/index.php\\\/uniwin-foret\\\/\"]}]},{\"@type\":\"BreadcrumbList\",\"@id\":\"https:\\\/\\\/francestat.com\\\/index.php\\\/uniwin-foret\\\/#breadcrumb\",\"itemListElement\":[{\"@type\":\"ListItem\",\"position\":1,\"name\":\"Accueil\",\"item\":\"https:\\\/\\\/francestat.com\\\/\"},{\"@type\":\"ListItem\",\"position\":2,\"name\":\"Uniwin &#8211; FORET\"}]},{\"@type\":\"WebSite\",\"@id\":\"https:\\\/\\\/francestat.com\\\/#website\",\"url\":\"https:\\\/\\\/francestat.com\\\/\",\"name\":\"FRANCESTAT\",\"description\":\"Logiciels, formations et services statistiques\",\"publisher\":{\"@id\":\"https:\\\/\\\/francestat.com\\\/#organization\"},\"potentialAction\":[{\"@type\":\"SearchAction\",\"target\":{\"@type\":\"EntryPoint\",\"urlTemplate\":\"https:\\\/\\\/francestat.com\\\/?s={search_term_string}\"},\"query-input\":{\"@type\":\"PropertyValueSpecification\",\"valueRequired\":true,\"valueName\":\"search_term_string\"}}],\"inLanguage\":\"fr-FR\"},{\"@type\":\"Organization\",\"@id\":\"https:\\\/\\\/francestat.com\\\/#organization\",\"name\":\"FRANCESTAT\",\"url\":\"https:\\\/\\\/francestat.com\\\/\",\"logo\":{\"@type\":\"ImageObject\",\"inLanguage\":\"fr-FR\",\"@id\":\"https:\\\/\\\/francestat.com\\\/#\\\/schema\\\/logo\\\/image\\\/\",\"url\":\"https:\\\/\\\/francestat.com\\\/wp-content\\\/uploads\\\/2018\\\/05\\\/logo_horizontal_small_francestat.jpg\",\"contentUrl\":\"https:\\\/\\\/francestat.com\\\/wp-content\\\/uploads\\\/2018\\\/05\\\/logo_horizontal_small_francestat.jpg\",\"width\":155,\"height\":51,\"caption\":\"FRANCESTAT\"},\"image\":{\"@id\":\"https:\\\/\\\/francestat.com\\\/#\\\/schema\\\/logo\\\/image\\\/\"}}]}<\/script>\n<!-- \/ Yoast SEO plugin. -->","yoast_head_json":{"title":"Uniwin - FORET - FRANCESTAT","robots":{"index":"index","follow":"follow","max-snippet":"max-snippet:-1","max-image-preview":"max-image-preview:large","max-video-preview":"max-video-preview:-1"},"canonical":"https:\/\/francestat.com\/index.php\/uniwin-foret\/","og_locale":"fr_FR","og_type":"article","og_title":"Uniwin - FORET - FRANCESTAT","og_description":"[vc_row][vc_column][\/vc_column][\/vc_row][vc_row][vc_column][vc_empty_space][\/vc_column][\/vc_row][vc_row][vc_column][vc_column_text]La proc\u00e9dure For\u00eats al\u00e9atoires cr\u00e9e des mod\u00e8les de deux formes : mod\u00e8les d\u00e9cisionnels qui d\u00e9coupent les observations en groupes bas\u00e9s sur les caract\u00e9ristiques observ\u00e9es et mod\u00e8les de r\u00e9gression qui pr\u00e9voient la valeur d\u2019une variable \u00e0 expliquer. Les mod\u00e8les sont \u00e9labor\u00e9s en construisant un grand nombre d\u2019arbres et en faisant la moyenne des pr\u00e9visions obtenues \u00e0&hellip;","og_url":"https:\/\/francestat.com\/index.php\/uniwin-foret\/","og_site_name":"FRANCESTAT","article_modified_time":"2026-03-30T10:06:52+00:00","twitter_card":"summary_large_image","twitter_misc":{"Dur\u00e9e de lecture estim\u00e9e":"3 minutes"},"schema":{"@context":"https:\/\/schema.org","@graph":[{"@type":"WebPage","@id":"https:\/\/francestat.com\/index.php\/uniwin-foret\/","url":"https:\/\/francestat.com\/index.php\/uniwin-foret\/","name":"Uniwin - FORET - FRANCESTAT","isPartOf":{"@id":"https:\/\/francestat.com\/#website"},"datePublished":"2024-12-01T09:57:45+00:00","dateModified":"2026-03-30T10:06:52+00:00","breadcrumb":{"@id":"https:\/\/francestat.com\/index.php\/uniwin-foret\/#breadcrumb"},"inLanguage":"fr-FR","potentialAction":[{"@type":"ReadAction","target":["https:\/\/francestat.com\/index.php\/uniwin-foret\/"]}]},{"@type":"BreadcrumbList","@id":"https:\/\/francestat.com\/index.php\/uniwin-foret\/#breadcrumb","itemListElement":[{"@type":"ListItem","position":1,"name":"Accueil","item":"https:\/\/francestat.com\/"},{"@type":"ListItem","position":2,"name":"Uniwin &#8211; FORET"}]},{"@type":"WebSite","@id":"https:\/\/francestat.com\/#website","url":"https:\/\/francestat.com\/","name":"FRANCESTAT","description":"Logiciels, formations et services statistiques","publisher":{"@id":"https:\/\/francestat.com\/#organization"},"potentialAction":[{"@type":"SearchAction","target":{"@type":"EntryPoint","urlTemplate":"https:\/\/francestat.com\/?s={search_term_string}"},"query-input":{"@type":"PropertyValueSpecification","valueRequired":true,"valueName":"search_term_string"}}],"inLanguage":"fr-FR"},{"@type":"Organization","@id":"https:\/\/francestat.com\/#organization","name":"FRANCESTAT","url":"https:\/\/francestat.com\/","logo":{"@type":"ImageObject","inLanguage":"fr-FR","@id":"https:\/\/francestat.com\/#\/schema\/logo\/image\/","url":"https:\/\/francestat.com\/wp-content\/uploads\/2018\/05\/logo_horizontal_small_francestat.jpg","contentUrl":"https:\/\/francestat.com\/wp-content\/uploads\/2018\/05\/logo_horizontal_small_francestat.jpg","width":155,"height":51,"caption":"FRANCESTAT"},"image":{"@id":"https:\/\/francestat.com\/#\/schema\/logo\/image\/"}}]}},"_links":{"self":[{"href":"https:\/\/francestat.com\/index.php\/wp-json\/wp\/v2\/pages\/6500","targetHints":{"allow":["GET"]}}],"collection":[{"href":"https:\/\/francestat.com\/index.php\/wp-json\/wp\/v2\/pages"}],"about":[{"href":"https:\/\/francestat.com\/index.php\/wp-json\/wp\/v2\/types\/page"}],"author":[{"embeddable":true,"href":"https:\/\/francestat.com\/index.php\/wp-json\/wp\/v2\/users\/1"}],"replies":[{"embeddable":true,"href":"https:\/\/francestat.com\/index.php\/wp-json\/wp\/v2\/comments?post=6500"}],"version-history":[{"count":24,"href":"https:\/\/francestat.com\/index.php\/wp-json\/wp\/v2\/pages\/6500\/revisions"}],"predecessor-version":[{"id":7177,"href":"https:\/\/francestat.com\/index.php\/wp-json\/wp\/v2\/pages\/6500\/revisions\/7177"}],"wp:attachment":[{"href":"https:\/\/francestat.com\/index.php\/wp-json\/wp\/v2\/media?parent=6500"}],"curies":[{"name":"wp","href":"https:\/\/api.w.org\/{rel}","templated":true}]}}