{"id":6632,"date":"2025-03-24T10:27:00","date_gmt":"2025-03-24T09:27:00","guid":{"rendered":"https:\/\/francestat.com\/?page_id=6632"},"modified":"2025-03-24T11:58:52","modified_gmt":"2025-03-24T10:58:52","slug":"uniwin-km","status":"publish","type":"page","link":"https:\/\/francestat.com\/index.php\/uniwin-km\/","title":{"rendered":"Uniwin &#8211; KM"},"content":{"rendered":"<p>[vc_row][vc_column]<div id=\"ultimate-heading-718269f524b0dd159\" class=\"uvc-heading ult-adjust-bottom-margin ultimate-heading-718269f524b0dd159 uvc-6245  uvc-heading-default-font-sizes\" data-hspacer=\"no_spacer\"  data-halign=\"center\" style=\"text-align:center\"><div class=\"uvc-heading-spacer no_spacer\" style=\"top\"><\/div><div class=\"uvc-main-heading ult-responsive\"  data-ultimate-target='.uvc-heading.ultimate-heading-718269f524b0dd159 h2'  data-responsive-json-new='{\"font-size\":\"\",\"line-height\":\"\"}' ><h2 style=\"--font-weight:theme;\">UNIWIN - Classification par les K-moyennes<\/h2><\/div><\/div>[\/vc_column][\/vc_row][vc_row][vc_column][vc_empty_space][\/vc_column][\/vc_row][vc_row][vc_column][vc_column_text]La classification par la m\u00e9thode des K-moyennes (KM) permet de construire une partition d&rsquo;un ensemble d\u2019observations en classes telles que les observations appartenant \u00e0 une m\u00eame classe sont proches alors que les observations appartenant \u00e0 des classes diff\u00e9rentes sont \u00e9loign\u00e9es. C\u2019est une m\u00e9thode de classification non hi\u00e9rarchique compl\u00e9mentaire \u00e0 la m\u00e9thode de classification ascendante hi\u00e9rarchique (CAH).<\/p>\n<p>La proc\u00e9dure affiche un rapport indiquant notamment les centro\u00efdes des classes form\u00e9es, la classification des observations, des statistiques descriptives pour les classes form\u00e9es et les contributions des variables aux classes. Si une classification mixte a \u00e9t\u00e9 mise en \u0153uvre, les r\u00e9sultats de la CAH sont \u00e9galement fournis.<\/p>\n<p>Les graphiques des inerties intra-classes, des inerties expliqu\u00e9es, des indices de Calinski-Harabasz, des coefficients moyens et individuels de silhouette et des nuages de points des classes form\u00e9es sont propos\u00e9s. Si une classification mixte a \u00e9t\u00e9 mise en \u0153uvre, le diagramme des indices de la classification et l\u2019affichage de l\u2019arbre sont propos\u00e9s.<\/p>\n<p>Cette proc\u00e9dure est bas\u00e9e sur les packages R &lsquo;stats&rsquo; et \u2018cluster\u2019.[\/vc_column_text][\/vc_column][\/vc_row][vc_row][vc_column][vc_single_image image=\u00a0\u00bb6641&Prime; img_size=\u00a0\u00bblarge\u00a0\u00bb alignment=\u00a0\u00bbcenter\u00a0\u00bb][vc_empty_space height=\u00a0\u00bb5px\u00a0\u00bb][vc_column_text]<\/p>\n<p class=\"hcp4\"><strong><span style=\"font-size: 10pt; font-family: Verdana, sans-serif;\"><u>Tableaux<\/u><\/span><\/strong><\/p>\n<p>Nombre optimal de classes (KM)<\/p>\n<p>Centro\u00efdes standardis\u00e9s des classes (KM)<\/p>\n<p>Centro\u00efdes non standardis\u00e9s des classes (KM)<\/p>\n<p>Classification du jeu d&rsquo;apprentissage (KM)<\/p>\n<p>R\u00e9sum\u00e9 de la classification (KM)<\/p>\n<p>Statistiques pour les classes (KM)<\/p>\n<p>Contributions des variables aux classes (KM)<\/p>\n<p>Contributions des classes aux variables (KM)<\/p>\n<p>Classification du jeu de pr\u00e9vision (KM)<\/p>\n<p>Indices de la classification (CAH)<\/p>\n<p>Centro\u00efdes non standardis\u00e9s des classes (CAH)<\/p>\n<p>Classification (CAH)<\/p>\n<p>R\u00e9sum\u00e9 de la classification (CAH)<\/p>\n<p>Statistiques pour les classes (CAH)<\/p>\n<p>Contributions des variables aux classes (CAH)<\/p>\n<p>Contributions des classes aux variables (CAH)<\/p>\n<p class=\"hcp4\"><strong><span style=\"font-size: 10pt; font-family: Verdana, sans-serif;\"><u>Graphiques<\/u><\/span><\/strong><\/p>\n<p>Diagramme des inerties intra-classes (KM)<\/p>\n<p>Diagramme des inerties expliqu\u00e9es (KM)<\/p>\n<p>Diagramme des indices de Calinski-Harabasz (KM)<\/p>\n<p>Diagramme des coefficients moyens de silhouette (KM)<\/p>\n<p>Graphique des coefficients individuels de silhouette (KM)<\/p>\n<p>Nuage de points des classes (KM)<\/p>\n<p>Diagramme des indices de la classification (CAH)<\/p>\n<p>Diagramme de l&rsquo;arbre de classification (CAH)<\/p>\n<p>Nuage de points des classes (CAH)[\/vc_column_text][vc_empty_space height=\u00a0\u00bb5px\u00a0\u00bb][\/vc_column][\/vc_row][vc_row][\/vc_row][vc_column][vc_btn title=\u00a0\u00bbConsulter la documentation compl\u00e8te\u00a0\u00bb align=\u00a0\u00bbcenter\u00a0\u00bb link=\u00a0\u00bburl:http%3A%2F%2Fwww.francestat.com%2Ftelecharg%2FUniwin%2Fpdf%2FClassification%20par%20la%20m%25e9thode%20des%20K-moyennes.pdf|title:UNIWIN%20-%20KM\u00a0\u00bb][\/vc_column]<\/p>\n","protected":false},"excerpt":{"rendered":"<p>[vc_row][vc_column][\/vc_column][\/vc_row][vc_row][vc_column][vc_empty_space][\/vc_column][\/vc_row][vc_row][vc_column][vc_column_text]La classification par la m\u00e9thode des K-moyennes (KM) permet de construire une partition d&rsquo;un ensemble d\u2019observations en classes telles que les observations appartenant \u00e0 une m\u00eame classe sont proches alors que les observations appartenant \u00e0 des classes diff\u00e9rentes sont \u00e9loign\u00e9es. C\u2019est une m\u00e9thode de classification non hi\u00e9rarchique compl\u00e9mentaire \u00e0 la m\u00e9thode de classification ascendante hi\u00e9rarchique&hellip;<\/p>\n","protected":false},"author":1,"featured_media":0,"parent":0,"menu_order":0,"comment_status":"closed","ping_status":"closed","template":"","meta":{"footnotes":""},"class_list":["post-6632","page","type-page","status-publish","hentry","description-off"],"yoast_head":"<!-- This site is optimized with the Yoast SEO plugin v27.5 - https:\/\/yoast.com\/product\/yoast-seo-wordpress\/ -->\n<title>Uniwin - KM - FRANCESTAT<\/title>\n<meta name=\"robots\" content=\"index, follow, max-snippet:-1, max-image-preview:large, max-video-preview:-1\" \/>\n<link rel=\"canonical\" href=\"https:\/\/francestat.com\/index.php\/uniwin-km\/\" \/>\n<meta property=\"og:locale\" content=\"fr_FR\" \/>\n<meta property=\"og:type\" content=\"article\" \/>\n<meta property=\"og:title\" content=\"Uniwin - KM - FRANCESTAT\" \/>\n<meta property=\"og:description\" content=\"[vc_row][vc_column][\/vc_column][\/vc_row][vc_row][vc_column][vc_empty_space][\/vc_column][\/vc_row][vc_row][vc_column][vc_column_text]La classification par la m\u00e9thode des K-moyennes (KM) permet de construire une partition d&rsquo;un ensemble d\u2019observations en classes telles que les observations appartenant \u00e0 une m\u00eame classe sont proches alors que les observations appartenant \u00e0 des classes diff\u00e9rentes sont \u00e9loign\u00e9es. C\u2019est une m\u00e9thode de classification non hi\u00e9rarchique compl\u00e9mentaire \u00e0 la m\u00e9thode de classification ascendante hi\u00e9rarchique&hellip;\" \/>\n<meta property=\"og:url\" content=\"https:\/\/francestat.com\/index.php\/uniwin-km\/\" \/>\n<meta property=\"og:site_name\" content=\"FRANCESTAT\" \/>\n<meta property=\"article:modified_time\" content=\"2025-03-24T10:58:52+00:00\" \/>\n<meta name=\"twitter:card\" content=\"summary_large_image\" \/>\n<meta name=\"twitter:label1\" content=\"Dur\u00e9e de lecture estim\u00e9e\" \/>\n\t<meta name=\"twitter:data1\" content=\"2 minutes\" \/>\n<script type=\"application\/ld+json\" class=\"yoast-schema-graph\">{\"@context\":\"https:\\\/\\\/schema.org\",\"@graph\":[{\"@type\":\"WebPage\",\"@id\":\"https:\\\/\\\/francestat.com\\\/index.php\\\/uniwin-km\\\/\",\"url\":\"https:\\\/\\\/francestat.com\\\/index.php\\\/uniwin-km\\\/\",\"name\":\"Uniwin - KM - FRANCESTAT\",\"isPartOf\":{\"@id\":\"https:\\\/\\\/francestat.com\\\/#website\"},\"datePublished\":\"2025-03-24T09:27:00+00:00\",\"dateModified\":\"2025-03-24T10:58:52+00:00\",\"breadcrumb\":{\"@id\":\"https:\\\/\\\/francestat.com\\\/index.php\\\/uniwin-km\\\/#breadcrumb\"},\"inLanguage\":\"fr-FR\",\"potentialAction\":[{\"@type\":\"ReadAction\",\"target\":[\"https:\\\/\\\/francestat.com\\\/index.php\\\/uniwin-km\\\/\"]}]},{\"@type\":\"BreadcrumbList\",\"@id\":\"https:\\\/\\\/francestat.com\\\/index.php\\\/uniwin-km\\\/#breadcrumb\",\"itemListElement\":[{\"@type\":\"ListItem\",\"position\":1,\"name\":\"Accueil\",\"item\":\"https:\\\/\\\/francestat.com\\\/\"},{\"@type\":\"ListItem\",\"position\":2,\"name\":\"Uniwin &#8211; KM\"}]},{\"@type\":\"WebSite\",\"@id\":\"https:\\\/\\\/francestat.com\\\/#website\",\"url\":\"https:\\\/\\\/francestat.com\\\/\",\"name\":\"FRANCESTAT\",\"description\":\"Logiciels, formations et services statistiques\",\"publisher\":{\"@id\":\"https:\\\/\\\/francestat.com\\\/#organization\"},\"potentialAction\":[{\"@type\":\"SearchAction\",\"target\":{\"@type\":\"EntryPoint\",\"urlTemplate\":\"https:\\\/\\\/francestat.com\\\/?s={search_term_string}\"},\"query-input\":{\"@type\":\"PropertyValueSpecification\",\"valueRequired\":true,\"valueName\":\"search_term_string\"}}],\"inLanguage\":\"fr-FR\"},{\"@type\":\"Organization\",\"@id\":\"https:\\\/\\\/francestat.com\\\/#organization\",\"name\":\"FRANCESTAT\",\"url\":\"https:\\\/\\\/francestat.com\\\/\",\"logo\":{\"@type\":\"ImageObject\",\"inLanguage\":\"fr-FR\",\"@id\":\"https:\\\/\\\/francestat.com\\\/#\\\/schema\\\/logo\\\/image\\\/\",\"url\":\"https:\\\/\\\/francestat.com\\\/wp-content\\\/uploads\\\/2018\\\/05\\\/logo_horizontal_small_francestat.jpg\",\"contentUrl\":\"https:\\\/\\\/francestat.com\\\/wp-content\\\/uploads\\\/2018\\\/05\\\/logo_horizontal_small_francestat.jpg\",\"width\":155,\"height\":51,\"caption\":\"FRANCESTAT\"},\"image\":{\"@id\":\"https:\\\/\\\/francestat.com\\\/#\\\/schema\\\/logo\\\/image\\\/\"}}]}<\/script>\n<!-- \/ Yoast SEO plugin. -->","yoast_head_json":{"title":"Uniwin - KM - FRANCESTAT","robots":{"index":"index","follow":"follow","max-snippet":"max-snippet:-1","max-image-preview":"max-image-preview:large","max-video-preview":"max-video-preview:-1"},"canonical":"https:\/\/francestat.com\/index.php\/uniwin-km\/","og_locale":"fr_FR","og_type":"article","og_title":"Uniwin - KM - FRANCESTAT","og_description":"[vc_row][vc_column][\/vc_column][\/vc_row][vc_row][vc_column][vc_empty_space][\/vc_column][\/vc_row][vc_row][vc_column][vc_column_text]La classification par la m\u00e9thode des K-moyennes (KM) permet de construire une partition d&rsquo;un ensemble d\u2019observations en classes telles que les observations appartenant \u00e0 une m\u00eame classe sont proches alors que les observations appartenant \u00e0 des classes diff\u00e9rentes sont \u00e9loign\u00e9es. C\u2019est une m\u00e9thode de classification non hi\u00e9rarchique compl\u00e9mentaire \u00e0 la m\u00e9thode de classification ascendante hi\u00e9rarchique&hellip;","og_url":"https:\/\/francestat.com\/index.php\/uniwin-km\/","og_site_name":"FRANCESTAT","article_modified_time":"2025-03-24T10:58:52+00:00","twitter_card":"summary_large_image","twitter_misc":{"Dur\u00e9e de lecture estim\u00e9e":"2 minutes"},"schema":{"@context":"https:\/\/schema.org","@graph":[{"@type":"WebPage","@id":"https:\/\/francestat.com\/index.php\/uniwin-km\/","url":"https:\/\/francestat.com\/index.php\/uniwin-km\/","name":"Uniwin - KM - FRANCESTAT","isPartOf":{"@id":"https:\/\/francestat.com\/#website"},"datePublished":"2025-03-24T09:27:00+00:00","dateModified":"2025-03-24T10:58:52+00:00","breadcrumb":{"@id":"https:\/\/francestat.com\/index.php\/uniwin-km\/#breadcrumb"},"inLanguage":"fr-FR","potentialAction":[{"@type":"ReadAction","target":["https:\/\/francestat.com\/index.php\/uniwin-km\/"]}]},{"@type":"BreadcrumbList","@id":"https:\/\/francestat.com\/index.php\/uniwin-km\/#breadcrumb","itemListElement":[{"@type":"ListItem","position":1,"name":"Accueil","item":"https:\/\/francestat.com\/"},{"@type":"ListItem","position":2,"name":"Uniwin &#8211; KM"}]},{"@type":"WebSite","@id":"https:\/\/francestat.com\/#website","url":"https:\/\/francestat.com\/","name":"FRANCESTAT","description":"Logiciels, formations et services statistiques","publisher":{"@id":"https:\/\/francestat.com\/#organization"},"potentialAction":[{"@type":"SearchAction","target":{"@type":"EntryPoint","urlTemplate":"https:\/\/francestat.com\/?s={search_term_string}"},"query-input":{"@type":"PropertyValueSpecification","valueRequired":true,"valueName":"search_term_string"}}],"inLanguage":"fr-FR"},{"@type":"Organization","@id":"https:\/\/francestat.com\/#organization","name":"FRANCESTAT","url":"https:\/\/francestat.com\/","logo":{"@type":"ImageObject","inLanguage":"fr-FR","@id":"https:\/\/francestat.com\/#\/schema\/logo\/image\/","url":"https:\/\/francestat.com\/wp-content\/uploads\/2018\/05\/logo_horizontal_small_francestat.jpg","contentUrl":"https:\/\/francestat.com\/wp-content\/uploads\/2018\/05\/logo_horizontal_small_francestat.jpg","width":155,"height":51,"caption":"FRANCESTAT"},"image":{"@id":"https:\/\/francestat.com\/#\/schema\/logo\/image\/"}}]}},"_links":{"self":[{"href":"https:\/\/francestat.com\/index.php\/wp-json\/wp\/v2\/pages\/6632","targetHints":{"allow":["GET"]}}],"collection":[{"href":"https:\/\/francestat.com\/index.php\/wp-json\/wp\/v2\/pages"}],"about":[{"href":"https:\/\/francestat.com\/index.php\/wp-json\/wp\/v2\/types\/page"}],"author":[{"embeddable":true,"href":"https:\/\/francestat.com\/index.php\/wp-json\/wp\/v2\/users\/1"}],"replies":[{"embeddable":true,"href":"https:\/\/francestat.com\/index.php\/wp-json\/wp\/v2\/comments?post=6632"}],"version-history":[{"count":11,"href":"https:\/\/francestat.com\/index.php\/wp-json\/wp\/v2\/pages\/6632\/revisions"}],"predecessor-version":[{"id":6664,"href":"https:\/\/francestat.com\/index.php\/wp-json\/wp\/v2\/pages\/6632\/revisions\/6664"}],"wp:attachment":[{"href":"https:\/\/francestat.com\/index.php\/wp-json\/wp\/v2\/media?parent=6632"}],"curies":[{"name":"wp","href":"https:\/\/api.w.org\/{rel}","templated":true}]}}