{"id":6645,"date":"2025-03-24T11:28:12","date_gmt":"2025-03-24T10:28:12","guid":{"rendered":"https:\/\/francestat.com\/?page_id=6645"},"modified":"2025-03-24T12:13:11","modified_gmt":"2025-03-24T11:13:11","slug":"uniwin-kmed","status":"publish","type":"page","link":"https:\/\/francestat.com\/index.php\/uniwin-kmed\/","title":{"rendered":"Uniwin &#8211; KMED"},"content":{"rendered":"<p>[vc_row][vc_column]<div id=\"ultimate-heading-114969f530624bad6\" class=\"uvc-heading ult-adjust-bottom-margin ultimate-heading-114969f530624bad6 uvc-5205  uvc-heading-default-font-sizes\" data-hspacer=\"no_spacer\"  data-halign=\"center\" style=\"text-align:center\"><div class=\"uvc-heading-spacer no_spacer\" style=\"top\"><\/div><div class=\"uvc-main-heading ult-responsive\"  data-ultimate-target='.uvc-heading.ultimate-heading-114969f530624bad6 h2'  data-responsive-json-new='{\"font-size\":\"\",\"line-height\":\"\"}' ><h2 style=\"--font-weight:theme;\">UNIWIN - Classification par les K-m\u00e9do\u00efdes<\/h2><\/div><\/div>[\/vc_column][\/vc_row][vc_row][vc_column][vc_empty_space][\/vc_column][\/vc_row][vc_row][vc_column][vc_column_text]La classification par la m\u00e9thode des K-m\u00e9do\u00efdes est une approche de classification apparent\u00e9e \u00e0 la m\u00e9thode des K-moyennes pour partitionner un ensemble de donn\u00e9es en k classes. Dans la classification par K-m\u00e9do\u00efdes, chaque classe est repr\u00e9sent\u00e9e par l&rsquo;une des observations de la classe. Ces observations sont appel\u00e9es m\u00e9do\u00efdes.<\/p>\n<p>Le terme m\u00e9do\u00efde fait r\u00e9f\u00e9rence \u00e0 une observation au sein d&rsquo;une classe pour laquelle la dissemblance moyenne entre elle et toutes les autres observations de la classe est minimale. Elle correspond au point le plus central de la classe. Ces observations (une par classe) peuvent \u00eatre consid\u00e9r\u00e9es comme des exemples repr\u00e9sentatifs des membres des classes. Rappelons que, dans la classification par K-moyennes, le centre d&rsquo;une classe donn\u00e9e est calcul\u00e9 comme la valeur moyenne de toutes les observations de cette classe.<\/p>\n<p>La m\u00e9thode des K-m\u00e9do\u00efdes est une alternative robuste \u00e0 la m\u00e9thode des K-moyennes. Cela signifie que l&rsquo;algorithme est moins sensible au bruit et aux valeurs aberrantes car il utilise les m\u00e9do\u00efdes comme centres des classes au lieu des moyennes.<\/p>\n<p>La m\u00e9thode des K-m\u00e9do\u00efdes la plus courante est l&rsquo;algorithme PAM (Partitioning Around Medoids) de Kaufman et Rousseeuw (1990).<\/p>\n<p>La proc\u00e9dure affiche un rapport indiquant notamment les m\u00e9do\u00efdes des classes form\u00e9es, la classification des observations, des statistiques descriptives pour les classes form\u00e9es et les contributions des variables aux classes. Si une classification mixte a \u00e9t\u00e9 mise en \u0153uvre, les r\u00e9sultats de la CAH sont \u00e9galement fournis.<\/p>\n<p>Les graphiques des coefficients moyens et individuels de silhouette et des nuages de points des classes form\u00e9es sont propos\u00e9s. Si une classification mixte a \u00e9t\u00e9 mise en \u0153uvre, le diagramme des indices de la classification et l\u2019affichage de l\u2019arbre sont propos\u00e9s.<\/p>\n<p>Cette proc\u00e9dure est bas\u00e9e sur les packages R &lsquo;stats&rsquo; et \u2018cluster\u2019.[\/vc_column_text][\/vc_column][\/vc_row][vc_row][vc_column][vc_single_image image=\u00a0\u00bb6655&Prime; img_size=\u00a0\u00bblarge\u00a0\u00bb alignment=\u00a0\u00bbcenter\u00a0\u00bb][vc_empty_space height=\u00a0\u00bb5px\u00a0\u00bb][vc_column_text]<\/p>\n<p class=\"hcp4\"><strong><span style=\"font-size: 10pt; font-family: Verdana, sans-serif;\"><u>Tableaux<\/u><\/span><\/strong><\/p>\n<p>Standardisation des donn\u00e9es (PAM)<\/p>\n<p>Nombre optimal de classes (PAM)<\/p>\n<p>M\u00e9do\u00efdes des classes (PAM)<\/p>\n<p>Classification du jeu d&rsquo;apprentissage (PAM)<\/p>\n<p>R\u00e9sum\u00e9 de la classification (PAM)<\/p>\n<p>Statistiques pour les classes (PAM)<\/p>\n<p>Contributions des variables aux classes (PAM)<\/p>\n<p>Contributions des classes aux variables (PAM)<\/p>\n<p>Classification du jeu de pr\u00e9vision (PAM)<\/p>\n<p>Indices de la classification (CAH)<\/p>\n<p>Centro\u00efdes des classes (CAH)<\/p>\n<p>Classification (CAH)<\/p>\n<p>R\u00e9sum\u00e9 de la classification (CAH)<\/p>\n<p>Statistiques pour les classes (CAH)<\/p>\n<p>Contributions des variables aux classes (CAH)<\/p>\n<p>Contributions des classes aux variables (CAH)<\/p>\n<p class=\"hcp4\"><strong><span style=\"font-size: 10pt; font-family: Verdana, sans-serif;\"><u>Graphiques<\/u><\/span><\/strong><\/p>\n<p>Diagramme des coefficients moyens de silhouette (PAM)<\/p>\n<p>Graphique des coefficients individuels de silhouette (PAM)<\/p>\n<p>Nuage de points des classes (PAM)<\/p>\n<p>Diagramme des indices de la classification (CAH)<\/p>\n<p>Diagramme de l&rsquo;arbre de classification (CAH)<\/p>\n<p>Nuage de points des classes (CAH)[\/vc_column_text][vc_empty_space height=\u00a0\u00bb5px\u00a0\u00bb][\/vc_column][\/vc_row][vc_row][\/vc_row][vc_column][vc_btn title=\u00a0\u00bbConsulter la documentation compl\u00e8te\u00a0\u00bb align=\u00a0\u00bbcenter\u00a0\u00bb link=\u00a0\u00bburl:http%3A%2F%2Fwww.francestat.com%2Ftelecharg%2FUniwin%2Fpdf%2FClassification%20par%20la%20m%25e9thode%20des%20K-m%25e9do%25efdes.pdf|title:UNIWIN%20-%20KMED\u00a0\u00bb][\/vc_column]<\/p>\n","protected":false},"excerpt":{"rendered":"<p>[vc_row][vc_column][\/vc_column][\/vc_row][vc_row][vc_column][vc_empty_space][\/vc_column][\/vc_row][vc_row][vc_column][vc_column_text]La classification par la m\u00e9thode des K-m\u00e9do\u00efdes est une approche de classification apparent\u00e9e \u00e0 la m\u00e9thode des K-moyennes pour partitionner un ensemble de donn\u00e9es en k classes. Dans la classification par K-m\u00e9do\u00efdes, chaque classe est repr\u00e9sent\u00e9e par l&rsquo;une des observations de la classe. Ces observations sont appel\u00e9es m\u00e9do\u00efdes. Le terme m\u00e9do\u00efde fait r\u00e9f\u00e9rence \u00e0 une&hellip;<\/p>\n","protected":false},"author":1,"featured_media":0,"parent":0,"menu_order":0,"comment_status":"closed","ping_status":"closed","template":"","meta":{"footnotes":""},"class_list":["post-6645","page","type-page","status-publish","hentry","description-off"],"yoast_head":"<!-- This site is optimized with the Yoast SEO plugin v27.5 - https:\/\/yoast.com\/product\/yoast-seo-wordpress\/ -->\n<title>Uniwin - KMED - FRANCESTAT<\/title>\n<meta name=\"robots\" content=\"index, follow, max-snippet:-1, max-image-preview:large, max-video-preview:-1\" \/>\n<link rel=\"canonical\" href=\"https:\/\/francestat.com\/index.php\/uniwin-kmed\/\" \/>\n<meta property=\"og:locale\" content=\"fr_FR\" \/>\n<meta property=\"og:type\" content=\"article\" \/>\n<meta property=\"og:title\" content=\"Uniwin - KMED - FRANCESTAT\" \/>\n<meta property=\"og:description\" content=\"[vc_row][vc_column][\/vc_column][\/vc_row][vc_row][vc_column][vc_empty_space][\/vc_column][\/vc_row][vc_row][vc_column][vc_column_text]La classification par la m\u00e9thode des K-m\u00e9do\u00efdes est une approche de classification apparent\u00e9e \u00e0 la m\u00e9thode des K-moyennes pour partitionner un ensemble de donn\u00e9es en k classes. Dans la classification par K-m\u00e9do\u00efdes, chaque classe est repr\u00e9sent\u00e9e par l&rsquo;une des observations de la classe. Ces observations sont appel\u00e9es m\u00e9do\u00efdes. Le terme m\u00e9do\u00efde fait r\u00e9f\u00e9rence \u00e0 une&hellip;\" \/>\n<meta property=\"og:url\" content=\"https:\/\/francestat.com\/index.php\/uniwin-kmed\/\" \/>\n<meta property=\"og:site_name\" content=\"FRANCESTAT\" \/>\n<meta property=\"article:modified_time\" content=\"2025-03-24T11:13:11+00:00\" \/>\n<meta name=\"twitter:card\" content=\"summary_large_image\" \/>\n<meta name=\"twitter:label1\" content=\"Dur\u00e9e de lecture estim\u00e9e\" \/>\n\t<meta name=\"twitter:data1\" content=\"3 minutes\" \/>\n<script type=\"application\/ld+json\" class=\"yoast-schema-graph\">{\"@context\":\"https:\\\/\\\/schema.org\",\"@graph\":[{\"@type\":\"WebPage\",\"@id\":\"https:\\\/\\\/francestat.com\\\/index.php\\\/uniwin-kmed\\\/\",\"url\":\"https:\\\/\\\/francestat.com\\\/index.php\\\/uniwin-kmed\\\/\",\"name\":\"Uniwin - KMED - FRANCESTAT\",\"isPartOf\":{\"@id\":\"https:\\\/\\\/francestat.com\\\/#website\"},\"datePublished\":\"2025-03-24T10:28:12+00:00\",\"dateModified\":\"2025-03-24T11:13:11+00:00\",\"breadcrumb\":{\"@id\":\"https:\\\/\\\/francestat.com\\\/index.php\\\/uniwin-kmed\\\/#breadcrumb\"},\"inLanguage\":\"fr-FR\",\"potentialAction\":[{\"@type\":\"ReadAction\",\"target\":[\"https:\\\/\\\/francestat.com\\\/index.php\\\/uniwin-kmed\\\/\"]}]},{\"@type\":\"BreadcrumbList\",\"@id\":\"https:\\\/\\\/francestat.com\\\/index.php\\\/uniwin-kmed\\\/#breadcrumb\",\"itemListElement\":[{\"@type\":\"ListItem\",\"position\":1,\"name\":\"Accueil\",\"item\":\"https:\\\/\\\/francestat.com\\\/\"},{\"@type\":\"ListItem\",\"position\":2,\"name\":\"Uniwin &#8211; KMED\"}]},{\"@type\":\"WebSite\",\"@id\":\"https:\\\/\\\/francestat.com\\\/#website\",\"url\":\"https:\\\/\\\/francestat.com\\\/\",\"name\":\"FRANCESTAT\",\"description\":\"Logiciels, formations et services statistiques\",\"publisher\":{\"@id\":\"https:\\\/\\\/francestat.com\\\/#organization\"},\"potentialAction\":[{\"@type\":\"SearchAction\",\"target\":{\"@type\":\"EntryPoint\",\"urlTemplate\":\"https:\\\/\\\/francestat.com\\\/?s={search_term_string}\"},\"query-input\":{\"@type\":\"PropertyValueSpecification\",\"valueRequired\":true,\"valueName\":\"search_term_string\"}}],\"inLanguage\":\"fr-FR\"},{\"@type\":\"Organization\",\"@id\":\"https:\\\/\\\/francestat.com\\\/#organization\",\"name\":\"FRANCESTAT\",\"url\":\"https:\\\/\\\/francestat.com\\\/\",\"logo\":{\"@type\":\"ImageObject\",\"inLanguage\":\"fr-FR\",\"@id\":\"https:\\\/\\\/francestat.com\\\/#\\\/schema\\\/logo\\\/image\\\/\",\"url\":\"https:\\\/\\\/francestat.com\\\/wp-content\\\/uploads\\\/2018\\\/05\\\/logo_horizontal_small_francestat.jpg\",\"contentUrl\":\"https:\\\/\\\/francestat.com\\\/wp-content\\\/uploads\\\/2018\\\/05\\\/logo_horizontal_small_francestat.jpg\",\"width\":155,\"height\":51,\"caption\":\"FRANCESTAT\"},\"image\":{\"@id\":\"https:\\\/\\\/francestat.com\\\/#\\\/schema\\\/logo\\\/image\\\/\"}}]}<\/script>\n<!-- \/ Yoast SEO plugin. -->","yoast_head_json":{"title":"Uniwin - KMED - FRANCESTAT","robots":{"index":"index","follow":"follow","max-snippet":"max-snippet:-1","max-image-preview":"max-image-preview:large","max-video-preview":"max-video-preview:-1"},"canonical":"https:\/\/francestat.com\/index.php\/uniwin-kmed\/","og_locale":"fr_FR","og_type":"article","og_title":"Uniwin - KMED - FRANCESTAT","og_description":"[vc_row][vc_column][\/vc_column][\/vc_row][vc_row][vc_column][vc_empty_space][\/vc_column][\/vc_row][vc_row][vc_column][vc_column_text]La classification par la m\u00e9thode des K-m\u00e9do\u00efdes est une approche de classification apparent\u00e9e \u00e0 la m\u00e9thode des K-moyennes pour partitionner un ensemble de donn\u00e9es en k classes. Dans la classification par K-m\u00e9do\u00efdes, chaque classe est repr\u00e9sent\u00e9e par l&rsquo;une des observations de la classe. Ces observations sont appel\u00e9es m\u00e9do\u00efdes. Le terme m\u00e9do\u00efde fait r\u00e9f\u00e9rence \u00e0 une&hellip;","og_url":"https:\/\/francestat.com\/index.php\/uniwin-kmed\/","og_site_name":"FRANCESTAT","article_modified_time":"2025-03-24T11:13:11+00:00","twitter_card":"summary_large_image","twitter_misc":{"Dur\u00e9e de lecture estim\u00e9e":"3 minutes"},"schema":{"@context":"https:\/\/schema.org","@graph":[{"@type":"WebPage","@id":"https:\/\/francestat.com\/index.php\/uniwin-kmed\/","url":"https:\/\/francestat.com\/index.php\/uniwin-kmed\/","name":"Uniwin - KMED - FRANCESTAT","isPartOf":{"@id":"https:\/\/francestat.com\/#website"},"datePublished":"2025-03-24T10:28:12+00:00","dateModified":"2025-03-24T11:13:11+00:00","breadcrumb":{"@id":"https:\/\/francestat.com\/index.php\/uniwin-kmed\/#breadcrumb"},"inLanguage":"fr-FR","potentialAction":[{"@type":"ReadAction","target":["https:\/\/francestat.com\/index.php\/uniwin-kmed\/"]}]},{"@type":"BreadcrumbList","@id":"https:\/\/francestat.com\/index.php\/uniwin-kmed\/#breadcrumb","itemListElement":[{"@type":"ListItem","position":1,"name":"Accueil","item":"https:\/\/francestat.com\/"},{"@type":"ListItem","position":2,"name":"Uniwin &#8211; KMED"}]},{"@type":"WebSite","@id":"https:\/\/francestat.com\/#website","url":"https:\/\/francestat.com\/","name":"FRANCESTAT","description":"Logiciels, formations et services statistiques","publisher":{"@id":"https:\/\/francestat.com\/#organization"},"potentialAction":[{"@type":"SearchAction","target":{"@type":"EntryPoint","urlTemplate":"https:\/\/francestat.com\/?s={search_term_string}"},"query-input":{"@type":"PropertyValueSpecification","valueRequired":true,"valueName":"search_term_string"}}],"inLanguage":"fr-FR"},{"@type":"Organization","@id":"https:\/\/francestat.com\/#organization","name":"FRANCESTAT","url":"https:\/\/francestat.com\/","logo":{"@type":"ImageObject","inLanguage":"fr-FR","@id":"https:\/\/francestat.com\/#\/schema\/logo\/image\/","url":"https:\/\/francestat.com\/wp-content\/uploads\/2018\/05\/logo_horizontal_small_francestat.jpg","contentUrl":"https:\/\/francestat.com\/wp-content\/uploads\/2018\/05\/logo_horizontal_small_francestat.jpg","width":155,"height":51,"caption":"FRANCESTAT"},"image":{"@id":"https:\/\/francestat.com\/#\/schema\/logo\/image\/"}}]}},"_links":{"self":[{"href":"https:\/\/francestat.com\/index.php\/wp-json\/wp\/v2\/pages\/6645","targetHints":{"allow":["GET"]}}],"collection":[{"href":"https:\/\/francestat.com\/index.php\/wp-json\/wp\/v2\/pages"}],"about":[{"href":"https:\/\/francestat.com\/index.php\/wp-json\/wp\/v2\/types\/page"}],"author":[{"embeddable":true,"href":"https:\/\/francestat.com\/index.php\/wp-json\/wp\/v2\/users\/1"}],"replies":[{"embeddable":true,"href":"https:\/\/francestat.com\/index.php\/wp-json\/wp\/v2\/comments?post=6645"}],"version-history":[{"count":12,"href":"https:\/\/francestat.com\/index.php\/wp-json\/wp\/v2\/pages\/6645\/revisions"}],"predecessor-version":[{"id":6670,"href":"https:\/\/francestat.com\/index.php\/wp-json\/wp\/v2\/pages\/6645\/revisions\/6670"}],"wp:attachment":[{"href":"https:\/\/francestat.com\/index.php\/wp-json\/wp\/v2\/media?parent=6645"}],"curies":[{"name":"wp","href":"https:\/\/api.w.org\/{rel}","templated":true}]}}