{"id":6658,"date":"2025-03-24T11:49:47","date_gmt":"2025-03-24T10:49:47","guid":{"rendered":"https:\/\/francestat.com\/?page_id=6658"},"modified":"2025-03-24T12:06:44","modified_gmt":"2025-03-24T11:06:44","slug":"uniwin-rtypo","status":"publish","type":"page","link":"https:\/\/francestat.com\/index.php\/uniwin-rtypo\/","title":{"rendered":"UNIWIN &#8211; RTYPO"},"content":{"rendered":"<p>[vc_row][vc_column]<div id=\"ultimate-heading-57796a03902fd410c\" class=\"uvc-heading ult-adjust-bottom-margin ultimate-heading-57796a03902fd410c uvc-1278  uvc-heading-default-font-sizes\" data-hspacer=\"no_spacer\"  data-halign=\"center\" style=\"text-align:center\"><div class=\"uvc-heading-spacer no_spacer\" style=\"top\"><\/div><div class=\"uvc-main-heading ult-responsive\"  data-ultimate-target='.uvc-heading.ultimate-heading-57796a03902fd410c h2'  data-responsive-json-new='{\"font-size\":\"\",\"line-height\":\"\"}' ><h2 style=\"--font-weight:theme;\">UNIWIN - R\u00e9gression Typologique<\/h2><\/div><\/div>[\/vc_column][\/vc_row][vc_row][vc_column][vc_empty_space][\/vc_column][\/vc_row][vc_row][vc_column][vc_column_text]La r\u00e9gression lin\u00e9aire typologique (RTYPO) est une technique statistique qui s&rsquo;attaque \u00e0 une limitation fondamentale de la r\u00e9gression lin\u00e9aire conventionnelle : l&rsquo;incapacit\u00e9 \u00e0 saisir des relations complexes au sein d&rsquo;un ensemble de donn\u00e9es contenant des sous-groupes distincts.<\/p>\n<p>RTYPO y parvient en partitionnant l&rsquo;ensemble de donn\u00e9es en plusieurs sous-ensembles, chacun dot\u00e9 de sa propre fonction de r\u00e9gression lin\u00e9aire entre variables ind\u00e9pendantes et d\u00e9pendantes.<\/p>\n<p>Une description courante, et souvent plus technique, de ce probl\u00e8me consiste \u00e0 partitionner un ensemble de donn\u00e9es h\u00e9t\u00e9rog\u00e8ne en sous-groupes d&rsquo;observations homog\u00e8nes plus petits, tout en ajustant simultan\u00e9ment des mod\u00e8les de r\u00e9gression lin\u00e9aire adapt\u00e9s \u00e0 chaque sous-groupe.<\/p>\n<p>RTYPO est une extension naturelle de la formulation conventionnelle de la r\u00e9gression lin\u00e9aire multivari\u00e9e \u00e0 la mod\u00e9lisation de donn\u00e9es contenant des structures de sous-groupes inconnues ou \u00e0 des probl\u00e8mes de r\u00e9gression non lin\u00e9aire se pr\u00eatant \u00e0 une approximation lin\u00e9aire par morceaux.[\/vc_column_text][\/vc_column][\/vc_row][vc_row][vc_column][vc_single_image image=\u00a0\u00bb6665&Prime; img_size=\u00a0\u00bblarge\u00a0\u00bb alignment=\u00a0\u00bbcenter\u00a0\u00bb][vc_empty_space height=\u00a0\u00bb5px\u00a0\u00bb][vc_column_text]<\/p>\n<p class=\"hcp4\"><strong><span style=\"font-size: 10pt; font-family: Verdana, sans-serif;\"><u>Tableaux<\/u><\/span><\/strong><\/p>\n<p>Somme globale des carr\u00e9s des r\u00e9sidus<\/p>\n<p>Somme des carr\u00e9s des r\u00e9sidus et R2<\/p>\n<p>Coefficients des r\u00e9gressions<\/p>\n<p>Statistiques pour les classes<\/p>\n<p>R\u00e9sultats apprentissage<\/p>\n<p>R\u00e9sultats pr\u00e9vision<\/p>\n<p class=\"hcp4\"><strong><span style=\"font-size: 10pt; font-family: Verdana, sans-serif;\"><u>Graphiques<\/u><\/span><\/strong><\/p>\n<p>Somme globale des carr\u00e9s des r\u00e9sidus vs nombre de classes<\/p>\n<p>Somme globale des carr\u00e9s des r\u00e9sidus vs it\u00e9rations<\/p>\n<p>R-carr\u00e9 global vs it\u00e9rations<\/p>\n<p>Graphique Y observ\u00e9 vs X (apprentissage)<\/p>\n<p>Graphique Y pr\u00e9vu vs Y observ\u00e9 (apprentissage)<\/p>\n<p>Graphique Y observ\u00e9 vs X (pr\u00e9vision)<\/p>\n<p>[\/vc_column_text][vc_empty_space height=\u00a0\u00bb5px\u00a0\u00bb][\/vc_column][\/vc_row][vc_row][\/vc_row][vc_column][vc_btn title=\u00a0\u00bbConsulter la documentation compl\u00e8te\u00a0\u00bb align=\u00a0\u00bbcenter\u00a0\u00bb link=\u00a0\u00bburl:http%3A%2F%2Fwww.francestat.com%2Ftelecharg%2FUniwin%2Fpdf%2FR%25e9gression%20typologique.pdf|title:UNIWIN%20-%20RTYPO\u00a0\u00bb][\/vc_column]<\/p>\n","protected":false},"excerpt":{"rendered":"<p>[vc_row][vc_column][\/vc_column][\/vc_row][vc_row][vc_column][vc_empty_space][\/vc_column][\/vc_row][vc_row][vc_column][vc_column_text]La r\u00e9gression lin\u00e9aire typologique (RTYPO) est une technique statistique qui s&rsquo;attaque \u00e0 une limitation fondamentale de la r\u00e9gression lin\u00e9aire conventionnelle : l&rsquo;incapacit\u00e9 \u00e0 saisir des relations complexes au sein d&rsquo;un ensemble de donn\u00e9es contenant des sous-groupes distincts. RTYPO y parvient en partitionnant l&rsquo;ensemble de donn\u00e9es en plusieurs sous-ensembles, chacun dot\u00e9 de sa propre fonction de&hellip;<\/p>\n","protected":false},"author":1,"featured_media":0,"parent":0,"menu_order":0,"comment_status":"closed","ping_status":"closed","template":"","meta":{"footnotes":""},"class_list":["post-6658","page","type-page","status-publish","hentry","description-off"],"yoast_head":"<!-- This site is optimized with the Yoast SEO plugin v27.6 - https:\/\/yoast.com\/product\/yoast-seo-wordpress\/ -->\n<title>UNIWIN - RTYPO - FRANCESTAT<\/title>\n<meta name=\"robots\" content=\"index, follow, max-snippet:-1, max-image-preview:large, max-video-preview:-1\" \/>\n<link rel=\"canonical\" href=\"https:\/\/francestat.com\/index.php\/uniwin-rtypo\/\" \/>\n<meta property=\"og:locale\" content=\"fr_FR\" \/>\n<meta property=\"og:type\" content=\"article\" \/>\n<meta property=\"og:title\" content=\"UNIWIN - RTYPO - FRANCESTAT\" \/>\n<meta property=\"og:description\" content=\"[vc_row][vc_column][\/vc_column][\/vc_row][vc_row][vc_column][vc_empty_space][\/vc_column][\/vc_row][vc_row][vc_column][vc_column_text]La r\u00e9gression lin\u00e9aire typologique (RTYPO) est une technique statistique qui s&rsquo;attaque \u00e0 une limitation fondamentale de la r\u00e9gression lin\u00e9aire conventionnelle : l&rsquo;incapacit\u00e9 \u00e0 saisir des relations complexes au sein d&rsquo;un ensemble de donn\u00e9es contenant des sous-groupes distincts. RTYPO y parvient en partitionnant l&rsquo;ensemble de donn\u00e9es en plusieurs sous-ensembles, chacun dot\u00e9 de sa propre fonction de&hellip;\" \/>\n<meta property=\"og:url\" content=\"https:\/\/francestat.com\/index.php\/uniwin-rtypo\/\" \/>\n<meta property=\"og:site_name\" content=\"FRANCESTAT\" \/>\n<meta property=\"article:modified_time\" content=\"2025-03-24T11:06:44+00:00\" \/>\n<meta name=\"twitter:card\" content=\"summary_large_image\" \/>\n<meta name=\"twitter:label1\" content=\"Dur\u00e9e de lecture estim\u00e9e\" \/>\n\t<meta name=\"twitter:data1\" content=\"2 minutes\" \/>\n<script type=\"application\/ld+json\" class=\"yoast-schema-graph\">{\"@context\":\"https:\\\/\\\/schema.org\",\"@graph\":[{\"@type\":\"WebPage\",\"@id\":\"https:\\\/\\\/francestat.com\\\/index.php\\\/uniwin-rtypo\\\/\",\"url\":\"https:\\\/\\\/francestat.com\\\/index.php\\\/uniwin-rtypo\\\/\",\"name\":\"UNIWIN - RTYPO - FRANCESTAT\",\"isPartOf\":{\"@id\":\"https:\\\/\\\/francestat.com\\\/#website\"},\"datePublished\":\"2025-03-24T10:49:47+00:00\",\"dateModified\":\"2025-03-24T11:06:44+00:00\",\"breadcrumb\":{\"@id\":\"https:\\\/\\\/francestat.com\\\/index.php\\\/uniwin-rtypo\\\/#breadcrumb\"},\"inLanguage\":\"fr-FR\",\"potentialAction\":[{\"@type\":\"ReadAction\",\"target\":[\"https:\\\/\\\/francestat.com\\\/index.php\\\/uniwin-rtypo\\\/\"]}]},{\"@type\":\"BreadcrumbList\",\"@id\":\"https:\\\/\\\/francestat.com\\\/index.php\\\/uniwin-rtypo\\\/#breadcrumb\",\"itemListElement\":[{\"@type\":\"ListItem\",\"position\":1,\"name\":\"Accueil\",\"item\":\"https:\\\/\\\/francestat.com\\\/\"},{\"@type\":\"ListItem\",\"position\":2,\"name\":\"UNIWIN &#8211; RTYPO\"}]},{\"@type\":\"WebSite\",\"@id\":\"https:\\\/\\\/francestat.com\\\/#website\",\"url\":\"https:\\\/\\\/francestat.com\\\/\",\"name\":\"FRANCESTAT\",\"description\":\"Logiciels, formations et services statistiques\",\"publisher\":{\"@id\":\"https:\\\/\\\/francestat.com\\\/#organization\"},\"potentialAction\":[{\"@type\":\"SearchAction\",\"target\":{\"@type\":\"EntryPoint\",\"urlTemplate\":\"https:\\\/\\\/francestat.com\\\/?s={search_term_string}\"},\"query-input\":{\"@type\":\"PropertyValueSpecification\",\"valueRequired\":true,\"valueName\":\"search_term_string\"}}],\"inLanguage\":\"fr-FR\"},{\"@type\":\"Organization\",\"@id\":\"https:\\\/\\\/francestat.com\\\/#organization\",\"name\":\"FRANCESTAT\",\"url\":\"https:\\\/\\\/francestat.com\\\/\",\"logo\":{\"@type\":\"ImageObject\",\"inLanguage\":\"fr-FR\",\"@id\":\"https:\\\/\\\/francestat.com\\\/#\\\/schema\\\/logo\\\/image\\\/\",\"url\":\"https:\\\/\\\/francestat.com\\\/wp-content\\\/uploads\\\/2018\\\/05\\\/logo_horizontal_small_francestat.jpg\",\"contentUrl\":\"https:\\\/\\\/francestat.com\\\/wp-content\\\/uploads\\\/2018\\\/05\\\/logo_horizontal_small_francestat.jpg\",\"width\":155,\"height\":51,\"caption\":\"FRANCESTAT\"},\"image\":{\"@id\":\"https:\\\/\\\/francestat.com\\\/#\\\/schema\\\/logo\\\/image\\\/\"}}]}<\/script>\n<!-- \/ Yoast SEO plugin. -->","yoast_head_json":{"title":"UNIWIN - RTYPO - FRANCESTAT","robots":{"index":"index","follow":"follow","max-snippet":"max-snippet:-1","max-image-preview":"max-image-preview:large","max-video-preview":"max-video-preview:-1"},"canonical":"https:\/\/francestat.com\/index.php\/uniwin-rtypo\/","og_locale":"fr_FR","og_type":"article","og_title":"UNIWIN - RTYPO - FRANCESTAT","og_description":"[vc_row][vc_column][\/vc_column][\/vc_row][vc_row][vc_column][vc_empty_space][\/vc_column][\/vc_row][vc_row][vc_column][vc_column_text]La r\u00e9gression lin\u00e9aire typologique (RTYPO) est une technique statistique qui s&rsquo;attaque \u00e0 une limitation fondamentale de la r\u00e9gression lin\u00e9aire conventionnelle : l&rsquo;incapacit\u00e9 \u00e0 saisir des relations complexes au sein d&rsquo;un ensemble de donn\u00e9es contenant des sous-groupes distincts. RTYPO y parvient en partitionnant l&rsquo;ensemble de donn\u00e9es en plusieurs sous-ensembles, chacun dot\u00e9 de sa propre fonction de&hellip;","og_url":"https:\/\/francestat.com\/index.php\/uniwin-rtypo\/","og_site_name":"FRANCESTAT","article_modified_time":"2025-03-24T11:06:44+00:00","twitter_card":"summary_large_image","twitter_misc":{"Dur\u00e9e de lecture estim\u00e9e":"2 minutes"},"schema":{"@context":"https:\/\/schema.org","@graph":[{"@type":"WebPage","@id":"https:\/\/francestat.com\/index.php\/uniwin-rtypo\/","url":"https:\/\/francestat.com\/index.php\/uniwin-rtypo\/","name":"UNIWIN - RTYPO - FRANCESTAT","isPartOf":{"@id":"https:\/\/francestat.com\/#website"},"datePublished":"2025-03-24T10:49:47+00:00","dateModified":"2025-03-24T11:06:44+00:00","breadcrumb":{"@id":"https:\/\/francestat.com\/index.php\/uniwin-rtypo\/#breadcrumb"},"inLanguage":"fr-FR","potentialAction":[{"@type":"ReadAction","target":["https:\/\/francestat.com\/index.php\/uniwin-rtypo\/"]}]},{"@type":"BreadcrumbList","@id":"https:\/\/francestat.com\/index.php\/uniwin-rtypo\/#breadcrumb","itemListElement":[{"@type":"ListItem","position":1,"name":"Accueil","item":"https:\/\/francestat.com\/"},{"@type":"ListItem","position":2,"name":"UNIWIN &#8211; RTYPO"}]},{"@type":"WebSite","@id":"https:\/\/francestat.com\/#website","url":"https:\/\/francestat.com\/","name":"FRANCESTAT","description":"Logiciels, formations et services statistiques","publisher":{"@id":"https:\/\/francestat.com\/#organization"},"potentialAction":[{"@type":"SearchAction","target":{"@type":"EntryPoint","urlTemplate":"https:\/\/francestat.com\/?s={search_term_string}"},"query-input":{"@type":"PropertyValueSpecification","valueRequired":true,"valueName":"search_term_string"}}],"inLanguage":"fr-FR"},{"@type":"Organization","@id":"https:\/\/francestat.com\/#organization","name":"FRANCESTAT","url":"https:\/\/francestat.com\/","logo":{"@type":"ImageObject","inLanguage":"fr-FR","@id":"https:\/\/francestat.com\/#\/schema\/logo\/image\/","url":"https:\/\/francestat.com\/wp-content\/uploads\/2018\/05\/logo_horizontal_small_francestat.jpg","contentUrl":"https:\/\/francestat.com\/wp-content\/uploads\/2018\/05\/logo_horizontal_small_francestat.jpg","width":155,"height":51,"caption":"FRANCESTAT"},"image":{"@id":"https:\/\/francestat.com\/#\/schema\/logo\/image\/"}}]}},"_links":{"self":[{"href":"https:\/\/francestat.com\/index.php\/wp-json\/wp\/v2\/pages\/6658","targetHints":{"allow":["GET"]}}],"collection":[{"href":"https:\/\/francestat.com\/index.php\/wp-json\/wp\/v2\/pages"}],"about":[{"href":"https:\/\/francestat.com\/index.php\/wp-json\/wp\/v2\/types\/page"}],"author":[{"embeddable":true,"href":"https:\/\/francestat.com\/index.php\/wp-json\/wp\/v2\/users\/1"}],"replies":[{"embeddable":true,"href":"https:\/\/francestat.com\/index.php\/wp-json\/wp\/v2\/comments?post=6658"}],"version-history":[{"count":7,"href":"https:\/\/francestat.com\/index.php\/wp-json\/wp\/v2\/pages\/6658\/revisions"}],"predecessor-version":[{"id":6669,"href":"https:\/\/francestat.com\/index.php\/wp-json\/wp\/v2\/pages\/6658\/revisions\/6669"}],"wp:attachment":[{"href":"https:\/\/francestat.com\/index.php\/wp-json\/wp\/v2\/media?parent=6658"}],"curies":[{"name":"wp","href":"https:\/\/api.w.org\/{rel}","templated":true}]}}