{"id":6712,"date":"2025-03-25T09:54:02","date_gmt":"2025-03-25T08:54:02","guid":{"rendered":"https:\/\/francestat.com\/?page_id=6712"},"modified":"2025-03-25T10:23:36","modified_gmt":"2025-03-25T09:23:36","slug":"uniwin-tri","status":"publish","type":"page","link":"https:\/\/francestat.com\/index.php\/uniwin-tri\/","title":{"rendered":"Uniwin &#8211; Tri"},"content":{"rendered":"<p>[vc_row][vc_column]<div id=\"ultimate-heading-452769df0c7c8fce3\" class=\"uvc-heading ult-adjust-bottom-margin ultimate-heading-452769df0c7c8fce3 uvc-5124  uvc-heading-default-font-sizes\" data-hspacer=\"no_spacer\"  data-halign=\"center\" style=\"text-align:center\"><div class=\"uvc-heading-spacer no_spacer\" style=\"top\"><\/div><div class=\"uvc-main-heading ult-responsive\"  data-ultimate-target='.uvc-heading.ultimate-heading-452769df0c7c8fce3 h2'  data-responsive-json-new='{\"font-size\":\"\",\"line-height\":\"\"}' ><h2 style=\"--font-weight:theme;\">UNIWIN - Tris \u00e0 plat et crois\u00e9s<\/h2><\/div><\/div>[\/vc_column][\/vc_row][vc_row][vc_column][vc_empty_space][\/vc_column][\/vc_row][vc_row][vc_column][vc_column_text]La proc\u00e9dure \u2018Tri \u00e0 plat\u2019 est con\u00e7ue pour r\u00e9sumer une unique colonne de donn\u00e9es qualitatives.<\/p>\n<p>Elle calcule les nombres de fois o\u00f9 chacune des valeurs uniques de cette colonne appara\u00eet.<\/p>\n<p>La proc\u00e9dure \u2018Tri crois\u00e9\u2019 est con\u00e7ue pour r\u00e9sumer deux ensembles de colonnes de donn\u00e9es qualitatives.<\/p>\n<p>Elle construit un tableau \u00e0 deux entr\u00e9es affichant les comptages des occurrences de toutes les paires de valeurs uniques dans les deux ensembles de colonnes.<\/p>\n<p>Ce tableau est, par exemple, directement utilisable dans une Analyse Factorielle des Correspondances simples (AFC).[\/vc_column_text][\/vc_column][\/vc_row][vc_row][vc_column][vc_single_image image=\u00a0\u00bb6720&Prime; img_size=\u00a0\u00bblarge\u00a0\u00bb alignment=\u00a0\u00bbcenter\u00a0\u00bb][vc_empty_space height=\u00a0\u00bb5px\u00a0\u00bb][\/vc_column][\/vc_row][vc_row][vc_column][vc_btn title=\u00a0\u00bbConsulter la documentation compl\u00e8te\u00a0\u00bb align=\u00a0\u00bbcenter\u00a0\u00bb link=\u00a0\u00bburl:https%3A%2F%2Fwww.francestat.com%2Ftelecharg%2FUniwin%2Fpdf%2FManuel%2520de%2520l&rsquo;Utilisateur.pdf|title:UNIWIN%20-%20Tri\u00a0\u00bb][\/vc_column][\/vc_row]<\/p>\n","protected":false},"excerpt":{"rendered":"<p>[vc_row][vc_column][\/vc_column][\/vc_row][vc_row][vc_column][vc_empty_space][\/vc_column][\/vc_row][vc_row][vc_column][vc_column_text]La proc\u00e9dure \u2018Tri \u00e0 plat\u2019 est con\u00e7ue pour r\u00e9sumer une unique colonne de donn\u00e9es qualitatives. Elle calcule les nombres de fois o\u00f9 chacune des valeurs uniques de cette colonne appara\u00eet. La proc\u00e9dure \u2018Tri crois\u00e9\u2019 est con\u00e7ue pour r\u00e9sumer deux ensembles de colonnes de donn\u00e9es qualitatives. Elle construit un tableau \u00e0 deux entr\u00e9es affichant les comptages&hellip;<\/p>\n","protected":false},"author":1,"featured_media":0,"parent":0,"menu_order":0,"comment_status":"closed","ping_status":"closed","template":"","meta":{"footnotes":""},"class_list":["post-6712","page","type-page","status-publish","hentry","description-off"],"yoast_head":"<!-- This site is optimized with the Yoast SEO plugin v27.4 - https:\/\/yoast.com\/product\/yoast-seo-wordpress\/ -->\n<title>Uniwin - Tri - FRANCESTAT<\/title>\n<meta name=\"robots\" content=\"index, follow, max-snippet:-1, max-image-preview:large, max-video-preview:-1\" \/>\n<link rel=\"canonical\" href=\"https:\/\/francestat.com\/index.php\/uniwin-tri\/\" \/>\n<meta property=\"og:locale\" content=\"fr_FR\" \/>\n<meta property=\"og:type\" content=\"article\" \/>\n<meta property=\"og:title\" content=\"Uniwin - Tri - FRANCESTAT\" \/>\n<meta property=\"og:description\" content=\"[vc_row][vc_column][\/vc_column][\/vc_row][vc_row][vc_column][vc_empty_space][\/vc_column][\/vc_row][vc_row][vc_column][vc_column_text]La proc\u00e9dure \u2018Tri \u00e0 plat\u2019 est con\u00e7ue pour r\u00e9sumer une unique colonne de donn\u00e9es qualitatives. Elle calcule les nombres de fois o\u00f9 chacune des valeurs uniques de cette colonne appara\u00eet. La proc\u00e9dure \u2018Tri crois\u00e9\u2019 est con\u00e7ue pour r\u00e9sumer deux ensembles de colonnes de donn\u00e9es qualitatives. Elle construit un tableau \u00e0 deux entr\u00e9es affichant les comptages&hellip;\" \/>\n<meta property=\"og:url\" content=\"https:\/\/francestat.com\/index.php\/uniwin-tri\/\" \/>\n<meta property=\"og:site_name\" content=\"FRANCESTAT\" \/>\n<meta property=\"article:modified_time\" content=\"2025-03-25T09:23:36+00:00\" \/>\n<meta name=\"twitter:card\" content=\"summary_large_image\" \/>\n<meta name=\"twitter:label1\" content=\"Dur\u00e9e de lecture estim\u00e9e\" \/>\n\t<meta name=\"twitter:data1\" content=\"1 minute\" \/>\n<script type=\"application\/ld+json\" class=\"yoast-schema-graph\">{\"@context\":\"https:\\\/\\\/schema.org\",\"@graph\":[{\"@type\":\"WebPage\",\"@id\":\"https:\\\/\\\/francestat.com\\\/index.php\\\/uniwin-tri\\\/\",\"url\":\"https:\\\/\\\/francestat.com\\\/index.php\\\/uniwin-tri\\\/\",\"name\":\"Uniwin - Tri - FRANCESTAT\",\"isPartOf\":{\"@id\":\"https:\\\/\\\/francestat.com\\\/#website\"},\"datePublished\":\"2025-03-25T08:54:02+00:00\",\"dateModified\":\"2025-03-25T09:23:36+00:00\",\"breadcrumb\":{\"@id\":\"https:\\\/\\\/francestat.com\\\/index.php\\\/uniwin-tri\\\/#breadcrumb\"},\"inLanguage\":\"fr-FR\",\"potentialAction\":[{\"@type\":\"ReadAction\",\"target\":[\"https:\\\/\\\/francestat.com\\\/index.php\\\/uniwin-tri\\\/\"]}]},{\"@type\":\"BreadcrumbList\",\"@id\":\"https:\\\/\\\/francestat.com\\\/index.php\\\/uniwin-tri\\\/#breadcrumb\",\"itemListElement\":[{\"@type\":\"ListItem\",\"position\":1,\"name\":\"Accueil\",\"item\":\"https:\\\/\\\/francestat.com\\\/\"},{\"@type\":\"ListItem\",\"position\":2,\"name\":\"Uniwin &#8211; Tri\"}]},{\"@type\":\"WebSite\",\"@id\":\"https:\\\/\\\/francestat.com\\\/#website\",\"url\":\"https:\\\/\\\/francestat.com\\\/\",\"name\":\"FRANCESTAT\",\"description\":\"Logiciels, formations et services statistiques\",\"publisher\":{\"@id\":\"https:\\\/\\\/francestat.com\\\/#organization\"},\"potentialAction\":[{\"@type\":\"SearchAction\",\"target\":{\"@type\":\"EntryPoint\",\"urlTemplate\":\"https:\\\/\\\/francestat.com\\\/?s={search_term_string}\"},\"query-input\":{\"@type\":\"PropertyValueSpecification\",\"valueRequired\":true,\"valueName\":\"search_term_string\"}}],\"inLanguage\":\"fr-FR\"},{\"@type\":\"Organization\",\"@id\":\"https:\\\/\\\/francestat.com\\\/#organization\",\"name\":\"FRANCESTAT\",\"url\":\"https:\\\/\\\/francestat.com\\\/\",\"logo\":{\"@type\":\"ImageObject\",\"inLanguage\":\"fr-FR\",\"@id\":\"https:\\\/\\\/francestat.com\\\/#\\\/schema\\\/logo\\\/image\\\/\",\"url\":\"https:\\\/\\\/francestat.com\\\/wp-content\\\/uploads\\\/2018\\\/05\\\/logo_horizontal_small_francestat.jpg\",\"contentUrl\":\"https:\\\/\\\/francestat.com\\\/wp-content\\\/uploads\\\/2018\\\/05\\\/logo_horizontal_small_francestat.jpg\",\"width\":155,\"height\":51,\"caption\":\"FRANCESTAT\"},\"image\":{\"@id\":\"https:\\\/\\\/francestat.com\\\/#\\\/schema\\\/logo\\\/image\\\/\"}}]}<\/script>\n<!-- \/ Yoast SEO plugin. -->","yoast_head_json":{"title":"Uniwin - Tri - FRANCESTAT","robots":{"index":"index","follow":"follow","max-snippet":"max-snippet:-1","max-image-preview":"max-image-preview:large","max-video-preview":"max-video-preview:-1"},"canonical":"https:\/\/francestat.com\/index.php\/uniwin-tri\/","og_locale":"fr_FR","og_type":"article","og_title":"Uniwin - Tri - FRANCESTAT","og_description":"[vc_row][vc_column][\/vc_column][\/vc_row][vc_row][vc_column][vc_empty_space][\/vc_column][\/vc_row][vc_row][vc_column][vc_column_text]La proc\u00e9dure \u2018Tri \u00e0 plat\u2019 est con\u00e7ue pour r\u00e9sumer une unique colonne de donn\u00e9es qualitatives. Elle calcule les nombres de fois o\u00f9 chacune des valeurs uniques de cette colonne appara\u00eet. La proc\u00e9dure \u2018Tri crois\u00e9\u2019 est con\u00e7ue pour r\u00e9sumer deux ensembles de colonnes de donn\u00e9es qualitatives. Elle construit un tableau \u00e0 deux entr\u00e9es affichant les comptages&hellip;","og_url":"https:\/\/francestat.com\/index.php\/uniwin-tri\/","og_site_name":"FRANCESTAT","article_modified_time":"2025-03-25T09:23:36+00:00","twitter_card":"summary_large_image","twitter_misc":{"Dur\u00e9e de lecture estim\u00e9e":"1 minute"},"schema":{"@context":"https:\/\/schema.org","@graph":[{"@type":"WebPage","@id":"https:\/\/francestat.com\/index.php\/uniwin-tri\/","url":"https:\/\/francestat.com\/index.php\/uniwin-tri\/","name":"Uniwin - Tri - FRANCESTAT","isPartOf":{"@id":"https:\/\/francestat.com\/#website"},"datePublished":"2025-03-25T08:54:02+00:00","dateModified":"2025-03-25T09:23:36+00:00","breadcrumb":{"@id":"https:\/\/francestat.com\/index.php\/uniwin-tri\/#breadcrumb"},"inLanguage":"fr-FR","potentialAction":[{"@type":"ReadAction","target":["https:\/\/francestat.com\/index.php\/uniwin-tri\/"]}]},{"@type":"BreadcrumbList","@id":"https:\/\/francestat.com\/index.php\/uniwin-tri\/#breadcrumb","itemListElement":[{"@type":"ListItem","position":1,"name":"Accueil","item":"https:\/\/francestat.com\/"},{"@type":"ListItem","position":2,"name":"Uniwin &#8211; Tri"}]},{"@type":"WebSite","@id":"https:\/\/francestat.com\/#website","url":"https:\/\/francestat.com\/","name":"FRANCESTAT","description":"Logiciels, formations et services statistiques","publisher":{"@id":"https:\/\/francestat.com\/#organization"},"potentialAction":[{"@type":"SearchAction","target":{"@type":"EntryPoint","urlTemplate":"https:\/\/francestat.com\/?s={search_term_string}"},"query-input":{"@type":"PropertyValueSpecification","valueRequired":true,"valueName":"search_term_string"}}],"inLanguage":"fr-FR"},{"@type":"Organization","@id":"https:\/\/francestat.com\/#organization","name":"FRANCESTAT","url":"https:\/\/francestat.com\/","logo":{"@type":"ImageObject","inLanguage":"fr-FR","@id":"https:\/\/francestat.com\/#\/schema\/logo\/image\/","url":"https:\/\/francestat.com\/wp-content\/uploads\/2018\/05\/logo_horizontal_small_francestat.jpg","contentUrl":"https:\/\/francestat.com\/wp-content\/uploads\/2018\/05\/logo_horizontal_small_francestat.jpg","width":155,"height":51,"caption":"FRANCESTAT"},"image":{"@id":"https:\/\/francestat.com\/#\/schema\/logo\/image\/"}}]}},"_links":{"self":[{"href":"https:\/\/francestat.com\/index.php\/wp-json\/wp\/v2\/pages\/6712","targetHints":{"allow":["GET"]}}],"collection":[{"href":"https:\/\/francestat.com\/index.php\/wp-json\/wp\/v2\/pages"}],"about":[{"href":"https:\/\/francestat.com\/index.php\/wp-json\/wp\/v2\/types\/page"}],"author":[{"embeddable":true,"href":"https:\/\/francestat.com\/index.php\/wp-json\/wp\/v2\/users\/1"}],"replies":[{"embeddable":true,"href":"https:\/\/francestat.com\/index.php\/wp-json\/wp\/v2\/comments?post=6712"}],"version-history":[{"count":9,"href":"https:\/\/francestat.com\/index.php\/wp-json\/wp\/v2\/pages\/6712\/revisions"}],"predecessor-version":[{"id":6723,"href":"https:\/\/francestat.com\/index.php\/wp-json\/wp\/v2\/pages\/6712\/revisions\/6723"}],"wp:attachment":[{"href":"https:\/\/francestat.com\/index.php\/wp-json\/wp\/v2\/media?parent=6712"}],"curies":[{"name":"wp","href":"https:\/\/api.w.org\/{rel}","templated":true}]}}