{"id":6882,"date":"2025-07-30T09:58:58","date_gmt":"2025-07-30T07:58:58","guid":{"rendered":"https:\/\/francestat.com\/?page_id=6882"},"modified":"2025-09-24T09:30:06","modified_gmt":"2025-09-24T07:30:06","slug":"telechargement-statgraphics-centurion-19","status":"publish","type":"page","link":"https:\/\/francestat.com\/index.php\/telechargement-statgraphics-centurion-19\/","title":{"rendered":"T\u00e9l\u00e9chargement Statgraphics Centurion 19"},"content":{"rendered":"<p>[vc_row][vc_column][vc_single_image image=\u00a0\u00bb6897&Prime; img_size=\u00a0\u00bbfull\u00a0\u00bb alignment=\u00a0\u00bbcenter\u00a0\u00bb][\/vc_column][\/vc_row][vc_row][vc_column][vc_column_text]<span style=\"color: #000000;\">Bonjour,<\/span><\/p>\n<p><span style=\"color: #000000;\">Vous avez demand\u00e9 \u00e0 t\u00e9l\u00e9charger la version d&rsquo;\u00e9valuation du logiciel STATGRAPHICS Centurion version 19.7.02 fran\u00e7aise 64 bits pour les analyses statistiques et graphiques.<\/span><\/p>\n<p><span style=\"color: #000000;\">Lien de t\u00e9l\u00e9chargement\u00a0:<\/span><\/p>\n<p><span style=\"color: #000000;\"><a style=\"color: #000000;\" href=\"https:\/\/402067.fs1.hubspotusercontent-na1.net\/hubfs\/402067\/Downloads19-701\/Statgraphics%20Centurion%2019%20French%20X64.msi\">https:\/\/402067.fs1.hubspotusercontent-na1.net\/hubfs\/402067\/Downloads19-701\/Statgraphics%20Centurion%2019%20French%20X64.msi<\/a><\/span><\/p>\n<p><span style=\"color: #000000;\">Pour l&rsquo;installation et l\u2019activation, voir le document\u00a0:<\/span><\/p>\n<p><span style=\"color: #000000;\"><a style=\"color: #000000;\" href=\"https:\/\/f.hubspotusercontent10.net\/hubfs\/402067\/PDFs\/Installing%20and%20Activating%20a%20Trial%20Period%20for%20Statgraphics%2019.pdf\">https:\/\/f.hubspotusercontent10.net\/hubfs\/402067\/PDFs\/Installing%20and%20Activating%20a%20Trial%20Period%20for%20Statgraphics%2019.pdf<\/a><\/span><\/p>\n<p><span style=\"color: #000000;\">Je vous informe que notre soci\u00e9t\u00e9 FRANCESTAT est le distributeur officiel de ce performant logiciel depuis 1985.<\/span><\/p>\n<p><span style=\"color: #000000;\">STATGRAPHICS Centurion vous permet de mettre en \u0153uvre avec facilit\u00e9 plus de 290 proc\u00e9dures pour les analyses statistiques.<\/span><\/p>\n<p><span style=\"color: #000000;\">Vous pouvez acc\u00e9der au manuel de l\u2019utilisateur du logiciel (338 pages) en s\u00e9lectionnant le ruban \u00ab\u00a0Accueil \u2013 Aide \u2013 Manuel\u00a0\u00bb. Les 10 premiers chapitres d\u00e9crivent les op\u00e9rations de base avec le logiciel\u00a0: entr\u00e9e des donn\u00e9es, ex\u00e9cution des analyses et g\u00e9n\u00e9ration de rapports. Les 8 autres chapitres pr\u00e9sentent de fa\u00e7on d\u00e9taill\u00e9e des didacticiels qui vous guideront pas \u00e0 pas.<\/span><\/p>\n<p><span style=\"color: #000000;\">Des documentations compl\u00e8tes pour chacune des proc\u00e9dures sont contenues dans des fichiers pdf accessibles via le ruban \u00ab\u00a0Accueil \u2013 Aide \u2013 Documentations\u00a0\u00bb. Ces documents expliquent de fa\u00e7on d\u00e9taill\u00e9e les entr\u00e9es et sorties des proc\u00e9dures et donnent les principales formules utilis\u00e9es pour les calculs.<\/span><\/p>\n<p><span style=\"color: #000000;\">D\u2019autres informations (guides \u00ab\u00a0comment faire\u00a0\u00bb et vid\u00e9os) sont disponibles sur notre site d\u00e9di\u00e9\u00a0: <a style=\"color: #000000;\" href=\"https:\/\/www.statgraphics.fr\/\">https:\/\/www.statgraphics.fr\/<\/a><\/span><\/p>\n<p><span style=\"color: #000000;\">**** Pour les analyses de donn\u00e9es multivari\u00e9es, voir le module compl\u00e9mentaire \u00ab\u00a0UNIWIN\u00a0\u00bb.<\/span><\/p>\n<p><span style=\"color: #000000;\">**** Pour les analyses inter-laboratoires, voir le module compl\u00e9mentaire \u00ab\u00a0VMAIL\u00a0\u00bb.<\/span><\/p>\n<p><span style=\"color: #000000;\">N&rsquo;h\u00e9sitez pas \u00e0 me contacter pour tout compl\u00e9ment d&rsquo;informations (tarifs, devis personnalis\u00e9, assistance, etc.).<\/span><\/p>\n<p><span style=\"color: #000000;\">Sinc\u00e8res salutations.<\/span><\/p>\n<p><span style=\"color: #000000;\">Christian R. CHARLES, Ph.D<\/span><\/p>\n<p><span style=\"color: #000000;\">E: <a style=\"color: #000000;\" href=\"mailto:ccharles@francestat.com\">ccharles@francestat.com<\/a><\/span><\/p>\n<p><span style=\"color: #000000;\">M: +33 (0)6 08 03 24 36<\/span><\/p>\n<p><span style=\"color: #000000;\">W: <a style=\"color: #000000;\" href=\"http:\/\/www.francestat.com\/\">www.francestat.com<\/a><\/span><\/p>\n<p><span style=\"color: #000000;\">W: <a style=\"color: #000000;\" href=\"http:\/\/www.statgraphics.fr\/\">www.statgraphics.fr<\/a><\/span><\/p>\n<p><span style=\"color: #000000;\">FRANCESTAT | 140 boulevard Bineau\u00a0| 92200 Neuilly sur Seine | FRANCE<\/span>[\/vc_column_text][\/vc_column][\/vc_row]<\/p>\n","protected":false},"excerpt":{"rendered":"<p>[vc_row][vc_column][vc_single_image image=\u00a0\u00bb6897&Prime; img_size=\u00a0\u00bbfull\u00a0\u00bb alignment=\u00a0\u00bbcenter\u00a0\u00bb][\/vc_column][\/vc_row][vc_row][vc_column][vc_column_text]Bonjour, Vous avez demand\u00e9 \u00e0 t\u00e9l\u00e9charger la version d&rsquo;\u00e9valuation du logiciel STATGRAPHICS Centurion version 19.7.02 fran\u00e7aise 64 bits pour les analyses statistiques et graphiques. Lien de t\u00e9l\u00e9chargement\u00a0: https:\/\/402067.fs1.hubspotusercontent-na1.net\/hubfs\/402067\/Downloads19-701\/Statgraphics%20Centurion%2019%20French%20X64.msi Pour l&rsquo;installation et l\u2019activation, voir le document\u00a0: https:\/\/f.hubspotusercontent10.net\/hubfs\/402067\/PDFs\/Installing%20and%20Activating%20a%20Trial%20Period%20for%20Statgraphics%2019.pdf Je vous informe que notre soci\u00e9t\u00e9 FRANCESTAT est le distributeur officiel de ce performant logiciel depuis&hellip;<\/p>\n","protected":false},"author":1,"featured_media":0,"parent":0,"menu_order":0,"comment_status":"closed","ping_status":"closed","template":"","meta":{"footnotes":""},"class_list":["post-6882","page","type-page","status-publish","hentry","description-off"],"yoast_head":"<!-- This site is optimized with the Yoast SEO plugin v27.4 - https:\/\/yoast.com\/product\/yoast-seo-wordpress\/ -->\n<title>T\u00e9l\u00e9chargement Statgraphics Centurion 19 - FRANCESTAT<\/title>\n<meta name=\"robots\" content=\"index, follow, max-snippet:-1, max-image-preview:large, max-video-preview:-1\" \/>\n<link rel=\"canonical\" href=\"https:\/\/francestat.com\/index.php\/telechargement-statgraphics-centurion-19\/\" \/>\n<meta property=\"og:locale\" content=\"fr_FR\" \/>\n<meta property=\"og:type\" content=\"article\" \/>\n<meta property=\"og:title\" content=\"T\u00e9l\u00e9chargement Statgraphics Centurion 19 - FRANCESTAT\" \/>\n<meta property=\"og:description\" content=\"[vc_row][vc_column][vc_single_image image=\u00a0\u00bb6897&Prime; img_size=\u00a0\u00bbfull\u00a0\u00bb alignment=\u00a0\u00bbcenter\u00a0\u00bb][\/vc_column][\/vc_row][vc_row][vc_column][vc_column_text]Bonjour, Vous avez demand\u00e9 \u00e0 t\u00e9l\u00e9charger la version d&rsquo;\u00e9valuation du logiciel STATGRAPHICS Centurion version 19.7.02 fran\u00e7aise 64 bits pour les analyses statistiques et graphiques. Lien de t\u00e9l\u00e9chargement\u00a0: https:\/\/402067.fs1.hubspotusercontent-na1.net\/hubfs\/402067\/Downloads19-701\/Statgraphics%20Centurion%2019%20French%20X64.msi Pour l&rsquo;installation et l\u2019activation, voir le document\u00a0: https:\/\/f.hubspotusercontent10.net\/hubfs\/402067\/PDFs\/Installing%20and%20Activating%20a%20Trial%20Period%20for%20Statgraphics%2019.pdf Je vous informe que notre soci\u00e9t\u00e9 FRANCESTAT est le distributeur officiel de ce performant logiciel depuis&hellip;\" \/>\n<meta property=\"og:url\" content=\"https:\/\/francestat.com\/index.php\/telechargement-statgraphics-centurion-19\/\" \/>\n<meta property=\"og:site_name\" content=\"FRANCESTAT\" \/>\n<meta property=\"article:modified_time\" content=\"2025-09-24T07:30:06+00:00\" \/>\n<meta name=\"twitter:card\" content=\"summary_large_image\" \/>\n<meta name=\"twitter:label1\" content=\"Dur\u00e9e de lecture estim\u00e9e\" \/>\n\t<meta name=\"twitter:data1\" content=\"2 minutes\" \/>\n<script type=\"application\/ld+json\" class=\"yoast-schema-graph\">{\"@context\":\"https:\\\/\\\/schema.org\",\"@graph\":[{\"@type\":\"WebPage\",\"@id\":\"https:\\\/\\\/francestat.com\\\/index.php\\\/telechargement-statgraphics-centurion-19\\\/\",\"url\":\"https:\\\/\\\/francestat.com\\\/index.php\\\/telechargement-statgraphics-centurion-19\\\/\",\"name\":\"T\u00e9l\u00e9chargement Statgraphics Centurion 19 - FRANCESTAT\",\"isPartOf\":{\"@id\":\"https:\\\/\\\/francestat.com\\\/#website\"},\"datePublished\":\"2025-07-30T07:58:58+00:00\",\"dateModified\":\"2025-09-24T07:30:06+00:00\",\"breadcrumb\":{\"@id\":\"https:\\\/\\\/francestat.com\\\/index.php\\\/telechargement-statgraphics-centurion-19\\\/#breadcrumb\"},\"inLanguage\":\"fr-FR\",\"potentialAction\":[{\"@type\":\"ReadAction\",\"target\":[\"https:\\\/\\\/francestat.com\\\/index.php\\\/telechargement-statgraphics-centurion-19\\\/\"]}]},{\"@type\":\"BreadcrumbList\",\"@id\":\"https:\\\/\\\/francestat.com\\\/index.php\\\/telechargement-statgraphics-centurion-19\\\/#breadcrumb\",\"itemListElement\":[{\"@type\":\"ListItem\",\"position\":1,\"name\":\"Accueil\",\"item\":\"https:\\\/\\\/francestat.com\\\/\"},{\"@type\":\"ListItem\",\"position\":2,\"name\":\"T\u00e9l\u00e9chargement Statgraphics Centurion 19\"}]},{\"@type\":\"WebSite\",\"@id\":\"https:\\\/\\\/francestat.com\\\/#website\",\"url\":\"https:\\\/\\\/francestat.com\\\/\",\"name\":\"FRANCESTAT\",\"description\":\"Logiciels, formations et services statistiques\",\"publisher\":{\"@id\":\"https:\\\/\\\/francestat.com\\\/#organization\"},\"potentialAction\":[{\"@type\":\"SearchAction\",\"target\":{\"@type\":\"EntryPoint\",\"urlTemplate\":\"https:\\\/\\\/francestat.com\\\/?s={search_term_string}\"},\"query-input\":{\"@type\":\"PropertyValueSpecification\",\"valueRequired\":true,\"valueName\":\"search_term_string\"}}],\"inLanguage\":\"fr-FR\"},{\"@type\":\"Organization\",\"@id\":\"https:\\\/\\\/francestat.com\\\/#organization\",\"name\":\"FRANCESTAT\",\"url\":\"https:\\\/\\\/francestat.com\\\/\",\"logo\":{\"@type\":\"ImageObject\",\"inLanguage\":\"fr-FR\",\"@id\":\"https:\\\/\\\/francestat.com\\\/#\\\/schema\\\/logo\\\/image\\\/\",\"url\":\"https:\\\/\\\/francestat.com\\\/wp-content\\\/uploads\\\/2018\\\/05\\\/logo_horizontal_small_francestat.jpg\",\"contentUrl\":\"https:\\\/\\\/francestat.com\\\/wp-content\\\/uploads\\\/2018\\\/05\\\/logo_horizontal_small_francestat.jpg\",\"width\":155,\"height\":51,\"caption\":\"FRANCESTAT\"},\"image\":{\"@id\":\"https:\\\/\\\/francestat.com\\\/#\\\/schema\\\/logo\\\/image\\\/\"}}]}<\/script>\n<!-- \/ Yoast SEO plugin. -->","yoast_head_json":{"title":"T\u00e9l\u00e9chargement Statgraphics Centurion 19 - FRANCESTAT","robots":{"index":"index","follow":"follow","max-snippet":"max-snippet:-1","max-image-preview":"max-image-preview:large","max-video-preview":"max-video-preview:-1"},"canonical":"https:\/\/francestat.com\/index.php\/telechargement-statgraphics-centurion-19\/","og_locale":"fr_FR","og_type":"article","og_title":"T\u00e9l\u00e9chargement Statgraphics Centurion 19 - FRANCESTAT","og_description":"[vc_row][vc_column][vc_single_image image=\u00a0\u00bb6897&Prime; img_size=\u00a0\u00bbfull\u00a0\u00bb alignment=\u00a0\u00bbcenter\u00a0\u00bb][\/vc_column][\/vc_row][vc_row][vc_column][vc_column_text]Bonjour, Vous avez demand\u00e9 \u00e0 t\u00e9l\u00e9charger la version d&rsquo;\u00e9valuation du logiciel STATGRAPHICS Centurion version 19.7.02 fran\u00e7aise 64 bits pour les analyses statistiques et graphiques. Lien de t\u00e9l\u00e9chargement\u00a0: https:\/\/402067.fs1.hubspotusercontent-na1.net\/hubfs\/402067\/Downloads19-701\/Statgraphics%20Centurion%2019%20French%20X64.msi Pour l&rsquo;installation et l\u2019activation, voir le document\u00a0: https:\/\/f.hubspotusercontent10.net\/hubfs\/402067\/PDFs\/Installing%20and%20Activating%20a%20Trial%20Period%20for%20Statgraphics%2019.pdf Je vous informe que notre soci\u00e9t\u00e9 FRANCESTAT est le distributeur officiel de ce performant logiciel depuis&hellip;","og_url":"https:\/\/francestat.com\/index.php\/telechargement-statgraphics-centurion-19\/","og_site_name":"FRANCESTAT","article_modified_time":"2025-09-24T07:30:06+00:00","twitter_card":"summary_large_image","twitter_misc":{"Dur\u00e9e de lecture estim\u00e9e":"2 minutes"},"schema":{"@context":"https:\/\/schema.org","@graph":[{"@type":"WebPage","@id":"https:\/\/francestat.com\/index.php\/telechargement-statgraphics-centurion-19\/","url":"https:\/\/francestat.com\/index.php\/telechargement-statgraphics-centurion-19\/","name":"T\u00e9l\u00e9chargement Statgraphics Centurion 19 - FRANCESTAT","isPartOf":{"@id":"https:\/\/francestat.com\/#website"},"datePublished":"2025-07-30T07:58:58+00:00","dateModified":"2025-09-24T07:30:06+00:00","breadcrumb":{"@id":"https:\/\/francestat.com\/index.php\/telechargement-statgraphics-centurion-19\/#breadcrumb"},"inLanguage":"fr-FR","potentialAction":[{"@type":"ReadAction","target":["https:\/\/francestat.com\/index.php\/telechargement-statgraphics-centurion-19\/"]}]},{"@type":"BreadcrumbList","@id":"https:\/\/francestat.com\/index.php\/telechargement-statgraphics-centurion-19\/#breadcrumb","itemListElement":[{"@type":"ListItem","position":1,"name":"Accueil","item":"https:\/\/francestat.com\/"},{"@type":"ListItem","position":2,"name":"T\u00e9l\u00e9chargement Statgraphics Centurion 19"}]},{"@type":"WebSite","@id":"https:\/\/francestat.com\/#website","url":"https:\/\/francestat.com\/","name":"FRANCESTAT","description":"Logiciels, formations et services statistiques","publisher":{"@id":"https:\/\/francestat.com\/#organization"},"potentialAction":[{"@type":"SearchAction","target":{"@type":"EntryPoint","urlTemplate":"https:\/\/francestat.com\/?s={search_term_string}"},"query-input":{"@type":"PropertyValueSpecification","valueRequired":true,"valueName":"search_term_string"}}],"inLanguage":"fr-FR"},{"@type":"Organization","@id":"https:\/\/francestat.com\/#organization","name":"FRANCESTAT","url":"https:\/\/francestat.com\/","logo":{"@type":"ImageObject","inLanguage":"fr-FR","@id":"https:\/\/francestat.com\/#\/schema\/logo\/image\/","url":"https:\/\/francestat.com\/wp-content\/uploads\/2018\/05\/logo_horizontal_small_francestat.jpg","contentUrl":"https:\/\/francestat.com\/wp-content\/uploads\/2018\/05\/logo_horizontal_small_francestat.jpg","width":155,"height":51,"caption":"FRANCESTAT"},"image":{"@id":"https:\/\/francestat.com\/#\/schema\/logo\/image\/"}}]}},"_links":{"self":[{"href":"https:\/\/francestat.com\/index.php\/wp-json\/wp\/v2\/pages\/6882","targetHints":{"allow":["GET"]}}],"collection":[{"href":"https:\/\/francestat.com\/index.php\/wp-json\/wp\/v2\/pages"}],"about":[{"href":"https:\/\/francestat.com\/index.php\/wp-json\/wp\/v2\/types\/page"}],"author":[{"embeddable":true,"href":"https:\/\/francestat.com\/index.php\/wp-json\/wp\/v2\/users\/1"}],"replies":[{"embeddable":true,"href":"https:\/\/francestat.com\/index.php\/wp-json\/wp\/v2\/comments?post=6882"}],"version-history":[{"count":11,"href":"https:\/\/francestat.com\/index.php\/wp-json\/wp\/v2\/pages\/6882\/revisions"}],"predecessor-version":[{"id":6975,"href":"https:\/\/francestat.com\/index.php\/wp-json\/wp\/v2\/pages\/6882\/revisions\/6975"}],"wp:attachment":[{"href":"https:\/\/francestat.com\/index.php\/wp-json\/wp\/v2\/media?parent=6882"}],"curies":[{"name":"wp","href":"https:\/\/api.w.org\/{rel}","templated":true}]}}